{"id":5166,"date":"2014-02-19T10:56:28","date_gmt":"2014-02-19T10:56:28","guid":{"rendered":"http:\/\/neodal.local\/product\/intimus-phs-450\/"},"modified":"2014-02-19T10:56:28","modified_gmt":"2014-02-19T10:56:28","slug":"intimus-phs-450","status":"publish","type":"product","link":"https:\/\/neodal.es\/ca\/producte\/intimus-phs-450\/","title":{"rendered":"PLASTIFICADORA DE CARTERAS NEODAL PHS-450"},"content":{"rendered":"<h3>PLASTIFICADORA DE CARTERAS INTIMUS PHS450<\/h3>\n<p>\u00a0\u00b7 6 Rodillos t\u00e9rmicos<\/p>\n<p>\u00b7 Velocidad de plastificado 2.000 mm\/minuto<\/p>\n<p>\u00b7 Panel de control digital<\/p>\n<p>\u00b7 Funci\u00f3n memoria<\/p>\n<p>\u00b7 Tama\u00f1o m\u00e1ximo de plastificado A2<\/p>\n<address>\u00b7 Tiempo de calentamiento 5 minutos<\/address>\n<address><\/address>\n<address><\/address>\n<address>\u00b7 M\u00e1ximo grosor 500 micras<\/address>\n","protected":false},"excerpt":{"rendered":"<h2>PLASTIFICADORES DE CARTERES<\/h2>\n<p>La r\u00e1pida plastificadora Intimua PHS-450 \u201cHigh Speed\u201d de Neodal de Neodal realzar\u00e1, proteger\u00e1 y aumentar\u00e1 la durabilidad de sus documentos impresos. Una robusta plastificadora de excelente precio y calidad para uso intensivo en oficinas, centros de reprograf\u00eda, impresi\u00f3n digital\u2026\u00a0<\/p>\n","protected":false},"featured_media":5163,"template":"","meta":{"_acf_changed":false},"product_brand":[],"product_cat":[1430,1476],"product_tag":[],"class_list":{"0":"post-5166","1":"product","2":"type-product","3":"status-publish","4":"has-post-thumbnail","6":"product_cat-plastificadores","7":"product_cat-plastificadores-de-carteres","9":"first","10":"instock","11":"shipping-taxable","12":"product-type-simple"},"acf":[],"yoast_head":"<!-- This site is optimized with the Yoast SEO plugin v27.4 - https:\/\/yoast.com\/product\/yoast-seo-wordpress\/ -->\n<title>Plastificadora de alta velocidad Intimus PHS-450. Neodal<\/title>\n<meta name=\"description\" content=\"Una plastificadora, robusta y fiable a un precio imbatible.\" \/>\n<meta name=\"robots\" content=\"index, follow, max-snippet:-1, max-image-preview:large, max-video-preview:-1\" \/>\n<link rel=\"canonical\" href=\"https:\/\/neodal.es\/ca\/producte\/intimus-phs-450\/\" \/>\n<meta property=\"og:locale\" content=\"ca_ES\" \/>\n<meta property=\"og:type\" content=\"article\" \/>\n<meta property=\"og:title\" content=\"Plastificadora de alta velocidad Intimus PHS-450. Neodal\" \/>\n<meta property=\"og:description\" content=\"Una plastificadora, robusta y fiable a un precio imbatible.\" \/>\n<meta property=\"og:url\" content=\"https:\/\/neodal.es\/ca\/producte\/intimus-phs-450\/\" \/>\n<meta property=\"og:site_name\" content=\"neodal\" \/>\n<meta property=\"og:image\" content=\"https:\/\/neodal.es\/wp-content\/uploads\/2014\/02\/2463-PLASTIFICADORA-INTIMUS-PEAK-PHS-450-HIGH-SPEED.jpg\" \/>\n\t<meta property=\"og:image:width\" content=\"500\" \/>\n\t<meta property=\"og:image:height\" content=\"500\" \/>\n\t<meta property=\"og:image:type\" content=\"image\/jpeg\" \/>\n<meta name=\"twitter:card\" content=\"summary_large_image\" \/>\n<script type=\"application\/ld+json\" class=\"yoast-schema-graph\">{\"@context\":\"https:\\\/\\\/schema.org\",\"@graph\":[{\"@type\":\"WebPage\",\"@id\":\"https:\\\/\\\/neodal.es\\\/ca\\\/producte\\\/intimus-phs-450\\\/\",\"url\":\"https:\\\/\\\/neodal.es\\\/ca\\\/producte\\\/intimus-phs-450\\\/\",\"name\":\"Plastificadora de alta velocidad Intimus PHS-450. Neodal\",\"isPartOf\":{\"@id\":\"https:\\\/\\\/neodal.es\\\/ca\\\/#website\"},\"primaryImageOfPage\":{\"@id\":\"https:\\\/\\\/neodal.es\\\/ca\\\/producte\\\/intimus-phs-450\\\/#primaryimage\"},\"image\":{\"@id\":\"https:\\\/\\\/neodal.es\\\/ca\\\/producte\\\/intimus-phs-450\\\/#primaryimage\"},\"thumbnailUrl\":\"https:\\\/\\\/neodal.es\\\/wp-content\\\/uploads\\\/2014\\\/02\\\/2463-PLASTIFICADORA-INTIMUS-PEAK-PHS-450-HIGH-SPEED.jpg\",\"datePublished\":\"2014-02-19T10:56:28+00:00\",\"description\":\"Una plastificadora, robusta y fiable a un precio imbatible.\",\"breadcrumb\":{\"@id\":\"https:\\\/\\\/neodal.es\\\/ca\\\/producte\\\/intimus-phs-450\\\/#breadcrumb\"},\"inLanguage\":\"ca\",\"potentialAction\":[{\"@type\":\"ReadAction\",\"target\":[\"https:\\\/\\\/neodal.es\\\/ca\\\/producte\\\/intimus-phs-450\\\/\"]}]},{\"@type\":\"ImageObject\",\"inLanguage\":\"ca\",\"@id\":\"https:\\\/\\\/neodal.es\\\/ca\\\/producte\\\/intimus-phs-450\\\/#primaryimage\",\"url\":\"https:\\\/\\\/neodal.es\\\/wp-content\\\/uploads\\\/2014\\\/02\\\/2463-PLASTIFICADORA-INTIMUS-PEAK-PHS-450-HIGH-SPEED.jpg\",\"contentUrl\":\"https:\\\/\\\/neodal.es\\\/wp-content\\\/uploads\\\/2014\\\/02\\\/2463-PLASTIFICADORA-INTIMUS-PEAK-PHS-450-HIGH-SPEED.jpg\",\"width\":500,\"height\":500,\"caption\":\"PLASTIFICADORA INTIMUS PEAK PHS-450 HIGH SPEED\"},{\"@type\":\"BreadcrumbList\",\"@id\":\"https:\\\/\\\/neodal.es\\\/ca\\\/producte\\\/intimus-phs-450\\\/#breadcrumb\",\"itemListElement\":[{\"@type\":\"ListItem\",\"position\":1,\"name\":\"Portada\",\"item\":\"https:\\\/\\\/neodal.es\\\/ca\\\/home\\\/\"},{\"@type\":\"ListItem\",\"position\":2,\"name\":\"Productes\",\"item\":\"https:\\\/\\\/neodal.es\\\/ca\\\/productes\\\/\"},{\"@type\":\"ListItem\",\"position\":3,\"name\":\"PLASTIFICADORA DE CARTERAS NEODAL PHS-450\"}]},{\"@type\":\"WebSite\",\"@id\":\"https:\\\/\\\/neodal.es\\\/ca\\\/#website\",\"url\":\"https:\\\/\\\/neodal.es\\\/ca\\\/\",\"name\":\"neodal\",\"description\":\"\",\"potentialAction\":[{\"@type\":\"SearchAction\",\"target\":{\"@type\":\"EntryPoint\",\"urlTemplate\":\"https:\\\/\\\/neodal.es\\\/ca\\\/?s={search_term_string}\"},\"query-input\":{\"@type\":\"PropertyValueSpecification\",\"valueRequired\":true,\"valueName\":\"search_term_string\"}}],\"inLanguage\":\"ca\"}]}<\/script>\n<!-- \/ Yoast SEO plugin. -->","yoast_head_json":{"title":"Plastificadora de alta velocidad Intimus PHS-450. Neodal","description":"Una plastificadora, robusta y fiable a un precio imbatible.","robots":{"index":"index","follow":"follow","max-snippet":"max-snippet:-1","max-image-preview":"max-image-preview:large","max-video-preview":"max-video-preview:-1"},"canonical":"https:\/\/neodal.es\/ca\/producte\/intimus-phs-450\/","og_locale":"ca_ES","og_type":"article","og_title":"Plastificadora de alta velocidad Intimus PHS-450. Neodal","og_description":"Una plastificadora, robusta y fiable a un precio imbatible.","og_url":"https:\/\/neodal.es\/ca\/producte\/intimus-phs-450\/","og_site_name":"neodal","og_image":[{"width":500,"height":500,"url":"https:\/\/neodal.es\/wp-content\/uploads\/2014\/02\/2463-PLASTIFICADORA-INTIMUS-PEAK-PHS-450-HIGH-SPEED.jpg","type":"image\/jpeg"}],"twitter_card":"summary_large_image","schema":{"@context":"https:\/\/schema.org","@graph":[{"@type":"WebPage","@id":"https:\/\/neodal.es\/ca\/producte\/intimus-phs-450\/","url":"https:\/\/neodal.es\/ca\/producte\/intimus-phs-450\/","name":"Plastificadora de alta velocidad Intimus PHS-450. Neodal","isPartOf":{"@id":"https:\/\/neodal.es\/ca\/#website"},"primaryImageOfPage":{"@id":"https:\/\/neodal.es\/ca\/producte\/intimus-phs-450\/#primaryimage"},"image":{"@id":"https:\/\/neodal.es\/ca\/producte\/intimus-phs-450\/#primaryimage"},"thumbnailUrl":"https:\/\/neodal.es\/wp-content\/uploads\/2014\/02\/2463-PLASTIFICADORA-INTIMUS-PEAK-PHS-450-HIGH-SPEED.jpg","datePublished":"2014-02-19T10:56:28+00:00","description":"Una plastificadora, robusta y fiable a un precio imbatible.","breadcrumb":{"@id":"https:\/\/neodal.es\/ca\/producte\/intimus-phs-450\/#breadcrumb"},"inLanguage":"ca","potentialAction":[{"@type":"ReadAction","target":["https:\/\/neodal.es\/ca\/producte\/intimus-phs-450\/"]}]},{"@type":"ImageObject","inLanguage":"ca","@id":"https:\/\/neodal.es\/ca\/producte\/intimus-phs-450\/#primaryimage","url":"https:\/\/neodal.es\/wp-content\/uploads\/2014\/02\/2463-PLASTIFICADORA-INTIMUS-PEAK-PHS-450-HIGH-SPEED.jpg","contentUrl":"https:\/\/neodal.es\/wp-content\/uploads\/2014\/02\/2463-PLASTIFICADORA-INTIMUS-PEAK-PHS-450-HIGH-SPEED.jpg","width":500,"height":500,"caption":"PLASTIFICADORA INTIMUS PEAK PHS-450 HIGH SPEED"},{"@type":"BreadcrumbList","@id":"https:\/\/neodal.es\/ca\/producte\/intimus-phs-450\/#breadcrumb","itemListElement":[{"@type":"ListItem","position":1,"name":"Portada","item":"https:\/\/neodal.es\/ca\/home\/"},{"@type":"ListItem","position":2,"name":"Productes","item":"https:\/\/neodal.es\/ca\/productes\/"},{"@type":"ListItem","position":3,"name":"PLASTIFICADORA DE CARTERAS NEODAL PHS-450"}]},{"@type":"WebSite","@id":"https:\/\/neodal.es\/ca\/#website","url":"https:\/\/neodal.es\/ca\/","name":"neodal","description":"","potentialAction":[{"@type":"SearchAction","target":{"@type":"EntryPoint","urlTemplate":"https:\/\/neodal.es\/ca\/?s={search_term_string}"},"query-input":{"@type":"PropertyValueSpecification","valueRequired":true,"valueName":"search_term_string"}}],"inLanguage":"ca"}]}},"_links":{"self":[{"href":"https:\/\/neodal.es\/ca\/wp-json\/wp\/v2\/product\/5166","targetHints":{"allow":["GET"]}}],"collection":[{"href":"https:\/\/neodal.es\/ca\/wp-json\/wp\/v2\/product"}],"about":[{"href":"https:\/\/neodal.es\/ca\/wp-json\/wp\/v2\/types\/product"}],"version-history":[{"count":0,"href":"https:\/\/neodal.es\/ca\/wp-json\/wp\/v2\/product\/5166\/revisions"}],"wp:featuredmedia":[{"embeddable":true,"href":"https:\/\/neodal.es\/ca\/wp-json\/wp\/v2\/media\/5163"}],"wp:attachment":[{"href":"https:\/\/neodal.es\/ca\/wp-json\/wp\/v2\/media?parent=5166"}],"wp:term":[{"taxonomy":"product_brand","embeddable":true,"href":"https:\/\/neodal.es\/ca\/wp-json\/wp\/v2\/product_brand?post=5166"},{"taxonomy":"product_cat","embeddable":true,"href":"https:\/\/neodal.es\/ca\/wp-json\/wp\/v2\/product_cat?post=5166"},{"taxonomy":"product_tag","embeddable":true,"href":"https:\/\/neodal.es\/ca\/wp-json\/wp\/v2\/product_tag?post=5166"}],"curies":[{"name":"wp","href":"https:\/\/api.w.org\/{rel}","templated":true}]}}