{"id":5174,"date":"2014-02-19T11:42:26","date_gmt":"2014-02-19T11:42:26","guid":{"rendered":"http:\/\/neodal.local\/product\/plastificadora-linia-dh460\/"},"modified":"2014-02-19T11:42:26","modified_gmt":"2014-02-19T11:42:26","slug":"plastificadora-linia-dh460","status":"publish","type":"product","link":"https:\/\/neodal.es\/ca\/producte\/plastificadora-linia-dh460\/","title":{"rendered":"PLASTIFICADORA DE BOBINAS LINEA DH-460"},"content":{"rendered":"<p>\u00b7 <strong>S\u00f2lida i robusta<\/strong> construcci\u00f3 met\u00e0l\u00b7lica<br \/>\u00b7 Disseny de sobretaula<br \/>\u00b7 Controlis de temperatura i velocitat f\u00e0cils i intu\u00eftius<br \/>\u00b7 <strong>Panell digital<\/strong><br \/>\u00b7 Recomanada para: <strong>Copisteries, Centres d&#8217;impressi\u00f3 digital, universitats, centres fotogr\u00e0fics<\/strong>, etc<br \/>\u00b7 Alta qualitat de plastificat mitjan\u00e7ant bobina<br \/>\u00b7 Ideal per a treballs: <strong>B\u00e0ners, posters, cartelleria, Fotografies<\/strong>, etc<br \/>\u00b7 <strong>Suport amb rodes (opcional)<\/strong><\/p>\n","protected":false},"excerpt":{"rendered":"<p>PLASTIFICADORES DE BOBINES<\/p>\n","protected":false},"featured_media":5171,"comment_status":"open","ping_status":"closed","template":"","meta":{"_acf_changed":false},"product_brand":[],"product_cat":[1430,1496],"product_tag":[],"class_list":{"0":"post-5174","1":"product","2":"type-product","3":"status-publish","4":"has-post-thumbnail","6":"product_cat-plastificadores","7":"product_cat-plastificadores-de-bobinas","9":"first","10":"instock","11":"shipping-taxable","12":"product-type-simple"},"acf":[],"yoast_head":"<!-- This site is optimized with the Yoast SEO plugin v27.0 - https:\/\/yoast.com\/product\/yoast-seo-wordpress\/ -->\n<title>Plastificadora L\u00ednia DH-460<\/title>\n<meta name=\"description\" content=\"La plastificadora laminadora L\u00ednia DH-460 es una robusta m\u00e0quina amb facilitat i versatilitat per treballs de gran format. Ideal per arts gr\u00e0fiques.\" \/>\n<meta name=\"robots\" content=\"index, follow, max-snippet:-1, max-image-preview:large, max-video-preview:-1\" \/>\n<link rel=\"canonical\" href=\"https:\/\/neodal.es\/ca\/producte\/plastificadora-linia-dh460\/\" \/>\n<meta property=\"og:locale\" content=\"ca_ES\" \/>\n<meta property=\"og:type\" content=\"article\" \/>\n<meta property=\"og:title\" content=\"Plastificadora L\u00ednia DH-460\" \/>\n<meta property=\"og:description\" content=\"La plastificadora laminadora L\u00ednia DH-460 es una robusta m\u00e0quina amb facilitat i versatilitat per treballs de gran format. Ideal per arts gr\u00e0fiques.\" \/>\n<meta property=\"og:url\" content=\"https:\/\/neodal.es\/ca\/producte\/plastificadora-linia-dh460\/\" \/>\n<meta property=\"og:site_name\" content=\"neodal\" \/>\n<meta property=\"og:image\" content=\"https:\/\/neodal.es\/wp-content\/uploads\/2014\/02\/2465-PLASTIFICADORA-DE-BOBINAS-LINEA-DH-460.jpg\" \/>\n\t<meta property=\"og:image:width\" content=\"500\" \/>\n\t<meta property=\"og:image:height\" content=\"500\" \/>\n\t<meta property=\"og:image:type\" content=\"image\/jpeg\" \/>\n<meta name=\"twitter:card\" content=\"summary_large_image\" \/>\n<script type=\"application\/ld+json\" class=\"yoast-schema-graph\">{\"@context\":\"https:\/\/schema.org\",\"@graph\":[{\"@type\":\"WebPage\",\"@id\":\"https:\/\/neodal.es\/ca\/producte\/plastificadora-linia-dh460\/\",\"url\":\"https:\/\/neodal.es\/ca\/producte\/plastificadora-linia-dh460\/\",\"name\":\"Plastificadora L\u00ednia DH-460\",\"isPartOf\":{\"@id\":\"https:\/\/neodal.es\/ca\/#website\"},\"primaryImageOfPage\":{\"@id\":\"https:\/\/neodal.es\/ca\/producte\/plastificadora-linia-dh460\/#primaryimage\"},\"image\":{\"@id\":\"https:\/\/neodal.es\/ca\/producte\/plastificadora-linia-dh460\/#primaryimage\"},\"thumbnailUrl\":\"https:\/\/neodal.es\/wp-content\/uploads\/2014\/02\/2465-PLASTIFICADORA-DE-BOBINAS-LINEA-DH-460.jpg\",\"datePublished\":\"2014-02-19T11:42:26+00:00\",\"description\":\"La plastificadora laminadora L\u00ednia DH-460 es una robusta m\u00e0quina amb facilitat i versatilitat per treballs de gran format. Ideal per arts gr\u00e0fiques.\",\"breadcrumb\":{\"@id\":\"https:\/\/neodal.es\/ca\/producte\/plastificadora-linia-dh460\/#breadcrumb\"},\"inLanguage\":\"ca\",\"potentialAction\":[{\"@type\":\"ReadAction\",\"target\":[\"https:\/\/neodal.es\/ca\/producte\/plastificadora-linia-dh460\/\"]}]},{\"@type\":\"ImageObject\",\"inLanguage\":\"ca\",\"@id\":\"https:\/\/neodal.es\/ca\/producte\/plastificadora-linia-dh460\/#primaryimage\",\"url\":\"https:\/\/neodal.es\/wp-content\/uploads\/2014\/02\/2465-PLASTIFICADORA-DE-BOBINAS-LINEA-DH-460.jpg\",\"contentUrl\":\"https:\/\/neodal.es\/wp-content\/uploads\/2014\/02\/2465-PLASTIFICADORA-DE-BOBINAS-LINEA-DH-460.jpg\",\"width\":500,\"height\":500,\"caption\":\"PLASTIFICADORA DE BOBINAS LINEA DH-460\"},{\"@type\":\"BreadcrumbList\",\"@id\":\"https:\/\/neodal.es\/ca\/producte\/plastificadora-linia-dh460\/#breadcrumb\",\"itemListElement\":[{\"@type\":\"ListItem\",\"position\":1,\"name\":\"Portada\",\"item\":\"https:\/\/neodal.es\/ca\/home\/\"},{\"@type\":\"ListItem\",\"position\":2,\"name\":\"Productes\",\"item\":\"https:\/\/neodal.es\/ca\/productes\/\"},{\"@type\":\"ListItem\",\"position\":3,\"name\":\"PLASTIFICADORA DE BOBINAS LINEA DH-460\"}]},{\"@type\":\"WebSite\",\"@id\":\"https:\/\/neodal.es\/ca\/#website\",\"url\":\"https:\/\/neodal.es\/ca\/\",\"name\":\"neodal\",\"description\":\"\",\"potentialAction\":[{\"@type\":\"SearchAction\",\"target\":{\"@type\":\"EntryPoint\",\"urlTemplate\":\"https:\/\/neodal.es\/ca\/?s={search_term_string}\"},\"query-input\":{\"@type\":\"PropertyValueSpecification\",\"valueRequired\":true,\"valueName\":\"search_term_string\"}}],\"inLanguage\":\"ca\"}]}<\/script>\n<!-- \/ Yoast SEO plugin. -->","yoast_head_json":{"title":"Plastificadora L\u00ednia DH-460","description":"La plastificadora laminadora L\u00ednia DH-460 es una robusta m\u00e0quina amb facilitat i versatilitat per treballs de gran format. Ideal per arts gr\u00e0fiques.","robots":{"index":"index","follow":"follow","max-snippet":"max-snippet:-1","max-image-preview":"max-image-preview:large","max-video-preview":"max-video-preview:-1"},"canonical":"https:\/\/neodal.es\/ca\/producte\/plastificadora-linia-dh460\/","og_locale":"ca_ES","og_type":"article","og_title":"Plastificadora L\u00ednia DH-460","og_description":"La plastificadora laminadora L\u00ednia DH-460 es una robusta m\u00e0quina amb facilitat i versatilitat per treballs de gran format. Ideal per arts gr\u00e0fiques.","og_url":"https:\/\/neodal.es\/ca\/producte\/plastificadora-linia-dh460\/","og_site_name":"neodal","og_image":[{"width":500,"height":500,"url":"https:\/\/neodal.es\/wp-content\/uploads\/2014\/02\/2465-PLASTIFICADORA-DE-BOBINAS-LINEA-DH-460.jpg","type":"image\/jpeg"}],"twitter_card":"summary_large_image","schema":{"@context":"https:\/\/schema.org","@graph":[{"@type":"WebPage","@id":"https:\/\/neodal.es\/ca\/producte\/plastificadora-linia-dh460\/","url":"https:\/\/neodal.es\/ca\/producte\/plastificadora-linia-dh460\/","name":"Plastificadora L\u00ednia DH-460","isPartOf":{"@id":"https:\/\/neodal.es\/ca\/#website"},"primaryImageOfPage":{"@id":"https:\/\/neodal.es\/ca\/producte\/plastificadora-linia-dh460\/#primaryimage"},"image":{"@id":"https:\/\/neodal.es\/ca\/producte\/plastificadora-linia-dh460\/#primaryimage"},"thumbnailUrl":"https:\/\/neodal.es\/wp-content\/uploads\/2014\/02\/2465-PLASTIFICADORA-DE-BOBINAS-LINEA-DH-460.jpg","datePublished":"2014-02-19T11:42:26+00:00","description":"La plastificadora laminadora L\u00ednia DH-460 es una robusta m\u00e0quina amb facilitat i versatilitat per treballs de gran format. Ideal per arts gr\u00e0fiques.","breadcrumb":{"@id":"https:\/\/neodal.es\/ca\/producte\/plastificadora-linia-dh460\/#breadcrumb"},"inLanguage":"ca","potentialAction":[{"@type":"ReadAction","target":["https:\/\/neodal.es\/ca\/producte\/plastificadora-linia-dh460\/"]}]},{"@type":"ImageObject","inLanguage":"ca","@id":"https:\/\/neodal.es\/ca\/producte\/plastificadora-linia-dh460\/#primaryimage","url":"https:\/\/neodal.es\/wp-content\/uploads\/2014\/02\/2465-PLASTIFICADORA-DE-BOBINAS-LINEA-DH-460.jpg","contentUrl":"https:\/\/neodal.es\/wp-content\/uploads\/2014\/02\/2465-PLASTIFICADORA-DE-BOBINAS-LINEA-DH-460.jpg","width":500,"height":500,"caption":"PLASTIFICADORA DE BOBINAS LINEA DH-460"},{"@type":"BreadcrumbList","@id":"https:\/\/neodal.es\/ca\/producte\/plastificadora-linia-dh460\/#breadcrumb","itemListElement":[{"@type":"ListItem","position":1,"name":"Portada","item":"https:\/\/neodal.es\/ca\/home\/"},{"@type":"ListItem","position":2,"name":"Productes","item":"https:\/\/neodal.es\/ca\/productes\/"},{"@type":"ListItem","position":3,"name":"PLASTIFICADORA DE BOBINAS LINEA DH-460"}]},{"@type":"WebSite","@id":"https:\/\/neodal.es\/ca\/#website","url":"https:\/\/neodal.es\/ca\/","name":"neodal","description":"","potentialAction":[{"@type":"SearchAction","target":{"@type":"EntryPoint","urlTemplate":"https:\/\/neodal.es\/ca\/?s={search_term_string}"},"query-input":{"@type":"PropertyValueSpecification","valueRequired":true,"valueName":"search_term_string"}}],"inLanguage":"ca"}]}},"_links":{"self":[{"href":"https:\/\/neodal.es\/ca\/wp-json\/wp\/v2\/product\/5174","targetHints":{"allow":["GET"]}}],"collection":[{"href":"https:\/\/neodal.es\/ca\/wp-json\/wp\/v2\/product"}],"about":[{"href":"https:\/\/neodal.es\/ca\/wp-json\/wp\/v2\/types\/product"}],"replies":[{"embeddable":true,"href":"https:\/\/neodal.es\/ca\/wp-json\/wp\/v2\/comments?post=5174"}],"version-history":[{"count":0,"href":"https:\/\/neodal.es\/ca\/wp-json\/wp\/v2\/product\/5174\/revisions"}],"wp:featuredmedia":[{"embeddable":true,"href":"https:\/\/neodal.es\/ca\/wp-json\/wp\/v2\/media\/5171"}],"wp:attachment":[{"href":"https:\/\/neodal.es\/ca\/wp-json\/wp\/v2\/media?parent=5174"}],"wp:term":[{"taxonomy":"product_brand","embeddable":true,"href":"https:\/\/neodal.es\/ca\/wp-json\/wp\/v2\/product_brand?post=5174"},{"taxonomy":"product_cat","embeddable":true,"href":"https:\/\/neodal.es\/ca\/wp-json\/wp\/v2\/product_cat?post=5174"},{"taxonomy":"product_tag","embeddable":true,"href":"https:\/\/neodal.es\/ca\/wp-json\/wp\/v2\/product_tag?post=5174"}],"curies":[{"name":"wp","href":"https:\/\/api.w.org\/{rel}","templated":true}]}}