{"id":5187,"date":"2014-02-19T15:21:34","date_gmt":"2014-02-19T15:21:34","guid":{"rendered":"http:\/\/neodal.local\/product\/plockmatic-bm60\/"},"modified":"2014-02-19T15:21:34","modified_gmt":"2014-02-19T15:21:34","slug":"plockmatic-bm60","status":"publish","type":"product","link":"https:\/\/neodal.es\/ca\/producte\/plockmatic-bm60\/","title":{"rendered":"PLEGADORA GRAPADORA PLOCKMATIC BM60"},"content":{"rendered":"<h3><span style=\"text-decoration: underline;\">PLOCKMATIC BM60 PLEGADORA &#8211; GRAPADORA<\/span><\/h3>\n<p>\u00b7 Robusta plegadora grapadora<\/p>\n<p>\u00b7 Alimentaci\u00f3n semiautom\u00e1tica.<\/p>\n<p>\u00b7 Velocidad hasta 1.800 juegos \/ hora.<\/p>\n<p>\u00b7 Capacidad de plegado hasta 22 hojas (88 p\u00e1ginas)<\/p>\n<p>\u00b7 Funci\u00f3n de &#8220;solo grapado&#8221; en esquina o 2 laterales.\u00a0<\/p>\n<p>\u00b7 Temporizador para adecuar la velocidad al usuario.<\/p>\n<p>\u00b7 Gramaje de papel desde 60 Gs. a 250 Gs.<\/p>\n<p>\u00b7 Tama\u00f1os de revista desde A6 a A4.<\/p>\n<p>\u00b7 Cargador de grapas en tiras de hasta 210 unidades<\/p>\n<p>\u00b7 Modulo opcional confecci\u00f3n Lomo Cuadrado &#8220;Square Fold&#8221;<\/p>\n<p>\u00b7 Peso: 55 Kg.<\/p>\n","protected":false},"excerpt":{"rendered":"<h2>PLOCKMATIC BM60<\/h2>\n<p style=\"text-align: justify;\">La\u00a0<strong>Plegadora Grapadora Plockmatic BM60\u00a0<\/strong>es un equipo modular que lleva a cabo el plegado y grapado de sus revistas, cuadernillos, listas de precios, cat\u00e1logos, manuales de uso y formaci\u00f3n\u2026 de forma r\u00e1pida y segura.\u00a0<\/p>\n<p style=\"text-align: justify;\">El modelo<strong>\u00a0Plockmatic BM60 <\/strong>puede llevar a cabo\u00a0tiradas cortas y repetitivas o cientos de ejemplares en un mismo d\u00eda. Especialmente recomendada para uso en Oficinas\u00a0 &#8211; Servicios Generales, Copister\u00edas,\u00a0 Impresi\u00f3n Digital y peque\u00f1as Artes Gr\u00e1ficas que deseen un equipo sencillo, f\u00e1cil de usar y que ofrezca gran calidad de sus procesos &#8220;Post Impresi\u00f3n&#8221;.<\/p>\n<p style=\"text-align: justify;\">La\u00a0<strong>BM60 <\/strong>es<strong>\u00a0<\/strong>flexible, permite grapar en esquina o en los dos laterales (tambien en opcion solo grapar) y dispone un m\u00f3dulo opcionales de Cuadrado (&#8220;Square Fold&#8221;) que ofrece un excelente y profesional acabado.\u00a0\u00a0<\/p>\n<p style=\"text-align: justify;\"><span style=\"text-align: justify;\">Solicite informaci\u00f3n sin compromiso.\u00a0\u00a0<\/span><\/p><\/p>\n","protected":false},"featured_media":5183,"template":"","meta":{"_acf_changed":false},"product_brand":[],"product_cat":[1538],"product_tag":[],"class_list":{"0":"post-5187","1":"product","2":"type-product","3":"status-publish","4":"has-post-thumbnail","6":"product_cat-plegadores-grapadores-plockmatic","8":"first","9":"instock","10":"shipping-taxable","11":"product-type-simple"},"acf":[],"yoast_head":"<!-- This site is optimized with the Yoast SEO plugin v27.4 - https:\/\/yoast.com\/product\/yoast-seo-wordpress\/ -->\n<title>PLEGADORA GRAPADORA PLOCKMATIC BM60 - neodal<\/title>\n<meta name=\"robots\" content=\"index, follow, max-snippet:-1, max-image-preview:large, max-video-preview:-1\" \/>\n<link rel=\"canonical\" href=\"https:\/\/neodal.es\/ca\/producte\/plockmatic-bm60\/\" \/>\n<meta property=\"og:locale\" content=\"ca_ES\" \/>\n<meta property=\"og:type\" content=\"article\" \/>\n<meta property=\"og:title\" content=\"PLEGADORA GRAPADORA PLOCKMATIC BM60 - neodal\" \/>\n<meta property=\"og:description\" content=\"PLOCKMATIC BM60 La\u00a0Plegadora Grapadora Plockmatic BM60\u00a0es un equipo modular que lleva a cabo el plegado y grapado de sus revistas, cuadernillos, listas de precios, cat\u00e1logos, manuales de uso y formaci\u00f3n\u2026 de forma r\u00e1pida y segura.\u00a0 El modelo\u00a0Plockmatic BM60 puede llevar a cabo\u00a0tiradas cortas y repetitivas o cientos de ejemplares en un mismo d\u00eda. Especialmente recomendada para uso en Oficinas\u00a0 - Servicios Generales, Copister\u00edas,\u00a0 Impresi\u00f3n Digital y peque\u00f1as Artes Gr\u00e1ficas que deseen un equipo sencillo, f\u00e1cil de usar y que ofrezca gran calidad de sus procesos &quot;Post Impresi\u00f3n&quot;. La\u00a0BM60 es\u00a0flexible, permite grapar en esquina o en los dos laterales (tambien en opcion solo grapar) y dispone un m\u00f3dulo opcionales de Cuadrado (&quot;Square Fold&quot;) que ofrece un excelente y profesional acabado.\u00a0\u00a0 Solicite informaci\u00f3n sin compromiso.\u00a0\u00a0\" \/>\n<meta property=\"og:url\" content=\"https:\/\/neodal.es\/ca\/producte\/plockmatic-bm60\/\" \/>\n<meta property=\"og:site_name\" content=\"neodal\" \/>\n<meta property=\"og:image\" content=\"https:\/\/neodal.es\/wp-content\/uploads\/2014\/02\/2035-PLOCKMATIC-BM60.jpg\" \/>\n\t<meta property=\"og:image:width\" content=\"500\" \/>\n\t<meta property=\"og:image:height\" content=\"500\" \/>\n\t<meta property=\"og:image:type\" content=\"image\/jpeg\" \/>\n<meta name=\"twitter:card\" content=\"summary_large_image\" \/>\n<script type=\"application\/ld+json\" class=\"yoast-schema-graph\">{\"@context\":\"https:\\\/\\\/schema.org\",\"@graph\":[{\"@type\":\"WebPage\",\"@id\":\"https:\\\/\\\/neodal.es\\\/ca\\\/producte\\\/plockmatic-bm60\\\/\",\"url\":\"https:\\\/\\\/neodal.es\\\/ca\\\/producte\\\/plockmatic-bm60\\\/\",\"name\":\"PLEGADORA GRAPADORA PLOCKMATIC BM60 - neodal\",\"isPartOf\":{\"@id\":\"https:\\\/\\\/neodal.es\\\/ca\\\/#website\"},\"primaryImageOfPage\":{\"@id\":\"https:\\\/\\\/neodal.es\\\/ca\\\/producte\\\/plockmatic-bm60\\\/#primaryimage\"},\"image\":{\"@id\":\"https:\\\/\\\/neodal.es\\\/ca\\\/producte\\\/plockmatic-bm60\\\/#primaryimage\"},\"thumbnailUrl\":\"https:\\\/\\\/neodal.es\\\/wp-content\\\/uploads\\\/2014\\\/02\\\/2035-PLOCKMATIC-BM60.jpg\",\"datePublished\":\"2014-02-19T15:21:34+00:00\",\"breadcrumb\":{\"@id\":\"https:\\\/\\\/neodal.es\\\/ca\\\/producte\\\/plockmatic-bm60\\\/#breadcrumb\"},\"inLanguage\":\"ca\",\"potentialAction\":[{\"@type\":\"ReadAction\",\"target\":[\"https:\\\/\\\/neodal.es\\\/ca\\\/producte\\\/plockmatic-bm60\\\/\"]}]},{\"@type\":\"ImageObject\",\"inLanguage\":\"ca\",\"@id\":\"https:\\\/\\\/neodal.es\\\/ca\\\/producte\\\/plockmatic-bm60\\\/#primaryimage\",\"url\":\"https:\\\/\\\/neodal.es\\\/wp-content\\\/uploads\\\/2014\\\/02\\\/2035-PLOCKMATIC-BM60.jpg\",\"contentUrl\":\"https:\\\/\\\/neodal.es\\\/wp-content\\\/uploads\\\/2014\\\/02\\\/2035-PLOCKMATIC-BM60.jpg\",\"width\":500,\"height\":500,\"caption\":\"PLOCKMATIC BM60\"},{\"@type\":\"BreadcrumbList\",\"@id\":\"https:\\\/\\\/neodal.es\\\/ca\\\/producte\\\/plockmatic-bm60\\\/#breadcrumb\",\"itemListElement\":[{\"@type\":\"ListItem\",\"position\":1,\"name\":\"Portada\",\"item\":\"https:\\\/\\\/neodal.es\\\/ca\\\/home\\\/\"},{\"@type\":\"ListItem\",\"position\":2,\"name\":\"Productes\",\"item\":\"https:\\\/\\\/neodal.es\\\/ca\\\/productes\\\/\"},{\"@type\":\"ListItem\",\"position\":3,\"name\":\"PLEGADORA GRAPADORA PLOCKMATIC BM60\"}]},{\"@type\":\"WebSite\",\"@id\":\"https:\\\/\\\/neodal.es\\\/ca\\\/#website\",\"url\":\"https:\\\/\\\/neodal.es\\\/ca\\\/\",\"name\":\"neodal\",\"description\":\"\",\"potentialAction\":[{\"@type\":\"SearchAction\",\"target\":{\"@type\":\"EntryPoint\",\"urlTemplate\":\"https:\\\/\\\/neodal.es\\\/ca\\\/?s={search_term_string}\"},\"query-input\":{\"@type\":\"PropertyValueSpecification\",\"valueRequired\":true,\"valueName\":\"search_term_string\"}}],\"inLanguage\":\"ca\"}]}<\/script>\n<!-- \/ Yoast SEO plugin. -->","yoast_head_json":{"title":"PLEGADORA GRAPADORA PLOCKMATIC BM60 - neodal","robots":{"index":"index","follow":"follow","max-snippet":"max-snippet:-1","max-image-preview":"max-image-preview:large","max-video-preview":"max-video-preview:-1"},"canonical":"https:\/\/neodal.es\/ca\/producte\/plockmatic-bm60\/","og_locale":"ca_ES","og_type":"article","og_title":"PLEGADORA GRAPADORA PLOCKMATIC BM60 - neodal","og_description":"PLOCKMATIC BM60 La\u00a0Plegadora Grapadora Plockmatic BM60\u00a0es un equipo modular que lleva a cabo el plegado y grapado de sus revistas, cuadernillos, listas de precios, cat\u00e1logos, manuales de uso y formaci\u00f3n\u2026 de forma r\u00e1pida y segura.\u00a0 El modelo\u00a0Plockmatic BM60 puede llevar a cabo\u00a0tiradas cortas y repetitivas o cientos de ejemplares en un mismo d\u00eda. Especialmente recomendada para uso en Oficinas\u00a0 - Servicios Generales, Copister\u00edas,\u00a0 Impresi\u00f3n Digital y peque\u00f1as Artes Gr\u00e1ficas que deseen un equipo sencillo, f\u00e1cil de usar y que ofrezca gran calidad de sus procesos \"Post Impresi\u00f3n\". La\u00a0BM60 es\u00a0flexible, permite grapar en esquina o en los dos laterales (tambien en opcion solo grapar) y dispone un m\u00f3dulo opcionales de Cuadrado (\"Square Fold\") que ofrece un excelente y profesional acabado.\u00a0\u00a0 Solicite informaci\u00f3n sin compromiso.\u00a0\u00a0","og_url":"https:\/\/neodal.es\/ca\/producte\/plockmatic-bm60\/","og_site_name":"neodal","og_image":[{"width":500,"height":500,"url":"https:\/\/neodal.es\/wp-content\/uploads\/2014\/02\/2035-PLOCKMATIC-BM60.jpg","type":"image\/jpeg"}],"twitter_card":"summary_large_image","schema":{"@context":"https:\/\/schema.org","@graph":[{"@type":"WebPage","@id":"https:\/\/neodal.es\/ca\/producte\/plockmatic-bm60\/","url":"https:\/\/neodal.es\/ca\/producte\/plockmatic-bm60\/","name":"PLEGADORA GRAPADORA PLOCKMATIC BM60 - neodal","isPartOf":{"@id":"https:\/\/neodal.es\/ca\/#website"},"primaryImageOfPage":{"@id":"https:\/\/neodal.es\/ca\/producte\/plockmatic-bm60\/#primaryimage"},"image":{"@id":"https:\/\/neodal.es\/ca\/producte\/plockmatic-bm60\/#primaryimage"},"thumbnailUrl":"https:\/\/neodal.es\/wp-content\/uploads\/2014\/02\/2035-PLOCKMATIC-BM60.jpg","datePublished":"2014-02-19T15:21:34+00:00","breadcrumb":{"@id":"https:\/\/neodal.es\/ca\/producte\/plockmatic-bm60\/#breadcrumb"},"inLanguage":"ca","potentialAction":[{"@type":"ReadAction","target":["https:\/\/neodal.es\/ca\/producte\/plockmatic-bm60\/"]}]},{"@type":"ImageObject","inLanguage":"ca","@id":"https:\/\/neodal.es\/ca\/producte\/plockmatic-bm60\/#primaryimage","url":"https:\/\/neodal.es\/wp-content\/uploads\/2014\/02\/2035-PLOCKMATIC-BM60.jpg","contentUrl":"https:\/\/neodal.es\/wp-content\/uploads\/2014\/02\/2035-PLOCKMATIC-BM60.jpg","width":500,"height":500,"caption":"PLOCKMATIC BM60"},{"@type":"BreadcrumbList","@id":"https:\/\/neodal.es\/ca\/producte\/plockmatic-bm60\/#breadcrumb","itemListElement":[{"@type":"ListItem","position":1,"name":"Portada","item":"https:\/\/neodal.es\/ca\/home\/"},{"@type":"ListItem","position":2,"name":"Productes","item":"https:\/\/neodal.es\/ca\/productes\/"},{"@type":"ListItem","position":3,"name":"PLEGADORA GRAPADORA PLOCKMATIC BM60"}]},{"@type":"WebSite","@id":"https:\/\/neodal.es\/ca\/#website","url":"https:\/\/neodal.es\/ca\/","name":"neodal","description":"","potentialAction":[{"@type":"SearchAction","target":{"@type":"EntryPoint","urlTemplate":"https:\/\/neodal.es\/ca\/?s={search_term_string}"},"query-input":{"@type":"PropertyValueSpecification","valueRequired":true,"valueName":"search_term_string"}}],"inLanguage":"ca"}]}},"_links":{"self":[{"href":"https:\/\/neodal.es\/ca\/wp-json\/wp\/v2\/product\/5187","targetHints":{"allow":["GET"]}}],"collection":[{"href":"https:\/\/neodal.es\/ca\/wp-json\/wp\/v2\/product"}],"about":[{"href":"https:\/\/neodal.es\/ca\/wp-json\/wp\/v2\/types\/product"}],"version-history":[{"count":0,"href":"https:\/\/neodal.es\/ca\/wp-json\/wp\/v2\/product\/5187\/revisions"}],"wp:featuredmedia":[{"embeddable":true,"href":"https:\/\/neodal.es\/ca\/wp-json\/wp\/v2\/media\/5183"}],"wp:attachment":[{"href":"https:\/\/neodal.es\/ca\/wp-json\/wp\/v2\/media?parent=5187"}],"wp:term":[{"taxonomy":"product_brand","embeddable":true,"href":"https:\/\/neodal.es\/ca\/wp-json\/wp\/v2\/product_brand?post=5187"},{"taxonomy":"product_cat","embeddable":true,"href":"https:\/\/neodal.es\/ca\/wp-json\/wp\/v2\/product_cat?post=5187"},{"taxonomy":"product_tag","embeddable":true,"href":"https:\/\/neodal.es\/ca\/wp-json\/wp\/v2\/product_tag?post=5187"}],"curies":[{"name":"wp","href":"https:\/\/api.w.org\/{rel}","templated":true}]}}