{"id":5193,"date":"2014-02-20T07:49:11","date_gmt":"2014-02-20T07:49:11","guid":{"rendered":"http:\/\/neodal.local\/product\/pl-squarefolder\/"},"modified":"2014-02-20T07:49:11","modified_gmt":"2014-02-20T07:49:11","slug":"pl-squarefolder","status":"publish","type":"product","link":"https:\/\/neodal.es\/ca\/producte\/pl-squarefolder\/","title":{"rendered":"PL SQUAREFOLDER"},"content":{"rendered":"<p>\u00b7 Acabat de llibres i quaderns<br \/>\u00b7 Realitza un <strong>acabat professional<\/strong> deixant el llom quadrat<br \/>\u00b7 <strong>No danya la impressi\u00f3 del llom<\/strong><br \/>\u00b7 Connexi\u00f3 en l\u00ednia a BM60 \/ BM61 \/ BM200 \/ impressores i copiadores (segons models)<br \/>\u00b7 Contrucci\u00f3 met\u00e0l\u00b7lica de llarga durada<\/p>\n","protected":false},"excerpt":{"rendered":"<p>CONFORMADO DE LOMO CUADRADO<\/p>\n<p>PL-104 de Neodal es un robusto equipo modular de amortizaci\u00f3n garantizada a largo plazo. Le ayudar\u00e1 a llevar a cabo el plegado de sus cat\u00e1logos, revistas, listas de precios, libros de instrucciones\u2026 de forma r\u00e1pida y efectiva. F\u00e1cil de usar, flexible y gran calidad para uso en oficinas, centros de reprograf\u00eda, impresi\u00f3n digital, Artes gr\u00e1ficas\u2026<\/p>\n","protected":false},"featured_media":5189,"template":"","meta":{"_acf_changed":false},"product_brand":[],"product_cat":[1538],"product_tag":[],"class_list":{"0":"post-5193","1":"product","2":"type-product","3":"status-publish","4":"has-post-thumbnail","6":"product_cat-plegadores-grapadores-plockmatic","8":"first","9":"instock","10":"shipping-taxable","11":"product-type-simple"},"acf":[],"yoast_head":"<!-- This site is optimized with the Yoast SEO plugin v27.4 - https:\/\/yoast.com\/product\/yoast-seo-wordpress\/ -->\n<title>PL SQUAREFOLDER - neodal<\/title>\n<meta name=\"robots\" content=\"index, follow, max-snippet:-1, max-image-preview:large, max-video-preview:-1\" \/>\n<link rel=\"canonical\" href=\"https:\/\/neodal.es\/ca\/producte\/pl-squarefolder\/\" \/>\n<meta property=\"og:locale\" content=\"ca_ES\" \/>\n<meta property=\"og:type\" content=\"article\" \/>\n<meta property=\"og:title\" content=\"PL SQUAREFOLDER - neodal\" \/>\n<meta property=\"og:description\" content=\"CONFORMADO DE LOMO CUADRADO PL-104 de Neodal es un robusto equipo modular de amortizaci\u00f3n garantizada a largo plazo. Le ayudar\u00e1 a llevar a cabo el plegado de sus cat\u00e1logos, revistas, listas de precios, libros de instrucciones\u2026 de forma r\u00e1pida y efectiva. F\u00e1cil de usar, flexible y gran calidad para uso en oficinas, centros de reprograf\u00eda, impresi\u00f3n digital, Artes gr\u00e1ficas\u2026\" \/>\n<meta property=\"og:url\" content=\"https:\/\/neodal.es\/ca\/producte\/pl-squarefolder\/\" \/>\n<meta property=\"og:site_name\" content=\"neodal\" \/>\n<meta property=\"og:image\" content=\"https:\/\/neodal.es\/wp-content\/uploads\/2014\/02\/2524-PLOCKMATIC-PL104-SQUARE-FOLDER.jpg\" \/>\n\t<meta property=\"og:image:width\" content=\"500\" \/>\n\t<meta property=\"og:image:height\" content=\"500\" \/>\n\t<meta property=\"og:image:type\" content=\"image\/jpeg\" \/>\n<meta name=\"twitter:card\" content=\"summary_large_image\" \/>\n<script type=\"application\/ld+json\" class=\"yoast-schema-graph\">{\"@context\":\"https:\\\/\\\/schema.org\",\"@graph\":[{\"@type\":\"WebPage\",\"@id\":\"https:\\\/\\\/neodal.es\\\/ca\\\/producte\\\/pl-squarefolder\\\/\",\"url\":\"https:\\\/\\\/neodal.es\\\/ca\\\/producte\\\/pl-squarefolder\\\/\",\"name\":\"PL SQUAREFOLDER - neodal\",\"isPartOf\":{\"@id\":\"https:\\\/\\\/neodal.es\\\/ca\\\/#website\"},\"primaryImageOfPage\":{\"@id\":\"https:\\\/\\\/neodal.es\\\/ca\\\/producte\\\/pl-squarefolder\\\/#primaryimage\"},\"image\":{\"@id\":\"https:\\\/\\\/neodal.es\\\/ca\\\/producte\\\/pl-squarefolder\\\/#primaryimage\"},\"thumbnailUrl\":\"https:\\\/\\\/neodal.es\\\/wp-content\\\/uploads\\\/2014\\\/02\\\/2524-PLOCKMATIC-PL104-SQUARE-FOLDER.jpg\",\"datePublished\":\"2014-02-20T07:49:11+00:00\",\"breadcrumb\":{\"@id\":\"https:\\\/\\\/neodal.es\\\/ca\\\/producte\\\/pl-squarefolder\\\/#breadcrumb\"},\"inLanguage\":\"ca\",\"potentialAction\":[{\"@type\":\"ReadAction\",\"target\":[\"https:\\\/\\\/neodal.es\\\/ca\\\/producte\\\/pl-squarefolder\\\/\"]}]},{\"@type\":\"ImageObject\",\"inLanguage\":\"ca\",\"@id\":\"https:\\\/\\\/neodal.es\\\/ca\\\/producte\\\/pl-squarefolder\\\/#primaryimage\",\"url\":\"https:\\\/\\\/neodal.es\\\/wp-content\\\/uploads\\\/2014\\\/02\\\/2524-PLOCKMATIC-PL104-SQUARE-FOLDER.jpg\",\"contentUrl\":\"https:\\\/\\\/neodal.es\\\/wp-content\\\/uploads\\\/2014\\\/02\\\/2524-PLOCKMATIC-PL104-SQUARE-FOLDER.jpg\",\"width\":500,\"height\":500,\"caption\":\"PLOCKMATIC PL104 SQUARE FOLDER\"},{\"@type\":\"BreadcrumbList\",\"@id\":\"https:\\\/\\\/neodal.es\\\/ca\\\/producte\\\/pl-squarefolder\\\/#breadcrumb\",\"itemListElement\":[{\"@type\":\"ListItem\",\"position\":1,\"name\":\"Portada\",\"item\":\"https:\\\/\\\/neodal.es\\\/ca\\\/home\\\/\"},{\"@type\":\"ListItem\",\"position\":2,\"name\":\"Productes\",\"item\":\"https:\\\/\\\/neodal.es\\\/ca\\\/productes\\\/\"},{\"@type\":\"ListItem\",\"position\":3,\"name\":\"PL SQUAREFOLDER\"}]},{\"@type\":\"WebSite\",\"@id\":\"https:\\\/\\\/neodal.es\\\/ca\\\/#website\",\"url\":\"https:\\\/\\\/neodal.es\\\/ca\\\/\",\"name\":\"neodal\",\"description\":\"\",\"potentialAction\":[{\"@type\":\"SearchAction\",\"target\":{\"@type\":\"EntryPoint\",\"urlTemplate\":\"https:\\\/\\\/neodal.es\\\/ca\\\/?s={search_term_string}\"},\"query-input\":{\"@type\":\"PropertyValueSpecification\",\"valueRequired\":true,\"valueName\":\"search_term_string\"}}],\"inLanguage\":\"ca\"}]}<\/script>\n<!-- \/ Yoast SEO plugin. -->","yoast_head_json":{"title":"PL SQUAREFOLDER - neodal","robots":{"index":"index","follow":"follow","max-snippet":"max-snippet:-1","max-image-preview":"max-image-preview:large","max-video-preview":"max-video-preview:-1"},"canonical":"https:\/\/neodal.es\/ca\/producte\/pl-squarefolder\/","og_locale":"ca_ES","og_type":"article","og_title":"PL SQUAREFOLDER - neodal","og_description":"CONFORMADO DE LOMO CUADRADO PL-104 de Neodal es un robusto equipo modular de amortizaci\u00f3n garantizada a largo plazo. Le ayudar\u00e1 a llevar a cabo el plegado de sus cat\u00e1logos, revistas, listas de precios, libros de instrucciones\u2026 de forma r\u00e1pida y efectiva. F\u00e1cil de usar, flexible y gran calidad para uso en oficinas, centros de reprograf\u00eda, impresi\u00f3n digital, Artes gr\u00e1ficas\u2026","og_url":"https:\/\/neodal.es\/ca\/producte\/pl-squarefolder\/","og_site_name":"neodal","og_image":[{"width":500,"height":500,"url":"https:\/\/neodal.es\/wp-content\/uploads\/2014\/02\/2524-PLOCKMATIC-PL104-SQUARE-FOLDER.jpg","type":"image\/jpeg"}],"twitter_card":"summary_large_image","schema":{"@context":"https:\/\/schema.org","@graph":[{"@type":"WebPage","@id":"https:\/\/neodal.es\/ca\/producte\/pl-squarefolder\/","url":"https:\/\/neodal.es\/ca\/producte\/pl-squarefolder\/","name":"PL SQUAREFOLDER - neodal","isPartOf":{"@id":"https:\/\/neodal.es\/ca\/#website"},"primaryImageOfPage":{"@id":"https:\/\/neodal.es\/ca\/producte\/pl-squarefolder\/#primaryimage"},"image":{"@id":"https:\/\/neodal.es\/ca\/producte\/pl-squarefolder\/#primaryimage"},"thumbnailUrl":"https:\/\/neodal.es\/wp-content\/uploads\/2014\/02\/2524-PLOCKMATIC-PL104-SQUARE-FOLDER.jpg","datePublished":"2014-02-20T07:49:11+00:00","breadcrumb":{"@id":"https:\/\/neodal.es\/ca\/producte\/pl-squarefolder\/#breadcrumb"},"inLanguage":"ca","potentialAction":[{"@type":"ReadAction","target":["https:\/\/neodal.es\/ca\/producte\/pl-squarefolder\/"]}]},{"@type":"ImageObject","inLanguage":"ca","@id":"https:\/\/neodal.es\/ca\/producte\/pl-squarefolder\/#primaryimage","url":"https:\/\/neodal.es\/wp-content\/uploads\/2014\/02\/2524-PLOCKMATIC-PL104-SQUARE-FOLDER.jpg","contentUrl":"https:\/\/neodal.es\/wp-content\/uploads\/2014\/02\/2524-PLOCKMATIC-PL104-SQUARE-FOLDER.jpg","width":500,"height":500,"caption":"PLOCKMATIC PL104 SQUARE FOLDER"},{"@type":"BreadcrumbList","@id":"https:\/\/neodal.es\/ca\/producte\/pl-squarefolder\/#breadcrumb","itemListElement":[{"@type":"ListItem","position":1,"name":"Portada","item":"https:\/\/neodal.es\/ca\/home\/"},{"@type":"ListItem","position":2,"name":"Productes","item":"https:\/\/neodal.es\/ca\/productes\/"},{"@type":"ListItem","position":3,"name":"PL SQUAREFOLDER"}]},{"@type":"WebSite","@id":"https:\/\/neodal.es\/ca\/#website","url":"https:\/\/neodal.es\/ca\/","name":"neodal","description":"","potentialAction":[{"@type":"SearchAction","target":{"@type":"EntryPoint","urlTemplate":"https:\/\/neodal.es\/ca\/?s={search_term_string}"},"query-input":{"@type":"PropertyValueSpecification","valueRequired":true,"valueName":"search_term_string"}}],"inLanguage":"ca"}]}},"_links":{"self":[{"href":"https:\/\/neodal.es\/ca\/wp-json\/wp\/v2\/product\/5193","targetHints":{"allow":["GET"]}}],"collection":[{"href":"https:\/\/neodal.es\/ca\/wp-json\/wp\/v2\/product"}],"about":[{"href":"https:\/\/neodal.es\/ca\/wp-json\/wp\/v2\/types\/product"}],"version-history":[{"count":0,"href":"https:\/\/neodal.es\/ca\/wp-json\/wp\/v2\/product\/5193\/revisions"}],"wp:featuredmedia":[{"embeddable":true,"href":"https:\/\/neodal.es\/ca\/wp-json\/wp\/v2\/media\/5189"}],"wp:attachment":[{"href":"https:\/\/neodal.es\/ca\/wp-json\/wp\/v2\/media?parent=5193"}],"wp:term":[{"taxonomy":"product_brand","embeddable":true,"href":"https:\/\/neodal.es\/ca\/wp-json\/wp\/v2\/product_brand?post=5193"},{"taxonomy":"product_cat","embeddable":true,"href":"https:\/\/neodal.es\/ca\/wp-json\/wp\/v2\/product_cat?post=5193"},{"taxonomy":"product_tag","embeddable":true,"href":"https:\/\/neodal.es\/ca\/wp-json\/wp\/v2\/product_tag?post=5193"}],"curies":[{"name":"wp","href":"https:\/\/api.w.org\/{rel}","templated":true}]}}