{"id":5201,"date":"2014-02-22T19:37:49","date_gmt":"2014-02-22T19:37:49","guid":{"rendered":"http:\/\/neodal.local\/product\/quadient-ds75i\/"},"modified":"2014-02-22T19:37:49","modified_gmt":"2014-02-22T19:37:49","slug":"quadient-ds75i","status":"publish","type":"product","link":"https:\/\/neodal.es\/ca\/producte\/quadient-ds75i\/","title":{"rendered":"ENSOBRADORA QUADIENT NEOPOST DS75i"},"content":{"rendered":"<h3><span style=\"font-family: verdana, geneva;\">ENSOBRADORA QUADIENT NEOPOST\u00a0DS75i<\/span><\/h3>\n<p style=\"font-size: 11px; font-weight: 400;\">\u00b7 M\u00e1quina modular compacta.<\/p>\n<p style=\"font-size: 11px; font-weight: 400;\">\u00b7 M\u00e1xima facilidad de uso, \u201cLoad &#038; Go\u201d.<\/p>\n<p style=\"font-size: 11px; font-weight: 400;\">\u00b7 3 alimentadores<span style=\"font-style: inherit;\">\u00a0de documentos A4.<\/span><\/p>\n<p style=\"font-size: 11px; font-weight: 400;\">\u00b7 Alimentadores flexibles<span style=\"font-style: inherit;\">\u00a0para trabajar con diferentes formatos de papel.<\/span><\/p>\n<p style=\"font-size: 11px; font-weight: 400;\">\u00b7 Alimentaci\u00f3n m\u00faltiple de documentos (con plegado conjunto de los documentos<span style=\"font-style: inherit;\">).<\/span><\/p>\n<p style=\"font-size: 11px; font-weight: 400;\">\u00b7 Formatos de sobre americano, cuartilla\u2026 (C6\/5 y C5\u2026).<\/p>\n<p style=\"font-size: 11px; font-weight: 400;\">\u00b7 Display t\u00e1ctil<span style=\"font-style: inherit;\">\u00a0con texto en castellano.<\/span><\/p>\n<p style=\"font-size: 11px; font-weight: 400;\">\u00b7 Capacidad de plegado conjunto hasta 10 hojas.<\/p>\n<p style=\"font-size: 11px; font-weight: 400;\">\u00b7 Tipos de plegado en tr\u00edptico, d\u00edptico, zig\u2013zag\u2026<\/p>\n<p style=\"font-size: 11px; font-weight: 400;\">\u00b7 Tecnolog\u00eda \u201cSecure N\u00b4feed\u201d (Detecci\u00f3n de documentos dobles).<\/p>\n<p style=\"font-size: 11px; font-weight: 400;\">\u00b7 Opci\u00f3n lectura OMR \/ BCR (1D &#8211; 2Datamatrix) y OCR.<\/p>\n<p style=\"font-size: 11px; font-weight: 400;\"><iframe width=\"425\" height=\"350\" src=\"https:\/\/www.youtube.com\/embed\/KiMDaowodY0\"><\/iframe><\/p>\n","protected":false},"excerpt":{"rendered":"<p><strong>ENSOBRADORA MIG VOLUM<\/strong><\/p>\n<p>La <strong>Ensobradora Quadient DS75i &#8211; Neopost<\/strong> de Neodal es una compacta ensobradora. DS75i es silenciosa,\u00a0 muy f\u00e1cil de usar y dispone de la tecnolog\u00eda m\u00e1s avanzada mediante esc\u00e1ner inteligente de lectura de marcas de sistemas de lectura <strong>OMR \/ BCR (1D y 2Datamatrix) y OCR<\/strong>. Podr\u00e1 procesar todas sus facturas, circulares, Mailing\u2026 de forma f\u00e1cil y segura.<\/p>\n","protected":false},"featured_media":5195,"template":"","meta":{"_acf_changed":false},"product_brand":[],"product_cat":[1442,1498],"product_tag":[],"class_list":{"0":"post-5201","1":"product","2":"type-product","3":"status-publish","4":"has-post-thumbnail","6":"product_cat-ensobradoras-quadient-neopost","7":"product_cat-ensobradores-quadient-neopost-mig-volum","9":"first","10":"instock","11":"shipping-taxable","12":"product-type-simple"},"acf":[],"yoast_head":"<!-- This site is optimized with the Yoast SEO plugin v27.4 - https:\/\/yoast.com\/product\/yoast-seo-wordpress\/ -->\n<title>ENSOBRADORA QUADIENT DS75i - NEOPOST (Import. SAT Oficial)<\/title>\n<meta name=\"description\" content=\"Ensobradora Quadient DS75i - Neopost. Solicite mejor precio en compra o alquiler. Ensobradora automatica facil de usar. Importador y Servicio Tecnico Oficial.\" \/>\n<meta name=\"robots\" content=\"index, follow, max-snippet:-1, max-image-preview:large, max-video-preview:-1\" \/>\n<link rel=\"canonical\" href=\"https:\/\/neodal.es\/ca\/producte\/quadient-ds75i\/\" \/>\n<meta property=\"og:locale\" content=\"ca_ES\" \/>\n<meta property=\"og:type\" content=\"article\" \/>\n<meta property=\"og:title\" content=\"ENSOBRADORA QUADIENT DS75i - NEOPOST (Import. SAT Oficial)\" \/>\n<meta property=\"og:description\" content=\"Ensobradora Quadient DS75i - Neopost. Solicite mejor precio en compra o alquiler. Ensobradora automatica facil de usar. Importador y Servicio Tecnico Oficial.\" \/>\n<meta property=\"og:url\" content=\"https:\/\/neodal.es\/ca\/producte\/quadient-ds75i\/\" \/>\n<meta property=\"og:site_name\" content=\"neodal\" \/>\n<meta property=\"og:image\" content=\"https:\/\/neodal.es\/wp-content\/uploads\/2014\/02\/2293-ENSOBRADORA-AUTOMATICA-DE-OFICINA-MEDIO-VOLUMEN-DS75i.jpg\" \/>\n\t<meta property=\"og:image:width\" content=\"500\" \/>\n\t<meta property=\"og:image:height\" content=\"500\" \/>\n\t<meta property=\"og:image:type\" content=\"image\/jpeg\" \/>\n<meta name=\"twitter:card\" content=\"summary_large_image\" \/>\n<script type=\"application\/ld+json\" class=\"yoast-schema-graph\">{\"@context\":\"https:\\\/\\\/schema.org\",\"@graph\":[{\"@type\":\"WebPage\",\"@id\":\"https:\\\/\\\/neodal.es\\\/ca\\\/producte\\\/quadient-ds75i\\\/\",\"url\":\"https:\\\/\\\/neodal.es\\\/ca\\\/producte\\\/quadient-ds75i\\\/\",\"name\":\"ENSOBRADORA QUADIENT DS75i - NEOPOST (Import. SAT Oficial)\",\"isPartOf\":{\"@id\":\"https:\\\/\\\/neodal.es\\\/ca\\\/#website\"},\"primaryImageOfPage\":{\"@id\":\"https:\\\/\\\/neodal.es\\\/ca\\\/producte\\\/quadient-ds75i\\\/#primaryimage\"},\"image\":{\"@id\":\"https:\\\/\\\/neodal.es\\\/ca\\\/producte\\\/quadient-ds75i\\\/#primaryimage\"},\"thumbnailUrl\":\"https:\\\/\\\/neodal.es\\\/wp-content\\\/uploads\\\/2014\\\/02\\\/2293-ENSOBRADORA-AUTOMATICA-DE-OFICINA-MEDIO-VOLUMEN-DS75i.jpg\",\"datePublished\":\"2014-02-22T19:37:49+00:00\",\"description\":\"Ensobradora Quadient DS75i - Neopost. Solicite mejor precio en compra o alquiler. Ensobradora automatica facil de usar. Importador y Servicio Tecnico Oficial.\",\"breadcrumb\":{\"@id\":\"https:\\\/\\\/neodal.es\\\/ca\\\/producte\\\/quadient-ds75i\\\/#breadcrumb\"},\"inLanguage\":\"ca\",\"potentialAction\":[{\"@type\":\"ReadAction\",\"target\":[\"https:\\\/\\\/neodal.es\\\/ca\\\/producte\\\/quadient-ds75i\\\/\"]}]},{\"@type\":\"ImageObject\",\"inLanguage\":\"ca\",\"@id\":\"https:\\\/\\\/neodal.es\\\/ca\\\/producte\\\/quadient-ds75i\\\/#primaryimage\",\"url\":\"https:\\\/\\\/neodal.es\\\/wp-content\\\/uploads\\\/2014\\\/02\\\/2293-ENSOBRADORA-AUTOMATICA-DE-OFICINA-MEDIO-VOLUMEN-DS75i.jpg\",\"contentUrl\":\"https:\\\/\\\/neodal.es\\\/wp-content\\\/uploads\\\/2014\\\/02\\\/2293-ENSOBRADORA-AUTOMATICA-DE-OFICINA-MEDIO-VOLUMEN-DS75i.jpg\",\"width\":500,\"height\":500,\"caption\":\"ENSOBRADORA AUTOMATICA DE OFICINA MEDIO VOLUMEN DS75i\"},{\"@type\":\"BreadcrumbList\",\"@id\":\"https:\\\/\\\/neodal.es\\\/ca\\\/producte\\\/quadient-ds75i\\\/#breadcrumb\",\"itemListElement\":[{\"@type\":\"ListItem\",\"position\":1,\"name\":\"Portada\",\"item\":\"https:\\\/\\\/neodal.es\\\/ca\\\/home\\\/\"},{\"@type\":\"ListItem\",\"position\":2,\"name\":\"Productes\",\"item\":\"https:\\\/\\\/neodal.es\\\/ca\\\/productes\\\/\"},{\"@type\":\"ListItem\",\"position\":3,\"name\":\"ENSOBRADORA QUADIENT NEOPOST DS75i\"}]},{\"@type\":\"WebSite\",\"@id\":\"https:\\\/\\\/neodal.es\\\/ca\\\/#website\",\"url\":\"https:\\\/\\\/neodal.es\\\/ca\\\/\",\"name\":\"neodal\",\"description\":\"\",\"potentialAction\":[{\"@type\":\"SearchAction\",\"target\":{\"@type\":\"EntryPoint\",\"urlTemplate\":\"https:\\\/\\\/neodal.es\\\/ca\\\/?s={search_term_string}\"},\"query-input\":{\"@type\":\"PropertyValueSpecification\",\"valueRequired\":true,\"valueName\":\"search_term_string\"}}],\"inLanguage\":\"ca\"}]}<\/script>\n<!-- \/ Yoast SEO plugin. -->","yoast_head_json":{"title":"ENSOBRADORA QUADIENT DS75i - NEOPOST (Import. SAT Oficial)","description":"Ensobradora Quadient DS75i - Neopost. Solicite mejor precio en compra o alquiler. Ensobradora automatica facil de usar. Importador y Servicio Tecnico Oficial.","robots":{"index":"index","follow":"follow","max-snippet":"max-snippet:-1","max-image-preview":"max-image-preview:large","max-video-preview":"max-video-preview:-1"},"canonical":"https:\/\/neodal.es\/ca\/producte\/quadient-ds75i\/","og_locale":"ca_ES","og_type":"article","og_title":"ENSOBRADORA QUADIENT DS75i - NEOPOST (Import. SAT Oficial)","og_description":"Ensobradora Quadient DS75i - Neopost. Solicite mejor precio en compra o alquiler. Ensobradora automatica facil de usar. Importador y Servicio Tecnico Oficial.","og_url":"https:\/\/neodal.es\/ca\/producte\/quadient-ds75i\/","og_site_name":"neodal","og_image":[{"width":500,"height":500,"url":"https:\/\/neodal.es\/wp-content\/uploads\/2014\/02\/2293-ENSOBRADORA-AUTOMATICA-DE-OFICINA-MEDIO-VOLUMEN-DS75i.jpg","type":"image\/jpeg"}],"twitter_card":"summary_large_image","schema":{"@context":"https:\/\/schema.org","@graph":[{"@type":"WebPage","@id":"https:\/\/neodal.es\/ca\/producte\/quadient-ds75i\/","url":"https:\/\/neodal.es\/ca\/producte\/quadient-ds75i\/","name":"ENSOBRADORA QUADIENT DS75i - NEOPOST (Import. SAT Oficial)","isPartOf":{"@id":"https:\/\/neodal.es\/ca\/#website"},"primaryImageOfPage":{"@id":"https:\/\/neodal.es\/ca\/producte\/quadient-ds75i\/#primaryimage"},"image":{"@id":"https:\/\/neodal.es\/ca\/producte\/quadient-ds75i\/#primaryimage"},"thumbnailUrl":"https:\/\/neodal.es\/wp-content\/uploads\/2014\/02\/2293-ENSOBRADORA-AUTOMATICA-DE-OFICINA-MEDIO-VOLUMEN-DS75i.jpg","datePublished":"2014-02-22T19:37:49+00:00","description":"Ensobradora Quadient DS75i - Neopost. Solicite mejor precio en compra o alquiler. Ensobradora automatica facil de usar. Importador y Servicio Tecnico Oficial.","breadcrumb":{"@id":"https:\/\/neodal.es\/ca\/producte\/quadient-ds75i\/#breadcrumb"},"inLanguage":"ca","potentialAction":[{"@type":"ReadAction","target":["https:\/\/neodal.es\/ca\/producte\/quadient-ds75i\/"]}]},{"@type":"ImageObject","inLanguage":"ca","@id":"https:\/\/neodal.es\/ca\/producte\/quadient-ds75i\/#primaryimage","url":"https:\/\/neodal.es\/wp-content\/uploads\/2014\/02\/2293-ENSOBRADORA-AUTOMATICA-DE-OFICINA-MEDIO-VOLUMEN-DS75i.jpg","contentUrl":"https:\/\/neodal.es\/wp-content\/uploads\/2014\/02\/2293-ENSOBRADORA-AUTOMATICA-DE-OFICINA-MEDIO-VOLUMEN-DS75i.jpg","width":500,"height":500,"caption":"ENSOBRADORA AUTOMATICA DE OFICINA MEDIO VOLUMEN DS75i"},{"@type":"BreadcrumbList","@id":"https:\/\/neodal.es\/ca\/producte\/quadient-ds75i\/#breadcrumb","itemListElement":[{"@type":"ListItem","position":1,"name":"Portada","item":"https:\/\/neodal.es\/ca\/home\/"},{"@type":"ListItem","position":2,"name":"Productes","item":"https:\/\/neodal.es\/ca\/productes\/"},{"@type":"ListItem","position":3,"name":"ENSOBRADORA QUADIENT NEOPOST DS75i"}]},{"@type":"WebSite","@id":"https:\/\/neodal.es\/ca\/#website","url":"https:\/\/neodal.es\/ca\/","name":"neodal","description":"","potentialAction":[{"@type":"SearchAction","target":{"@type":"EntryPoint","urlTemplate":"https:\/\/neodal.es\/ca\/?s={search_term_string}"},"query-input":{"@type":"PropertyValueSpecification","valueRequired":true,"valueName":"search_term_string"}}],"inLanguage":"ca"}]}},"_links":{"self":[{"href":"https:\/\/neodal.es\/ca\/wp-json\/wp\/v2\/product\/5201","targetHints":{"allow":["GET"]}}],"collection":[{"href":"https:\/\/neodal.es\/ca\/wp-json\/wp\/v2\/product"}],"about":[{"href":"https:\/\/neodal.es\/ca\/wp-json\/wp\/v2\/types\/product"}],"version-history":[{"count":0,"href":"https:\/\/neodal.es\/ca\/wp-json\/wp\/v2\/product\/5201\/revisions"}],"wp:featuredmedia":[{"embeddable":true,"href":"https:\/\/neodal.es\/ca\/wp-json\/wp\/v2\/media\/5195"}],"wp:attachment":[{"href":"https:\/\/neodal.es\/ca\/wp-json\/wp\/v2\/media?parent=5201"}],"wp:term":[{"taxonomy":"product_brand","embeddable":true,"href":"https:\/\/neodal.es\/ca\/wp-json\/wp\/v2\/product_brand?post=5201"},{"taxonomy":"product_cat","embeddable":true,"href":"https:\/\/neodal.es\/ca\/wp-json\/wp\/v2\/product_cat?post=5201"},{"taxonomy":"product_tag","embeddable":true,"href":"https:\/\/neodal.es\/ca\/wp-json\/wp\/v2\/product_tag?post=5201"}],"curies":[{"name":"wp","href":"https:\/\/api.w.org\/{rel}","templated":true}]}}