{"id":5215,"date":"2014-02-22T21:29:14","date_gmt":"2014-02-22T21:29:14","guid":{"rendered":"http:\/\/neodal.local\/product\/quadient-ds180i\/"},"modified":"2014-02-22T21:29:14","modified_gmt":"2014-02-22T21:29:14","slug":"quadient-ds180i","status":"publish","type":"product","link":"https:\/\/neodal.es\/ca\/producte\/quadient-ds180i\/","title":{"rendered":"ENSOBRADORA QUADIENT NEOPOST DS180i"},"content":{"rendered":"<h3>ENSOBRADROA\u00a0QUADIENT NEOPOST DS180i<\/h3>\n<p style=\"font-size: 11px; font-weight: 400;\">\u00b7 E<span style=\"font-family: verdana, geneva;\">nsobradora de alta capacidad de trabajo.<\/span><\/p>\n<p style=\"font-size: 11px; font-weight: 400;\">\u00b7 Construcci\u00f3n robusta, flexible y segura.\u00a0<\/p>\n<p style=\"font-size: 11px; font-weight: 400;\">\u00b7 Velocidad hasta 4.500 \/ 5.500 (*) sobres \/ hora.<\/p>\n<p style=\"font-size: 11px; font-weight: 400;\">\u00b7 Velocidad de proceso de horas de 6.900 a 9.400 hojas hora.<\/p>\n<p style=\"font-size: 11px; font-weight: 400;\">\u00b7 Capacidad alimentador de sobres: 800<\/p>\n<p style=\"font-size: 11px; font-weight: 400;\">\u00b7 Alimentadores con capacidad de 500 y 1000 hojas.\u00a0<\/p>\n<p style=\"font-size: 11px; font-weight: 400;\">\u00b7 PC control con Pantalla t\u00e1ctil de 22 pulgadas.\u00a0<\/p>\n<p style=\"font-size: 11px; font-weight: 400;\">\u00b7 Memorias de trabajo ilimitadas.\u00a0<\/p>\n<p style=\"font-size: 11px; font-weight: 400;\">\u00b7 Gran sencillez de uso. Totalmente autom\u00e1tica.\u00a0<\/p>\n<p style=\"font-size: 11px; font-weight: 400;\">\u00b7 F\u00e1cil acceso a todo el recorrido del papel y sobre.\u00a0<\/p>\n<p style=\"font-size: 11px; font-weight: 400;\">\u00b7 Equipo modular de hasta 8 alimentadores.<\/p>\n<p style=\"font-size: 11px; font-weight: 400;\">\u00b7 Formatos de sobre DL y C5 (Americano y cuartilla)\u00a0<\/p>\n<p style=\"font-size: 11px; font-weight: 400;\">\u00b7 Sistema de lectura OMR, BCR, 2D Datamatrix&#8230;\u00a0<\/p>\n<div style=\"font-size: 11px; font-weight: 400;\"><iframe width=\"425\" height=\"350\" style=\"background-image: url('img\/object.gif');\" src=\"https:\/\/www.youtube.com\/embed\/_8QR5kgJwak\" frameborder=\"0\"><\/iframe><\/div>\n<div><\/div>\n","protected":false},"excerpt":{"rendered":"<h2>ENSOBRADORA ALTO VOLUMEN<\/h2>\n<p>La <strong>Ensobradora Quadient DS180i -Neopost<\/strong> de Neodal es una Ensobradora modular de sobremesa para uso en la oficina, centros de manipulado y Marketing Directo que le ayudar\u00e1 a llevar a cabo el ensobrado de toda su correspondencia. Es flexible, robusta, productiva, con opciones de lectura OMR \/ BCR \/ 2D y <strong>procesar\u00e1 decenas de miles de env\u00edos mensuales de forma f\u00e1cil y segura.<\/strong><\/p>\n","protected":false},"featured_media":5209,"template":"","meta":{"_acf_changed":false},"product_brand":[],"product_cat":[1442,1520],"product_tag":[],"class_list":{"0":"post-5215","1":"product","2":"type-product","3":"status-publish","4":"has-post-thumbnail","6":"product_cat-ensobradoras-quadient-neopost","7":"product_cat-ensobradores-quadient-neopost-alt-volum","9":"first","10":"instock","11":"shipping-taxable","12":"product-type-simple"},"acf":[],"yoast_head":"<!-- This site is optimized with the Yoast SEO plugin v27.4 - https:\/\/yoast.com\/product\/yoast-seo-wordpress\/ -->\n<title>ENSOBRADORA QUADIENT DS180i - NEOPOST (Import. SAT Oficial)<\/title>\n<meta name=\"description\" content=\"Ensobradora Quadient DS180i - Neopost. Compra o alquiler. Alta velocidad y seguridad para su centro de correo. Importador Oficial \u00a1Consulte precio!\" \/>\n<meta name=\"robots\" content=\"index, follow, max-snippet:-1, max-image-preview:large, max-video-preview:-1\" \/>\n<link rel=\"canonical\" href=\"https:\/\/neodal.es\/ca\/producte\/quadient-ds180i\/\" \/>\n<meta property=\"og:locale\" content=\"ca_ES\" \/>\n<meta property=\"og:type\" content=\"article\" \/>\n<meta property=\"og:title\" content=\"ENSOBRADORA QUADIENT DS180i - NEOPOST (Import. SAT Oficial)\" \/>\n<meta property=\"og:description\" content=\"Ensobradora Quadient DS180i - Neopost. Compra o alquiler. Alta velocidad y seguridad para su centro de correo. Importador Oficial \u00a1Consulte precio!\" \/>\n<meta property=\"og:url\" content=\"https:\/\/neodal.es\/ca\/producte\/quadient-ds180i\/\" \/>\n<meta property=\"og:site_name\" content=\"neodal\" \/>\n<meta property=\"og:image\" content=\"https:\/\/neodal.es\/wp-content\/uploads\/2014\/02\/2298-ENSOBRADORA-AUTOMATICA-DE-ALTO-VOLUMEN.jpg\" \/>\n\t<meta property=\"og:image:width\" content=\"500\" \/>\n\t<meta property=\"og:image:height\" content=\"500\" \/>\n\t<meta property=\"og:image:type\" content=\"image\/jpeg\" \/>\n<meta name=\"twitter:card\" content=\"summary_large_image\" \/>\n<script type=\"application\/ld+json\" class=\"yoast-schema-graph\">{\"@context\":\"https:\\\/\\\/schema.org\",\"@graph\":[{\"@type\":\"WebPage\",\"@id\":\"https:\\\/\\\/neodal.es\\\/ca\\\/producte\\\/quadient-ds180i\\\/\",\"url\":\"https:\\\/\\\/neodal.es\\\/ca\\\/producte\\\/quadient-ds180i\\\/\",\"name\":\"ENSOBRADORA QUADIENT DS180i - NEOPOST (Import. SAT Oficial)\",\"isPartOf\":{\"@id\":\"https:\\\/\\\/neodal.es\\\/ca\\\/#website\"},\"primaryImageOfPage\":{\"@id\":\"https:\\\/\\\/neodal.es\\\/ca\\\/producte\\\/quadient-ds180i\\\/#primaryimage\"},\"image\":{\"@id\":\"https:\\\/\\\/neodal.es\\\/ca\\\/producte\\\/quadient-ds180i\\\/#primaryimage\"},\"thumbnailUrl\":\"https:\\\/\\\/neodal.es\\\/wp-content\\\/uploads\\\/2014\\\/02\\\/2298-ENSOBRADORA-AUTOMATICA-DE-ALTO-VOLUMEN.jpg\",\"datePublished\":\"2014-02-22T21:29:14+00:00\",\"description\":\"Ensobradora Quadient DS180i - Neopost. Compra o alquiler. Alta velocidad y seguridad para su centro de correo. Importador Oficial \u00a1Consulte precio!\",\"breadcrumb\":{\"@id\":\"https:\\\/\\\/neodal.es\\\/ca\\\/producte\\\/quadient-ds180i\\\/#breadcrumb\"},\"inLanguage\":\"ca\",\"potentialAction\":[{\"@type\":\"ReadAction\",\"target\":[\"https:\\\/\\\/neodal.es\\\/ca\\\/producte\\\/quadient-ds180i\\\/\"]}]},{\"@type\":\"ImageObject\",\"inLanguage\":\"ca\",\"@id\":\"https:\\\/\\\/neodal.es\\\/ca\\\/producte\\\/quadient-ds180i\\\/#primaryimage\",\"url\":\"https:\\\/\\\/neodal.es\\\/wp-content\\\/uploads\\\/2014\\\/02\\\/2298-ENSOBRADORA-AUTOMATICA-DE-ALTO-VOLUMEN.jpg\",\"contentUrl\":\"https:\\\/\\\/neodal.es\\\/wp-content\\\/uploads\\\/2014\\\/02\\\/2298-ENSOBRADORA-AUTOMATICA-DE-ALTO-VOLUMEN.jpg\",\"width\":500,\"height\":500,\"caption\":\"ENSOBRADORA AUTOMATICA DE ALTO VOLUMEN\"},{\"@type\":\"BreadcrumbList\",\"@id\":\"https:\\\/\\\/neodal.es\\\/ca\\\/producte\\\/quadient-ds180i\\\/#breadcrumb\",\"itemListElement\":[{\"@type\":\"ListItem\",\"position\":1,\"name\":\"Portada\",\"item\":\"https:\\\/\\\/neodal.es\\\/ca\\\/home\\\/\"},{\"@type\":\"ListItem\",\"position\":2,\"name\":\"Productes\",\"item\":\"https:\\\/\\\/neodal.es\\\/ca\\\/productes\\\/\"},{\"@type\":\"ListItem\",\"position\":3,\"name\":\"ENSOBRADORA QUADIENT NEOPOST DS180i\"}]},{\"@type\":\"WebSite\",\"@id\":\"https:\\\/\\\/neodal.es\\\/ca\\\/#website\",\"url\":\"https:\\\/\\\/neodal.es\\\/ca\\\/\",\"name\":\"neodal\",\"description\":\"\",\"potentialAction\":[{\"@type\":\"SearchAction\",\"target\":{\"@type\":\"EntryPoint\",\"urlTemplate\":\"https:\\\/\\\/neodal.es\\\/ca\\\/?s={search_term_string}\"},\"query-input\":{\"@type\":\"PropertyValueSpecification\",\"valueRequired\":true,\"valueName\":\"search_term_string\"}}],\"inLanguage\":\"ca\"}]}<\/script>\n<!-- \/ Yoast SEO plugin. -->","yoast_head_json":{"title":"ENSOBRADORA QUADIENT DS180i - NEOPOST (Import. SAT Oficial)","description":"Ensobradora Quadient DS180i - Neopost. Compra o alquiler. Alta velocidad y seguridad para su centro de correo. Importador Oficial \u00a1Consulte precio!","robots":{"index":"index","follow":"follow","max-snippet":"max-snippet:-1","max-image-preview":"max-image-preview:large","max-video-preview":"max-video-preview:-1"},"canonical":"https:\/\/neodal.es\/ca\/producte\/quadient-ds180i\/","og_locale":"ca_ES","og_type":"article","og_title":"ENSOBRADORA QUADIENT DS180i - NEOPOST (Import. SAT Oficial)","og_description":"Ensobradora Quadient DS180i - Neopost. Compra o alquiler. Alta velocidad y seguridad para su centro de correo. Importador Oficial \u00a1Consulte precio!","og_url":"https:\/\/neodal.es\/ca\/producte\/quadient-ds180i\/","og_site_name":"neodal","og_image":[{"width":500,"height":500,"url":"https:\/\/neodal.es\/wp-content\/uploads\/2014\/02\/2298-ENSOBRADORA-AUTOMATICA-DE-ALTO-VOLUMEN.jpg","type":"image\/jpeg"}],"twitter_card":"summary_large_image","schema":{"@context":"https:\/\/schema.org","@graph":[{"@type":"WebPage","@id":"https:\/\/neodal.es\/ca\/producte\/quadient-ds180i\/","url":"https:\/\/neodal.es\/ca\/producte\/quadient-ds180i\/","name":"ENSOBRADORA QUADIENT DS180i - NEOPOST (Import. SAT Oficial)","isPartOf":{"@id":"https:\/\/neodal.es\/ca\/#website"},"primaryImageOfPage":{"@id":"https:\/\/neodal.es\/ca\/producte\/quadient-ds180i\/#primaryimage"},"image":{"@id":"https:\/\/neodal.es\/ca\/producte\/quadient-ds180i\/#primaryimage"},"thumbnailUrl":"https:\/\/neodal.es\/wp-content\/uploads\/2014\/02\/2298-ENSOBRADORA-AUTOMATICA-DE-ALTO-VOLUMEN.jpg","datePublished":"2014-02-22T21:29:14+00:00","description":"Ensobradora Quadient DS180i - Neopost. Compra o alquiler. Alta velocidad y seguridad para su centro de correo. Importador Oficial \u00a1Consulte precio!","breadcrumb":{"@id":"https:\/\/neodal.es\/ca\/producte\/quadient-ds180i\/#breadcrumb"},"inLanguage":"ca","potentialAction":[{"@type":"ReadAction","target":["https:\/\/neodal.es\/ca\/producte\/quadient-ds180i\/"]}]},{"@type":"ImageObject","inLanguage":"ca","@id":"https:\/\/neodal.es\/ca\/producte\/quadient-ds180i\/#primaryimage","url":"https:\/\/neodal.es\/wp-content\/uploads\/2014\/02\/2298-ENSOBRADORA-AUTOMATICA-DE-ALTO-VOLUMEN.jpg","contentUrl":"https:\/\/neodal.es\/wp-content\/uploads\/2014\/02\/2298-ENSOBRADORA-AUTOMATICA-DE-ALTO-VOLUMEN.jpg","width":500,"height":500,"caption":"ENSOBRADORA AUTOMATICA DE ALTO VOLUMEN"},{"@type":"BreadcrumbList","@id":"https:\/\/neodal.es\/ca\/producte\/quadient-ds180i\/#breadcrumb","itemListElement":[{"@type":"ListItem","position":1,"name":"Portada","item":"https:\/\/neodal.es\/ca\/home\/"},{"@type":"ListItem","position":2,"name":"Productes","item":"https:\/\/neodal.es\/ca\/productes\/"},{"@type":"ListItem","position":3,"name":"ENSOBRADORA QUADIENT NEOPOST DS180i"}]},{"@type":"WebSite","@id":"https:\/\/neodal.es\/ca\/#website","url":"https:\/\/neodal.es\/ca\/","name":"neodal","description":"","potentialAction":[{"@type":"SearchAction","target":{"@type":"EntryPoint","urlTemplate":"https:\/\/neodal.es\/ca\/?s={search_term_string}"},"query-input":{"@type":"PropertyValueSpecification","valueRequired":true,"valueName":"search_term_string"}}],"inLanguage":"ca"}]}},"_links":{"self":[{"href":"https:\/\/neodal.es\/ca\/wp-json\/wp\/v2\/product\/5215","targetHints":{"allow":["GET"]}}],"collection":[{"href":"https:\/\/neodal.es\/ca\/wp-json\/wp\/v2\/product"}],"about":[{"href":"https:\/\/neodal.es\/ca\/wp-json\/wp\/v2\/types\/product"}],"version-history":[{"count":0,"href":"https:\/\/neodal.es\/ca\/wp-json\/wp\/v2\/product\/5215\/revisions"}],"wp:featuredmedia":[{"embeddable":true,"href":"https:\/\/neodal.es\/ca\/wp-json\/wp\/v2\/media\/5209"}],"wp:attachment":[{"href":"https:\/\/neodal.es\/ca\/wp-json\/wp\/v2\/media?parent=5215"}],"wp:term":[{"taxonomy":"product_brand","embeddable":true,"href":"https:\/\/neodal.es\/ca\/wp-json\/wp\/v2\/product_brand?post=5215"},{"taxonomy":"product_cat","embeddable":true,"href":"https:\/\/neodal.es\/ca\/wp-json\/wp\/v2\/product_cat?post=5215"},{"taxonomy":"product_tag","embeddable":true,"href":"https:\/\/neodal.es\/ca\/wp-json\/wp\/v2\/product_tag?post=5215"}],"curies":[{"name":"wp","href":"https:\/\/api.w.org\/{rel}","templated":true}]}}