{"id":5235,"date":"2014-02-23T18:54:57","date_gmt":"2014-02-23T18:54:57","guid":{"rendered":"http:\/\/neodal.local\/product\/neopost-im-16-2\/"},"modified":"2014-02-23T18:54:57","modified_gmt":"2014-02-23T18:54:57","slug":"neopost-im-16-2","status":"publish","type":"product","link":"https:\/\/neodal.es\/ca\/producte\/neopost-im-16-2\/","title":{"rendered":"NEOPOST IM-16"},"content":{"rendered":"<p>\u00b7 F\u00e0cil manejo<br \/>\u00b7 <strong>Alimentaci\u00f3 autom\u00e0tica<\/strong> de sobres<br \/>\u00b7 Velocitat: Fins a 300 sobris\/minut<br \/>\u00b7 Processa correu mixt de diferents grand\u00e0ries <strong>sense necessitat d&#8217;ajustos previs<\/strong><br \/>\u00b7 Grossor del sobre: 4 mm<br \/>\u00b7 Sistema d&#8217;obertura per fendido que <strong>evita danyar el contingut del sobre<\/strong><br \/>\u00b7 Bra\u00e7 de pressi\u00f3 que sost\u00e9 els sobres en la seva posici\u00f3<br \/>\u00b7 F\u00e0cil extracci\u00f3 del contingut del sobre<br \/>\u00b7 <strong>Model IM-16 C disposa de comptador d&#8217;unitats<\/strong><\/p>\n","protected":false},"excerpt":{"rendered":"<h2>ABRIDORA DE SOBRES IM-16<\/h2>\n<p>La abridora\u00a0 Neopost IM-16 de Neodal no da\u00f1an el contenido de los sobres. Abra su correspondencia de forma efic\u00e1z y r\u00e1pida sin m\u00e1s p\u00e9rdidas de tiempo.<\/p><\/p>\n","protected":false},"featured_media":5232,"template":"","meta":{"_acf_changed":false},"product_brand":[],"product_cat":[1448],"product_tag":[],"class_list":{"0":"post-5235","1":"product","2":"type-product","3":"status-publish","4":"has-post-thumbnail","6":"product_cat-obrecartes-quadient-neopost","8":"first","9":"instock","10":"shipping-taxable","11":"product-type-simple"},"acf":[],"yoast_head":"<!-- This site is optimized with the Yoast SEO plugin v27.4 - https:\/\/yoast.com\/product\/yoast-seo-wordpress\/ -->\n<title>NEOPOST IM-16 - neodal<\/title>\n<meta name=\"robots\" content=\"index, follow, max-snippet:-1, max-image-preview:large, max-video-preview:-1\" \/>\n<link rel=\"canonical\" href=\"https:\/\/neodal.es\/ca\/producte\/neopost-im-16-2\/\" \/>\n<meta property=\"og:locale\" content=\"ca_ES\" \/>\n<meta property=\"og:type\" content=\"article\" \/>\n<meta property=\"og:title\" content=\"NEOPOST IM-16 - neodal\" \/>\n<meta property=\"og:description\" content=\"ABRIDORA DE SOBRES IM-16 La abridora\u00a0 Neopost IM-16 de Neodal no da\u00f1an el contenido de los sobres. Abra su correspondencia de forma efic\u00e1z y r\u00e1pida sin m\u00e1s p\u00e9rdidas de tiempo.\" \/>\n<meta property=\"og:url\" content=\"https:\/\/neodal.es\/ca\/producte\/neopost-im-16-2\/\" \/>\n<meta property=\"og:site_name\" content=\"neodal\" \/>\n<meta property=\"og:image\" content=\"https:\/\/neodal.es\/wp-content\/uploads\/2014\/02\/2501-NEOPOST-IM-16.jpg\" \/>\n\t<meta property=\"og:image:width\" content=\"500\" \/>\n\t<meta property=\"og:image:height\" content=\"500\" \/>\n\t<meta property=\"og:image:type\" content=\"image\/jpeg\" \/>\n<meta name=\"twitter:card\" content=\"summary_large_image\" \/>\n<script type=\"application\/ld+json\" class=\"yoast-schema-graph\">{\"@context\":\"https:\\\/\\\/schema.org\",\"@graph\":[{\"@type\":\"WebPage\",\"@id\":\"https:\\\/\\\/neodal.es\\\/ca\\\/producte\\\/neopost-im-16-2\\\/\",\"url\":\"https:\\\/\\\/neodal.es\\\/ca\\\/producte\\\/neopost-im-16-2\\\/\",\"name\":\"NEOPOST IM-16 - neodal\",\"isPartOf\":{\"@id\":\"https:\\\/\\\/neodal.es\\\/ca\\\/#website\"},\"primaryImageOfPage\":{\"@id\":\"https:\\\/\\\/neodal.es\\\/ca\\\/producte\\\/neopost-im-16-2\\\/#primaryimage\"},\"image\":{\"@id\":\"https:\\\/\\\/neodal.es\\\/ca\\\/producte\\\/neopost-im-16-2\\\/#primaryimage\"},\"thumbnailUrl\":\"https:\\\/\\\/neodal.es\\\/wp-content\\\/uploads\\\/2014\\\/02\\\/2501-NEOPOST-IM-16.jpg\",\"datePublished\":\"2014-02-23T18:54:57+00:00\",\"breadcrumb\":{\"@id\":\"https:\\\/\\\/neodal.es\\\/ca\\\/producte\\\/neopost-im-16-2\\\/#breadcrumb\"},\"inLanguage\":\"ca\",\"potentialAction\":[{\"@type\":\"ReadAction\",\"target\":[\"https:\\\/\\\/neodal.es\\\/ca\\\/producte\\\/neopost-im-16-2\\\/\"]}]},{\"@type\":\"ImageObject\",\"inLanguage\":\"ca\",\"@id\":\"https:\\\/\\\/neodal.es\\\/ca\\\/producte\\\/neopost-im-16-2\\\/#primaryimage\",\"url\":\"https:\\\/\\\/neodal.es\\\/wp-content\\\/uploads\\\/2014\\\/02\\\/2501-NEOPOST-IM-16.jpg\",\"contentUrl\":\"https:\\\/\\\/neodal.es\\\/wp-content\\\/uploads\\\/2014\\\/02\\\/2501-NEOPOST-IM-16.jpg\",\"width\":500,\"height\":500,\"caption\":\"NEOPOST IM-16\"},{\"@type\":\"BreadcrumbList\",\"@id\":\"https:\\\/\\\/neodal.es\\\/ca\\\/producte\\\/neopost-im-16-2\\\/#breadcrumb\",\"itemListElement\":[{\"@type\":\"ListItem\",\"position\":1,\"name\":\"Portada\",\"item\":\"https:\\\/\\\/neodal.es\\\/ca\\\/home\\\/\"},{\"@type\":\"ListItem\",\"position\":2,\"name\":\"Productes\",\"item\":\"https:\\\/\\\/neodal.es\\\/ca\\\/productes\\\/\"},{\"@type\":\"ListItem\",\"position\":3,\"name\":\"NEOPOST IM-16\"}]},{\"@type\":\"WebSite\",\"@id\":\"https:\\\/\\\/neodal.es\\\/ca\\\/#website\",\"url\":\"https:\\\/\\\/neodal.es\\\/ca\\\/\",\"name\":\"neodal\",\"description\":\"\",\"potentialAction\":[{\"@type\":\"SearchAction\",\"target\":{\"@type\":\"EntryPoint\",\"urlTemplate\":\"https:\\\/\\\/neodal.es\\\/ca\\\/?s={search_term_string}\"},\"query-input\":{\"@type\":\"PropertyValueSpecification\",\"valueRequired\":true,\"valueName\":\"search_term_string\"}}],\"inLanguage\":\"ca\"}]}<\/script>\n<!-- \/ Yoast SEO plugin. -->","yoast_head_json":{"title":"NEOPOST IM-16 - neodal","robots":{"index":"index","follow":"follow","max-snippet":"max-snippet:-1","max-image-preview":"max-image-preview:large","max-video-preview":"max-video-preview:-1"},"canonical":"https:\/\/neodal.es\/ca\/producte\/neopost-im-16-2\/","og_locale":"ca_ES","og_type":"article","og_title":"NEOPOST IM-16 - neodal","og_description":"ABRIDORA DE SOBRES IM-16 La abridora\u00a0 Neopost IM-16 de Neodal no da\u00f1an el contenido de los sobres. Abra su correspondencia de forma efic\u00e1z y r\u00e1pida sin m\u00e1s p\u00e9rdidas de tiempo.","og_url":"https:\/\/neodal.es\/ca\/producte\/neopost-im-16-2\/","og_site_name":"neodal","og_image":[{"width":500,"height":500,"url":"https:\/\/neodal.es\/wp-content\/uploads\/2014\/02\/2501-NEOPOST-IM-16.jpg","type":"image\/jpeg"}],"twitter_card":"summary_large_image","schema":{"@context":"https:\/\/schema.org","@graph":[{"@type":"WebPage","@id":"https:\/\/neodal.es\/ca\/producte\/neopost-im-16-2\/","url":"https:\/\/neodal.es\/ca\/producte\/neopost-im-16-2\/","name":"NEOPOST IM-16 - neodal","isPartOf":{"@id":"https:\/\/neodal.es\/ca\/#website"},"primaryImageOfPage":{"@id":"https:\/\/neodal.es\/ca\/producte\/neopost-im-16-2\/#primaryimage"},"image":{"@id":"https:\/\/neodal.es\/ca\/producte\/neopost-im-16-2\/#primaryimage"},"thumbnailUrl":"https:\/\/neodal.es\/wp-content\/uploads\/2014\/02\/2501-NEOPOST-IM-16.jpg","datePublished":"2014-02-23T18:54:57+00:00","breadcrumb":{"@id":"https:\/\/neodal.es\/ca\/producte\/neopost-im-16-2\/#breadcrumb"},"inLanguage":"ca","potentialAction":[{"@type":"ReadAction","target":["https:\/\/neodal.es\/ca\/producte\/neopost-im-16-2\/"]}]},{"@type":"ImageObject","inLanguage":"ca","@id":"https:\/\/neodal.es\/ca\/producte\/neopost-im-16-2\/#primaryimage","url":"https:\/\/neodal.es\/wp-content\/uploads\/2014\/02\/2501-NEOPOST-IM-16.jpg","contentUrl":"https:\/\/neodal.es\/wp-content\/uploads\/2014\/02\/2501-NEOPOST-IM-16.jpg","width":500,"height":500,"caption":"NEOPOST IM-16"},{"@type":"BreadcrumbList","@id":"https:\/\/neodal.es\/ca\/producte\/neopost-im-16-2\/#breadcrumb","itemListElement":[{"@type":"ListItem","position":1,"name":"Portada","item":"https:\/\/neodal.es\/ca\/home\/"},{"@type":"ListItem","position":2,"name":"Productes","item":"https:\/\/neodal.es\/ca\/productes\/"},{"@type":"ListItem","position":3,"name":"NEOPOST IM-16"}]},{"@type":"WebSite","@id":"https:\/\/neodal.es\/ca\/#website","url":"https:\/\/neodal.es\/ca\/","name":"neodal","description":"","potentialAction":[{"@type":"SearchAction","target":{"@type":"EntryPoint","urlTemplate":"https:\/\/neodal.es\/ca\/?s={search_term_string}"},"query-input":{"@type":"PropertyValueSpecification","valueRequired":true,"valueName":"search_term_string"}}],"inLanguage":"ca"}]}},"_links":{"self":[{"href":"https:\/\/neodal.es\/ca\/wp-json\/wp\/v2\/product\/5235","targetHints":{"allow":["GET"]}}],"collection":[{"href":"https:\/\/neodal.es\/ca\/wp-json\/wp\/v2\/product"}],"about":[{"href":"https:\/\/neodal.es\/ca\/wp-json\/wp\/v2\/types\/product"}],"version-history":[{"count":0,"href":"https:\/\/neodal.es\/ca\/wp-json\/wp\/v2\/product\/5235\/revisions"}],"wp:featuredmedia":[{"embeddable":true,"href":"https:\/\/neodal.es\/ca\/wp-json\/wp\/v2\/media\/5232"}],"wp:attachment":[{"href":"https:\/\/neodal.es\/ca\/wp-json\/wp\/v2\/media?parent=5235"}],"wp:term":[{"taxonomy":"product_brand","embeddable":true,"href":"https:\/\/neodal.es\/ca\/wp-json\/wp\/v2\/product_brand?post=5235"},{"taxonomy":"product_cat","embeddable":true,"href":"https:\/\/neodal.es\/ca\/wp-json\/wp\/v2\/product_cat?post=5235"},{"taxonomy":"product_tag","embeddable":true,"href":"https:\/\/neodal.es\/ca\/wp-json\/wp\/v2\/product_tag?post=5235"}],"curies":[{"name":"wp","href":"https:\/\/api.w.org\/{rel}","templated":true}]}}