{"id":5241,"date":"2014-02-23T19:17:07","date_gmt":"2014-02-23T19:17:07","guid":{"rendered":"http:\/\/neodal.local\/product\/neopost-im-25\/"},"modified":"2014-02-23T19:17:07","modified_gmt":"2014-02-23T19:17:07","slug":"neopost-im-25","status":"publish","type":"product","link":"https:\/\/neodal.es\/ca\/producte\/neopost-im-25\/","title":{"rendered":"NEOPOST IM-25"},"content":{"rendered":"<p>\u00b7 F\u00e0cil manejo<br \/>\u00b7 <strong>Alimentaci\u00f3 autom\u00e0tica<\/strong> de sobres amb capacitat de 200 sobris<br \/>\u00b7 Velocitat: Fins a 40.000 sobris\/h<br \/>\u00b7 Processa correu mixt de diferents grand\u00e0ries <strong>sense necessitat d&#8217;ajustos previs<\/strong><br \/>\u00b7 <strong>Grossor del sobre: 8 mm<\/strong><br \/>\u00b7 Sistema d&#8217;obertura per maduixa de cort que evita danyar el contingut del sobre<br \/>\u00b7 Bra\u00e7 de pressi\u00f3 que sost\u00e9 els sobres en la seva posici\u00f3<br \/>\u00b7 <strong>F\u00e0cil extracci\u00f3 del contingut del sobre<\/strong><br \/>\u00b7 Construcci\u00f3 met\u00e0l\u00b7lica, s\u00f2lida i fiable<\/p>\n","protected":false},"excerpt":{"rendered":"<p>OBRIDORA DE CARTES<\/p>\n","protected":false},"featured_media":5239,"template":"","meta":{"_acf_changed":false},"product_brand":[],"product_cat":[1448],"product_tag":[],"class_list":{"0":"post-5241","1":"product","2":"type-product","3":"status-publish","4":"has-post-thumbnail","6":"product_cat-obrecartes-quadient-neopost","8":"first","9":"instock","10":"shipping-taxable","11":"product-type-simple"},"acf":[],"yoast_head":"<!-- This site is optimized with the Yoast SEO plugin v27.4 - https:\/\/yoast.com\/product\/yoast-seo-wordpress\/ -->\n<title>NEOPOST IM-25 - neodal<\/title>\n<meta name=\"robots\" content=\"index, follow, max-snippet:-1, max-image-preview:large, max-video-preview:-1\" \/>\n<link rel=\"canonical\" href=\"https:\/\/neodal.es\/ca\/producte\/neopost-im-25\/\" \/>\n<meta property=\"og:locale\" content=\"ca_ES\" \/>\n<meta property=\"og:type\" content=\"article\" \/>\n<meta property=\"og:title\" content=\"NEOPOST IM-25 - neodal\" \/>\n<meta property=\"og:description\" content=\"OBRIDORA DE CARTES\" \/>\n<meta property=\"og:url\" content=\"https:\/\/neodal.es\/ca\/producte\/neopost-im-25\/\" \/>\n<meta property=\"og:site_name\" content=\"neodal\" \/>\n<meta property=\"og:image\" content=\"https:\/\/neodal.es\/wp-content\/uploads\/2014\/02\/2503-ABRIDORA-DE-SOBRES-NEOPOST-IM-22.jpg\" \/>\n\t<meta property=\"og:image:width\" content=\"500\" \/>\n\t<meta property=\"og:image:height\" content=\"500\" \/>\n\t<meta property=\"og:image:type\" content=\"image\/jpeg\" \/>\n<meta name=\"twitter:card\" content=\"summary_large_image\" \/>\n<script type=\"application\/ld+json\" class=\"yoast-schema-graph\">{\"@context\":\"https:\\\/\\\/schema.org\",\"@graph\":[{\"@type\":\"WebPage\",\"@id\":\"https:\\\/\\\/neodal.es\\\/ca\\\/producte\\\/neopost-im-25\\\/\",\"url\":\"https:\\\/\\\/neodal.es\\\/ca\\\/producte\\\/neopost-im-25\\\/\",\"name\":\"NEOPOST IM-25 - neodal\",\"isPartOf\":{\"@id\":\"https:\\\/\\\/neodal.es\\\/ca\\\/#website\"},\"primaryImageOfPage\":{\"@id\":\"https:\\\/\\\/neodal.es\\\/ca\\\/producte\\\/neopost-im-25\\\/#primaryimage\"},\"image\":{\"@id\":\"https:\\\/\\\/neodal.es\\\/ca\\\/producte\\\/neopost-im-25\\\/#primaryimage\"},\"thumbnailUrl\":\"https:\\\/\\\/neodal.es\\\/wp-content\\\/uploads\\\/2014\\\/02\\\/2503-ABRIDORA-DE-SOBRES-NEOPOST-IM-22.jpg\",\"datePublished\":\"2014-02-23T19:17:07+00:00\",\"breadcrumb\":{\"@id\":\"https:\\\/\\\/neodal.es\\\/ca\\\/producte\\\/neopost-im-25\\\/#breadcrumb\"},\"inLanguage\":\"ca\",\"potentialAction\":[{\"@type\":\"ReadAction\",\"target\":[\"https:\\\/\\\/neodal.es\\\/ca\\\/producte\\\/neopost-im-25\\\/\"]}]},{\"@type\":\"ImageObject\",\"inLanguage\":\"ca\",\"@id\":\"https:\\\/\\\/neodal.es\\\/ca\\\/producte\\\/neopost-im-25\\\/#primaryimage\",\"url\":\"https:\\\/\\\/neodal.es\\\/wp-content\\\/uploads\\\/2014\\\/02\\\/2503-ABRIDORA-DE-SOBRES-NEOPOST-IM-22.jpg\",\"contentUrl\":\"https:\\\/\\\/neodal.es\\\/wp-content\\\/uploads\\\/2014\\\/02\\\/2503-ABRIDORA-DE-SOBRES-NEOPOST-IM-22.jpg\",\"width\":500,\"height\":500,\"caption\":\"ABRIDORA DE SOBRES NEOPOST IM-22\"},{\"@type\":\"BreadcrumbList\",\"@id\":\"https:\\\/\\\/neodal.es\\\/ca\\\/producte\\\/neopost-im-25\\\/#breadcrumb\",\"itemListElement\":[{\"@type\":\"ListItem\",\"position\":1,\"name\":\"Portada\",\"item\":\"https:\\\/\\\/neodal.es\\\/ca\\\/home\\\/\"},{\"@type\":\"ListItem\",\"position\":2,\"name\":\"Productes\",\"item\":\"https:\\\/\\\/neodal.es\\\/ca\\\/productes\\\/\"},{\"@type\":\"ListItem\",\"position\":3,\"name\":\"NEOPOST IM-25\"}]},{\"@type\":\"WebSite\",\"@id\":\"https:\\\/\\\/neodal.es\\\/ca\\\/#website\",\"url\":\"https:\\\/\\\/neodal.es\\\/ca\\\/\",\"name\":\"neodal\",\"description\":\"\",\"potentialAction\":[{\"@type\":\"SearchAction\",\"target\":{\"@type\":\"EntryPoint\",\"urlTemplate\":\"https:\\\/\\\/neodal.es\\\/ca\\\/?s={search_term_string}\"},\"query-input\":{\"@type\":\"PropertyValueSpecification\",\"valueRequired\":true,\"valueName\":\"search_term_string\"}}],\"inLanguage\":\"ca\"}]}<\/script>\n<!-- \/ Yoast SEO plugin. -->","yoast_head_json":{"title":"NEOPOST IM-25 - neodal","robots":{"index":"index","follow":"follow","max-snippet":"max-snippet:-1","max-image-preview":"max-image-preview:large","max-video-preview":"max-video-preview:-1"},"canonical":"https:\/\/neodal.es\/ca\/producte\/neopost-im-25\/","og_locale":"ca_ES","og_type":"article","og_title":"NEOPOST IM-25 - neodal","og_description":"OBRIDORA DE CARTES","og_url":"https:\/\/neodal.es\/ca\/producte\/neopost-im-25\/","og_site_name":"neodal","og_image":[{"width":500,"height":500,"url":"https:\/\/neodal.es\/wp-content\/uploads\/2014\/02\/2503-ABRIDORA-DE-SOBRES-NEOPOST-IM-22.jpg","type":"image\/jpeg"}],"twitter_card":"summary_large_image","schema":{"@context":"https:\/\/schema.org","@graph":[{"@type":"WebPage","@id":"https:\/\/neodal.es\/ca\/producte\/neopost-im-25\/","url":"https:\/\/neodal.es\/ca\/producte\/neopost-im-25\/","name":"NEOPOST IM-25 - neodal","isPartOf":{"@id":"https:\/\/neodal.es\/ca\/#website"},"primaryImageOfPage":{"@id":"https:\/\/neodal.es\/ca\/producte\/neopost-im-25\/#primaryimage"},"image":{"@id":"https:\/\/neodal.es\/ca\/producte\/neopost-im-25\/#primaryimage"},"thumbnailUrl":"https:\/\/neodal.es\/wp-content\/uploads\/2014\/02\/2503-ABRIDORA-DE-SOBRES-NEOPOST-IM-22.jpg","datePublished":"2014-02-23T19:17:07+00:00","breadcrumb":{"@id":"https:\/\/neodal.es\/ca\/producte\/neopost-im-25\/#breadcrumb"},"inLanguage":"ca","potentialAction":[{"@type":"ReadAction","target":["https:\/\/neodal.es\/ca\/producte\/neopost-im-25\/"]}]},{"@type":"ImageObject","inLanguage":"ca","@id":"https:\/\/neodal.es\/ca\/producte\/neopost-im-25\/#primaryimage","url":"https:\/\/neodal.es\/wp-content\/uploads\/2014\/02\/2503-ABRIDORA-DE-SOBRES-NEOPOST-IM-22.jpg","contentUrl":"https:\/\/neodal.es\/wp-content\/uploads\/2014\/02\/2503-ABRIDORA-DE-SOBRES-NEOPOST-IM-22.jpg","width":500,"height":500,"caption":"ABRIDORA DE SOBRES NEOPOST IM-22"},{"@type":"BreadcrumbList","@id":"https:\/\/neodal.es\/ca\/producte\/neopost-im-25\/#breadcrumb","itemListElement":[{"@type":"ListItem","position":1,"name":"Portada","item":"https:\/\/neodal.es\/ca\/home\/"},{"@type":"ListItem","position":2,"name":"Productes","item":"https:\/\/neodal.es\/ca\/productes\/"},{"@type":"ListItem","position":3,"name":"NEOPOST IM-25"}]},{"@type":"WebSite","@id":"https:\/\/neodal.es\/ca\/#website","url":"https:\/\/neodal.es\/ca\/","name":"neodal","description":"","potentialAction":[{"@type":"SearchAction","target":{"@type":"EntryPoint","urlTemplate":"https:\/\/neodal.es\/ca\/?s={search_term_string}"},"query-input":{"@type":"PropertyValueSpecification","valueRequired":true,"valueName":"search_term_string"}}],"inLanguage":"ca"}]}},"_links":{"self":[{"href":"https:\/\/neodal.es\/ca\/wp-json\/wp\/v2\/product\/5241","targetHints":{"allow":["GET"]}}],"collection":[{"href":"https:\/\/neodal.es\/ca\/wp-json\/wp\/v2\/product"}],"about":[{"href":"https:\/\/neodal.es\/ca\/wp-json\/wp\/v2\/types\/product"}],"version-history":[{"count":0,"href":"https:\/\/neodal.es\/ca\/wp-json\/wp\/v2\/product\/5241\/revisions"}],"wp:featuredmedia":[{"embeddable":true,"href":"https:\/\/neodal.es\/ca\/wp-json\/wp\/v2\/media\/5239"}],"wp:attachment":[{"href":"https:\/\/neodal.es\/ca\/wp-json\/wp\/v2\/media?parent=5241"}],"wp:term":[{"taxonomy":"product_brand","embeddable":true,"href":"https:\/\/neodal.es\/ca\/wp-json\/wp\/v2\/product_brand?post=5241"},{"taxonomy":"product_cat","embeddable":true,"href":"https:\/\/neodal.es\/ca\/wp-json\/wp\/v2\/product_cat?post=5241"},{"taxonomy":"product_tag","embeddable":true,"href":"https:\/\/neodal.es\/ca\/wp-json\/wp\/v2\/product_tag?post=5241"}],"curies":[{"name":"wp","href":"https:\/\/api.w.org\/{rel}","templated":true}]}}