{"id":5250,"date":"2014-02-23T20:05:30","date_gmt":"2014-02-23T20:05:30","guid":{"rendered":"http:\/\/neodal.local\/product\/hendidora-mcr-46\/"},"modified":"2014-02-23T20:05:30","modified_gmt":"2014-02-23T20:05:30","slug":"hendidora-mcr-46","status":"publish","type":"product","link":"https:\/\/neodal.es\/ca\/producte\/hendidora-mcr-46\/","title":{"rendered":"HENDIDORA INTIMUS CR-460MC"},"content":{"rendered":"<p>\u00b7 Construcci\u00f3 met\u00e0l\u00b7lica de llarga durada<br \/>\u00b7 Fendido de qualitat<br \/>\u00b7 Per a \u00fas en copisteries, centres d&#8217;impressi\u00f3, arts gr\u00e0fiques, fabricadores de llibres, etc&#8230;<br \/>\u00b7 Adequada per realitzar fendidos en llibres, calendaris, men\u00fas, tiquets, felicitacions, etc&#8230;<br \/>\u00b7 M\u00e0xim format SRA2<\/p>\n","protected":false},"excerpt":{"rendered":"<p>FENDIDORA MANUAL<\/p>\n","protected":false},"featured_media":5247,"template":"","meta":{"_acf_changed":false},"product_brand":[],"product_cat":[1432],"product_tag":[],"class_list":{"0":"post-5250","1":"product","2":"type-product","3":"status-publish","4":"has-post-thumbnail","6":"product_cat-fendidores-microperforadores","8":"first","9":"instock","10":"shipping-taxable","11":"product-type-simple"},"acf":[],"yoast_head":"<!-- This site is optimized with the Yoast SEO plugin v27.4 - https:\/\/yoast.com\/product\/yoast-seo-wordpress\/ -->\n<title>HENDIDORA INTIMUS CR-460MC - neodal<\/title>\n<meta name=\"robots\" content=\"index, follow, max-snippet:-1, max-image-preview:large, max-video-preview:-1\" \/>\n<link rel=\"canonical\" href=\"https:\/\/neodal.es\/ca\/producte\/hendidora-mcr-46\/\" \/>\n<meta property=\"og:locale\" content=\"ca_ES\" \/>\n<meta property=\"og:type\" content=\"article\" \/>\n<meta property=\"og:title\" content=\"HENDIDORA INTIMUS CR-460MC - neodal\" \/>\n<meta property=\"og:description\" content=\"FENDIDORA MANUAL\" \/>\n<meta property=\"og:url\" content=\"https:\/\/neodal.es\/ca\/producte\/hendidora-mcr-46\/\" \/>\n<meta property=\"og:site_name\" content=\"neodal\" \/>\n<meta property=\"og:image\" content=\"https:\/\/neodal.es\/wp-content\/uploads\/2014\/02\/2479-HENDIDORA-INTIMUS-CR-460MC.jpg\" \/>\n\t<meta property=\"og:image:width\" content=\"500\" \/>\n\t<meta property=\"og:image:height\" content=\"500\" \/>\n\t<meta property=\"og:image:type\" content=\"image\/jpeg\" \/>\n<meta name=\"twitter:card\" content=\"summary_large_image\" \/>\n<script type=\"application\/ld+json\" class=\"yoast-schema-graph\">{\"@context\":\"https:\\\/\\\/schema.org\",\"@graph\":[{\"@type\":\"WebPage\",\"@id\":\"https:\\\/\\\/neodal.es\\\/ca\\\/producte\\\/hendidora-mcr-46\\\/\",\"url\":\"https:\\\/\\\/neodal.es\\\/ca\\\/producte\\\/hendidora-mcr-46\\\/\",\"name\":\"HENDIDORA INTIMUS CR-460MC - neodal\",\"isPartOf\":{\"@id\":\"https:\\\/\\\/neodal.es\\\/ca\\\/#website\"},\"primaryImageOfPage\":{\"@id\":\"https:\\\/\\\/neodal.es\\\/ca\\\/producte\\\/hendidora-mcr-46\\\/#primaryimage\"},\"image\":{\"@id\":\"https:\\\/\\\/neodal.es\\\/ca\\\/producte\\\/hendidora-mcr-46\\\/#primaryimage\"},\"thumbnailUrl\":\"https:\\\/\\\/neodal.es\\\/wp-content\\\/uploads\\\/2014\\\/02\\\/2479-HENDIDORA-INTIMUS-CR-460MC.jpg\",\"datePublished\":\"2014-02-23T20:05:30+00:00\",\"breadcrumb\":{\"@id\":\"https:\\\/\\\/neodal.es\\\/ca\\\/producte\\\/hendidora-mcr-46\\\/#breadcrumb\"},\"inLanguage\":\"ca\",\"potentialAction\":[{\"@type\":\"ReadAction\",\"target\":[\"https:\\\/\\\/neodal.es\\\/ca\\\/producte\\\/hendidora-mcr-46\\\/\"]}]},{\"@type\":\"ImageObject\",\"inLanguage\":\"ca\",\"@id\":\"https:\\\/\\\/neodal.es\\\/ca\\\/producte\\\/hendidora-mcr-46\\\/#primaryimage\",\"url\":\"https:\\\/\\\/neodal.es\\\/wp-content\\\/uploads\\\/2014\\\/02\\\/2479-HENDIDORA-INTIMUS-CR-460MC.jpg\",\"contentUrl\":\"https:\\\/\\\/neodal.es\\\/wp-content\\\/uploads\\\/2014\\\/02\\\/2479-HENDIDORA-INTIMUS-CR-460MC.jpg\",\"width\":500,\"height\":500,\"caption\":\"HENDIDORA INTIMUS CR-460MC\"},{\"@type\":\"BreadcrumbList\",\"@id\":\"https:\\\/\\\/neodal.es\\\/ca\\\/producte\\\/hendidora-mcr-46\\\/#breadcrumb\",\"itemListElement\":[{\"@type\":\"ListItem\",\"position\":1,\"name\":\"Portada\",\"item\":\"https:\\\/\\\/neodal.es\\\/ca\\\/home\\\/\"},{\"@type\":\"ListItem\",\"position\":2,\"name\":\"Productes\",\"item\":\"https:\\\/\\\/neodal.es\\\/ca\\\/productes\\\/\"},{\"@type\":\"ListItem\",\"position\":3,\"name\":\"HENDIDORA INTIMUS CR-460MC\"}]},{\"@type\":\"WebSite\",\"@id\":\"https:\\\/\\\/neodal.es\\\/ca\\\/#website\",\"url\":\"https:\\\/\\\/neodal.es\\\/ca\\\/\",\"name\":\"neodal\",\"description\":\"\",\"potentialAction\":[{\"@type\":\"SearchAction\",\"target\":{\"@type\":\"EntryPoint\",\"urlTemplate\":\"https:\\\/\\\/neodal.es\\\/ca\\\/?s={search_term_string}\"},\"query-input\":{\"@type\":\"PropertyValueSpecification\",\"valueRequired\":true,\"valueName\":\"search_term_string\"}}],\"inLanguage\":\"ca\"}]}<\/script>\n<!-- \/ Yoast SEO plugin. -->","yoast_head_json":{"title":"HENDIDORA INTIMUS CR-460MC - neodal","robots":{"index":"index","follow":"follow","max-snippet":"max-snippet:-1","max-image-preview":"max-image-preview:large","max-video-preview":"max-video-preview:-1"},"canonical":"https:\/\/neodal.es\/ca\/producte\/hendidora-mcr-46\/","og_locale":"ca_ES","og_type":"article","og_title":"HENDIDORA INTIMUS CR-460MC - neodal","og_description":"FENDIDORA MANUAL","og_url":"https:\/\/neodal.es\/ca\/producte\/hendidora-mcr-46\/","og_site_name":"neodal","og_image":[{"width":500,"height":500,"url":"https:\/\/neodal.es\/wp-content\/uploads\/2014\/02\/2479-HENDIDORA-INTIMUS-CR-460MC.jpg","type":"image\/jpeg"}],"twitter_card":"summary_large_image","schema":{"@context":"https:\/\/schema.org","@graph":[{"@type":"WebPage","@id":"https:\/\/neodal.es\/ca\/producte\/hendidora-mcr-46\/","url":"https:\/\/neodal.es\/ca\/producte\/hendidora-mcr-46\/","name":"HENDIDORA INTIMUS CR-460MC - neodal","isPartOf":{"@id":"https:\/\/neodal.es\/ca\/#website"},"primaryImageOfPage":{"@id":"https:\/\/neodal.es\/ca\/producte\/hendidora-mcr-46\/#primaryimage"},"image":{"@id":"https:\/\/neodal.es\/ca\/producte\/hendidora-mcr-46\/#primaryimage"},"thumbnailUrl":"https:\/\/neodal.es\/wp-content\/uploads\/2014\/02\/2479-HENDIDORA-INTIMUS-CR-460MC.jpg","datePublished":"2014-02-23T20:05:30+00:00","breadcrumb":{"@id":"https:\/\/neodal.es\/ca\/producte\/hendidora-mcr-46\/#breadcrumb"},"inLanguage":"ca","potentialAction":[{"@type":"ReadAction","target":["https:\/\/neodal.es\/ca\/producte\/hendidora-mcr-46\/"]}]},{"@type":"ImageObject","inLanguage":"ca","@id":"https:\/\/neodal.es\/ca\/producte\/hendidora-mcr-46\/#primaryimage","url":"https:\/\/neodal.es\/wp-content\/uploads\/2014\/02\/2479-HENDIDORA-INTIMUS-CR-460MC.jpg","contentUrl":"https:\/\/neodal.es\/wp-content\/uploads\/2014\/02\/2479-HENDIDORA-INTIMUS-CR-460MC.jpg","width":500,"height":500,"caption":"HENDIDORA INTIMUS CR-460MC"},{"@type":"BreadcrumbList","@id":"https:\/\/neodal.es\/ca\/producte\/hendidora-mcr-46\/#breadcrumb","itemListElement":[{"@type":"ListItem","position":1,"name":"Portada","item":"https:\/\/neodal.es\/ca\/home\/"},{"@type":"ListItem","position":2,"name":"Productes","item":"https:\/\/neodal.es\/ca\/productes\/"},{"@type":"ListItem","position":3,"name":"HENDIDORA INTIMUS CR-460MC"}]},{"@type":"WebSite","@id":"https:\/\/neodal.es\/ca\/#website","url":"https:\/\/neodal.es\/ca\/","name":"neodal","description":"","potentialAction":[{"@type":"SearchAction","target":{"@type":"EntryPoint","urlTemplate":"https:\/\/neodal.es\/ca\/?s={search_term_string}"},"query-input":{"@type":"PropertyValueSpecification","valueRequired":true,"valueName":"search_term_string"}}],"inLanguage":"ca"}]}},"_links":{"self":[{"href":"https:\/\/neodal.es\/ca\/wp-json\/wp\/v2\/product\/5250","targetHints":{"allow":["GET"]}}],"collection":[{"href":"https:\/\/neodal.es\/ca\/wp-json\/wp\/v2\/product"}],"about":[{"href":"https:\/\/neodal.es\/ca\/wp-json\/wp\/v2\/types\/product"}],"version-history":[{"count":0,"href":"https:\/\/neodal.es\/ca\/wp-json\/wp\/v2\/product\/5250\/revisions"}],"wp:featuredmedia":[{"embeddable":true,"href":"https:\/\/neodal.es\/ca\/wp-json\/wp\/v2\/media\/5247"}],"wp:attachment":[{"href":"https:\/\/neodal.es\/ca\/wp-json\/wp\/v2\/media?parent=5250"}],"wp:term":[{"taxonomy":"product_brand","embeddable":true,"href":"https:\/\/neodal.es\/ca\/wp-json\/wp\/v2\/product_brand?post=5250"},{"taxonomy":"product_cat","embeddable":true,"href":"https:\/\/neodal.es\/ca\/wp-json\/wp\/v2\/product_cat?post=5250"},{"taxonomy":"product_tag","embeddable":true,"href":"https:\/\/neodal.es\/ca\/wp-json\/wp\/v2\/product_tag?post=5250"}],"curies":[{"name":"wp","href":"https:\/\/api.w.org\/{rel}","templated":true}]}}