{"id":5254,"date":"2014-02-23T20:09:01","date_gmt":"2014-02-23T20:09:01","guid":{"rendered":"http:\/\/neodal.local\/product\/hendidora-mcr-46-e\/"},"modified":"2014-02-23T20:09:01","modified_gmt":"2014-02-23T20:09:01","slug":"hendidora-mcr-46-e","status":"publish","type":"product","link":"https:\/\/neodal.es\/ca\/producte\/hendidora-mcr-46-e\/","title":{"rendered":"HENDIDORA MICROPERFORADORA INTIMUS MCR-46-E"},"content":{"rendered":"<h3>CARACTER\u00cdSTICAS INTIMUS CR460 ECP<\/h3>\n<address>\u00b7 Construcci\u00f3n met\u00e1lica de larga duraci\u00f3n<\/address>\n<address>\u00b7 <strong>Potente motor<\/strong> con pedal de acci\u00f3n<\/address>\n<address>\u00b7 Sistema 2 en 1, <strong>Hendido y microperforado<\/strong><\/address>\n<address>\u00b7 Hendido de <strong>calidad<\/strong><\/address>\n<address>\u00b7 Acondicionamiento El\u00e9ctrico<\/address>\n<address>\u00b7 M\u00e1xima Anchura: 460 mm<\/address>\n<address>\u00b7 Longitud de Hendido: 700 mm<\/address>\n<address>\u00b7 Profundidad de Hendido: 0,5mm<\/address>\n<address>\u00b7 Ancho de Hendido: 1,3 mm<\/address>\n<address>\u00b7 Dimensiones: 600 x 535 x 240 mm<\/address>\n<address>\u00b7 Peso: 25 Kg<\/address>\n<address>\u00b7 Para uso en copister\u00edas, centros de impresi\u00f3n, artes gr\u00e1ficas, fabricantes de libros, etc&#8230;<\/address>\n<address>\u00b7 Adecuada para realizar hendidos en libros, calendarios, men\u00fas, tickets, felicitaciones, etc&#8230;<\/address>\n<address>\u00b7 <strong>M\u00e1ximo formato SRA3<\/strong><\/address>\n<address>\u00b7 Para uso en <strong>copister\u00edas, centros de impresi\u00f3n, artes gr\u00e1ficas, fabricantes de libros<\/strong>, etc&#8230;<\/address>\n<address>\u00b7 Adecuada para realizar <strong>hendidos en libros, calendarios, men\u00fas, tickets, felicitaciones<\/strong>, etc&#8230;<\/address>\n<address>\u00b7 Peines intercambiables<\/address>\n<address>\u00b7 M\u00e1ximo formato SRA2<\/address><\/p>\n","protected":false},"excerpt":{"rendered":"<h2>INTIMUS CR460 ECP HENDIDORA MICROPERFORADORA<\/h2>\n<p>La Hendidora &#038; Micro Perforadora el\u00e9ctrica Intimus CR-460ECP de Neodal le ayudar\u00e1 a llevar a cabo a cabo el hedido de papel, men\u00fas, postales, calendarios, folletos, cubiertas de libros\u2026 \u00a0de forma r\u00e1pida y efectiva. Una Hendidora &#038; Micro Perforadora de excelente precio, robustez y calidad para uso en de centros de fotograf\u00eda, reprograf\u00eda, impresi\u00f3n digital, artes gr\u00e1ficas\u2026<\/p><\/p>\n","protected":false},"featured_media":5251,"comment_status":"open","ping_status":"closed","template":"","meta":{"_acf_changed":false},"product_brand":[],"product_cat":[1432],"product_tag":[],"class_list":{"0":"post-5254","1":"product","2":"type-product","3":"status-publish","4":"has-post-thumbnail","6":"product_cat-fendidores-microperforadores","8":"first","9":"instock","10":"shipping-taxable","11":"product-type-simple"},"acf":[],"yoast_head":"<!-- This site is optimized with the Yoast SEO plugin v27.0 - https:\/\/yoast.com\/product\/yoast-seo-wordpress\/ -->\n<title>HENDIDORA MICROPERFORADORA INTIMUS MCR-46-E - neodal<\/title>\n<meta name=\"robots\" content=\"index, follow, max-snippet:-1, max-image-preview:large, max-video-preview:-1\" \/>\n<link rel=\"canonical\" href=\"https:\/\/neodal.es\/ca\/producte\/hendidora-mcr-46-e\/\" \/>\n<meta property=\"og:locale\" content=\"ca_ES\" \/>\n<meta property=\"og:type\" content=\"article\" \/>\n<meta property=\"og:title\" content=\"HENDIDORA MICROPERFORADORA INTIMUS MCR-46-E - neodal\" \/>\n<meta property=\"og:description\" content=\"INTIMUS CR460 ECP HENDIDORA MICROPERFORADORA La Hendidora &amp; Micro Perforadora el\u00e9ctrica Intimus CR-460ECP de Neodal le ayudar\u00e1 a llevar a cabo a cabo el hedido de papel, men\u00fas, postales, calendarios, folletos, cubiertas de libros\u2026 \u00a0de forma r\u00e1pida y efectiva. Una Hendidora &amp; Micro Perforadora de excelente precio, robustez y calidad para uso en de centros de fotograf\u00eda, reprograf\u00eda, impresi\u00f3n digital, artes gr\u00e1ficas\u2026\" \/>\n<meta property=\"og:url\" content=\"https:\/\/neodal.es\/ca\/producte\/hendidora-mcr-46-e\/\" \/>\n<meta property=\"og:site_name\" content=\"neodal\" \/>\n<meta property=\"og:image\" content=\"https:\/\/neodal.es\/wp-content\/uploads\/2014\/02\/2482-HENDIDORA-MICROPERFORADORA-INTIMUS-CR460-ECP.jpg\" \/>\n\t<meta property=\"og:image:width\" content=\"500\" \/>\n\t<meta property=\"og:image:height\" content=\"500\" \/>\n\t<meta property=\"og:image:type\" content=\"image\/jpeg\" \/>\n<meta name=\"twitter:card\" content=\"summary_large_image\" \/>\n<meta name=\"twitter:label1\" content=\"Temps estimat de lectura\" \/>\n\t<meta name=\"twitter:data1\" content=\"1 minut\" \/>\n<script type=\"application\/ld+json\" class=\"yoast-schema-graph\">{\"@context\":\"https:\/\/schema.org\",\"@graph\":[{\"@type\":\"WebPage\",\"@id\":\"https:\/\/neodal.es\/ca\/producte\/hendidora-mcr-46-e\/\",\"url\":\"https:\/\/neodal.es\/ca\/producte\/hendidora-mcr-46-e\/\",\"name\":\"HENDIDORA MICROPERFORADORA INTIMUS MCR-46-E - neodal\",\"isPartOf\":{\"@id\":\"https:\/\/neodal.es\/ca\/#website\"},\"primaryImageOfPage\":{\"@id\":\"https:\/\/neodal.es\/ca\/producte\/hendidora-mcr-46-e\/#primaryimage\"},\"image\":{\"@id\":\"https:\/\/neodal.es\/ca\/producte\/hendidora-mcr-46-e\/#primaryimage\"},\"thumbnailUrl\":\"https:\/\/neodal.es\/wp-content\/uploads\/2014\/02\/2482-HENDIDORA-MICROPERFORADORA-INTIMUS-CR460-ECP.jpg\",\"datePublished\":\"2014-02-23T20:09:01+00:00\",\"breadcrumb\":{\"@id\":\"https:\/\/neodal.es\/ca\/producte\/hendidora-mcr-46-e\/#breadcrumb\"},\"inLanguage\":\"ca\",\"potentialAction\":[{\"@type\":\"ReadAction\",\"target\":[\"https:\/\/neodal.es\/ca\/producte\/hendidora-mcr-46-e\/\"]}]},{\"@type\":\"ImageObject\",\"inLanguage\":\"ca\",\"@id\":\"https:\/\/neodal.es\/ca\/producte\/hendidora-mcr-46-e\/#primaryimage\",\"url\":\"https:\/\/neodal.es\/wp-content\/uploads\/2014\/02\/2482-HENDIDORA-MICROPERFORADORA-INTIMUS-CR460-ECP.jpg\",\"contentUrl\":\"https:\/\/neodal.es\/wp-content\/uploads\/2014\/02\/2482-HENDIDORA-MICROPERFORADORA-INTIMUS-CR460-ECP.jpg\",\"width\":500,\"height\":500,\"caption\":\"HENDIDORA MICROPERFORADORA INTIMUS CR460 ECP\"},{\"@type\":\"BreadcrumbList\",\"@id\":\"https:\/\/neodal.es\/ca\/producte\/hendidora-mcr-46-e\/#breadcrumb\",\"itemListElement\":[{\"@type\":\"ListItem\",\"position\":1,\"name\":\"Portada\",\"item\":\"https:\/\/neodal.es\/ca\/home\/\"},{\"@type\":\"ListItem\",\"position\":2,\"name\":\"Productes\",\"item\":\"https:\/\/neodal.es\/ca\/productes\/\"},{\"@type\":\"ListItem\",\"position\":3,\"name\":\"HENDIDORA MICROPERFORADORA INTIMUS MCR-46-E\"}]},{\"@type\":\"WebSite\",\"@id\":\"https:\/\/neodal.es\/ca\/#website\",\"url\":\"https:\/\/neodal.es\/ca\/\",\"name\":\"neodal\",\"description\":\"\",\"publisher\":{\"@id\":\"https:\/\/neodal.es\/ca\/#organization\"},\"potentialAction\":[{\"@type\":\"SearchAction\",\"target\":{\"@type\":\"EntryPoint\",\"urlTemplate\":\"https:\/\/neodal.es\/ca\/?s={search_term_string}\"},\"query-input\":{\"@type\":\"PropertyValueSpecification\",\"valueRequired\":true,\"valueName\":\"search_term_string\"}}],\"inLanguage\":\"ca\"},{\"@type\":\"Organization\",\"@id\":\"https:\/\/neodal.es\/ca\/#organization\",\"name\":\"neodal\",\"url\":\"https:\/\/neodal.es\/ca\/\",\"logo\":{\"@type\":\"ImageObject\",\"inLanguage\":\"ca\",\"@id\":\"https:\/\/neodal.es\/ca\/#\/schema\/logo\/image\/\",\"url\":\"https:\/\/neodal.es\/wp-content\/uploads\/2025\/12\/neodal-logo.jpeg\",\"contentUrl\":\"https:\/\/neodal.es\/wp-content\/uploads\/2025\/12\/neodal-logo.jpeg\",\"width\":359,\"height\":87,\"caption\":\"neodal\"},\"image\":{\"@id\":\"https:\/\/neodal.es\/ca\/#\/schema\/logo\/image\/\"}}]}<\/script>\n<!-- \/ Yoast SEO plugin. -->","yoast_head_json":{"title":"HENDIDORA MICROPERFORADORA INTIMUS MCR-46-E - neodal","robots":{"index":"index","follow":"follow","max-snippet":"max-snippet:-1","max-image-preview":"max-image-preview:large","max-video-preview":"max-video-preview:-1"},"canonical":"https:\/\/neodal.es\/ca\/producte\/hendidora-mcr-46-e\/","og_locale":"ca_ES","og_type":"article","og_title":"HENDIDORA MICROPERFORADORA INTIMUS MCR-46-E - neodal","og_description":"INTIMUS CR460 ECP HENDIDORA MICROPERFORADORA La Hendidora & Micro Perforadora el\u00e9ctrica Intimus CR-460ECP de Neodal le ayudar\u00e1 a llevar a cabo a cabo el hedido de papel, men\u00fas, postales, calendarios, folletos, cubiertas de libros\u2026 \u00a0de forma r\u00e1pida y efectiva. Una Hendidora & Micro Perforadora de excelente precio, robustez y calidad para uso en de centros de fotograf\u00eda, reprograf\u00eda, impresi\u00f3n digital, artes gr\u00e1ficas\u2026","og_url":"https:\/\/neodal.es\/ca\/producte\/hendidora-mcr-46-e\/","og_site_name":"neodal","og_image":[{"width":500,"height":500,"url":"https:\/\/neodal.es\/wp-content\/uploads\/2014\/02\/2482-HENDIDORA-MICROPERFORADORA-INTIMUS-CR460-ECP.jpg","type":"image\/jpeg"}],"twitter_card":"summary_large_image","twitter_misc":{"Temps estimat de lectura":"1 minut"},"schema":{"@context":"https:\/\/schema.org","@graph":[{"@type":"WebPage","@id":"https:\/\/neodal.es\/ca\/producte\/hendidora-mcr-46-e\/","url":"https:\/\/neodal.es\/ca\/producte\/hendidora-mcr-46-e\/","name":"HENDIDORA MICROPERFORADORA INTIMUS MCR-46-E - neodal","isPartOf":{"@id":"https:\/\/neodal.es\/ca\/#website"},"primaryImageOfPage":{"@id":"https:\/\/neodal.es\/ca\/producte\/hendidora-mcr-46-e\/#primaryimage"},"image":{"@id":"https:\/\/neodal.es\/ca\/producte\/hendidora-mcr-46-e\/#primaryimage"},"thumbnailUrl":"https:\/\/neodal.es\/wp-content\/uploads\/2014\/02\/2482-HENDIDORA-MICROPERFORADORA-INTIMUS-CR460-ECP.jpg","datePublished":"2014-02-23T20:09:01+00:00","breadcrumb":{"@id":"https:\/\/neodal.es\/ca\/producte\/hendidora-mcr-46-e\/#breadcrumb"},"inLanguage":"ca","potentialAction":[{"@type":"ReadAction","target":["https:\/\/neodal.es\/ca\/producte\/hendidora-mcr-46-e\/"]}]},{"@type":"ImageObject","inLanguage":"ca","@id":"https:\/\/neodal.es\/ca\/producte\/hendidora-mcr-46-e\/#primaryimage","url":"https:\/\/neodal.es\/wp-content\/uploads\/2014\/02\/2482-HENDIDORA-MICROPERFORADORA-INTIMUS-CR460-ECP.jpg","contentUrl":"https:\/\/neodal.es\/wp-content\/uploads\/2014\/02\/2482-HENDIDORA-MICROPERFORADORA-INTIMUS-CR460-ECP.jpg","width":500,"height":500,"caption":"HENDIDORA MICROPERFORADORA INTIMUS CR460 ECP"},{"@type":"BreadcrumbList","@id":"https:\/\/neodal.es\/ca\/producte\/hendidora-mcr-46-e\/#breadcrumb","itemListElement":[{"@type":"ListItem","position":1,"name":"Portada","item":"https:\/\/neodal.es\/ca\/home\/"},{"@type":"ListItem","position":2,"name":"Productes","item":"https:\/\/neodal.es\/ca\/productes\/"},{"@type":"ListItem","position":3,"name":"HENDIDORA MICROPERFORADORA INTIMUS MCR-46-E"}]},{"@type":"WebSite","@id":"https:\/\/neodal.es\/ca\/#website","url":"https:\/\/neodal.es\/ca\/","name":"neodal","description":"","publisher":{"@id":"https:\/\/neodal.es\/ca\/#organization"},"potentialAction":[{"@type":"SearchAction","target":{"@type":"EntryPoint","urlTemplate":"https:\/\/neodal.es\/ca\/?s={search_term_string}"},"query-input":{"@type":"PropertyValueSpecification","valueRequired":true,"valueName":"search_term_string"}}],"inLanguage":"ca"},{"@type":"Organization","@id":"https:\/\/neodal.es\/ca\/#organization","name":"neodal","url":"https:\/\/neodal.es\/ca\/","logo":{"@type":"ImageObject","inLanguage":"ca","@id":"https:\/\/neodal.es\/ca\/#\/schema\/logo\/image\/","url":"https:\/\/neodal.es\/wp-content\/uploads\/2025\/12\/neodal-logo.jpeg","contentUrl":"https:\/\/neodal.es\/wp-content\/uploads\/2025\/12\/neodal-logo.jpeg","width":359,"height":87,"caption":"neodal"},"image":{"@id":"https:\/\/neodal.es\/ca\/#\/schema\/logo\/image\/"}}]}},"_links":{"self":[{"href":"https:\/\/neodal.es\/ca\/wp-json\/wp\/v2\/product\/5254","targetHints":{"allow":["GET"]}}],"collection":[{"href":"https:\/\/neodal.es\/ca\/wp-json\/wp\/v2\/product"}],"about":[{"href":"https:\/\/neodal.es\/ca\/wp-json\/wp\/v2\/types\/product"}],"replies":[{"embeddable":true,"href":"https:\/\/neodal.es\/ca\/wp-json\/wp\/v2\/comments?post=5254"}],"version-history":[{"count":0,"href":"https:\/\/neodal.es\/ca\/wp-json\/wp\/v2\/product\/5254\/revisions"}],"wp:featuredmedia":[{"embeddable":true,"href":"https:\/\/neodal.es\/ca\/wp-json\/wp\/v2\/media\/5251"}],"wp:attachment":[{"href":"https:\/\/neodal.es\/ca\/wp-json\/wp\/v2\/media?parent=5254"}],"wp:term":[{"taxonomy":"product_brand","embeddable":true,"href":"https:\/\/neodal.es\/ca\/wp-json\/wp\/v2\/product_brand?post=5254"},{"taxonomy":"product_cat","embeddable":true,"href":"https:\/\/neodal.es\/ca\/wp-json\/wp\/v2\/product_cat?post=5254"},{"taxonomy":"product_tag","embeddable":true,"href":"https:\/\/neodal.es\/ca\/wp-json\/wp\/v2\/product_tag?post=5254"}],"curies":[{"name":"wp","href":"https:\/\/api.w.org\/{rel}","templated":true}]}}