{"id":5258,"date":"2014-02-23T20:59:35","date_gmt":"2014-02-23T20:59:35","guid":{"rendered":"http:\/\/neodal.local\/product\/intimus-st50-2\/"},"modified":"2014-02-23T20:59:35","modified_gmt":"2014-02-23T20:59:35","slug":"intimus-st50-2","status":"publish","type":"product","link":"https:\/\/neodal.es\/ca\/producte\/intimus-st50-2\/","title":{"rendered":"GRAPADORA ELECTRICA INTIMUS ST50"},"content":{"rendered":"<\/p>\n<h3>CARACTER\u00cdSTICAS INTIMUS ST-50<\/h3>\n<p>\u00b7 Grapadora el\u00e9ctrica <br \/>\u00b7 Equipo de sobremesa <br \/>\u00b7 Grapado con grapa plana <br \/>\u00b7 Capacidad de grapado est\u00e1ndar (70 Gs) Hasta 50 Hojas<br \/>\u00b7 Velocidad de grapado Hasta 120 grapas\/minuto<br \/>\u00b7 Velocidad de grapado ajustable <br \/>\u00b7 Profundidad de grapado ajustable <br \/>\u00b7 F\u00e1cil uso mediante pulsador el\u00e9ctrico <br \/>\u00b7 Margen de grapado 2 mm a 10 mm<br \/>\u00b7 Capacidad cartucho de grapas 5.000 grapas<br \/>\u00b7 F\u00e1cil y r\u00e1pido cambio del cartucho grapas <br \/>\u00b7 Aviso de falta de grapas mediante luz verde intermitente<br \/>\u00b7 Dimensiones (ancho \/ alto \/ profundo) 145x135x190mm<br \/>\u00b7 Peso 1,8 kg<br \/>\u00b7 Cierre plano de las grapas para un acabado perfecto<br \/>\u00b7 Fuente de alimentaci\u00f3n el\u00e9ctrica 230V\/50Hz<br \/>\u00b7 Certificaci\u00f3n CE<\/p>\n","protected":false},"excerpt":{"rendered":"<h2>GRAPADORA ELECTRICA INTIMUS ST-50<\/h2>\n<p>La Grapadora Intimus ST-50 de Neodal le ayudar\u00e1 a llevar a cabo el grapado de toda su documentaci\u00f3n de forma simple y segura.\u00a0 Una grapadora el\u00e9ctrica de precio excelente con grapa plana que ahorrara espacio en el archivo de su documentaci\u00f3n con una autonom\u00eda de trabajo de hasta 5.000 grapas.<\/p><\/p>\n","protected":false},"featured_media":5255,"comment_status":"open","ping_status":"closed","template":"","meta":{"_acf_changed":false},"product_brand":[],"product_cat":[1434],"product_tag":[],"class_list":{"0":"post-5258","1":"product","2":"type-product","3":"status-publish","4":"has-post-thumbnail","6":"product_cat-grapadores-electriques","8":"first","9":"instock","10":"shipping-taxable","11":"product-type-simple"},"acf":[],"yoast_head":"<!-- This site is optimized with the Yoast SEO plugin v27.0 - https:\/\/yoast.com\/product\/yoast-seo-wordpress\/ -->\n<title>Grapadora el\u00e8ctrica Intimus ST-50 | Neodal Grapadores El\u00e8ctriques<\/title>\n<meta name=\"description\" content=\"Grapadora el\u00e8ctrica de 50 fulles Intimus ST-50 de capacitat. Robusta i fiable, t&#039;ajudar\u00e0 a realitzar els teus treballs de grapat molt m\u00e9s r\u00e0pid i \u00e0gil.\" \/>\n<meta name=\"robots\" content=\"index, follow, max-snippet:-1, max-image-preview:large, max-video-preview:-1\" \/>\n<link rel=\"canonical\" href=\"https:\/\/neodal.es\/ca\/producte\/intimus-st50-2\/\" \/>\n<meta property=\"og:locale\" content=\"ca_ES\" \/>\n<meta property=\"og:type\" content=\"article\" \/>\n<meta property=\"og:title\" content=\"Grapadora el\u00e8ctrica Intimus ST-50 | Neodal Grapadores El\u00e8ctriques\" \/>\n<meta property=\"og:description\" content=\"Grapadora el\u00e8ctrica de 50 fulles Intimus ST-50 de capacitat. Robusta i fiable, t&#039;ajudar\u00e0 a realitzar els teus treballs de grapat molt m\u00e9s r\u00e0pid i \u00e0gil.\" \/>\n<meta property=\"og:url\" content=\"https:\/\/neodal.es\/ca\/producte\/intimus-st50-2\/\" \/>\n<meta property=\"og:site_name\" content=\"neodal\" \/>\n<meta property=\"og:image\" content=\"https:\/\/neodal.es\/wp-content\/uploads\/2014\/02\/2538-INTIMUS-ST-50.jpg\" \/>\n\t<meta property=\"og:image:width\" content=\"500\" \/>\n\t<meta property=\"og:image:height\" content=\"500\" \/>\n\t<meta property=\"og:image:type\" content=\"image\/jpeg\" \/>\n<meta name=\"twitter:card\" content=\"summary_large_image\" \/>\n<meta name=\"twitter:label1\" content=\"Temps estimat de lectura\" \/>\n\t<meta name=\"twitter:data1\" content=\"1 minut\" \/>\n<script type=\"application\/ld+json\" class=\"yoast-schema-graph\">{\"@context\":\"https:\/\/schema.org\",\"@graph\":[{\"@type\":\"WebPage\",\"@id\":\"https:\/\/neodal.es\/ca\/producte\/intimus-st50-2\/\",\"url\":\"https:\/\/neodal.es\/ca\/producte\/intimus-st50-2\/\",\"name\":\"Grapadora el\u00e8ctrica Intimus ST-50 | Neodal Grapadores El\u00e8ctriques\",\"isPartOf\":{\"@id\":\"https:\/\/neodal.es\/ca\/#website\"},\"primaryImageOfPage\":{\"@id\":\"https:\/\/neodal.es\/ca\/producte\/intimus-st50-2\/#primaryimage\"},\"image\":{\"@id\":\"https:\/\/neodal.es\/ca\/producte\/intimus-st50-2\/#primaryimage\"},\"thumbnailUrl\":\"https:\/\/neodal.es\/wp-content\/uploads\/2014\/02\/2538-INTIMUS-ST-50.jpg\",\"datePublished\":\"2014-02-23T20:59:35+00:00\",\"description\":\"Grapadora el\u00e8ctrica de 50 fulles Intimus ST-50 de capacitat. Robusta i fiable, t'ajudar\u00e0 a realitzar els teus treballs de grapat molt m\u00e9s r\u00e0pid i \u00e0gil.\",\"breadcrumb\":{\"@id\":\"https:\/\/neodal.es\/ca\/producte\/intimus-st50-2\/#breadcrumb\"},\"inLanguage\":\"ca\",\"potentialAction\":[{\"@type\":\"ReadAction\",\"target\":[\"https:\/\/neodal.es\/ca\/producte\/intimus-st50-2\/\"]}]},{\"@type\":\"ImageObject\",\"inLanguage\":\"ca\",\"@id\":\"https:\/\/neodal.es\/ca\/producte\/intimus-st50-2\/#primaryimage\",\"url\":\"https:\/\/neodal.es\/wp-content\/uploads\/2014\/02\/2538-INTIMUS-ST-50.jpg\",\"contentUrl\":\"https:\/\/neodal.es\/wp-content\/uploads\/2014\/02\/2538-INTIMUS-ST-50.jpg\",\"width\":500,\"height\":500,\"caption\":\"INTIMUS ST-50\"},{\"@type\":\"BreadcrumbList\",\"@id\":\"https:\/\/neodal.es\/ca\/producte\/intimus-st50-2\/#breadcrumb\",\"itemListElement\":[{\"@type\":\"ListItem\",\"position\":1,\"name\":\"Portada\",\"item\":\"https:\/\/neodal.es\/ca\/home\/\"},{\"@type\":\"ListItem\",\"position\":2,\"name\":\"Productes\",\"item\":\"https:\/\/neodal.es\/ca\/productes\/\"},{\"@type\":\"ListItem\",\"position\":3,\"name\":\"GRAPADORA ELECTRICA INTIMUS ST50\"}]},{\"@type\":\"WebSite\",\"@id\":\"https:\/\/neodal.es\/ca\/#website\",\"url\":\"https:\/\/neodal.es\/ca\/\",\"name\":\"neodal\",\"description\":\"\",\"publisher\":{\"@id\":\"https:\/\/neodal.es\/ca\/#organization\"},\"potentialAction\":[{\"@type\":\"SearchAction\",\"target\":{\"@type\":\"EntryPoint\",\"urlTemplate\":\"https:\/\/neodal.es\/ca\/?s={search_term_string}\"},\"query-input\":{\"@type\":\"PropertyValueSpecification\",\"valueRequired\":true,\"valueName\":\"search_term_string\"}}],\"inLanguage\":\"ca\"},{\"@type\":\"Organization\",\"@id\":\"https:\/\/neodal.es\/ca\/#organization\",\"name\":\"neodal\",\"url\":\"https:\/\/neodal.es\/ca\/\",\"logo\":{\"@type\":\"ImageObject\",\"inLanguage\":\"ca\",\"@id\":\"https:\/\/neodal.es\/ca\/#\/schema\/logo\/image\/\",\"url\":\"https:\/\/neodal.es\/wp-content\/uploads\/2025\/12\/neodal-logo.jpeg\",\"contentUrl\":\"https:\/\/neodal.es\/wp-content\/uploads\/2025\/12\/neodal-logo.jpeg\",\"width\":359,\"height\":87,\"caption\":\"neodal\"},\"image\":{\"@id\":\"https:\/\/neodal.es\/ca\/#\/schema\/logo\/image\/\"}}]}<\/script>\n<!-- \/ Yoast SEO plugin. -->","yoast_head_json":{"title":"Grapadora el\u00e8ctrica Intimus ST-50 | Neodal Grapadores El\u00e8ctriques","description":"Grapadora el\u00e8ctrica de 50 fulles Intimus ST-50 de capacitat. Robusta i fiable, t'ajudar\u00e0 a realitzar els teus treballs de grapat molt m\u00e9s r\u00e0pid i \u00e0gil.","robots":{"index":"index","follow":"follow","max-snippet":"max-snippet:-1","max-image-preview":"max-image-preview:large","max-video-preview":"max-video-preview:-1"},"canonical":"https:\/\/neodal.es\/ca\/producte\/intimus-st50-2\/","og_locale":"ca_ES","og_type":"article","og_title":"Grapadora el\u00e8ctrica Intimus ST-50 | Neodal Grapadores El\u00e8ctriques","og_description":"Grapadora el\u00e8ctrica de 50 fulles Intimus ST-50 de capacitat. Robusta i fiable, t'ajudar\u00e0 a realitzar els teus treballs de grapat molt m\u00e9s r\u00e0pid i \u00e0gil.","og_url":"https:\/\/neodal.es\/ca\/producte\/intimus-st50-2\/","og_site_name":"neodal","og_image":[{"width":500,"height":500,"url":"https:\/\/neodal.es\/wp-content\/uploads\/2014\/02\/2538-INTIMUS-ST-50.jpg","type":"image\/jpeg"}],"twitter_card":"summary_large_image","twitter_misc":{"Temps estimat de lectura":"1 minut"},"schema":{"@context":"https:\/\/schema.org","@graph":[{"@type":"WebPage","@id":"https:\/\/neodal.es\/ca\/producte\/intimus-st50-2\/","url":"https:\/\/neodal.es\/ca\/producte\/intimus-st50-2\/","name":"Grapadora el\u00e8ctrica Intimus ST-50 | Neodal Grapadores El\u00e8ctriques","isPartOf":{"@id":"https:\/\/neodal.es\/ca\/#website"},"primaryImageOfPage":{"@id":"https:\/\/neodal.es\/ca\/producte\/intimus-st50-2\/#primaryimage"},"image":{"@id":"https:\/\/neodal.es\/ca\/producte\/intimus-st50-2\/#primaryimage"},"thumbnailUrl":"https:\/\/neodal.es\/wp-content\/uploads\/2014\/02\/2538-INTIMUS-ST-50.jpg","datePublished":"2014-02-23T20:59:35+00:00","description":"Grapadora el\u00e8ctrica de 50 fulles Intimus ST-50 de capacitat. Robusta i fiable, t'ajudar\u00e0 a realitzar els teus treballs de grapat molt m\u00e9s r\u00e0pid i \u00e0gil.","breadcrumb":{"@id":"https:\/\/neodal.es\/ca\/producte\/intimus-st50-2\/#breadcrumb"},"inLanguage":"ca","potentialAction":[{"@type":"ReadAction","target":["https:\/\/neodal.es\/ca\/producte\/intimus-st50-2\/"]}]},{"@type":"ImageObject","inLanguage":"ca","@id":"https:\/\/neodal.es\/ca\/producte\/intimus-st50-2\/#primaryimage","url":"https:\/\/neodal.es\/wp-content\/uploads\/2014\/02\/2538-INTIMUS-ST-50.jpg","contentUrl":"https:\/\/neodal.es\/wp-content\/uploads\/2014\/02\/2538-INTIMUS-ST-50.jpg","width":500,"height":500,"caption":"INTIMUS ST-50"},{"@type":"BreadcrumbList","@id":"https:\/\/neodal.es\/ca\/producte\/intimus-st50-2\/#breadcrumb","itemListElement":[{"@type":"ListItem","position":1,"name":"Portada","item":"https:\/\/neodal.es\/ca\/home\/"},{"@type":"ListItem","position":2,"name":"Productes","item":"https:\/\/neodal.es\/ca\/productes\/"},{"@type":"ListItem","position":3,"name":"GRAPADORA ELECTRICA INTIMUS ST50"}]},{"@type":"WebSite","@id":"https:\/\/neodal.es\/ca\/#website","url":"https:\/\/neodal.es\/ca\/","name":"neodal","description":"","publisher":{"@id":"https:\/\/neodal.es\/ca\/#organization"},"potentialAction":[{"@type":"SearchAction","target":{"@type":"EntryPoint","urlTemplate":"https:\/\/neodal.es\/ca\/?s={search_term_string}"},"query-input":{"@type":"PropertyValueSpecification","valueRequired":true,"valueName":"search_term_string"}}],"inLanguage":"ca"},{"@type":"Organization","@id":"https:\/\/neodal.es\/ca\/#organization","name":"neodal","url":"https:\/\/neodal.es\/ca\/","logo":{"@type":"ImageObject","inLanguage":"ca","@id":"https:\/\/neodal.es\/ca\/#\/schema\/logo\/image\/","url":"https:\/\/neodal.es\/wp-content\/uploads\/2025\/12\/neodal-logo.jpeg","contentUrl":"https:\/\/neodal.es\/wp-content\/uploads\/2025\/12\/neodal-logo.jpeg","width":359,"height":87,"caption":"neodal"},"image":{"@id":"https:\/\/neodal.es\/ca\/#\/schema\/logo\/image\/"}}]}},"_links":{"self":[{"href":"https:\/\/neodal.es\/ca\/wp-json\/wp\/v2\/product\/5258","targetHints":{"allow":["GET"]}}],"collection":[{"href":"https:\/\/neodal.es\/ca\/wp-json\/wp\/v2\/product"}],"about":[{"href":"https:\/\/neodal.es\/ca\/wp-json\/wp\/v2\/types\/product"}],"replies":[{"embeddable":true,"href":"https:\/\/neodal.es\/ca\/wp-json\/wp\/v2\/comments?post=5258"}],"version-history":[{"count":0,"href":"https:\/\/neodal.es\/ca\/wp-json\/wp\/v2\/product\/5258\/revisions"}],"wp:featuredmedia":[{"embeddable":true,"href":"https:\/\/neodal.es\/ca\/wp-json\/wp\/v2\/media\/5255"}],"wp:attachment":[{"href":"https:\/\/neodal.es\/ca\/wp-json\/wp\/v2\/media?parent=5258"}],"wp:term":[{"taxonomy":"product_brand","embeddable":true,"href":"https:\/\/neodal.es\/ca\/wp-json\/wp\/v2\/product_brand?post=5258"},{"taxonomy":"product_cat","embeddable":true,"href":"https:\/\/neodal.es\/ca\/wp-json\/wp\/v2\/product_cat?post=5258"},{"taxonomy":"product_tag","embeddable":true,"href":"https:\/\/neodal.es\/ca\/wp-json\/wp\/v2\/product_tag?post=5258"}],"curies":[{"name":"wp","href":"https:\/\/api.w.org\/{rel}","templated":true}]}}