{"id":5283,"date":"2014-03-15T07:55:08","date_gmt":"2014-03-15T07:55:08","guid":{"rendered":"http:\/\/neodal.local\/product\/neodal-pe-332\/"},"modified":"2014-03-15T07:55:08","modified_gmt":"2014-03-15T07:55:08","slug":"neodal-pe-332","status":"publish","type":"product","link":"https:\/\/neodal.es\/ca\/producte\/neodal-pe-332\/","title":{"rendered":"PLASTIFICADORA DE CARTERAS NEODAL PE-332"},"content":{"rendered":"<h3>PLASTIFICADORA DE CARTERAS NEODAL PE332 EDUCATOR<\/h3>\n<address>\u00a0\u00b7 Cuatro rodillos t\u00e9rmicos<\/address>\n<p>\u00b7 Tama\u00f1o m\u00e1ximo de plastificado A3<\/p>\n<p>\u00b7 Velocidad de plastificado 560 mm\/min.<\/p>\n<p>\u00b7 M\u00e1ximo grosor 360 micras<\/p>\n<p>\u00b7 Tiempo de calentamiento 5 minutos<\/p>\n<p>\u00b7 Pantalla con indicadores LED<\/p>\n<address>\u00a0<\/address>\n","protected":false},"excerpt":{"rendered":"<h2>PLASTIFICADORA PROFESIONAL DE CARTERAS<\/h2>\n<p>La plastificadora Peak PE-332 \u201cEducator\u201d de Neodal realzar\u00e1, proteger\u00e1 y aumentar\u00e1 la durabilidad de sus documentos impresos. Una plastificadora de carteras de excelente precio construcci\u00f3n met\u00e1lica y calidad para uso medio alto en entornos de oficina, centros de reprograf\u00eda e impresi\u00f3n digital.<\/p>\n","protected":false},"featured_media":5280,"template":"","meta":{"_acf_changed":false},"product_brand":[],"product_cat":[1430,1476],"product_tag":[],"class_list":{"0":"post-5283","1":"product","2":"type-product","3":"status-publish","4":"has-post-thumbnail","6":"product_cat-plastificadores","7":"product_cat-plastificadores-de-carteres","9":"first","10":"instock","11":"shipping-taxable","12":"product-type-simple"},"acf":[],"yoast_head":"<!-- This site is optimized with the Yoast SEO plugin v27.4 - https:\/\/yoast.com\/product\/yoast-seo-wordpress\/ -->\n<title>Plastificadora de carteras especial para el sector de educaci\u00f3n.<\/title>\n<meta name=\"robots\" content=\"index, follow, max-snippet:-1, max-image-preview:large, max-video-preview:-1\" \/>\n<link rel=\"canonical\" href=\"https:\/\/neodal.es\/ca\/producte\/neodal-pe-332\/\" \/>\n<meta property=\"og:locale\" content=\"ca_ES\" \/>\n<meta property=\"og:type\" content=\"article\" \/>\n<meta property=\"og:title\" content=\"Plastificadora de carteras especial para el sector de educaci\u00f3n.\" \/>\n<meta property=\"og:description\" content=\"PLASTIFICADORA PROFESIONAL DE CARTERAS La plastificadora Peak PE-332 \u201cEducator\u201d de Neodal realzar\u00e1, proteger\u00e1 y aumentar\u00e1 la durabilidad de sus documentos impresos. Una plastificadora de carteras de excelente precio construcci\u00f3n met\u00e1lica y calidad para uso medio alto en entornos de oficina, centros de reprograf\u00eda e impresi\u00f3n digital.\" \/>\n<meta property=\"og:url\" content=\"https:\/\/neodal.es\/ca\/producte\/neodal-pe-332\/\" \/>\n<meta property=\"og:site_name\" content=\"neodal\" \/>\n<meta property=\"og:image\" content=\"https:\/\/neodal.es\/wp-content\/uploads\/2014\/03\/2461-PLASTIFICADORA-INTIMUS-PEAK-EDUCATOR.jpg\" \/>\n\t<meta property=\"og:image:width\" content=\"500\" \/>\n\t<meta property=\"og:image:height\" content=\"500\" \/>\n\t<meta property=\"og:image:type\" content=\"image\/jpeg\" \/>\n<meta name=\"twitter:card\" content=\"summary_large_image\" \/>\n<script type=\"application\/ld+json\" class=\"yoast-schema-graph\">{\"@context\":\"https:\\\/\\\/schema.org\",\"@graph\":[{\"@type\":\"WebPage\",\"@id\":\"https:\\\/\\\/neodal.es\\\/ca\\\/producte\\\/neodal-pe-332\\\/\",\"url\":\"https:\\\/\\\/neodal.es\\\/ca\\\/producte\\\/neodal-pe-332\\\/\",\"name\":\"Plastificadora de carteras especial para el sector de educaci\u00f3n.\",\"isPartOf\":{\"@id\":\"https:\\\/\\\/neodal.es\\\/ca\\\/#website\"},\"primaryImageOfPage\":{\"@id\":\"https:\\\/\\\/neodal.es\\\/ca\\\/producte\\\/neodal-pe-332\\\/#primaryimage\"},\"image\":{\"@id\":\"https:\\\/\\\/neodal.es\\\/ca\\\/producte\\\/neodal-pe-332\\\/#primaryimage\"},\"thumbnailUrl\":\"https:\\\/\\\/neodal.es\\\/wp-content\\\/uploads\\\/2014\\\/03\\\/2461-PLASTIFICADORA-INTIMUS-PEAK-EDUCATOR.jpg\",\"datePublished\":\"2014-03-15T07:55:08+00:00\",\"breadcrumb\":{\"@id\":\"https:\\\/\\\/neodal.es\\\/ca\\\/producte\\\/neodal-pe-332\\\/#breadcrumb\"},\"inLanguage\":\"ca\",\"potentialAction\":[{\"@type\":\"ReadAction\",\"target\":[\"https:\\\/\\\/neodal.es\\\/ca\\\/producte\\\/neodal-pe-332\\\/\"]}]},{\"@type\":\"ImageObject\",\"inLanguage\":\"ca\",\"@id\":\"https:\\\/\\\/neodal.es\\\/ca\\\/producte\\\/neodal-pe-332\\\/#primaryimage\",\"url\":\"https:\\\/\\\/neodal.es\\\/wp-content\\\/uploads\\\/2014\\\/03\\\/2461-PLASTIFICADORA-INTIMUS-PEAK-EDUCATOR.jpg\",\"contentUrl\":\"https:\\\/\\\/neodal.es\\\/wp-content\\\/uploads\\\/2014\\\/03\\\/2461-PLASTIFICADORA-INTIMUS-PEAK-EDUCATOR.jpg\",\"width\":500,\"height\":500,\"caption\":\"PLASTIFICADORA INTIMUS PEAK EDUCATOR\"},{\"@type\":\"BreadcrumbList\",\"@id\":\"https:\\\/\\\/neodal.es\\\/ca\\\/producte\\\/neodal-pe-332\\\/#breadcrumb\",\"itemListElement\":[{\"@type\":\"ListItem\",\"position\":1,\"name\":\"Portada\",\"item\":\"https:\\\/\\\/neodal.es\\\/ca\\\/home\\\/\"},{\"@type\":\"ListItem\",\"position\":2,\"name\":\"Productes\",\"item\":\"https:\\\/\\\/neodal.es\\\/ca\\\/productes\\\/\"},{\"@type\":\"ListItem\",\"position\":3,\"name\":\"PLASTIFICADORA DE CARTERAS NEODAL PE-332\"}]},{\"@type\":\"WebSite\",\"@id\":\"https:\\\/\\\/neodal.es\\\/ca\\\/#website\",\"url\":\"https:\\\/\\\/neodal.es\\\/ca\\\/\",\"name\":\"neodal\",\"description\":\"\",\"potentialAction\":[{\"@type\":\"SearchAction\",\"target\":{\"@type\":\"EntryPoint\",\"urlTemplate\":\"https:\\\/\\\/neodal.es\\\/ca\\\/?s={search_term_string}\"},\"query-input\":{\"@type\":\"PropertyValueSpecification\",\"valueRequired\":true,\"valueName\":\"search_term_string\"}}],\"inLanguage\":\"ca\"}]}<\/script>\n<!-- \/ Yoast SEO plugin. -->","yoast_head_json":{"title":"Plastificadora de carteras especial para el sector de educaci\u00f3n.","robots":{"index":"index","follow":"follow","max-snippet":"max-snippet:-1","max-image-preview":"max-image-preview:large","max-video-preview":"max-video-preview:-1"},"canonical":"https:\/\/neodal.es\/ca\/producte\/neodal-pe-332\/","og_locale":"ca_ES","og_type":"article","og_title":"Plastificadora de carteras especial para el sector de educaci\u00f3n.","og_description":"PLASTIFICADORA PROFESIONAL DE CARTERAS La plastificadora Peak PE-332 \u201cEducator\u201d de Neodal realzar\u00e1, proteger\u00e1 y aumentar\u00e1 la durabilidad de sus documentos impresos. Una plastificadora de carteras de excelente precio construcci\u00f3n met\u00e1lica y calidad para uso medio alto en entornos de oficina, centros de reprograf\u00eda e impresi\u00f3n digital.","og_url":"https:\/\/neodal.es\/ca\/producte\/neodal-pe-332\/","og_site_name":"neodal","og_image":[{"width":500,"height":500,"url":"https:\/\/neodal.es\/wp-content\/uploads\/2014\/03\/2461-PLASTIFICADORA-INTIMUS-PEAK-EDUCATOR.jpg","type":"image\/jpeg"}],"twitter_card":"summary_large_image","schema":{"@context":"https:\/\/schema.org","@graph":[{"@type":"WebPage","@id":"https:\/\/neodal.es\/ca\/producte\/neodal-pe-332\/","url":"https:\/\/neodal.es\/ca\/producte\/neodal-pe-332\/","name":"Plastificadora de carteras especial para el sector de educaci\u00f3n.","isPartOf":{"@id":"https:\/\/neodal.es\/ca\/#website"},"primaryImageOfPage":{"@id":"https:\/\/neodal.es\/ca\/producte\/neodal-pe-332\/#primaryimage"},"image":{"@id":"https:\/\/neodal.es\/ca\/producte\/neodal-pe-332\/#primaryimage"},"thumbnailUrl":"https:\/\/neodal.es\/wp-content\/uploads\/2014\/03\/2461-PLASTIFICADORA-INTIMUS-PEAK-EDUCATOR.jpg","datePublished":"2014-03-15T07:55:08+00:00","breadcrumb":{"@id":"https:\/\/neodal.es\/ca\/producte\/neodal-pe-332\/#breadcrumb"},"inLanguage":"ca","potentialAction":[{"@type":"ReadAction","target":["https:\/\/neodal.es\/ca\/producte\/neodal-pe-332\/"]}]},{"@type":"ImageObject","inLanguage":"ca","@id":"https:\/\/neodal.es\/ca\/producte\/neodal-pe-332\/#primaryimage","url":"https:\/\/neodal.es\/wp-content\/uploads\/2014\/03\/2461-PLASTIFICADORA-INTIMUS-PEAK-EDUCATOR.jpg","contentUrl":"https:\/\/neodal.es\/wp-content\/uploads\/2014\/03\/2461-PLASTIFICADORA-INTIMUS-PEAK-EDUCATOR.jpg","width":500,"height":500,"caption":"PLASTIFICADORA INTIMUS PEAK EDUCATOR"},{"@type":"BreadcrumbList","@id":"https:\/\/neodal.es\/ca\/producte\/neodal-pe-332\/#breadcrumb","itemListElement":[{"@type":"ListItem","position":1,"name":"Portada","item":"https:\/\/neodal.es\/ca\/home\/"},{"@type":"ListItem","position":2,"name":"Productes","item":"https:\/\/neodal.es\/ca\/productes\/"},{"@type":"ListItem","position":3,"name":"PLASTIFICADORA DE CARTERAS NEODAL PE-332"}]},{"@type":"WebSite","@id":"https:\/\/neodal.es\/ca\/#website","url":"https:\/\/neodal.es\/ca\/","name":"neodal","description":"","potentialAction":[{"@type":"SearchAction","target":{"@type":"EntryPoint","urlTemplate":"https:\/\/neodal.es\/ca\/?s={search_term_string}"},"query-input":{"@type":"PropertyValueSpecification","valueRequired":true,"valueName":"search_term_string"}}],"inLanguage":"ca"}]}},"_links":{"self":[{"href":"https:\/\/neodal.es\/ca\/wp-json\/wp\/v2\/product\/5283","targetHints":{"allow":["GET"]}}],"collection":[{"href":"https:\/\/neodal.es\/ca\/wp-json\/wp\/v2\/product"}],"about":[{"href":"https:\/\/neodal.es\/ca\/wp-json\/wp\/v2\/types\/product"}],"version-history":[{"count":0,"href":"https:\/\/neodal.es\/ca\/wp-json\/wp\/v2\/product\/5283\/revisions"}],"wp:featuredmedia":[{"embeddable":true,"href":"https:\/\/neodal.es\/ca\/wp-json\/wp\/v2\/media\/5280"}],"wp:attachment":[{"href":"https:\/\/neodal.es\/ca\/wp-json\/wp\/v2\/media?parent=5283"}],"wp:term":[{"taxonomy":"product_brand","embeddable":true,"href":"https:\/\/neodal.es\/ca\/wp-json\/wp\/v2\/product_brand?post=5283"},{"taxonomy":"product_cat","embeddable":true,"href":"https:\/\/neodal.es\/ca\/wp-json\/wp\/v2\/product_cat?post=5283"},{"taxonomy":"product_tag","embeddable":true,"href":"https:\/\/neodal.es\/ca\/wp-json\/wp\/v2\/product_tag?post=5283"}],"curies":[{"name":"wp","href":"https:\/\/api.w.org\/{rel}","templated":true}]}}