{"id":5310,"date":"2014-11-03T08:14:59","date_gmt":"2014-11-03T08:14:59","guid":{"rendered":"http:\/\/neodal.local\/product\/liquido-cerrado-de-sobres-neoseal-2\/"},"modified":"2014-11-03T08:14:59","modified_gmt":"2014-11-03T08:14:59","slug":"liquido-cerrado-de-sobres-neoseal-2","status":"publish","type":"product","link":"https:\/\/neodal.es\/ca\/producte\/liquido-cerrado-de-sobres-neoseal-2\/","title":{"rendered":"LIQUIDO CERRADO DE SOBRES NEOSEAL"},"content":{"rendered":"<p>Liquido para ensobradoras que facilita el cerrado de sobres. Especialmente fabricado para mantener el sistema de cerrado de sobres de su ensobradora en perfectas condiciones. Disponible en formatos de 1 y 10 litros.<\/p>\n","protected":false},"excerpt":{"rendered":"<p>LIQUIDO DE ENSOBRADORA PARA CERRADO SOBRES<\/p>\n","protected":false},"featured_media":5307,"template":"","meta":{"_acf_changed":false},"product_brand":[],"product_cat":[1552],"product_tag":[],"class_list":{"0":"post-5310","1":"product","2":"type-product","3":"status-publish","4":"has-post-thumbnail","6":"product_cat-consumibles-ensobradoras-ca","8":"first","9":"instock","10":"shipping-taxable","11":"product-type-simple"},"acf":[],"yoast_head":"<!-- This site is optimized with the Yoast SEO plugin v27.4 - https:\/\/yoast.com\/product\/yoast-seo-wordpress\/ -->\n<title>L\u00edquido para cerrado de sobres Neoseal. Neodal Importador y SAT<\/title>\n<meta name=\"description\" content=\"Utilice l\u00edquido Neoseal para obtener un cierre perfecto. No da\u00f1a los dep\u00f3sitos.\" \/>\n<meta name=\"robots\" content=\"index, follow, max-snippet:-1, max-image-preview:large, max-video-preview:-1\" \/>\n<link rel=\"canonical\" href=\"https:\/\/neodal.es\/ca\/producte\/liquido-cerrado-de-sobres-neoseal-2\/\" \/>\n<meta property=\"og:locale\" content=\"ca_ES\" \/>\n<meta property=\"og:type\" content=\"article\" \/>\n<meta property=\"og:title\" content=\"L\u00edquido para cerrado de sobres Neoseal. Neodal Importador y SAT\" \/>\n<meta property=\"og:description\" content=\"Utilice l\u00edquido Neoseal para obtener un cierre perfecto. No da\u00f1a los dep\u00f3sitos.\" \/>\n<meta property=\"og:url\" content=\"https:\/\/neodal.es\/ca\/producte\/liquido-cerrado-de-sobres-neoseal-2\/\" \/>\n<meta property=\"og:site_name\" content=\"neodal\" \/>\n<meta property=\"og:image\" content=\"https:\/\/neodal.es\/wp-content\/uploads\/2014\/11\/346-NeoSeal.jpg\" \/>\n\t<meta property=\"og:image:width\" content=\"251\" \/>\n\t<meta property=\"og:image:height\" content=\"201\" \/>\n\t<meta property=\"og:image:type\" content=\"image\/jpeg\" \/>\n<meta name=\"twitter:card\" content=\"summary_large_image\" \/>\n<script type=\"application\/ld+json\" class=\"yoast-schema-graph\">{\"@context\":\"https:\\\/\\\/schema.org\",\"@graph\":[{\"@type\":\"WebPage\",\"@id\":\"https:\\\/\\\/neodal.es\\\/ca\\\/producte\\\/liquido-cerrado-de-sobres-neoseal-2\\\/\",\"url\":\"https:\\\/\\\/neodal.es\\\/ca\\\/producte\\\/liquido-cerrado-de-sobres-neoseal-2\\\/\",\"name\":\"L\u00edquido para cerrado de sobres Neoseal. Neodal Importador y SAT\",\"isPartOf\":{\"@id\":\"https:\\\/\\\/neodal.es\\\/ca\\\/#website\"},\"primaryImageOfPage\":{\"@id\":\"https:\\\/\\\/neodal.es\\\/ca\\\/producte\\\/liquido-cerrado-de-sobres-neoseal-2\\\/#primaryimage\"},\"image\":{\"@id\":\"https:\\\/\\\/neodal.es\\\/ca\\\/producte\\\/liquido-cerrado-de-sobres-neoseal-2\\\/#primaryimage\"},\"thumbnailUrl\":\"https:\\\/\\\/neodal.es\\\/wp-content\\\/uploads\\\/2014\\\/11\\\/346-NeoSeal.jpg\",\"datePublished\":\"2014-11-03T08:14:59+00:00\",\"description\":\"Utilice l\u00edquido Neoseal para obtener un cierre perfecto. No da\u00f1a los dep\u00f3sitos.\",\"breadcrumb\":{\"@id\":\"https:\\\/\\\/neodal.es\\\/ca\\\/producte\\\/liquido-cerrado-de-sobres-neoseal-2\\\/#breadcrumb\"},\"inLanguage\":\"ca\",\"potentialAction\":[{\"@type\":\"ReadAction\",\"target\":[\"https:\\\/\\\/neodal.es\\\/ca\\\/producte\\\/liquido-cerrado-de-sobres-neoseal-2\\\/\"]}]},{\"@type\":\"ImageObject\",\"inLanguage\":\"ca\",\"@id\":\"https:\\\/\\\/neodal.es\\\/ca\\\/producte\\\/liquido-cerrado-de-sobres-neoseal-2\\\/#primaryimage\",\"url\":\"https:\\\/\\\/neodal.es\\\/wp-content\\\/uploads\\\/2014\\\/11\\\/346-NeoSeal.jpg\",\"contentUrl\":\"https:\\\/\\\/neodal.es\\\/wp-content\\\/uploads\\\/2014\\\/11\\\/346-NeoSeal.jpg\",\"width\":251,\"height\":201,\"caption\":\"NeoSeal\"},{\"@type\":\"BreadcrumbList\",\"@id\":\"https:\\\/\\\/neodal.es\\\/ca\\\/producte\\\/liquido-cerrado-de-sobres-neoseal-2\\\/#breadcrumb\",\"itemListElement\":[{\"@type\":\"ListItem\",\"position\":1,\"name\":\"Portada\",\"item\":\"https:\\\/\\\/neodal.es\\\/ca\\\/home\\\/\"},{\"@type\":\"ListItem\",\"position\":2,\"name\":\"Productes\",\"item\":\"https:\\\/\\\/neodal.es\\\/ca\\\/productes\\\/\"},{\"@type\":\"ListItem\",\"position\":3,\"name\":\"LIQUIDO CERRADO DE SOBRES NEOSEAL\"}]},{\"@type\":\"WebSite\",\"@id\":\"https:\\\/\\\/neodal.es\\\/ca\\\/#website\",\"url\":\"https:\\\/\\\/neodal.es\\\/ca\\\/\",\"name\":\"neodal\",\"description\":\"\",\"potentialAction\":[{\"@type\":\"SearchAction\",\"target\":{\"@type\":\"EntryPoint\",\"urlTemplate\":\"https:\\\/\\\/neodal.es\\\/ca\\\/?s={search_term_string}\"},\"query-input\":{\"@type\":\"PropertyValueSpecification\",\"valueRequired\":true,\"valueName\":\"search_term_string\"}}],\"inLanguage\":\"ca\"}]}<\/script>\n<!-- \/ Yoast SEO plugin. -->","yoast_head_json":{"title":"L\u00edquido para cerrado de sobres Neoseal. Neodal Importador y SAT","description":"Utilice l\u00edquido Neoseal para obtener un cierre perfecto. No da\u00f1a los dep\u00f3sitos.","robots":{"index":"index","follow":"follow","max-snippet":"max-snippet:-1","max-image-preview":"max-image-preview:large","max-video-preview":"max-video-preview:-1"},"canonical":"https:\/\/neodal.es\/ca\/producte\/liquido-cerrado-de-sobres-neoseal-2\/","og_locale":"ca_ES","og_type":"article","og_title":"L\u00edquido para cerrado de sobres Neoseal. Neodal Importador y SAT","og_description":"Utilice l\u00edquido Neoseal para obtener un cierre perfecto. No da\u00f1a los dep\u00f3sitos.","og_url":"https:\/\/neodal.es\/ca\/producte\/liquido-cerrado-de-sobres-neoseal-2\/","og_site_name":"neodal","og_image":[{"width":251,"height":201,"url":"https:\/\/neodal.es\/wp-content\/uploads\/2014\/11\/346-NeoSeal.jpg","type":"image\/jpeg"}],"twitter_card":"summary_large_image","schema":{"@context":"https:\/\/schema.org","@graph":[{"@type":"WebPage","@id":"https:\/\/neodal.es\/ca\/producte\/liquido-cerrado-de-sobres-neoseal-2\/","url":"https:\/\/neodal.es\/ca\/producte\/liquido-cerrado-de-sobres-neoseal-2\/","name":"L\u00edquido para cerrado de sobres Neoseal. Neodal Importador y SAT","isPartOf":{"@id":"https:\/\/neodal.es\/ca\/#website"},"primaryImageOfPage":{"@id":"https:\/\/neodal.es\/ca\/producte\/liquido-cerrado-de-sobres-neoseal-2\/#primaryimage"},"image":{"@id":"https:\/\/neodal.es\/ca\/producte\/liquido-cerrado-de-sobres-neoseal-2\/#primaryimage"},"thumbnailUrl":"https:\/\/neodal.es\/wp-content\/uploads\/2014\/11\/346-NeoSeal.jpg","datePublished":"2014-11-03T08:14:59+00:00","description":"Utilice l\u00edquido Neoseal para obtener un cierre perfecto. No da\u00f1a los dep\u00f3sitos.","breadcrumb":{"@id":"https:\/\/neodal.es\/ca\/producte\/liquido-cerrado-de-sobres-neoseal-2\/#breadcrumb"},"inLanguage":"ca","potentialAction":[{"@type":"ReadAction","target":["https:\/\/neodal.es\/ca\/producte\/liquido-cerrado-de-sobres-neoseal-2\/"]}]},{"@type":"ImageObject","inLanguage":"ca","@id":"https:\/\/neodal.es\/ca\/producte\/liquido-cerrado-de-sobres-neoseal-2\/#primaryimage","url":"https:\/\/neodal.es\/wp-content\/uploads\/2014\/11\/346-NeoSeal.jpg","contentUrl":"https:\/\/neodal.es\/wp-content\/uploads\/2014\/11\/346-NeoSeal.jpg","width":251,"height":201,"caption":"NeoSeal"},{"@type":"BreadcrumbList","@id":"https:\/\/neodal.es\/ca\/producte\/liquido-cerrado-de-sobres-neoseal-2\/#breadcrumb","itemListElement":[{"@type":"ListItem","position":1,"name":"Portada","item":"https:\/\/neodal.es\/ca\/home\/"},{"@type":"ListItem","position":2,"name":"Productes","item":"https:\/\/neodal.es\/ca\/productes\/"},{"@type":"ListItem","position":3,"name":"LIQUIDO CERRADO DE SOBRES NEOSEAL"}]},{"@type":"WebSite","@id":"https:\/\/neodal.es\/ca\/#website","url":"https:\/\/neodal.es\/ca\/","name":"neodal","description":"","potentialAction":[{"@type":"SearchAction","target":{"@type":"EntryPoint","urlTemplate":"https:\/\/neodal.es\/ca\/?s={search_term_string}"},"query-input":{"@type":"PropertyValueSpecification","valueRequired":true,"valueName":"search_term_string"}}],"inLanguage":"ca"}]}},"_links":{"self":[{"href":"https:\/\/neodal.es\/ca\/wp-json\/wp\/v2\/product\/5310","targetHints":{"allow":["GET"]}}],"collection":[{"href":"https:\/\/neodal.es\/ca\/wp-json\/wp\/v2\/product"}],"about":[{"href":"https:\/\/neodal.es\/ca\/wp-json\/wp\/v2\/types\/product"}],"version-history":[{"count":0,"href":"https:\/\/neodal.es\/ca\/wp-json\/wp\/v2\/product\/5310\/revisions"}],"wp:featuredmedia":[{"embeddable":true,"href":"https:\/\/neodal.es\/ca\/wp-json\/wp\/v2\/media\/5307"}],"wp:attachment":[{"href":"https:\/\/neodal.es\/ca\/wp-json\/wp\/v2\/media?parent=5310"}],"wp:term":[{"taxonomy":"product_brand","embeddable":true,"href":"https:\/\/neodal.es\/ca\/wp-json\/wp\/v2\/product_brand?post=5310"},{"taxonomy":"product_cat","embeddable":true,"href":"https:\/\/neodal.es\/ca\/wp-json\/wp\/v2\/product_cat?post=5310"},{"taxonomy":"product_tag","embeddable":true,"href":"https:\/\/neodal.es\/ca\/wp-json\/wp\/v2\/product_tag?post=5310"}],"curies":[{"name":"wp","href":"https:\/\/api.w.org\/{rel}","templated":true}]}}