{"id":5406,"date":"2018-02-01T09:50:52","date_gmt":"2018-02-01T09:50:52","guid":{"rendered":"http:\/\/neodal.local\/product\/plastificadora-intimus-pl-450-professional-2\/"},"modified":"2018-02-01T09:50:52","modified_gmt":"2018-02-01T09:50:52","slug":"plastificadora-intimus-pl-450-professional-2","status":"publish","type":"product","link":"https:\/\/neodal.es\/ca\/producte\/plastificadora-intimus-pl-450-professional-2\/","title":{"rendered":"PLASTIFICADORA DE CARTERAS INTIMUS PL-450 PROF."},"content":{"rendered":"<h3>PLASTIFICADORA DE CARTERAS INTIMUS PL450 PROFESIONAL<\/h3>\n<address>\u00a0\u00b7 Cuatro rodillos t\u00e9rmicos<\/address>\n<p>\u00b7 Tama\u00f1o m\u00e1ximo de plastificado A2<\/p>\n<p>\u00b7 Velocidad de plastificado 660 mm\/min.<\/p>\n<p>\u00b7 M\u00e1ximo grosor 250 micras<\/p>\n<p>\u00b7 Tiempo de calentamiento 5 minutos<\/p>\n<p>\u00b7 Control de temperatura y velocidad<\/p>\n<p>\u00b7 Funci\u00f3n antiatascos &#8220;Reverse Mode&#8221;<\/p>\n<p>\u00b7 Pantalla con indicadores LED<\/p>\n<p>\u00b7 Dimensiones: 615 x 210 x 100 mm<\/p>\n<p>\u00b7 Peso: 10,5 kg<\/p>\n","protected":false},"excerpt":{"rendered":"<h2>PLASTIFICADORES DE CARTERES<\/h2>\n<p>La plastificadora Intimus PL-450 Profesional de Neodal realzar\u00e1, proteger\u00e1 y aumentar\u00e1 la durabilidad de sus documentos impresos. Una plastificadora de carteras de uso alto en oficina y excelente precio construcci\u00f3n met\u00e1lica y calidad para uso medio alto en entornos de oficina, centros de reprograf\u00eda e impresi\u00f3n digital.<\/p>\n","protected":false},"featured_media":5403,"template":"","meta":{"_acf_changed":false},"product_brand":[],"product_cat":[1430,1476],"product_tag":[],"class_list":{"0":"post-5406","1":"product","2":"type-product","3":"status-publish","4":"has-post-thumbnail","6":"product_cat-plastificadores","7":"product_cat-plastificadores-de-carteres","9":"first","10":"instock","11":"shipping-taxable","12":"product-type-simple"},"acf":[],"yoast_head":"<!-- This site is optimized with the Yoast SEO plugin v27.4 - https:\/\/yoast.com\/product\/yoast-seo-wordpress\/ -->\n<title>Plastificadora de carteres Intimus PL-450 Professional<\/title>\n<meta name=\"description\" content=\"Una plastificadora d&#039;excel\u00b7lent relaci\u00f3 qualitat preu. Amb 4 rodets t\u00e8rmics per un plastificat profesional. Ideal per oficines i col\u00b7legis.\" \/>\n<meta name=\"robots\" content=\"index, follow, max-snippet:-1, max-image-preview:large, max-video-preview:-1\" \/>\n<link rel=\"canonical\" href=\"https:\/\/neodal.es\/ca\/producte\/plastificadora-intimus-pl-450-professional-2\/\" \/>\n<meta property=\"og:locale\" content=\"ca_ES\" \/>\n<meta property=\"og:type\" content=\"article\" \/>\n<meta property=\"og:title\" content=\"Plastificadora de carteres Intimus PL-450 Professional\" \/>\n<meta property=\"og:description\" content=\"Una plastificadora d&#039;excel\u00b7lent relaci\u00f3 qualitat preu. Amb 4 rodets t\u00e8rmics per un plastificat profesional. Ideal per oficines i col\u00b7legis.\" \/>\n<meta property=\"og:url\" content=\"https:\/\/neodal.es\/ca\/producte\/plastificadora-intimus-pl-450-professional-2\/\" \/>\n<meta property=\"og:site_name\" content=\"neodal\" \/>\n<meta property=\"og:image\" content=\"https:\/\/neodal.es\/wp-content\/uploads\/2018\/02\/2460-PLASTIFICADORA-INTIMUS-PL-450-PROFESSIONAL.jpg\" \/>\n\t<meta property=\"og:image:width\" content=\"500\" \/>\n\t<meta property=\"og:image:height\" content=\"500\" \/>\n\t<meta property=\"og:image:type\" content=\"image\/jpeg\" \/>\n<meta name=\"twitter:card\" content=\"summary_large_image\" \/>\n<script type=\"application\/ld+json\" class=\"yoast-schema-graph\">{\"@context\":\"https:\\\/\\\/schema.org\",\"@graph\":[{\"@type\":\"WebPage\",\"@id\":\"https:\\\/\\\/neodal.es\\\/ca\\\/producte\\\/plastificadora-intimus-pl-450-professional-2\\\/\",\"url\":\"https:\\\/\\\/neodal.es\\\/ca\\\/producte\\\/plastificadora-intimus-pl-450-professional-2\\\/\",\"name\":\"Plastificadora de carteres Intimus PL-450 Professional\",\"isPartOf\":{\"@id\":\"https:\\\/\\\/neodal.es\\\/ca\\\/#website\"},\"primaryImageOfPage\":{\"@id\":\"https:\\\/\\\/neodal.es\\\/ca\\\/producte\\\/plastificadora-intimus-pl-450-professional-2\\\/#primaryimage\"},\"image\":{\"@id\":\"https:\\\/\\\/neodal.es\\\/ca\\\/producte\\\/plastificadora-intimus-pl-450-professional-2\\\/#primaryimage\"},\"thumbnailUrl\":\"https:\\\/\\\/neodal.es\\\/wp-content\\\/uploads\\\/2018\\\/02\\\/2460-PLASTIFICADORA-INTIMUS-PL-450-PROFESSIONAL.jpg\",\"datePublished\":\"2018-02-01T09:50:52+00:00\",\"description\":\"Una plastificadora d'excel\u00b7lent relaci\u00f3 qualitat preu. Amb 4 rodets t\u00e8rmics per un plastificat profesional. Ideal per oficines i col\u00b7legis.\",\"breadcrumb\":{\"@id\":\"https:\\\/\\\/neodal.es\\\/ca\\\/producte\\\/plastificadora-intimus-pl-450-professional-2\\\/#breadcrumb\"},\"inLanguage\":\"ca\",\"potentialAction\":[{\"@type\":\"ReadAction\",\"target\":[\"https:\\\/\\\/neodal.es\\\/ca\\\/producte\\\/plastificadora-intimus-pl-450-professional-2\\\/\"]}]},{\"@type\":\"ImageObject\",\"inLanguage\":\"ca\",\"@id\":\"https:\\\/\\\/neodal.es\\\/ca\\\/producte\\\/plastificadora-intimus-pl-450-professional-2\\\/#primaryimage\",\"url\":\"https:\\\/\\\/neodal.es\\\/wp-content\\\/uploads\\\/2018\\\/02\\\/2460-PLASTIFICADORA-INTIMUS-PL-450-PROFESSIONAL.jpg\",\"contentUrl\":\"https:\\\/\\\/neodal.es\\\/wp-content\\\/uploads\\\/2018\\\/02\\\/2460-PLASTIFICADORA-INTIMUS-PL-450-PROFESSIONAL.jpg\",\"width\":500,\"height\":500,\"caption\":\"PLASTIFICADORA INTIMUS PL-450 PROFESSIONAL\"},{\"@type\":\"BreadcrumbList\",\"@id\":\"https:\\\/\\\/neodal.es\\\/ca\\\/producte\\\/plastificadora-intimus-pl-450-professional-2\\\/#breadcrumb\",\"itemListElement\":[{\"@type\":\"ListItem\",\"position\":1,\"name\":\"Portada\",\"item\":\"https:\\\/\\\/neodal.es\\\/ca\\\/home\\\/\"},{\"@type\":\"ListItem\",\"position\":2,\"name\":\"Productes\",\"item\":\"https:\\\/\\\/neodal.es\\\/ca\\\/productes\\\/\"},{\"@type\":\"ListItem\",\"position\":3,\"name\":\"PLASTIFICADORA DE CARTERAS INTIMUS PL-450 PROF.\"}]},{\"@type\":\"WebSite\",\"@id\":\"https:\\\/\\\/neodal.es\\\/ca\\\/#website\",\"url\":\"https:\\\/\\\/neodal.es\\\/ca\\\/\",\"name\":\"neodal\",\"description\":\"\",\"potentialAction\":[{\"@type\":\"SearchAction\",\"target\":{\"@type\":\"EntryPoint\",\"urlTemplate\":\"https:\\\/\\\/neodal.es\\\/ca\\\/?s={search_term_string}\"},\"query-input\":{\"@type\":\"PropertyValueSpecification\",\"valueRequired\":true,\"valueName\":\"search_term_string\"}}],\"inLanguage\":\"ca\"}]}<\/script>\n<!-- \/ Yoast SEO plugin. -->","yoast_head_json":{"title":"Plastificadora de carteres Intimus PL-450 Professional","description":"Una plastificadora d'excel\u00b7lent relaci\u00f3 qualitat preu. Amb 4 rodets t\u00e8rmics per un plastificat profesional. Ideal per oficines i col\u00b7legis.","robots":{"index":"index","follow":"follow","max-snippet":"max-snippet:-1","max-image-preview":"max-image-preview:large","max-video-preview":"max-video-preview:-1"},"canonical":"https:\/\/neodal.es\/ca\/producte\/plastificadora-intimus-pl-450-professional-2\/","og_locale":"ca_ES","og_type":"article","og_title":"Plastificadora de carteres Intimus PL-450 Professional","og_description":"Una plastificadora d'excel\u00b7lent relaci\u00f3 qualitat preu. Amb 4 rodets t\u00e8rmics per un plastificat profesional. Ideal per oficines i col\u00b7legis.","og_url":"https:\/\/neodal.es\/ca\/producte\/plastificadora-intimus-pl-450-professional-2\/","og_site_name":"neodal","og_image":[{"width":500,"height":500,"url":"https:\/\/neodal.es\/wp-content\/uploads\/2018\/02\/2460-PLASTIFICADORA-INTIMUS-PL-450-PROFESSIONAL.jpg","type":"image\/jpeg"}],"twitter_card":"summary_large_image","schema":{"@context":"https:\/\/schema.org","@graph":[{"@type":"WebPage","@id":"https:\/\/neodal.es\/ca\/producte\/plastificadora-intimus-pl-450-professional-2\/","url":"https:\/\/neodal.es\/ca\/producte\/plastificadora-intimus-pl-450-professional-2\/","name":"Plastificadora de carteres Intimus PL-450 Professional","isPartOf":{"@id":"https:\/\/neodal.es\/ca\/#website"},"primaryImageOfPage":{"@id":"https:\/\/neodal.es\/ca\/producte\/plastificadora-intimus-pl-450-professional-2\/#primaryimage"},"image":{"@id":"https:\/\/neodal.es\/ca\/producte\/plastificadora-intimus-pl-450-professional-2\/#primaryimage"},"thumbnailUrl":"https:\/\/neodal.es\/wp-content\/uploads\/2018\/02\/2460-PLASTIFICADORA-INTIMUS-PL-450-PROFESSIONAL.jpg","datePublished":"2018-02-01T09:50:52+00:00","description":"Una plastificadora d'excel\u00b7lent relaci\u00f3 qualitat preu. Amb 4 rodets t\u00e8rmics per un plastificat profesional. Ideal per oficines i col\u00b7legis.","breadcrumb":{"@id":"https:\/\/neodal.es\/ca\/producte\/plastificadora-intimus-pl-450-professional-2\/#breadcrumb"},"inLanguage":"ca","potentialAction":[{"@type":"ReadAction","target":["https:\/\/neodal.es\/ca\/producte\/plastificadora-intimus-pl-450-professional-2\/"]}]},{"@type":"ImageObject","inLanguage":"ca","@id":"https:\/\/neodal.es\/ca\/producte\/plastificadora-intimus-pl-450-professional-2\/#primaryimage","url":"https:\/\/neodal.es\/wp-content\/uploads\/2018\/02\/2460-PLASTIFICADORA-INTIMUS-PL-450-PROFESSIONAL.jpg","contentUrl":"https:\/\/neodal.es\/wp-content\/uploads\/2018\/02\/2460-PLASTIFICADORA-INTIMUS-PL-450-PROFESSIONAL.jpg","width":500,"height":500,"caption":"PLASTIFICADORA INTIMUS PL-450 PROFESSIONAL"},{"@type":"BreadcrumbList","@id":"https:\/\/neodal.es\/ca\/producte\/plastificadora-intimus-pl-450-professional-2\/#breadcrumb","itemListElement":[{"@type":"ListItem","position":1,"name":"Portada","item":"https:\/\/neodal.es\/ca\/home\/"},{"@type":"ListItem","position":2,"name":"Productes","item":"https:\/\/neodal.es\/ca\/productes\/"},{"@type":"ListItem","position":3,"name":"PLASTIFICADORA DE CARTERAS INTIMUS PL-450 PROF."}]},{"@type":"WebSite","@id":"https:\/\/neodal.es\/ca\/#website","url":"https:\/\/neodal.es\/ca\/","name":"neodal","description":"","potentialAction":[{"@type":"SearchAction","target":{"@type":"EntryPoint","urlTemplate":"https:\/\/neodal.es\/ca\/?s={search_term_string}"},"query-input":{"@type":"PropertyValueSpecification","valueRequired":true,"valueName":"search_term_string"}}],"inLanguage":"ca"}]}},"_links":{"self":[{"href":"https:\/\/neodal.es\/ca\/wp-json\/wp\/v2\/product\/5406","targetHints":{"allow":["GET"]}}],"collection":[{"href":"https:\/\/neodal.es\/ca\/wp-json\/wp\/v2\/product"}],"about":[{"href":"https:\/\/neodal.es\/ca\/wp-json\/wp\/v2\/types\/product"}],"version-history":[{"count":0,"href":"https:\/\/neodal.es\/ca\/wp-json\/wp\/v2\/product\/5406\/revisions"}],"wp:featuredmedia":[{"embeddable":true,"href":"https:\/\/neodal.es\/ca\/wp-json\/wp\/v2\/media\/5403"}],"wp:attachment":[{"href":"https:\/\/neodal.es\/ca\/wp-json\/wp\/v2\/media?parent=5406"}],"wp:term":[{"taxonomy":"product_brand","embeddable":true,"href":"https:\/\/neodal.es\/ca\/wp-json\/wp\/v2\/product_brand?post=5406"},{"taxonomy":"product_cat","embeddable":true,"href":"https:\/\/neodal.es\/ca\/wp-json\/wp\/v2\/product_cat?post=5406"},{"taxonomy":"product_tag","embeddable":true,"href":"https:\/\/neodal.es\/ca\/wp-json\/wp\/v2\/product_tag?post=5406"}],"curies":[{"name":"wp","href":"https:\/\/api.w.org\/{rel}","templated":true}]}}