{"id":5433,"date":"2018-02-20T13:14:18","date_gmt":"2018-02-20T13:14:18","guid":{"rendered":"http:\/\/neodal.local\/product\/fulles-guillotines-470mm\/"},"modified":"2018-02-20T13:14:18","modified_gmt":"2018-02-20T13:14:18","slug":"fulles-guillotines-470mm","status":"publish","type":"product","link":"https:\/\/neodal.es\/ca\/producte\/fulles-guillotines-470mm\/","title":{"rendered":"CUCHILLAS GUILLOTINAS 470mm"},"content":{"rendered":"<p>Las cuchillas son de acero de alta calidad Solingen para obtener un corte siempre preciso. Fabricadas bajo los m\u00e1s altos est\u00e1ndares de calidad son re-afilables. V\u00e1lida para los modelos de guillotinas IDEAL, EBA &#038; INTIMUS 4300, 4305, 4315, 4340, 4350, 4540<\/p>\n","protected":false},"excerpt":{"rendered":"<p>CUCHILLAS GUILLOTINAS DE 470mm<\/p>\n","protected":false},"featured_media":5431,"comment_status":"open","ping_status":"closed","template":"","meta":{"_acf_changed":false},"product_brand":[],"product_cat":[1542],"product_tag":[],"class_list":{"0":"post-5433","1":"product","2":"type-product","3":"status-publish","4":"has-post-thumbnail","6":"product_cat-consumibles-guillotinas-de-papel-ca","8":"first","9":"instock","10":"shipping-taxable","11":"product-type-simple"},"acf":[],"yoast_head":"<!-- This site is optimized with the Yoast SEO plugin v27.0 - https:\/\/yoast.com\/product\/yoast-seo-wordpress\/ -->\n<title>Fulles per guillotines de paper de fins a 470mm. Neodal Import y Sat Oficial.<\/title>\n<meta name=\"description\" content=\"Les fulles per guillotines de paper son d&#039;acer d&#039;alta qualitat per obtenir un tall sempre prec\u00eds. Fabricades sota els m\u00e9s alts est\u00e0ndards de qualitat. De 470mm.\" \/>\n<meta name=\"robots\" content=\"index, follow, max-snippet:-1, max-image-preview:large, max-video-preview:-1\" \/>\n<link rel=\"canonical\" href=\"https:\/\/neodal.es\/ca\/producte\/fulles-guillotines-470mm\/\" \/>\n<meta property=\"og:locale\" content=\"ca_ES\" \/>\n<meta property=\"og:type\" content=\"article\" \/>\n<meta property=\"og:title\" content=\"Fulles per guillotines de paper de fins a 470mm. Neodal Import y Sat Oficial.\" \/>\n<meta property=\"og:description\" content=\"Les fulles per guillotines de paper son d&#039;acer d&#039;alta qualitat per obtenir un tall sempre prec\u00eds. Fabricades sota els m\u00e9s alts est\u00e0ndards de qualitat. De 470mm.\" \/>\n<meta property=\"og:url\" content=\"https:\/\/neodal.es\/ca\/producte\/fulles-guillotines-470mm\/\" \/>\n<meta property=\"og:site_name\" content=\"neodal\" \/>\n<meta property=\"og:image\" content=\"https:\/\/neodal.es\/wp-content\/uploads\/2018\/02\/743-Cuchillas-Guillotinas.jpg\" \/>\n\t<meta property=\"og:image:width\" content=\"600\" \/>\n\t<meta property=\"og:image:height\" content=\"506\" \/>\n\t<meta property=\"og:image:type\" content=\"image\/jpeg\" \/>\n<meta name=\"twitter:card\" content=\"summary_large_image\" \/>\n<script type=\"application\/ld+json\" class=\"yoast-schema-graph\">{\"@context\":\"https:\/\/schema.org\",\"@graph\":[{\"@type\":\"WebPage\",\"@id\":\"https:\/\/neodal.es\/ca\/producte\/fulles-guillotines-470mm\/\",\"url\":\"https:\/\/neodal.es\/ca\/producte\/fulles-guillotines-470mm\/\",\"name\":\"Fulles per guillotines de paper de fins a 470mm. Neodal Import y Sat Oficial.\",\"isPartOf\":{\"@id\":\"https:\/\/neodal.es\/ca\/#website\"},\"primaryImageOfPage\":{\"@id\":\"https:\/\/neodal.es\/ca\/producte\/fulles-guillotines-470mm\/#primaryimage\"},\"image\":{\"@id\":\"https:\/\/neodal.es\/ca\/producte\/fulles-guillotines-470mm\/#primaryimage\"},\"thumbnailUrl\":\"https:\/\/neodal.es\/wp-content\/uploads\/2018\/02\/743-Cuchillas-Guillotinas.jpg\",\"datePublished\":\"2018-02-20T13:14:18+00:00\",\"description\":\"Les fulles per guillotines de paper son d'acer d'alta qualitat per obtenir un tall sempre prec\u00eds. Fabricades sota els m\u00e9s alts est\u00e0ndards de qualitat. De 470mm.\",\"breadcrumb\":{\"@id\":\"https:\/\/neodal.es\/ca\/producte\/fulles-guillotines-470mm\/#breadcrumb\"},\"inLanguage\":\"ca\",\"potentialAction\":[{\"@type\":\"ReadAction\",\"target\":[\"https:\/\/neodal.es\/ca\/producte\/fulles-guillotines-470mm\/\"]}]},{\"@type\":\"ImageObject\",\"inLanguage\":\"ca\",\"@id\":\"https:\/\/neodal.es\/ca\/producte\/fulles-guillotines-470mm\/#primaryimage\",\"url\":\"https:\/\/neodal.es\/wp-content\/uploads\/2018\/02\/743-Cuchillas-Guillotinas.jpg\",\"contentUrl\":\"https:\/\/neodal.es\/wp-content\/uploads\/2018\/02\/743-Cuchillas-Guillotinas.jpg\",\"width\":600,\"height\":506,\"caption\":\"Cuchillas Guillotinas\"},{\"@type\":\"BreadcrumbList\",\"@id\":\"https:\/\/neodal.es\/ca\/producte\/fulles-guillotines-470mm\/#breadcrumb\",\"itemListElement\":[{\"@type\":\"ListItem\",\"position\":1,\"name\":\"Portada\",\"item\":\"https:\/\/neodal.es\/ca\/home\/\"},{\"@type\":\"ListItem\",\"position\":2,\"name\":\"Productes\",\"item\":\"https:\/\/neodal.es\/ca\/productes\/\"},{\"@type\":\"ListItem\",\"position\":3,\"name\":\"CUCHILLAS GUILLOTINAS 470mm\"}]},{\"@type\":\"WebSite\",\"@id\":\"https:\/\/neodal.es\/ca\/#website\",\"url\":\"https:\/\/neodal.es\/ca\/\",\"name\":\"neodal\",\"description\":\"\",\"potentialAction\":[{\"@type\":\"SearchAction\",\"target\":{\"@type\":\"EntryPoint\",\"urlTemplate\":\"https:\/\/neodal.es\/ca\/?s={search_term_string}\"},\"query-input\":{\"@type\":\"PropertyValueSpecification\",\"valueRequired\":true,\"valueName\":\"search_term_string\"}}],\"inLanguage\":\"ca\"}]}<\/script>\n<!-- \/ Yoast SEO plugin. -->","yoast_head_json":{"title":"Fulles per guillotines de paper de fins a 470mm. Neodal Import y Sat Oficial.","description":"Les fulles per guillotines de paper son d'acer d'alta qualitat per obtenir un tall sempre prec\u00eds. Fabricades sota els m\u00e9s alts est\u00e0ndards de qualitat. De 470mm.","robots":{"index":"index","follow":"follow","max-snippet":"max-snippet:-1","max-image-preview":"max-image-preview:large","max-video-preview":"max-video-preview:-1"},"canonical":"https:\/\/neodal.es\/ca\/producte\/fulles-guillotines-470mm\/","og_locale":"ca_ES","og_type":"article","og_title":"Fulles per guillotines de paper de fins a 470mm. Neodal Import y Sat Oficial.","og_description":"Les fulles per guillotines de paper son d'acer d'alta qualitat per obtenir un tall sempre prec\u00eds. Fabricades sota els m\u00e9s alts est\u00e0ndards de qualitat. De 470mm.","og_url":"https:\/\/neodal.es\/ca\/producte\/fulles-guillotines-470mm\/","og_site_name":"neodal","og_image":[{"width":600,"height":506,"url":"https:\/\/neodal.es\/wp-content\/uploads\/2018\/02\/743-Cuchillas-Guillotinas.jpg","type":"image\/jpeg"}],"twitter_card":"summary_large_image","schema":{"@context":"https:\/\/schema.org","@graph":[{"@type":"WebPage","@id":"https:\/\/neodal.es\/ca\/producte\/fulles-guillotines-470mm\/","url":"https:\/\/neodal.es\/ca\/producte\/fulles-guillotines-470mm\/","name":"Fulles per guillotines de paper de fins a 470mm. Neodal Import y Sat Oficial.","isPartOf":{"@id":"https:\/\/neodal.es\/ca\/#website"},"primaryImageOfPage":{"@id":"https:\/\/neodal.es\/ca\/producte\/fulles-guillotines-470mm\/#primaryimage"},"image":{"@id":"https:\/\/neodal.es\/ca\/producte\/fulles-guillotines-470mm\/#primaryimage"},"thumbnailUrl":"https:\/\/neodal.es\/wp-content\/uploads\/2018\/02\/743-Cuchillas-Guillotinas.jpg","datePublished":"2018-02-20T13:14:18+00:00","description":"Les fulles per guillotines de paper son d'acer d'alta qualitat per obtenir un tall sempre prec\u00eds. Fabricades sota els m\u00e9s alts est\u00e0ndards de qualitat. De 470mm.","breadcrumb":{"@id":"https:\/\/neodal.es\/ca\/producte\/fulles-guillotines-470mm\/#breadcrumb"},"inLanguage":"ca","potentialAction":[{"@type":"ReadAction","target":["https:\/\/neodal.es\/ca\/producte\/fulles-guillotines-470mm\/"]}]},{"@type":"ImageObject","inLanguage":"ca","@id":"https:\/\/neodal.es\/ca\/producte\/fulles-guillotines-470mm\/#primaryimage","url":"https:\/\/neodal.es\/wp-content\/uploads\/2018\/02\/743-Cuchillas-Guillotinas.jpg","contentUrl":"https:\/\/neodal.es\/wp-content\/uploads\/2018\/02\/743-Cuchillas-Guillotinas.jpg","width":600,"height":506,"caption":"Cuchillas Guillotinas"},{"@type":"BreadcrumbList","@id":"https:\/\/neodal.es\/ca\/producte\/fulles-guillotines-470mm\/#breadcrumb","itemListElement":[{"@type":"ListItem","position":1,"name":"Portada","item":"https:\/\/neodal.es\/ca\/home\/"},{"@type":"ListItem","position":2,"name":"Productes","item":"https:\/\/neodal.es\/ca\/productes\/"},{"@type":"ListItem","position":3,"name":"CUCHILLAS GUILLOTINAS 470mm"}]},{"@type":"WebSite","@id":"https:\/\/neodal.es\/ca\/#website","url":"https:\/\/neodal.es\/ca\/","name":"neodal","description":"","potentialAction":[{"@type":"SearchAction","target":{"@type":"EntryPoint","urlTemplate":"https:\/\/neodal.es\/ca\/?s={search_term_string}"},"query-input":{"@type":"PropertyValueSpecification","valueRequired":true,"valueName":"search_term_string"}}],"inLanguage":"ca"}]}},"_links":{"self":[{"href":"https:\/\/neodal.es\/ca\/wp-json\/wp\/v2\/product\/5433","targetHints":{"allow":["GET"]}}],"collection":[{"href":"https:\/\/neodal.es\/ca\/wp-json\/wp\/v2\/product"}],"about":[{"href":"https:\/\/neodal.es\/ca\/wp-json\/wp\/v2\/types\/product"}],"replies":[{"embeddable":true,"href":"https:\/\/neodal.es\/ca\/wp-json\/wp\/v2\/comments?post=5433"}],"version-history":[{"count":0,"href":"https:\/\/neodal.es\/ca\/wp-json\/wp\/v2\/product\/5433\/revisions"}],"wp:featuredmedia":[{"embeddable":true,"href":"https:\/\/neodal.es\/ca\/wp-json\/wp\/v2\/media\/5431"}],"wp:attachment":[{"href":"https:\/\/neodal.es\/ca\/wp-json\/wp\/v2\/media?parent=5433"}],"wp:term":[{"taxonomy":"product_brand","embeddable":true,"href":"https:\/\/neodal.es\/ca\/wp-json\/wp\/v2\/product_brand?post=5433"},{"taxonomy":"product_cat","embeddable":true,"href":"https:\/\/neodal.es\/ca\/wp-json\/wp\/v2\/product_cat?post=5433"},{"taxonomy":"product_tag","embeddable":true,"href":"https:\/\/neodal.es\/ca\/wp-json\/wp\/v2\/product_tag?post=5433"}],"curies":[{"name":"wp","href":"https:\/\/api.w.org\/{rel}","templated":true}]}}