{"id":5486,"date":"2018-06-19T13:01:10","date_gmt":"2018-06-19T13:01:10","guid":{"rendered":"http:\/\/neodal.local\/product\/intimus-ms-400-2\/"},"modified":"2018-06-19T13:01:10","modified_gmt":"2018-06-19T13:01:10","slug":"intimus-ms-400-2","status":"publish","type":"product","link":"https:\/\/neodal.es\/ca\/producte\/intimus-ms-400-2\/","title":{"rendered":"FRANQUEADORA INTIMUS MS-400"},"content":{"rendered":"<h3>FRANQUEADORA INTIMUS MS400<\/h3>\n<p>\u00b7 La soluci\u00f3 senzilla per al franqueig del seu correu<br \/>\u00b7 Velocitat 65 sobres per minut.<br \/>\u00b7 B\u00e0scula de 3 kg integrada amb tecnologia Smart Star<br \/>\u00b7 Balan\u00e7a amb pes diferencial.<br \/>\u00b7 Tarifes postals incloses en la m\u00e0quina amb desc\u00e0rrega DIGITAL.<br \/>\u00b7 Franquegi sempre l&#8217;import exacte sense sobretaxes<br \/>\u00b7 Assistent de tarifes postals<br \/>\u00b7 Tecnologia d&#8217;impressi\u00f3 tipus HP<br \/>\u00b7 Impressi\u00f3 del seu logotip o missatges publicitaris<br \/>\u00b7 Control de la despesa franquejada departamental<br \/>\u00b7 Amb impressi\u00f3 d&#8217;adre\u00e7a de tornada<br \/>\u00b7 Gran pantalla amb intu\u00eftius men\u00fas<\/p>\n","protected":false},"excerpt":{"rendered":"<h2>FRANQUEADORA\u00a0DIGITAL INTIMUS MS400<\/h2>\n<p>La Franquejadora\u00a0INTIMUS MS-400 es m\u00e0quina de franquejar MS-400, amb la seva versatilitat, li garanteix els resultats que espera gr\u00e0cies a una facilitat d&#8217;\u00fas. Gr\u00e0cies a\u00a0 la innovadora tecnologia de serveis en l\u00ednia\u00a0 li garanteixen la millor soluci\u00f3. El seu alimentador autom\u00e0tic la fa especialment indicada per processar qualsevol punta de treball.<\/p>\n","protected":false},"featured_media":5481,"comment_status":"open","ping_status":"closed","template":"","meta":{"_acf_changed":false},"product_brand":[],"product_cat":[1444],"product_tag":[],"class_list":{"0":"post-5486","1":"product","2":"type-product","3":"status-publish","4":"has-post-thumbnail","6":"product_cat-franquejadores-digitals","8":"first","9":"instock","10":"shipping-taxable","11":"product-type-simple"},"acf":[],"yoast_head":"<!-- This site is optimized with the Yoast SEO plugin v27.0 - https:\/\/yoast.com\/product\/yoast-seo-wordpress\/ -->\n<title>FRANQUEJADORA INTIMUS MS-400<\/title>\n<meta name=\"robots\" content=\"index, follow, max-snippet:-1, max-image-preview:large, max-video-preview:-1\" \/>\n<link rel=\"canonical\" href=\"https:\/\/neodal.es\/ca\/producte\/intimus-ms-400-2\/\" \/>\n<meta property=\"og:locale\" content=\"ca_ES\" \/>\n<meta property=\"og:type\" content=\"article\" \/>\n<meta property=\"og:title\" content=\"FRANQUEJADORA INTIMUS MS-400\" \/>\n<meta property=\"og:description\" content=\"FRANQUEADORA\u00a0DIGITAL INTIMUS MS400 La Franquejadora\u00a0INTIMUS MS-400 es m\u00e0quina de franquejar MS-400, amb la seva versatilitat, li garanteix els resultats que espera gr\u00e0cies a una facilitat d&#039;\u00fas. Gr\u00e0cies a\u00a0 la innovadora tecnologia de serveis en l\u00ednia\u00a0 li garanteixen la millor soluci\u00f3. El seu alimentador autom\u00e0tic la fa especialment indicada per processar qualsevol punta de treball.\" \/>\n<meta property=\"og:url\" content=\"https:\/\/neodal.es\/ca\/producte\/intimus-ms-400-2\/\" \/>\n<meta property=\"og:site_name\" content=\"neodal\" \/>\n<meta property=\"og:image\" content=\"https:\/\/neodal.es\/wp-content\/uploads\/2018\/06\/2494-FRANQUEADORA-INTIMUS-MS-400.jpg\" \/>\n\t<meta property=\"og:image:width\" content=\"500\" \/>\n\t<meta property=\"og:image:height\" content=\"500\" \/>\n\t<meta property=\"og:image:type\" content=\"image\/jpeg\" \/>\n<meta name=\"twitter:card\" content=\"summary_large_image\" \/>\n<script type=\"application\/ld+json\" class=\"yoast-schema-graph\">{\"@context\":\"https:\/\/schema.org\",\"@graph\":[{\"@type\":\"WebPage\",\"@id\":\"https:\/\/neodal.es\/ca\/producte\/intimus-ms-400-2\/\",\"url\":\"https:\/\/neodal.es\/ca\/producte\/intimus-ms-400-2\/\",\"name\":\"FRANQUEJADORA INTIMUS MS-400\",\"isPartOf\":{\"@id\":\"https:\/\/neodal.es\/ca\/#website\"},\"primaryImageOfPage\":{\"@id\":\"https:\/\/neodal.es\/ca\/producte\/intimus-ms-400-2\/#primaryimage\"},\"image\":{\"@id\":\"https:\/\/neodal.es\/ca\/producte\/intimus-ms-400-2\/#primaryimage\"},\"thumbnailUrl\":\"https:\/\/neodal.es\/wp-content\/uploads\/2018\/06\/2494-FRANQUEADORA-INTIMUS-MS-400.jpg\",\"datePublished\":\"2018-06-19T13:01:10+00:00\",\"breadcrumb\":{\"@id\":\"https:\/\/neodal.es\/ca\/producte\/intimus-ms-400-2\/#breadcrumb\"},\"inLanguage\":\"ca\",\"potentialAction\":[{\"@type\":\"ReadAction\",\"target\":[\"https:\/\/neodal.es\/ca\/producte\/intimus-ms-400-2\/\"]}]},{\"@type\":\"ImageObject\",\"inLanguage\":\"ca\",\"@id\":\"https:\/\/neodal.es\/ca\/producte\/intimus-ms-400-2\/#primaryimage\",\"url\":\"https:\/\/neodal.es\/wp-content\/uploads\/2018\/06\/2494-FRANQUEADORA-INTIMUS-MS-400.jpg\",\"contentUrl\":\"https:\/\/neodal.es\/wp-content\/uploads\/2018\/06\/2494-FRANQUEADORA-INTIMUS-MS-400.jpg\",\"width\":500,\"height\":500,\"caption\":\"FRANQUEADORA INTIMUS MS-400\"},{\"@type\":\"BreadcrumbList\",\"@id\":\"https:\/\/neodal.es\/ca\/producte\/intimus-ms-400-2\/#breadcrumb\",\"itemListElement\":[{\"@type\":\"ListItem\",\"position\":1,\"name\":\"Portada\",\"item\":\"https:\/\/neodal.es\/ca\/home\/\"},{\"@type\":\"ListItem\",\"position\":2,\"name\":\"Productes\",\"item\":\"https:\/\/neodal.es\/ca\/productes\/\"},{\"@type\":\"ListItem\",\"position\":3,\"name\":\"FRANQUEADORA INTIMUS MS-400\"}]},{\"@type\":\"WebSite\",\"@id\":\"https:\/\/neodal.es\/ca\/#website\",\"url\":\"https:\/\/neodal.es\/ca\/\",\"name\":\"neodal\",\"description\":\"\",\"potentialAction\":[{\"@type\":\"SearchAction\",\"target\":{\"@type\":\"EntryPoint\",\"urlTemplate\":\"https:\/\/neodal.es\/ca\/?s={search_term_string}\"},\"query-input\":{\"@type\":\"PropertyValueSpecification\",\"valueRequired\":true,\"valueName\":\"search_term_string\"}}],\"inLanguage\":\"ca\"}]}<\/script>\n<!-- \/ Yoast SEO plugin. -->","yoast_head_json":{"title":"FRANQUEJADORA INTIMUS MS-400","robots":{"index":"index","follow":"follow","max-snippet":"max-snippet:-1","max-image-preview":"max-image-preview:large","max-video-preview":"max-video-preview:-1"},"canonical":"https:\/\/neodal.es\/ca\/producte\/intimus-ms-400-2\/","og_locale":"ca_ES","og_type":"article","og_title":"FRANQUEJADORA INTIMUS MS-400","og_description":"FRANQUEADORA\u00a0DIGITAL INTIMUS MS400 La Franquejadora\u00a0INTIMUS MS-400 es m\u00e0quina de franquejar MS-400, amb la seva versatilitat, li garanteix els resultats que espera gr\u00e0cies a una facilitat d'\u00fas. Gr\u00e0cies a\u00a0 la innovadora tecnologia de serveis en l\u00ednia\u00a0 li garanteixen la millor soluci\u00f3. El seu alimentador autom\u00e0tic la fa especialment indicada per processar qualsevol punta de treball.","og_url":"https:\/\/neodal.es\/ca\/producte\/intimus-ms-400-2\/","og_site_name":"neodal","og_image":[{"width":500,"height":500,"url":"https:\/\/neodal.es\/wp-content\/uploads\/2018\/06\/2494-FRANQUEADORA-INTIMUS-MS-400.jpg","type":"image\/jpeg"}],"twitter_card":"summary_large_image","schema":{"@context":"https:\/\/schema.org","@graph":[{"@type":"WebPage","@id":"https:\/\/neodal.es\/ca\/producte\/intimus-ms-400-2\/","url":"https:\/\/neodal.es\/ca\/producte\/intimus-ms-400-2\/","name":"FRANQUEJADORA INTIMUS MS-400","isPartOf":{"@id":"https:\/\/neodal.es\/ca\/#website"},"primaryImageOfPage":{"@id":"https:\/\/neodal.es\/ca\/producte\/intimus-ms-400-2\/#primaryimage"},"image":{"@id":"https:\/\/neodal.es\/ca\/producte\/intimus-ms-400-2\/#primaryimage"},"thumbnailUrl":"https:\/\/neodal.es\/wp-content\/uploads\/2018\/06\/2494-FRANQUEADORA-INTIMUS-MS-400.jpg","datePublished":"2018-06-19T13:01:10+00:00","breadcrumb":{"@id":"https:\/\/neodal.es\/ca\/producte\/intimus-ms-400-2\/#breadcrumb"},"inLanguage":"ca","potentialAction":[{"@type":"ReadAction","target":["https:\/\/neodal.es\/ca\/producte\/intimus-ms-400-2\/"]}]},{"@type":"ImageObject","inLanguage":"ca","@id":"https:\/\/neodal.es\/ca\/producte\/intimus-ms-400-2\/#primaryimage","url":"https:\/\/neodal.es\/wp-content\/uploads\/2018\/06\/2494-FRANQUEADORA-INTIMUS-MS-400.jpg","contentUrl":"https:\/\/neodal.es\/wp-content\/uploads\/2018\/06\/2494-FRANQUEADORA-INTIMUS-MS-400.jpg","width":500,"height":500,"caption":"FRANQUEADORA INTIMUS MS-400"},{"@type":"BreadcrumbList","@id":"https:\/\/neodal.es\/ca\/producte\/intimus-ms-400-2\/#breadcrumb","itemListElement":[{"@type":"ListItem","position":1,"name":"Portada","item":"https:\/\/neodal.es\/ca\/home\/"},{"@type":"ListItem","position":2,"name":"Productes","item":"https:\/\/neodal.es\/ca\/productes\/"},{"@type":"ListItem","position":3,"name":"FRANQUEADORA INTIMUS MS-400"}]},{"@type":"WebSite","@id":"https:\/\/neodal.es\/ca\/#website","url":"https:\/\/neodal.es\/ca\/","name":"neodal","description":"","potentialAction":[{"@type":"SearchAction","target":{"@type":"EntryPoint","urlTemplate":"https:\/\/neodal.es\/ca\/?s={search_term_string}"},"query-input":{"@type":"PropertyValueSpecification","valueRequired":true,"valueName":"search_term_string"}}],"inLanguage":"ca"}]}},"_links":{"self":[{"href":"https:\/\/neodal.es\/ca\/wp-json\/wp\/v2\/product\/5486","targetHints":{"allow":["GET"]}}],"collection":[{"href":"https:\/\/neodal.es\/ca\/wp-json\/wp\/v2\/product"}],"about":[{"href":"https:\/\/neodal.es\/ca\/wp-json\/wp\/v2\/types\/product"}],"replies":[{"embeddable":true,"href":"https:\/\/neodal.es\/ca\/wp-json\/wp\/v2\/comments?post=5486"}],"version-history":[{"count":0,"href":"https:\/\/neodal.es\/ca\/wp-json\/wp\/v2\/product\/5486\/revisions"}],"wp:featuredmedia":[{"embeddable":true,"href":"https:\/\/neodal.es\/ca\/wp-json\/wp\/v2\/media\/5481"}],"wp:attachment":[{"href":"https:\/\/neodal.es\/ca\/wp-json\/wp\/v2\/media?parent=5486"}],"wp:term":[{"taxonomy":"product_brand","embeddable":true,"href":"https:\/\/neodal.es\/ca\/wp-json\/wp\/v2\/product_brand?post=5486"},{"taxonomy":"product_cat","embeddable":true,"href":"https:\/\/neodal.es\/ca\/wp-json\/wp\/v2\/product_cat?post=5486"},{"taxonomy":"product_tag","embeddable":true,"href":"https:\/\/neodal.es\/ca\/wp-json\/wp\/v2\/product_tag?post=5486"}],"curies":[{"name":"wp","href":"https:\/\/api.w.org\/{rel}","templated":true}]}}