{"id":5506,"date":"2018-09-18T08:30:12","date_gmt":"2018-09-18T08:30:12","guid":{"rendered":"http:\/\/neodal.local\/product\/quadient-ds64i\/"},"modified":"2018-09-18T08:30:12","modified_gmt":"2018-09-18T08:30:12","slug":"quadient-ds64i","status":"publish","type":"product","link":"https:\/\/neodal.es\/ca\/producte\/quadient-ds64i\/","title":{"rendered":"ENSOBRADORA QUADIENT NEOPOST DS64i"},"content":{"rendered":"<h3>ENSOBRADORA QUADIENT NEOPOST DS64i<\/h3>\n<p style=\"font-size: 11px; font-weight: 400;\">\u00b7 Ensobradora modular<span style=\"font-style: inherit;\">\u00a0compacta de sobremesa.<\/span><\/p>\n<p style=\"font-size: 11px; font-weight: 400;\">\u00b7 Gran facilidad de uso en entornos de oficina\u2026<\/p>\n<p style=\"font-size: 11px; font-weight: 400;\">\u00b7 Funci\u00f3n \u201cLoad &#038; Go\u201d.<\/p>\n<p style=\"font-size: 11px; font-weight: 400;\">\u00b7 Hasta 50 memorias de trabajo con diferentes tareas.<\/p>\n<p style=\"font-size: 11px; font-weight: 400;\">\u00b7 Display a color de 7 pulgadas. \u201cColor Touch Screen\u201d.<\/p>\n<p style=\"font-size: 11px; font-weight: 400;\">\u00b7 Display con texto en Castellano.<\/p>\n<p style=\"font-size: 11px; font-weight: 400;\">\u00b7 De 1 a 3 alimentadores<span style=\"font-style: inherit;\">\u00a0de documentos..<\/span><\/p>\n<p style=\"font-size: 11px; font-weight: 400;\">\u00b7 Formatos de sobre americano, cuartilla\u2026 (C6\/5 y C5\u2026).<\/p>\n<p style=\"font-size: 11px; font-weight: 400;\">\u00b7 Capacidad de\u00a0plegado conjunto<span style=\"font-style: inherit;\">\u00a0de hasta 5\/8 hojas.<\/span><\/p>\n<p style=\"font-size: 11px; font-weight: 400;\">\u00b7 Tipos de plegado en tr\u00edptico, d\u00edptico, zig \u2013 zag\u2026<\/p>\n<p style=\"font-size: 11px; font-weight: 400;\">\u00b7 Opci\u00f3n de\u00a0lectura OMR, BCR, 2D\u2026<span style=\"font-style: inherit;\">\u00a0<\/span><\/p>\n<p style=\"font-size: 11px; font-weight: 400;\">\u00b7 Lectura por Escaner de toda la factura, notificaciones, recibos&#8230;<\/p>\n<p style=\"font-size: 11px; font-weight: 400;\">\u00b7 Alimentaci\u00f3n m\u00faltiple de documentos \u00a0(con plegado conjunto de los documentos).<\/p>\n<p style=\"font-size: 11px; font-weight: 400;\">\u00b7 Tecnolog\u00eda \u201cSecure N\u00b4feed\u201d (Detecci\u00f3n de documentos dobles).<\/p>\n<p style=\"font-size: 11px; font-weight: 400;\">\u00b7 Alimentador de alta capacidad \u201cMaxifeeder\u201d.<\/p>\n<p style=\"font-size: 11px; font-weight: 400;\">\u00b7 Salida de sobres de alta capacidad HCVS.<span style=\"font-style: inherit;\">\u00a0<\/span><\/p>\n<p style=\"font-size: 11px; font-weight: 400;\">\u00b7 Opci\u00f3n\u00a0lectura OMR, BCR, 2D\u2026<\/p>\n<div><iframe width=\"425\" height=\"350\" src=\"https:\/\/www.youtube.com\/embed\/LO7dXzGcIXo\" frameborder=\"0\"><\/iframe><\/div>\n","protected":false},"excerpt":{"rendered":"<h2>ENSOBRADORA AUTOMATICA DE OFICINA BAJO VOLUMEN<\/h2>\n<p style=\"text-align: justify;\">La\u00a0<strong>Ensobradora Quadient Neopost DS64i\u00a0<\/strong>es una compacta Ensobradora autom\u00e1tica de oficina que le ayudar\u00e1 a llevar a cabo el plegado, ensobrado y cerrado de su correo forma r\u00e1pida y segura.\u00a0<\/p>\n<p style=\"text-align: justify;\">Con la\u00a0<strong>Quadient<\/strong>\u00a0<strong>DS64i<\/strong>\u00a0Vd. alimentar\u00e1 el papel , seleccionar\u00e1 la tarea y al pulsar &#8220;Start&#8221;, de forma totalmente autom\u00e1tica,\u00a0<strong>el equipo\u00a0ensobrar\u00e1 \u00a1hasta 200 cartas en menos de 5 minutos!<\/strong>\u00a0automatizando el proceso de Ensobrado y mejorando la productividad de los empleados de su organizaci\u00f3n pudiendo dedicarlos a tareas m\u00e1s productivas.\u00a0\u00a0<\/p>\n<p style=\"text-align: justify;\">La\u00a0<strong>Quadient DS64i<\/strong>\u00a0es un equipo r\u00e1pido, silencioso y flexible que dispone de sistemas de lectura inteligente en OMR, BCR, 2D &#8211; Datamatrix con la que podr\u00e1 ensobrar sus Facturas, Mailing, Notificaciones Oficiales&#8230; al mismo tiempo que adjunta cartas de comunicados y \/ o tr\u00edpticos y tarjetones de publicidad.\u00a0<\/p>\n<p style=\"text-align: justify;\"><strong>Neodal es el importador \u00fanico oficial de las Ensobradoras Quadient Neopost\u00a0en Espa\u00f1a.\u00a0<\/strong>\u00a0De la mano de nuestro equipo de profesionales o nuestra Red de Distribuidores Oficiales le asesoraremos en la elecci\u00f3n del modelo m\u00e1s adecuado a sus necesidades con la garant\u00eda de disponer de un Servicio T\u00e9cnico, pr\u00f3ximo, \u00e1gil y profesional.<\/p>\n<p style=\"text-align: justify;\">Solicite informaci\u00f3n sin compromiso.\u00a0<\/p>\n","protected":false},"featured_media":5496,"comment_status":"open","ping_status":"closed","template":"","meta":{"_acf_changed":false},"product_brand":[],"product_cat":[1442,1480],"product_tag":[],"class_list":{"0":"post-5506","1":"product","2":"type-product","3":"status-publish","4":"has-post-thumbnail","6":"product_cat-ensobradoras-quadient-neopost","7":"product_cat-ensobradores-quadient-neopost-baix-volum","9":"first","10":"instock","11":"shipping-taxable","12":"product-type-simple"},"acf":[],"yoast_head":"<!-- This site is optimized with the Yoast SEO plugin v27.0 - https:\/\/yoast.com\/product\/yoast-seo-wordpress\/ -->\n<title>ENSOBRADORA QUADIENT DS64i - NEOPOST (Import. SAT Oficial)<\/title>\n<meta name=\"description\" content=\"Ensobradora Quadient DS64i - Neopost. Consulte mejor precio en compra o alquiler. Ensobradoras automaticas de oficina. Servicio T\u00e9cnico Oficial Quadient Espa\u00f1a.\" \/>\n<meta name=\"robots\" content=\"index, follow, max-snippet:-1, max-image-preview:large, max-video-preview:-1\" \/>\n<link rel=\"canonical\" href=\"https:\/\/neodal.es\/ca\/producte\/quadient-ds64i\/\" \/>\n<meta property=\"og:locale\" content=\"ca_ES\" \/>\n<meta property=\"og:type\" content=\"article\" \/>\n<meta property=\"og:title\" content=\"ENSOBRADORA QUADIENT DS64i - NEOPOST (Import. SAT Oficial)\" \/>\n<meta property=\"og:description\" content=\"Ensobradora Quadient DS64i - Neopost. Consulte mejor precio en compra o alquiler. Ensobradoras automaticas de oficina. Servicio T\u00e9cnico Oficial Quadient Espa\u00f1a.\" \/>\n<meta property=\"og:url\" content=\"https:\/\/neodal.es\/ca\/producte\/quadient-ds64i\/\" \/>\n<meta property=\"og:site_name\" content=\"neodal\" \/>\n<meta property=\"og:image\" content=\"https:\/\/neodal.es\/wp-content\/uploads\/2018\/09\/2297-ENSOBRADORA-QUADIENT-NEOPOST-DS64i.jpg\" \/>\n\t<meta property=\"og:image:width\" content=\"500\" \/>\n\t<meta property=\"og:image:height\" content=\"500\" \/>\n\t<meta property=\"og:image:type\" content=\"image\/jpeg\" \/>\n<meta name=\"twitter:card\" content=\"summary_large_image\" \/>\n<meta name=\"twitter:label1\" content=\"Temps estimat de lectura\" \/>\n\t<meta name=\"twitter:data1\" content=\"1 minut\" \/>\n<script type=\"application\/ld+json\" class=\"yoast-schema-graph\">{\"@context\":\"https:\/\/schema.org\",\"@graph\":[{\"@type\":\"WebPage\",\"@id\":\"https:\/\/neodal.es\/ca\/producte\/quadient-ds64i\/\",\"url\":\"https:\/\/neodal.es\/ca\/producte\/quadient-ds64i\/\",\"name\":\"ENSOBRADORA QUADIENT DS64i - NEOPOST (Import. SAT Oficial)\",\"isPartOf\":{\"@id\":\"https:\/\/neodal.es\/ca\/#website\"},\"primaryImageOfPage\":{\"@id\":\"https:\/\/neodal.es\/ca\/producte\/quadient-ds64i\/#primaryimage\"},\"image\":{\"@id\":\"https:\/\/neodal.es\/ca\/producte\/quadient-ds64i\/#primaryimage\"},\"thumbnailUrl\":\"https:\/\/neodal.es\/wp-content\/uploads\/2018\/09\/2297-ENSOBRADORA-QUADIENT-NEOPOST-DS64i.jpg\",\"datePublished\":\"2018-09-18T08:30:12+00:00\",\"description\":\"Ensobradora Quadient DS64i - Neopost. Consulte mejor precio en compra o alquiler. Ensobradoras automaticas de oficina. Servicio T\u00e9cnico Oficial Quadient Espa\u00f1a.\",\"breadcrumb\":{\"@id\":\"https:\/\/neodal.es\/ca\/producte\/quadient-ds64i\/#breadcrumb\"},\"inLanguage\":\"ca\",\"potentialAction\":[{\"@type\":\"ReadAction\",\"target\":[\"https:\/\/neodal.es\/ca\/producte\/quadient-ds64i\/\"]}]},{\"@type\":\"ImageObject\",\"inLanguage\":\"ca\",\"@id\":\"https:\/\/neodal.es\/ca\/producte\/quadient-ds64i\/#primaryimage\",\"url\":\"https:\/\/neodal.es\/wp-content\/uploads\/2018\/09\/2297-ENSOBRADORA-QUADIENT-NEOPOST-DS64i.jpg\",\"contentUrl\":\"https:\/\/neodal.es\/wp-content\/uploads\/2018\/09\/2297-ENSOBRADORA-QUADIENT-NEOPOST-DS64i.jpg\",\"width\":500,\"height\":500,\"caption\":\"ENSOBRADORA QUADIENT NEOPOST DS64i\"},{\"@type\":\"BreadcrumbList\",\"@id\":\"https:\/\/neodal.es\/ca\/producte\/quadient-ds64i\/#breadcrumb\",\"itemListElement\":[{\"@type\":\"ListItem\",\"position\":1,\"name\":\"Portada\",\"item\":\"https:\/\/neodal.es\/ca\/home\/\"},{\"@type\":\"ListItem\",\"position\":2,\"name\":\"Productes\",\"item\":\"https:\/\/neodal.es\/ca\/productes\/\"},{\"@type\":\"ListItem\",\"position\":3,\"name\":\"ENSOBRADORA QUADIENT NEOPOST DS64i\"}]},{\"@type\":\"WebSite\",\"@id\":\"https:\/\/neodal.es\/ca\/#website\",\"url\":\"https:\/\/neodal.es\/ca\/\",\"name\":\"neodal\",\"description\":\"\",\"potentialAction\":[{\"@type\":\"SearchAction\",\"target\":{\"@type\":\"EntryPoint\",\"urlTemplate\":\"https:\/\/neodal.es\/ca\/?s={search_term_string}\"},\"query-input\":{\"@type\":\"PropertyValueSpecification\",\"valueRequired\":true,\"valueName\":\"search_term_string\"}}],\"inLanguage\":\"ca\"}]}<\/script>\n<!-- \/ Yoast SEO plugin. -->","yoast_head_json":{"title":"ENSOBRADORA QUADIENT DS64i - NEOPOST (Import. SAT Oficial)","description":"Ensobradora Quadient DS64i - Neopost. Consulte mejor precio en compra o alquiler. Ensobradoras automaticas de oficina. Servicio T\u00e9cnico Oficial Quadient Espa\u00f1a.","robots":{"index":"index","follow":"follow","max-snippet":"max-snippet:-1","max-image-preview":"max-image-preview:large","max-video-preview":"max-video-preview:-1"},"canonical":"https:\/\/neodal.es\/ca\/producte\/quadient-ds64i\/","og_locale":"ca_ES","og_type":"article","og_title":"ENSOBRADORA QUADIENT DS64i - NEOPOST (Import. SAT Oficial)","og_description":"Ensobradora Quadient DS64i - Neopost. Consulte mejor precio en compra o alquiler. Ensobradoras automaticas de oficina. Servicio T\u00e9cnico Oficial Quadient Espa\u00f1a.","og_url":"https:\/\/neodal.es\/ca\/producte\/quadient-ds64i\/","og_site_name":"neodal","og_image":[{"width":500,"height":500,"url":"https:\/\/neodal.es\/wp-content\/uploads\/2018\/09\/2297-ENSOBRADORA-QUADIENT-NEOPOST-DS64i.jpg","type":"image\/jpeg"}],"twitter_card":"summary_large_image","twitter_misc":{"Temps estimat de lectura":"1 minut"},"schema":{"@context":"https:\/\/schema.org","@graph":[{"@type":"WebPage","@id":"https:\/\/neodal.es\/ca\/producte\/quadient-ds64i\/","url":"https:\/\/neodal.es\/ca\/producte\/quadient-ds64i\/","name":"ENSOBRADORA QUADIENT DS64i - NEOPOST (Import. SAT Oficial)","isPartOf":{"@id":"https:\/\/neodal.es\/ca\/#website"},"primaryImageOfPage":{"@id":"https:\/\/neodal.es\/ca\/producte\/quadient-ds64i\/#primaryimage"},"image":{"@id":"https:\/\/neodal.es\/ca\/producte\/quadient-ds64i\/#primaryimage"},"thumbnailUrl":"https:\/\/neodal.es\/wp-content\/uploads\/2018\/09\/2297-ENSOBRADORA-QUADIENT-NEOPOST-DS64i.jpg","datePublished":"2018-09-18T08:30:12+00:00","description":"Ensobradora Quadient DS64i - Neopost. Consulte mejor precio en compra o alquiler. Ensobradoras automaticas de oficina. Servicio T\u00e9cnico Oficial Quadient Espa\u00f1a.","breadcrumb":{"@id":"https:\/\/neodal.es\/ca\/producte\/quadient-ds64i\/#breadcrumb"},"inLanguage":"ca","potentialAction":[{"@type":"ReadAction","target":["https:\/\/neodal.es\/ca\/producte\/quadient-ds64i\/"]}]},{"@type":"ImageObject","inLanguage":"ca","@id":"https:\/\/neodal.es\/ca\/producte\/quadient-ds64i\/#primaryimage","url":"https:\/\/neodal.es\/wp-content\/uploads\/2018\/09\/2297-ENSOBRADORA-QUADIENT-NEOPOST-DS64i.jpg","contentUrl":"https:\/\/neodal.es\/wp-content\/uploads\/2018\/09\/2297-ENSOBRADORA-QUADIENT-NEOPOST-DS64i.jpg","width":500,"height":500,"caption":"ENSOBRADORA QUADIENT NEOPOST DS64i"},{"@type":"BreadcrumbList","@id":"https:\/\/neodal.es\/ca\/producte\/quadient-ds64i\/#breadcrumb","itemListElement":[{"@type":"ListItem","position":1,"name":"Portada","item":"https:\/\/neodal.es\/ca\/home\/"},{"@type":"ListItem","position":2,"name":"Productes","item":"https:\/\/neodal.es\/ca\/productes\/"},{"@type":"ListItem","position":3,"name":"ENSOBRADORA QUADIENT NEOPOST DS64i"}]},{"@type":"WebSite","@id":"https:\/\/neodal.es\/ca\/#website","url":"https:\/\/neodal.es\/ca\/","name":"neodal","description":"","potentialAction":[{"@type":"SearchAction","target":{"@type":"EntryPoint","urlTemplate":"https:\/\/neodal.es\/ca\/?s={search_term_string}"},"query-input":{"@type":"PropertyValueSpecification","valueRequired":true,"valueName":"search_term_string"}}],"inLanguage":"ca"}]}},"_links":{"self":[{"href":"https:\/\/neodal.es\/ca\/wp-json\/wp\/v2\/product\/5506","targetHints":{"allow":["GET"]}}],"collection":[{"href":"https:\/\/neodal.es\/ca\/wp-json\/wp\/v2\/product"}],"about":[{"href":"https:\/\/neodal.es\/ca\/wp-json\/wp\/v2\/types\/product"}],"replies":[{"embeddable":true,"href":"https:\/\/neodal.es\/ca\/wp-json\/wp\/v2\/comments?post=5506"}],"version-history":[{"count":0,"href":"https:\/\/neodal.es\/ca\/wp-json\/wp\/v2\/product\/5506\/revisions"}],"wp:featuredmedia":[{"embeddable":true,"href":"https:\/\/neodal.es\/ca\/wp-json\/wp\/v2\/media\/5496"}],"wp:attachment":[{"href":"https:\/\/neodal.es\/ca\/wp-json\/wp\/v2\/media?parent=5506"}],"wp:term":[{"taxonomy":"product_brand","embeddable":true,"href":"https:\/\/neodal.es\/ca\/wp-json\/wp\/v2\/product_brand?post=5506"},{"taxonomy":"product_cat","embeddable":true,"href":"https:\/\/neodal.es\/ca\/wp-json\/wp\/v2\/product_cat?post=5506"},{"taxonomy":"product_tag","embeddable":true,"href":"https:\/\/neodal.es\/ca\/wp-json\/wp\/v2\/product_tag?post=5506"}],"curies":[{"name":"wp","href":"https:\/\/api.w.org\/{rel}","templated":true}]}}