{"id":5548,"date":"2018-10-17T11:33:13","date_gmt":"2018-10-17T11:33:13","guid":{"rendered":"http:\/\/neodal.local\/product\/destructora-intimus-100-cp5-2\/"},"modified":"2018-10-17T11:33:13","modified_gmt":"2018-10-17T11:33:13","slug":"destructora-intimus-100-cp5-2","status":"publish","type":"product","link":"https:\/\/neodal.es\/ca\/producte\/destructora-intimus-100-cp5-2\/","title":{"rendered":"DESTRUCTORA INTIMUS 100 CP5"},"content":{"rendered":"<h3>DESTRUCTORA INTIMUS 100 CP5<\/h3>\n<p>\u00b7 Destructora de uso intensivo en oficina<\/p>\n<p>\u00b7 Volumen del recipiente 100 litros.<\/p>\n<p>\u00b7\u00a0<strong>Potente motor de 1.100 Kw.\u00a0\u00a0<\/strong><\/p>\n<p>\u00b7 Corte cruzado (1,9 X 15 MM)<\/p>\n<p>\u00b7\u00a0<strong>Nivel de seguridad P5<\/strong><\/p>\n<p>\u00b7 Destrucci\u00f3n de hasta 13-15 hojas.<\/p>\n<p>\u00b7 Fotoc\u00e9lula de inicio y paro autom\u00e1tico.<\/p>\n<p>\u00b7 Paro autom\u00e1tico en caso de sobre carga.<\/p>\n<p>\u00b7 Indicadores luminosos dep\u00f3sito lleno, atasco y puerta abierta.<\/p>\n<p>\u00b7 Sistema\u00a0<strong>ECO &#8211; \u201cECOLOGIC\u201d<\/strong>\u00a0ahorro de energ\u00eda<\/p>\n<p>\u00b7 Admite grapas, clips, tarjetas de cr\u00e9dito\u2026.<\/p>\n<p>\u00b7 Contenedor de papel extra\u00edble.<\/p>\n<p>\u00b7 Mueble de madera.<\/p>\n<p>\u00b7\u00a0<strong>Bajo nivel de ruido 56 Db.<\/strong><\/p>\n<p>\u00b7 Ancho de trabajo 260 mm.<\/p>\n<p>\u00b7 Velocidad de destrucci\u00f3n 0,14 Mt.\/Sg.<\/p>\n<p>\u00b7 Garant\u00eda cuchillas de corte: 2 a\u00f1os<\/p>\n<p>\u00b7 Dimensiones (An x Pr x Al) 490 x 440 x 900 mm.<\/p>\n<p>\u00b7 Peso: 43 kg.\u00a0 \u00a0<\/p>\n","protected":false},"excerpt":{"rendered":"<h2>DESTRUCTORA DE PAPEL PARA OFICINA<\/h2>\n<p class=\"MsoNormal\">\n<p>La destructora\u00a0<strong>INTIMUS 100 CP5<\/strong>\u00a0es segura, potente, silenciosa, y con un exclusivo dise\u00f1o. Dispone de dep\u00f3sito de residuos de gran capacidad con mueble de madera con ruedas. F\u00e1cil de usar y respetuosa con al medio ambiente. ECO \u2013 ECOLOLOGIC. Fabricaci\u00f3n 100% \u201cMade in Germany\u201d. Inversi\u00f3n segura, garant\u00eda de amortizaci\u00f3n a largo plazo.\u00a0<\/p>\n","protected":false},"featured_media":8543,"template":"","meta":{"_acf_changed":false},"product_brand":[],"product_cat":[1530,1422],"product_tag":[],"class_list":{"0":"post-5548","1":"product","2":"type-product","3":"status-publish","4":"has-post-thumbnail","6":"product_cat-destructoras-de-oficina-ca","7":"product_cat-destructoras-de-paper","9":"first","10":"instock","11":"shipping-taxable","12":"product-type-simple"},"acf":[],"yoast_head":"<!-- This site is optimized with the Yoast SEO plugin v27.4 - https:\/\/yoast.com\/product\/yoast-seo-wordpress\/ -->\n<title>Destructora INTIMUS 100 CP5<\/title>\n<meta name=\"robots\" content=\"index, follow, max-snippet:-1, max-image-preview:large, max-video-preview:-1\" \/>\n<link rel=\"canonical\" href=\"https:\/\/neodal.es\/ca\/producte\/destructora-intimus-100-cp5-2\/\" \/>\n<meta property=\"og:locale\" content=\"ca_ES\" \/>\n<meta property=\"og:type\" content=\"article\" \/>\n<meta property=\"og:title\" content=\"Destructora INTIMUS 100 CP5\" \/>\n<meta property=\"og:description\" content=\"DESTRUCTORA DE PAPEL PARA OFICINA La destructora\u00a0INTIMUS 100 CP5\u00a0es segura, potente, silenciosa, y con un exclusivo dise\u00f1o. Dispone de dep\u00f3sito de residuos de gran capacidad con mueble de madera con ruedas. F\u00e1cil de usar y respetuosa con al medio ambiente. ECO \u2013 ECOLOLOGIC. Fabricaci\u00f3n 100% \u201cMade in Germany\u201d. Inversi\u00f3n segura, garant\u00eda de amortizaci\u00f3n a largo plazo.\u00a0\" \/>\n<meta property=\"og:url\" content=\"https:\/\/neodal.es\/ca\/producte\/destructora-intimus-100-cp5-2\/\" \/>\n<meta property=\"og:site_name\" content=\"neodal\" \/>\n<meta property=\"og:image\" content=\"https:\/\/neodal.es\/wp-content\/uploads\/2018\/10\/2691-DESTRUCTORA-DE-OFICINA-INTIMUS-100-CP5.jpg\" \/>\n\t<meta property=\"og:image:width\" content=\"810\" \/>\n\t<meta property=\"og:image:height\" content=\"1181\" \/>\n\t<meta property=\"og:image:type\" content=\"image\/jpeg\" \/>\n<meta name=\"twitter:card\" content=\"summary_large_image\" \/>\n<meta name=\"twitter:label1\" content=\"Temps estimat de lectura\" \/>\n\t<meta name=\"twitter:data1\" content=\"1 minut\" \/>\n<script type=\"application\/ld+json\" class=\"yoast-schema-graph\">{\"@context\":\"https:\\\/\\\/schema.org\",\"@graph\":[{\"@type\":\"WebPage\",\"@id\":\"https:\\\/\\\/neodal.es\\\/ca\\\/producte\\\/destructora-intimus-100-cp5-2\\\/\",\"url\":\"https:\\\/\\\/neodal.es\\\/ca\\\/producte\\\/destructora-intimus-100-cp5-2\\\/\",\"name\":\"Destructora INTIMUS 100 CP5\",\"isPartOf\":{\"@id\":\"https:\\\/\\\/neodal.es\\\/ca\\\/#website\"},\"primaryImageOfPage\":{\"@id\":\"https:\\\/\\\/neodal.es\\\/ca\\\/producte\\\/destructora-intimus-100-cp5-2\\\/#primaryimage\"},\"image\":{\"@id\":\"https:\\\/\\\/neodal.es\\\/ca\\\/producte\\\/destructora-intimus-100-cp5-2\\\/#primaryimage\"},\"thumbnailUrl\":\"https:\\\/\\\/neodal.es\\\/wp-content\\\/uploads\\\/2018\\\/10\\\/int100CP4_frei_klYale0099.webp\",\"datePublished\":\"2018-10-17T11:33:13+00:00\",\"breadcrumb\":{\"@id\":\"https:\\\/\\\/neodal.es\\\/ca\\\/producte\\\/destructora-intimus-100-cp5-2\\\/#breadcrumb\"},\"inLanguage\":\"ca\",\"potentialAction\":[{\"@type\":\"ReadAction\",\"target\":[\"https:\\\/\\\/neodal.es\\\/ca\\\/producte\\\/destructora-intimus-100-cp5-2\\\/\"]}]},{\"@type\":\"ImageObject\",\"inLanguage\":\"ca\",\"@id\":\"https:\\\/\\\/neodal.es\\\/ca\\\/producte\\\/destructora-intimus-100-cp5-2\\\/#primaryimage\",\"url\":\"https:\\\/\\\/neodal.es\\\/wp-content\\\/uploads\\\/2018\\\/10\\\/int100CP4_frei_klYale0099.webp\",\"contentUrl\":\"https:\\\/\\\/neodal.es\\\/wp-content\\\/uploads\\\/2018\\\/10\\\/int100CP4_frei_klYale0099.webp\",\"width\":1200,\"height\":1200},{\"@type\":\"BreadcrumbList\",\"@id\":\"https:\\\/\\\/neodal.es\\\/ca\\\/producte\\\/destructora-intimus-100-cp5-2\\\/#breadcrumb\",\"itemListElement\":[{\"@type\":\"ListItem\",\"position\":1,\"name\":\"Portada\",\"item\":\"https:\\\/\\\/neodal.es\\\/ca\\\/home\\\/\"},{\"@type\":\"ListItem\",\"position\":2,\"name\":\"Productes\",\"item\":\"https:\\\/\\\/neodal.es\\\/ca\\\/productes\\\/\"},{\"@type\":\"ListItem\",\"position\":3,\"name\":\"DESTRUCTORA INTIMUS 100 CP5\"}]},{\"@type\":\"WebSite\",\"@id\":\"https:\\\/\\\/neodal.es\\\/ca\\\/#website\",\"url\":\"https:\\\/\\\/neodal.es\\\/ca\\\/\",\"name\":\"neodal\",\"description\":\"\",\"potentialAction\":[{\"@type\":\"SearchAction\",\"target\":{\"@type\":\"EntryPoint\",\"urlTemplate\":\"https:\\\/\\\/neodal.es\\\/ca\\\/?s={search_term_string}\"},\"query-input\":{\"@type\":\"PropertyValueSpecification\",\"valueRequired\":true,\"valueName\":\"search_term_string\"}}],\"inLanguage\":\"ca\"}]}<\/script>\n<!-- \/ Yoast SEO plugin. -->","yoast_head_json":{"title":"Destructora INTIMUS 100 CP5","robots":{"index":"index","follow":"follow","max-snippet":"max-snippet:-1","max-image-preview":"max-image-preview:large","max-video-preview":"max-video-preview:-1"},"canonical":"https:\/\/neodal.es\/ca\/producte\/destructora-intimus-100-cp5-2\/","og_locale":"ca_ES","og_type":"article","og_title":"Destructora INTIMUS 100 CP5","og_description":"DESTRUCTORA DE PAPEL PARA OFICINA La destructora\u00a0INTIMUS 100 CP5\u00a0es segura, potente, silenciosa, y con un exclusivo dise\u00f1o. Dispone de dep\u00f3sito de residuos de gran capacidad con mueble de madera con ruedas. F\u00e1cil de usar y respetuosa con al medio ambiente. ECO \u2013 ECOLOLOGIC. Fabricaci\u00f3n 100% \u201cMade in Germany\u201d. Inversi\u00f3n segura, garant\u00eda de amortizaci\u00f3n a largo plazo.\u00a0","og_url":"https:\/\/neodal.es\/ca\/producte\/destructora-intimus-100-cp5-2\/","og_site_name":"neodal","og_image":[{"width":810,"height":1181,"url":"https:\/\/neodal.es\/wp-content\/uploads\/2018\/10\/2691-DESTRUCTORA-DE-OFICINA-INTIMUS-100-CP5.jpg","type":"image\/jpeg"}],"twitter_card":"summary_large_image","twitter_misc":{"Temps estimat de lectura":"1 minut"},"schema":{"@context":"https:\/\/schema.org","@graph":[{"@type":"WebPage","@id":"https:\/\/neodal.es\/ca\/producte\/destructora-intimus-100-cp5-2\/","url":"https:\/\/neodal.es\/ca\/producte\/destructora-intimus-100-cp5-2\/","name":"Destructora INTIMUS 100 CP5","isPartOf":{"@id":"https:\/\/neodal.es\/ca\/#website"},"primaryImageOfPage":{"@id":"https:\/\/neodal.es\/ca\/producte\/destructora-intimus-100-cp5-2\/#primaryimage"},"image":{"@id":"https:\/\/neodal.es\/ca\/producte\/destructora-intimus-100-cp5-2\/#primaryimage"},"thumbnailUrl":"https:\/\/neodal.es\/wp-content\/uploads\/2018\/10\/int100CP4_frei_klYale0099.webp","datePublished":"2018-10-17T11:33:13+00:00","breadcrumb":{"@id":"https:\/\/neodal.es\/ca\/producte\/destructora-intimus-100-cp5-2\/#breadcrumb"},"inLanguage":"ca","potentialAction":[{"@type":"ReadAction","target":["https:\/\/neodal.es\/ca\/producte\/destructora-intimus-100-cp5-2\/"]}]},{"@type":"ImageObject","inLanguage":"ca","@id":"https:\/\/neodal.es\/ca\/producte\/destructora-intimus-100-cp5-2\/#primaryimage","url":"https:\/\/neodal.es\/wp-content\/uploads\/2018\/10\/int100CP4_frei_klYale0099.webp","contentUrl":"https:\/\/neodal.es\/wp-content\/uploads\/2018\/10\/int100CP4_frei_klYale0099.webp","width":1200,"height":1200},{"@type":"BreadcrumbList","@id":"https:\/\/neodal.es\/ca\/producte\/destructora-intimus-100-cp5-2\/#breadcrumb","itemListElement":[{"@type":"ListItem","position":1,"name":"Portada","item":"https:\/\/neodal.es\/ca\/home\/"},{"@type":"ListItem","position":2,"name":"Productes","item":"https:\/\/neodal.es\/ca\/productes\/"},{"@type":"ListItem","position":3,"name":"DESTRUCTORA INTIMUS 100 CP5"}]},{"@type":"WebSite","@id":"https:\/\/neodal.es\/ca\/#website","url":"https:\/\/neodal.es\/ca\/","name":"neodal","description":"","potentialAction":[{"@type":"SearchAction","target":{"@type":"EntryPoint","urlTemplate":"https:\/\/neodal.es\/ca\/?s={search_term_string}"},"query-input":{"@type":"PropertyValueSpecification","valueRequired":true,"valueName":"search_term_string"}}],"inLanguage":"ca"}]}},"_links":{"self":[{"href":"https:\/\/neodal.es\/ca\/wp-json\/wp\/v2\/product\/5548","targetHints":{"allow":["GET"]}}],"collection":[{"href":"https:\/\/neodal.es\/ca\/wp-json\/wp\/v2\/product"}],"about":[{"href":"https:\/\/neodal.es\/ca\/wp-json\/wp\/v2\/types\/product"}],"version-history":[{"count":0,"href":"https:\/\/neodal.es\/ca\/wp-json\/wp\/v2\/product\/5548\/revisions"}],"wp:featuredmedia":[{"embeddable":true,"href":"https:\/\/neodal.es\/ca\/wp-json\/wp\/v2\/media\/8543"}],"wp:attachment":[{"href":"https:\/\/neodal.es\/ca\/wp-json\/wp\/v2\/media?parent=5548"}],"wp:term":[{"taxonomy":"product_brand","embeddable":true,"href":"https:\/\/neodal.es\/ca\/wp-json\/wp\/v2\/product_brand?post=5548"},{"taxonomy":"product_cat","embeddable":true,"href":"https:\/\/neodal.es\/ca\/wp-json\/wp\/v2\/product_cat?post=5548"},{"taxonomy":"product_tag","embeddable":true,"href":"https:\/\/neodal.es\/ca\/wp-json\/wp\/v2\/product_tag?post=5548"}],"curies":[{"name":"wp","href":"https:\/\/api.w.org\/{rel}","templated":true}]}}