{"id":5552,"date":"2018-10-17T11:40:49","date_gmt":"2018-10-17T11:40:49","guid":{"rendered":"http:\/\/neodal.local\/product\/destructora-intimus-100-cp6-2\/"},"modified":"2018-10-17T11:40:49","modified_gmt":"2018-10-17T11:40:49","slug":"destructora-intimus-100-cp6-2","status":"publish","type":"product","link":"https:\/\/neodal.es\/ca\/producte\/destructora-intimus-100-cp6-2\/","title":{"rendered":"DESTRUCTORA INTIMUS 100 CP6"},"content":{"rendered":"<h3>DESTRUCTORA INTIMUS 60 CP6<\/h3>\n<p style=\"font-size: 11px; font-weight: 400;\">\u00b7 Destructora de uso en despacho y oficina.<\/p>\n<p style=\"font-size: 11px; font-weight: 400;\">\u00b7 Volumen del\u00a0<strong>recipiente 60 litros.<\/strong><\/p>\n<p style=\"font-size: 11px; font-weight: 400;\">\u00b7 Corte de cruzado \u201cCC\u201d (1,9 x 15 mm.)<\/p>\n<p style=\"font-size: 11px; font-weight: 400;\">\u00b7\u00a0<strong>Nivel de seguridad P6.<\/strong><\/p>\n<p style=\"font-size: 11px; font-weight: 400;\">\u00b7 Destrucci\u00f3n de hasta 8-10 hojas.<\/p>\n<p style=\"font-size: 11px; font-weight: 400;\">\u00b7 Intuitivo panel de control\u00a0<strong>\u201ci-CONTROL\u201d<\/strong><\/p>\n<p style=\"font-size: 11px; font-weight: 400;\">\u00b7 Claros e intuitivos indicadores visuales para el uso del equipo.<\/p>\n<p style=\"font-size: 11px; font-weight: 400;\">\u00b7 Fotoc\u00e9lula de inicio y paro autom\u00e1tico.<\/p>\n<p style=\"font-size: 11px; font-weight: 400;\">\u00b7\u00a0<strong>Dispositivo \u201cDLS\u201d<\/strong>\u00a0con indicadores luminosos de carga de papel.<\/p>\n<p style=\"font-size: 11px; font-weight: 400;\">\u00b7 Funci\u00f3n de retroceso autom\u00e1tico para f\u00e1cil soluci\u00f3n de atasco.<\/p>\n<p style=\"font-size: 11px; font-weight: 400;\">\u00b7 Admite papel, grapas, clips,\u00a0<strong>tarjetas de cr\u00e9dito &#038; CD\u00b4s.<\/strong><\/p>\n<p style=\"font-size: 11px; font-weight: 400;\">\u00b7 Doble contenedor residuos para CD\u00b4s &#038; tarjetas\u2026<\/p>\n<p style=\"font-size: 11px; font-weight: 400;\">\u00b7\u00a0<b>Destrucci\u00f3n ecol\u00f3gica\u00a0\u201c2&#215;2 COLLECT\u201d<\/b><\/p>\n<p style=\"font-size: 11px; font-weight: 400;\">\u00b7 Indicador de dep\u00f3sito lleno.<\/p>\n<p style=\"font-size: 11px; font-weight: 400;\">\u00b7 Contenedor de papel extra\u00edble.<\/p>\n<p style=\"font-size: 11px; font-weight: 400;\">\u00b7 Dise\u00f1o exclusivo con mueble de madera y ruedas.<\/p>\n<p style=\"font-size: 11px; font-weight: 400;\">\u00b7 Bajo nivel de ruido 55 db mediante\u00a0<strong>sistema \u201cSILENTEC\u201d.<\/strong><\/p>\n<p style=\"font-size: 11px; font-weight: 400;\">\u00b7 Ancho de trabajo 235 mm.<\/p>\n<p style=\"font-size: 11px; font-weight: 400;\">\u00b7 Velocidad de destrucci\u00f3n 0,07 Mt.\/Sg.<\/p>\n<p style=\"font-size: 11px; font-weight: 400;\">\u00b7 Sistema\u00a0<b>ECO &#8211; \u201cECOLOGIC\u201d ahorro de energ\u00eda.<\/b><\/p>\n<p style=\"font-size: 11px; font-weight: 400;\">\u00b7 Garant\u00eda cuchillas de corte: 30 a\u00f1os (2 a\u00f1os P7)<\/p>\n<p style=\"font-size: 11px; font-weight: 400;\">\u00b7\u00a0<strong>Potente motor de 700 Kw.<\/strong><\/p>\n<p style=\"font-size: 11px; font-weight: 400;\">\u00b7 Dimensiones (WxDxH) 450 x 390 x 660 mm.<\/p>\n<p style=\"font-size: 11px; font-weight: 400;\">\u00b7 Peso: 34kg.\u00a0<\/p>\n","protected":false},"excerpt":{"rendered":"<h2 class=\"MsoNormal\">DESTRUCTORA DE PAPEL PARA OFICINA<o:p><\/o:p><\/h2>\n<p>La s\u00edntesis entre tecnolog\u00eda, rendimiento y dise\u00f1o. Todas las\u00a0<strong>destructoras\u00a0INTIMUS<\/strong>\u00a0se fabrican empleando componentes duraderos de alto rendimiento, dise\u00f1ados para tener una larga vida \u00fatil con una elevada carga de trabajo. Las destructoras incorporan varias caracter\u00edsticas que las hacen \u00fanicas en cuanto a facilidad de manejo y eficiencia de trabajo.<\/p>\n","protected":false},"featured_media":8543,"template":"","meta":{"_acf_changed":false},"product_brand":[],"product_cat":[1530,1422],"product_tag":[],"class_list":{"0":"post-5552","1":"product","2":"type-product","3":"status-publish","4":"has-post-thumbnail","6":"product_cat-destructoras-de-oficina-ca","7":"product_cat-destructoras-de-paper","9":"first","10":"instock","11":"shipping-taxable","12":"product-type-simple"},"acf":[],"yoast_head":"<!-- This site is optimized with the Yoast SEO plugin v27.4 - https:\/\/yoast.com\/product\/yoast-seo-wordpress\/ -->\n<title>Destructora INTIMUS 100 CP6<\/title>\n<meta name=\"description\" content=\"La Destructora d&#039;oficina INTIMUS 100 CP6 \u00e9s una destructora perfecte per a despatx amb un alt rendiment i disseny per aconseguir una vida \u00fatil m\u00e9s llarga.\" \/>\n<meta name=\"robots\" content=\"index, follow, max-snippet:-1, max-image-preview:large, max-video-preview:-1\" \/>\n<link rel=\"canonical\" href=\"https:\/\/neodal.es\/ca\/producte\/destructora-intimus-100-cp6-2\/\" \/>\n<meta property=\"og:locale\" content=\"ca_ES\" \/>\n<meta property=\"og:type\" content=\"article\" \/>\n<meta property=\"og:title\" content=\"Destructora INTIMUS 100 CP6\" \/>\n<meta property=\"og:description\" content=\"La Destructora d&#039;oficina INTIMUS 100 CP6 \u00e9s una destructora perfecte per a despatx amb un alt rendiment i disseny per aconseguir una vida \u00fatil m\u00e9s llarga.\" \/>\n<meta property=\"og:url\" content=\"https:\/\/neodal.es\/ca\/producte\/destructora-intimus-100-cp6-2\/\" \/>\n<meta property=\"og:site_name\" content=\"neodal\" \/>\n<meta property=\"og:image\" content=\"https:\/\/neodal.es\/wp-content\/uploads\/2018\/10\/970-DESTRUCTORA-DE-PAPEL-PARA-OFICINA-INTIMUS-100-CP6.jpg\" \/>\n\t<meta property=\"og:image:width\" content=\"823\" \/>\n\t<meta property=\"og:image:height\" content=\"1181\" \/>\n\t<meta property=\"og:image:type\" content=\"image\/jpeg\" \/>\n<meta name=\"twitter:card\" content=\"summary_large_image\" \/>\n<meta name=\"twitter:label1\" content=\"Temps estimat de lectura\" \/>\n\t<meta name=\"twitter:data1\" content=\"1 minut\" \/>\n<script type=\"application\/ld+json\" class=\"yoast-schema-graph\">{\"@context\":\"https:\\\/\\\/schema.org\",\"@graph\":[{\"@type\":\"WebPage\",\"@id\":\"https:\\\/\\\/neodal.es\\\/ca\\\/producte\\\/destructora-intimus-100-cp6-2\\\/\",\"url\":\"https:\\\/\\\/neodal.es\\\/ca\\\/producte\\\/destructora-intimus-100-cp6-2\\\/\",\"name\":\"Destructora INTIMUS 100 CP6\",\"isPartOf\":{\"@id\":\"https:\\\/\\\/neodal.es\\\/ca\\\/#website\"},\"primaryImageOfPage\":{\"@id\":\"https:\\\/\\\/neodal.es\\\/ca\\\/producte\\\/destructora-intimus-100-cp6-2\\\/#primaryimage\"},\"image\":{\"@id\":\"https:\\\/\\\/neodal.es\\\/ca\\\/producte\\\/destructora-intimus-100-cp6-2\\\/#primaryimage\"},\"thumbnailUrl\":\"https:\\\/\\\/neodal.es\\\/wp-content\\\/uploads\\\/2018\\\/10\\\/int100CP4_frei_klYale0099.webp\",\"datePublished\":\"2018-10-17T11:40:49+00:00\",\"description\":\"La Destructora d'oficina INTIMUS 100 CP6 \u00e9s una destructora perfecte per a despatx amb un alt rendiment i disseny per aconseguir una vida \u00fatil m\u00e9s llarga.\",\"breadcrumb\":{\"@id\":\"https:\\\/\\\/neodal.es\\\/ca\\\/producte\\\/destructora-intimus-100-cp6-2\\\/#breadcrumb\"},\"inLanguage\":\"ca\",\"potentialAction\":[{\"@type\":\"ReadAction\",\"target\":[\"https:\\\/\\\/neodal.es\\\/ca\\\/producte\\\/destructora-intimus-100-cp6-2\\\/\"]}]},{\"@type\":\"ImageObject\",\"inLanguage\":\"ca\",\"@id\":\"https:\\\/\\\/neodal.es\\\/ca\\\/producte\\\/destructora-intimus-100-cp6-2\\\/#primaryimage\",\"url\":\"https:\\\/\\\/neodal.es\\\/wp-content\\\/uploads\\\/2018\\\/10\\\/int100CP4_frei_klYale0099.webp\",\"contentUrl\":\"https:\\\/\\\/neodal.es\\\/wp-content\\\/uploads\\\/2018\\\/10\\\/int100CP4_frei_klYale0099.webp\",\"width\":1200,\"height\":1200},{\"@type\":\"BreadcrumbList\",\"@id\":\"https:\\\/\\\/neodal.es\\\/ca\\\/producte\\\/destructora-intimus-100-cp6-2\\\/#breadcrumb\",\"itemListElement\":[{\"@type\":\"ListItem\",\"position\":1,\"name\":\"Portada\",\"item\":\"https:\\\/\\\/neodal.es\\\/ca\\\/home\\\/\"},{\"@type\":\"ListItem\",\"position\":2,\"name\":\"Productes\",\"item\":\"https:\\\/\\\/neodal.es\\\/ca\\\/productes\\\/\"},{\"@type\":\"ListItem\",\"position\":3,\"name\":\"DESTRUCTORA INTIMUS 100 CP6\"}]},{\"@type\":\"WebSite\",\"@id\":\"https:\\\/\\\/neodal.es\\\/ca\\\/#website\",\"url\":\"https:\\\/\\\/neodal.es\\\/ca\\\/\",\"name\":\"neodal\",\"description\":\"\",\"potentialAction\":[{\"@type\":\"SearchAction\",\"target\":{\"@type\":\"EntryPoint\",\"urlTemplate\":\"https:\\\/\\\/neodal.es\\\/ca\\\/?s={search_term_string}\"},\"query-input\":{\"@type\":\"PropertyValueSpecification\",\"valueRequired\":true,\"valueName\":\"search_term_string\"}}],\"inLanguage\":\"ca\"}]}<\/script>\n<!-- \/ Yoast SEO plugin. -->","yoast_head_json":{"title":"Destructora INTIMUS 100 CP6","description":"La Destructora d'oficina INTIMUS 100 CP6 \u00e9s una destructora perfecte per a despatx amb un alt rendiment i disseny per aconseguir una vida \u00fatil m\u00e9s llarga.","robots":{"index":"index","follow":"follow","max-snippet":"max-snippet:-1","max-image-preview":"max-image-preview:large","max-video-preview":"max-video-preview:-1"},"canonical":"https:\/\/neodal.es\/ca\/producte\/destructora-intimus-100-cp6-2\/","og_locale":"ca_ES","og_type":"article","og_title":"Destructora INTIMUS 100 CP6","og_description":"La Destructora d'oficina INTIMUS 100 CP6 \u00e9s una destructora perfecte per a despatx amb un alt rendiment i disseny per aconseguir una vida \u00fatil m\u00e9s llarga.","og_url":"https:\/\/neodal.es\/ca\/producte\/destructora-intimus-100-cp6-2\/","og_site_name":"neodal","og_image":[{"width":823,"height":1181,"url":"https:\/\/neodal.es\/wp-content\/uploads\/2018\/10\/970-DESTRUCTORA-DE-PAPEL-PARA-OFICINA-INTIMUS-100-CP6.jpg","type":"image\/jpeg"}],"twitter_card":"summary_large_image","twitter_misc":{"Temps estimat de lectura":"1 minut"},"schema":{"@context":"https:\/\/schema.org","@graph":[{"@type":"WebPage","@id":"https:\/\/neodal.es\/ca\/producte\/destructora-intimus-100-cp6-2\/","url":"https:\/\/neodal.es\/ca\/producte\/destructora-intimus-100-cp6-2\/","name":"Destructora INTIMUS 100 CP6","isPartOf":{"@id":"https:\/\/neodal.es\/ca\/#website"},"primaryImageOfPage":{"@id":"https:\/\/neodal.es\/ca\/producte\/destructora-intimus-100-cp6-2\/#primaryimage"},"image":{"@id":"https:\/\/neodal.es\/ca\/producte\/destructora-intimus-100-cp6-2\/#primaryimage"},"thumbnailUrl":"https:\/\/neodal.es\/wp-content\/uploads\/2018\/10\/int100CP4_frei_klYale0099.webp","datePublished":"2018-10-17T11:40:49+00:00","description":"La Destructora d'oficina INTIMUS 100 CP6 \u00e9s una destructora perfecte per a despatx amb un alt rendiment i disseny per aconseguir una vida \u00fatil m\u00e9s llarga.","breadcrumb":{"@id":"https:\/\/neodal.es\/ca\/producte\/destructora-intimus-100-cp6-2\/#breadcrumb"},"inLanguage":"ca","potentialAction":[{"@type":"ReadAction","target":["https:\/\/neodal.es\/ca\/producte\/destructora-intimus-100-cp6-2\/"]}]},{"@type":"ImageObject","inLanguage":"ca","@id":"https:\/\/neodal.es\/ca\/producte\/destructora-intimus-100-cp6-2\/#primaryimage","url":"https:\/\/neodal.es\/wp-content\/uploads\/2018\/10\/int100CP4_frei_klYale0099.webp","contentUrl":"https:\/\/neodal.es\/wp-content\/uploads\/2018\/10\/int100CP4_frei_klYale0099.webp","width":1200,"height":1200},{"@type":"BreadcrumbList","@id":"https:\/\/neodal.es\/ca\/producte\/destructora-intimus-100-cp6-2\/#breadcrumb","itemListElement":[{"@type":"ListItem","position":1,"name":"Portada","item":"https:\/\/neodal.es\/ca\/home\/"},{"@type":"ListItem","position":2,"name":"Productes","item":"https:\/\/neodal.es\/ca\/productes\/"},{"@type":"ListItem","position":3,"name":"DESTRUCTORA INTIMUS 100 CP6"}]},{"@type":"WebSite","@id":"https:\/\/neodal.es\/ca\/#website","url":"https:\/\/neodal.es\/ca\/","name":"neodal","description":"","potentialAction":[{"@type":"SearchAction","target":{"@type":"EntryPoint","urlTemplate":"https:\/\/neodal.es\/ca\/?s={search_term_string}"},"query-input":{"@type":"PropertyValueSpecification","valueRequired":true,"valueName":"search_term_string"}}],"inLanguage":"ca"}]}},"_links":{"self":[{"href":"https:\/\/neodal.es\/ca\/wp-json\/wp\/v2\/product\/5552","targetHints":{"allow":["GET"]}}],"collection":[{"href":"https:\/\/neodal.es\/ca\/wp-json\/wp\/v2\/product"}],"about":[{"href":"https:\/\/neodal.es\/ca\/wp-json\/wp\/v2\/types\/product"}],"version-history":[{"count":0,"href":"https:\/\/neodal.es\/ca\/wp-json\/wp\/v2\/product\/5552\/revisions"}],"wp:featuredmedia":[{"embeddable":true,"href":"https:\/\/neodal.es\/ca\/wp-json\/wp\/v2\/media\/8543"}],"wp:attachment":[{"href":"https:\/\/neodal.es\/ca\/wp-json\/wp\/v2\/media?parent=5552"}],"wp:term":[{"taxonomy":"product_brand","embeddable":true,"href":"https:\/\/neodal.es\/ca\/wp-json\/wp\/v2\/product_brand?post=5552"},{"taxonomy":"product_cat","embeddable":true,"href":"https:\/\/neodal.es\/ca\/wp-json\/wp\/v2\/product_cat?post=5552"},{"taxonomy":"product_tag","embeddable":true,"href":"https:\/\/neodal.es\/ca\/wp-json\/wp\/v2\/product_tag?post=5552"}],"curies":[{"name":"wp","href":"https:\/\/api.w.org\/{rel}","templated":true}]}}