{"id":5556,"date":"2018-10-17T11:43:45","date_gmt":"2018-10-17T11:43:45","guid":{"rendered":"http:\/\/neodal.local\/product\/destructora-intimus-100-cp7-2\/"},"modified":"2018-10-17T11:43:45","modified_gmt":"2018-10-17T11:43:45","slug":"destructora-intimus-100-cp7-2","status":"publish","type":"product","link":"https:\/\/neodal.es\/ca\/producte\/destructora-intimus-100-cp7-2\/","title":{"rendered":"DESTRUCTORA INTIMUS 100 CP7"},"content":{"rendered":"<h3>DESTRUCTORA INTIMUS 100 CP7<\/h3>\n<p>\u00b7 Bajo nivel de ruido.<\/p>\n<p>\u00b7 Arranque\/paro autom\u00e1tico mediante c\u00e9lula fotoel\u00e9ctrica.<\/p>\n<p>\u00b7 Paro autom\u00e1tico en caso de sobrecarga.<\/p>\n<p>\u00b7 Dise\u00f1o herm\u00e9tico con estructura s\u00f3lida de madera.<\/p>\n<p>\u00b7 Con ruedas para una mayor flexibilidad de uso.<\/p>\n<p>\u00b7 Indicadores luminosos de papelera llena<\/p>\n<p>\u00b7 Puerta abierta y atasco de papel<\/p>\n","protected":false},"excerpt":{"rendered":"<p class=\"MsoNormal\">DESTRUCTORA DE PAPEL PARA OFICINA<o:p><\/o:p><\/p>\n<p>La s\u00edntesis entre tecnolog\u00eda, rendimiento y dise\u00f1o. Todas las\u00a0<strong>destructoras\u00a0INTIMUS<\/strong>\u00a0se fabrican empleando componentes duraderos de alto rendimiento, dise\u00f1ados para tener una larga vida \u00fatil con una elevada carga de trabajo. Las destructoras incorporan varias caracter\u00edsticas que las hacen \u00fanicas en cuanto a facilidad de manejo y eficiencia de trabajo.<\/p>\n","protected":false},"featured_media":8543,"template":"","meta":{"_acf_changed":false},"product_brand":[],"product_cat":[1530,1422],"product_tag":[],"class_list":{"0":"post-5556","1":"product","2":"type-product","3":"status-publish","4":"has-post-thumbnail","6":"product_cat-destructoras-de-oficina-ca","7":"product_cat-destructoras-de-paper","9":"first","10":"instock","11":"shipping-taxable","12":"product-type-simple"},"acf":[],"yoast_head":"<!-- This site is optimized with the Yoast SEO plugin v27.4 - https:\/\/yoast.com\/product\/yoast-seo-wordpress\/ -->\n<title>Destructora INTIMUS 100 CP7<\/title>\n<meta name=\"description\" content=\"Destructora de paper per a oficina Intimus 100 CP7 amb tota la efici\u00e8ncia d&#039;un disseny i qualitat alemanya 100%. Demana pressupost de la nostra destructora a Neodal.\" \/>\n<meta name=\"robots\" content=\"index, follow, max-snippet:-1, max-image-preview:large, max-video-preview:-1\" \/>\n<link rel=\"canonical\" href=\"https:\/\/neodal.es\/ca\/producte\/destructora-intimus-100-cp7-2\/\" \/>\n<meta property=\"og:locale\" content=\"ca_ES\" \/>\n<meta property=\"og:type\" content=\"article\" \/>\n<meta property=\"og:title\" content=\"Destructora INTIMUS 100 CP7\" \/>\n<meta property=\"og:description\" content=\"Destructora de paper per a oficina Intimus 100 CP7 amb tota la efici\u00e8ncia d&#039;un disseny i qualitat alemanya 100%. Demana pressupost de la nostra destructora a Neodal.\" \/>\n<meta property=\"og:url\" content=\"https:\/\/neodal.es\/ca\/producte\/destructora-intimus-100-cp7-2\/\" \/>\n<meta property=\"og:site_name\" content=\"neodal\" \/>\n<meta property=\"og:image\" content=\"https:\/\/neodal.es\/wp-content\/uploads\/2018\/10\/972-DESTRUCTORA-DE-OFICINA-INTIMUS-100-CP7.jpg\" \/>\n\t<meta property=\"og:image:width\" content=\"300\" \/>\n\t<meta property=\"og:image:height\" content=\"430\" \/>\n\t<meta property=\"og:image:type\" content=\"image\/jpeg\" \/>\n<meta name=\"twitter:card\" content=\"summary_large_image\" \/>\n<script type=\"application\/ld+json\" class=\"yoast-schema-graph\">{\"@context\":\"https:\\\/\\\/schema.org\",\"@graph\":[{\"@type\":\"WebPage\",\"@id\":\"https:\\\/\\\/neodal.es\\\/ca\\\/producte\\\/destructora-intimus-100-cp7-2\\\/\",\"url\":\"https:\\\/\\\/neodal.es\\\/ca\\\/producte\\\/destructora-intimus-100-cp7-2\\\/\",\"name\":\"Destructora INTIMUS 100 CP7\",\"isPartOf\":{\"@id\":\"https:\\\/\\\/neodal.es\\\/ca\\\/#website\"},\"primaryImageOfPage\":{\"@id\":\"https:\\\/\\\/neodal.es\\\/ca\\\/producte\\\/destructora-intimus-100-cp7-2\\\/#primaryimage\"},\"image\":{\"@id\":\"https:\\\/\\\/neodal.es\\\/ca\\\/producte\\\/destructora-intimus-100-cp7-2\\\/#primaryimage\"},\"thumbnailUrl\":\"https:\\\/\\\/neodal.es\\\/wp-content\\\/uploads\\\/2018\\\/10\\\/int100CP4_frei_klYale0099.webp\",\"datePublished\":\"2018-10-17T11:43:45+00:00\",\"description\":\"Destructora de paper per a oficina Intimus 100 CP7 amb tota la efici\u00e8ncia d'un disseny i qualitat alemanya 100%. Demana pressupost de la nostra destructora a Neodal.\",\"breadcrumb\":{\"@id\":\"https:\\\/\\\/neodal.es\\\/ca\\\/producte\\\/destructora-intimus-100-cp7-2\\\/#breadcrumb\"},\"inLanguage\":\"ca\",\"potentialAction\":[{\"@type\":\"ReadAction\",\"target\":[\"https:\\\/\\\/neodal.es\\\/ca\\\/producte\\\/destructora-intimus-100-cp7-2\\\/\"]}]},{\"@type\":\"ImageObject\",\"inLanguage\":\"ca\",\"@id\":\"https:\\\/\\\/neodal.es\\\/ca\\\/producte\\\/destructora-intimus-100-cp7-2\\\/#primaryimage\",\"url\":\"https:\\\/\\\/neodal.es\\\/wp-content\\\/uploads\\\/2018\\\/10\\\/int100CP4_frei_klYale0099.webp\",\"contentUrl\":\"https:\\\/\\\/neodal.es\\\/wp-content\\\/uploads\\\/2018\\\/10\\\/int100CP4_frei_klYale0099.webp\",\"width\":1200,\"height\":1200},{\"@type\":\"BreadcrumbList\",\"@id\":\"https:\\\/\\\/neodal.es\\\/ca\\\/producte\\\/destructora-intimus-100-cp7-2\\\/#breadcrumb\",\"itemListElement\":[{\"@type\":\"ListItem\",\"position\":1,\"name\":\"Portada\",\"item\":\"https:\\\/\\\/neodal.es\\\/ca\\\/home\\\/\"},{\"@type\":\"ListItem\",\"position\":2,\"name\":\"Productes\",\"item\":\"https:\\\/\\\/neodal.es\\\/ca\\\/productes\\\/\"},{\"@type\":\"ListItem\",\"position\":3,\"name\":\"DESTRUCTORA INTIMUS 100 CP7\"}]},{\"@type\":\"WebSite\",\"@id\":\"https:\\\/\\\/neodal.es\\\/ca\\\/#website\",\"url\":\"https:\\\/\\\/neodal.es\\\/ca\\\/\",\"name\":\"neodal\",\"description\":\"\",\"potentialAction\":[{\"@type\":\"SearchAction\",\"target\":{\"@type\":\"EntryPoint\",\"urlTemplate\":\"https:\\\/\\\/neodal.es\\\/ca\\\/?s={search_term_string}\"},\"query-input\":{\"@type\":\"PropertyValueSpecification\",\"valueRequired\":true,\"valueName\":\"search_term_string\"}}],\"inLanguage\":\"ca\"}]}<\/script>\n<!-- \/ Yoast SEO plugin. -->","yoast_head_json":{"title":"Destructora INTIMUS 100 CP7","description":"Destructora de paper per a oficina Intimus 100 CP7 amb tota la efici\u00e8ncia d'un disseny i qualitat alemanya 100%. Demana pressupost de la nostra destructora a Neodal.","robots":{"index":"index","follow":"follow","max-snippet":"max-snippet:-1","max-image-preview":"max-image-preview:large","max-video-preview":"max-video-preview:-1"},"canonical":"https:\/\/neodal.es\/ca\/producte\/destructora-intimus-100-cp7-2\/","og_locale":"ca_ES","og_type":"article","og_title":"Destructora INTIMUS 100 CP7","og_description":"Destructora de paper per a oficina Intimus 100 CP7 amb tota la efici\u00e8ncia d'un disseny i qualitat alemanya 100%. Demana pressupost de la nostra destructora a Neodal.","og_url":"https:\/\/neodal.es\/ca\/producte\/destructora-intimus-100-cp7-2\/","og_site_name":"neodal","og_image":[{"width":300,"height":430,"url":"https:\/\/neodal.es\/wp-content\/uploads\/2018\/10\/972-DESTRUCTORA-DE-OFICINA-INTIMUS-100-CP7.jpg","type":"image\/jpeg"}],"twitter_card":"summary_large_image","schema":{"@context":"https:\/\/schema.org","@graph":[{"@type":"WebPage","@id":"https:\/\/neodal.es\/ca\/producte\/destructora-intimus-100-cp7-2\/","url":"https:\/\/neodal.es\/ca\/producte\/destructora-intimus-100-cp7-2\/","name":"Destructora INTIMUS 100 CP7","isPartOf":{"@id":"https:\/\/neodal.es\/ca\/#website"},"primaryImageOfPage":{"@id":"https:\/\/neodal.es\/ca\/producte\/destructora-intimus-100-cp7-2\/#primaryimage"},"image":{"@id":"https:\/\/neodal.es\/ca\/producte\/destructora-intimus-100-cp7-2\/#primaryimage"},"thumbnailUrl":"https:\/\/neodal.es\/wp-content\/uploads\/2018\/10\/int100CP4_frei_klYale0099.webp","datePublished":"2018-10-17T11:43:45+00:00","description":"Destructora de paper per a oficina Intimus 100 CP7 amb tota la efici\u00e8ncia d'un disseny i qualitat alemanya 100%. Demana pressupost de la nostra destructora a Neodal.","breadcrumb":{"@id":"https:\/\/neodal.es\/ca\/producte\/destructora-intimus-100-cp7-2\/#breadcrumb"},"inLanguage":"ca","potentialAction":[{"@type":"ReadAction","target":["https:\/\/neodal.es\/ca\/producte\/destructora-intimus-100-cp7-2\/"]}]},{"@type":"ImageObject","inLanguage":"ca","@id":"https:\/\/neodal.es\/ca\/producte\/destructora-intimus-100-cp7-2\/#primaryimage","url":"https:\/\/neodal.es\/wp-content\/uploads\/2018\/10\/int100CP4_frei_klYale0099.webp","contentUrl":"https:\/\/neodal.es\/wp-content\/uploads\/2018\/10\/int100CP4_frei_klYale0099.webp","width":1200,"height":1200},{"@type":"BreadcrumbList","@id":"https:\/\/neodal.es\/ca\/producte\/destructora-intimus-100-cp7-2\/#breadcrumb","itemListElement":[{"@type":"ListItem","position":1,"name":"Portada","item":"https:\/\/neodal.es\/ca\/home\/"},{"@type":"ListItem","position":2,"name":"Productes","item":"https:\/\/neodal.es\/ca\/productes\/"},{"@type":"ListItem","position":3,"name":"DESTRUCTORA INTIMUS 100 CP7"}]},{"@type":"WebSite","@id":"https:\/\/neodal.es\/ca\/#website","url":"https:\/\/neodal.es\/ca\/","name":"neodal","description":"","potentialAction":[{"@type":"SearchAction","target":{"@type":"EntryPoint","urlTemplate":"https:\/\/neodal.es\/ca\/?s={search_term_string}"},"query-input":{"@type":"PropertyValueSpecification","valueRequired":true,"valueName":"search_term_string"}}],"inLanguage":"ca"}]}},"_links":{"self":[{"href":"https:\/\/neodal.es\/ca\/wp-json\/wp\/v2\/product\/5556","targetHints":{"allow":["GET"]}}],"collection":[{"href":"https:\/\/neodal.es\/ca\/wp-json\/wp\/v2\/product"}],"about":[{"href":"https:\/\/neodal.es\/ca\/wp-json\/wp\/v2\/types\/product"}],"version-history":[{"count":0,"href":"https:\/\/neodal.es\/ca\/wp-json\/wp\/v2\/product\/5556\/revisions"}],"wp:featuredmedia":[{"embeddable":true,"href":"https:\/\/neodal.es\/ca\/wp-json\/wp\/v2\/media\/8543"}],"wp:attachment":[{"href":"https:\/\/neodal.es\/ca\/wp-json\/wp\/v2\/media?parent=5556"}],"wp:term":[{"taxonomy":"product_brand","embeddable":true,"href":"https:\/\/neodal.es\/ca\/wp-json\/wp\/v2\/product_brand?post=5556"},{"taxonomy":"product_cat","embeddable":true,"href":"https:\/\/neodal.es\/ca\/wp-json\/wp\/v2\/product_cat?post=5556"},{"taxonomy":"product_tag","embeddable":true,"href":"https:\/\/neodal.es\/ca\/wp-json\/wp\/v2\/product_tag?post=5556"}],"curies":[{"name":"wp","href":"https:\/\/api.w.org\/{rel}","templated":true}]}}