{"id":5633,"date":"2018-10-17T13:17:41","date_gmt":"2018-10-17T13:17:41","guid":{"rendered":"http:\/\/neodal.local\/product\/destructora-intimus-007-sf-2\/"},"modified":"2018-10-17T13:17:41","modified_gmt":"2018-10-17T13:17:41","slug":"destructora-intimus-007-sf-2","status":"publish","type":"product","link":"https:\/\/neodal.es\/ca\/producte\/destructora-intimus-007-sf-2\/","title":{"rendered":"DESTRUCTORA INTIMUS 007 SF"},"content":{"rendered":"<h3>DESTRUCTORA INTIMUS 007 SF<\/h3>\n<p>\u00b7 Destructora de uso intensivo en\u00a0<strong>oficina de alta seguridad.<\/strong><\/p>\n<p>\u00b7 Volumen del\u00a0<strong>recipiente 175 litros.<\/strong><\/p>\n<p>\u00b7 Ancho de trabajo 300 mm (Alimentaci\u00f3n A4 en horizontal)<\/p>\n<p>\u00b7 Potente\u00a0<strong>motor de 1.900 Kw.<\/strong><\/p>\n<p>\u00b7 Disponible en corte cruzado \u201cCC\u201d<\/p>\n<p>\u00b7 Nivel de seguridad\u00a0<strong>P6 SE (0,7 x 9,5mm)<\/strong><\/p>\n<p>\u00b7 Nivel de seguridad\u00a0<strong>P7 SF (0,8 x 4,5mm)<\/strong><\/p>\n<p>\u00b7 Destrucci\u00f3n de hasta 12\/14 hojas (P6 SE)<\/p>\n<p>\u00b7 Destrucci\u00f3n de hasta 8\/10 hojas (P7 SF)<\/p>\n<p>\u00b7\u00a0<strong>Arranque y paro autom\u00e1tico mediante c\u00e9lula<\/strong>\u00a0fotoel\u00e9ctrica con microcontrolador.<\/p>\n<p>\u00b7 Panel de control con claro e intuitivos.<\/p>\n<p>\u00b7\u00a0<strong>Indicadores luminosos, reposo, papelera llena, puerta abierta y atasco de papel<\/strong>.<\/p>\n<p>\u00b7 Disponible con auto lubricante autom\u00e1tico.<\/p>\n<p>\u00b7 Recipiente de cart\u00f3n endurecido de alta capacidad.<\/p>\n<p>\u00b7 Recipiente extra\u00edble mediante mecanismo deslizante<\/p>\n<p>\u00b7 Dise\u00f1o exclusivo con\u00a0<strong>mueble de madera y ruedas<\/strong>.<\/p>\n<p>\u00b7 Bajo nivel de ruido 70 Db<strong>.<\/strong><\/p>\n<p>\u00b7 Soporte de papel frontal.<\/p>\n<p>\u00b7\u00a0<b>Velocidad de\u00a0destrucci\u00f3n\u00a00,23 Mt.\/Sg.<\/b><\/p>\n<p>\u00b7 Garant\u00eda cuchillas de corte: 2 a\u00f1os.<\/p>\n<p>\u00b7 Dimensiones: 700x550x1115 mm (WxDxH)<\/p>\n<p>\u00b7 Peso: 142kg.<\/p>\n","protected":false},"excerpt":{"rendered":"<h2 class=\"MsoNormal\">DESTRUCTORA DE PAPEL PARA OFICINA<o:p><\/o:p><\/h2>\n<p>La destructora\u00a0<strong>INTIMUS 007 SF<\/strong>\u00a0es segura, potente, silenciosa, y con un exclusivo dise\u00f1o. Dispone de dep\u00f3sito de residuos de gran capacidad con mueble de madera con ruedas. F\u00e1cil de usar y respetuosa con al medio ambiente. I- CONTROL, DLS, ECO \u2013 ECOLOLOGIC. Fabricaci\u00f3n 100% \u201cMade in Germany\u201d. Inversi\u00f3n segura, garant\u00eda de amortizaci\u00f3n a largo plazo.\u00a0<\/p>\n","protected":false},"featured_media":5630,"template":"","meta":{"_acf_changed":false},"product_brand":[],"product_cat":[1530,1422],"product_tag":[],"class_list":{"0":"post-5633","1":"product","2":"type-product","3":"status-publish","4":"has-post-thumbnail","6":"product_cat-destructoras-de-oficina-ca","7":"product_cat-destructoras-de-paper","9":"first","10":"instock","11":"shipping-taxable","12":"product-type-simple"},"acf":[],"yoast_head":"<!-- This site is optimized with the Yoast SEO plugin v27.4 - https:\/\/yoast.com\/product\/yoast-seo-wordpress\/ -->\n<title>Destructora INTIMUS 007 SF<\/title>\n<meta name=\"robots\" content=\"index, follow, max-snippet:-1, max-image-preview:large, max-video-preview:-1\" \/>\n<link rel=\"canonical\" href=\"https:\/\/neodal.es\/ca\/producte\/destructora-intimus-007-sf-2\/\" \/>\n<meta property=\"og:locale\" content=\"ca_ES\" \/>\n<meta property=\"og:type\" content=\"article\" \/>\n<meta property=\"og:title\" content=\"Destructora INTIMUS 007 SF\" \/>\n<meta property=\"og:description\" content=\"DESTRUCTORA DE PAPEL PARA OFICINA La destructora\u00a0INTIMUS 007 SF\u00a0es segura, potente, silenciosa, y con un exclusivo dise\u00f1o. Dispone de dep\u00f3sito de residuos de gran capacidad con mueble de madera con ruedas. F\u00e1cil de usar y respetuosa con al medio ambiente. I- CONTROL, DLS, ECO \u2013 ECOLOLOGIC. Fabricaci\u00f3n 100% \u201cMade in Germany\u201d. Inversi\u00f3n segura, garant\u00eda de amortizaci\u00f3n a largo plazo.\u00a0\" \/>\n<meta property=\"og:url\" content=\"https:\/\/neodal.es\/ca\/producte\/destructora-intimus-007-sf-2\/\" \/>\n<meta property=\"og:site_name\" content=\"neodal\" \/>\n<meta property=\"og:image\" content=\"https:\/\/neodal.es\/wp-content\/uploads\/2018\/10\/1010-Destructora-de-oficina-INTIMUS-007-SF.jpg\" \/>\n\t<meta property=\"og:image:width\" content=\"453\" \/>\n\t<meta property=\"og:image:height\" content=\"453\" \/>\n\t<meta property=\"og:image:type\" content=\"image\/jpeg\" \/>\n<meta name=\"twitter:card\" content=\"summary_large_image\" \/>\n<meta name=\"twitter:label1\" content=\"Temps estimat de lectura\" \/>\n\t<meta name=\"twitter:data1\" content=\"1 minut\" \/>\n<script type=\"application\/ld+json\" class=\"yoast-schema-graph\">{\"@context\":\"https:\\\/\\\/schema.org\",\"@graph\":[{\"@type\":\"WebPage\",\"@id\":\"https:\\\/\\\/neodal.es\\\/ca\\\/producte\\\/destructora-intimus-007-sf-2\\\/\",\"url\":\"https:\\\/\\\/neodal.es\\\/ca\\\/producte\\\/destructora-intimus-007-sf-2\\\/\",\"name\":\"Destructora INTIMUS 007 SF\",\"isPartOf\":{\"@id\":\"https:\\\/\\\/neodal.es\\\/ca\\\/#website\"},\"primaryImageOfPage\":{\"@id\":\"https:\\\/\\\/neodal.es\\\/ca\\\/producte\\\/destructora-intimus-007-sf-2\\\/#primaryimage\"},\"image\":{\"@id\":\"https:\\\/\\\/neodal.es\\\/ca\\\/producte\\\/destructora-intimus-007-sf-2\\\/#primaryimage\"},\"thumbnailUrl\":\"https:\\\/\\\/neodal.es\\\/wp-content\\\/uploads\\\/2018\\\/10\\\/1010-Destructora-de-oficina-INTIMUS-007-SF.jpg\",\"datePublished\":\"2018-10-17T13:17:41+00:00\",\"breadcrumb\":{\"@id\":\"https:\\\/\\\/neodal.es\\\/ca\\\/producte\\\/destructora-intimus-007-sf-2\\\/#breadcrumb\"},\"inLanguage\":\"ca\",\"potentialAction\":[{\"@type\":\"ReadAction\",\"target\":[\"https:\\\/\\\/neodal.es\\\/ca\\\/producte\\\/destructora-intimus-007-sf-2\\\/\"]}]},{\"@type\":\"ImageObject\",\"inLanguage\":\"ca\",\"@id\":\"https:\\\/\\\/neodal.es\\\/ca\\\/producte\\\/destructora-intimus-007-sf-2\\\/#primaryimage\",\"url\":\"https:\\\/\\\/neodal.es\\\/wp-content\\\/uploads\\\/2018\\\/10\\\/1010-Destructora-de-oficina-INTIMUS-007-SF.jpg\",\"contentUrl\":\"https:\\\/\\\/neodal.es\\\/wp-content\\\/uploads\\\/2018\\\/10\\\/1010-Destructora-de-oficina-INTIMUS-007-SF.jpg\",\"width\":453,\"height\":453,\"caption\":\"Destructora de oficina INTIMUS 007 SF\"},{\"@type\":\"BreadcrumbList\",\"@id\":\"https:\\\/\\\/neodal.es\\\/ca\\\/producte\\\/destructora-intimus-007-sf-2\\\/#breadcrumb\",\"itemListElement\":[{\"@type\":\"ListItem\",\"position\":1,\"name\":\"Portada\",\"item\":\"https:\\\/\\\/neodal.es\\\/ca\\\/home\\\/\"},{\"@type\":\"ListItem\",\"position\":2,\"name\":\"Productes\",\"item\":\"https:\\\/\\\/neodal.es\\\/ca\\\/productes\\\/\"},{\"@type\":\"ListItem\",\"position\":3,\"name\":\"DESTRUCTORA INTIMUS 007 SF\"}]},{\"@type\":\"WebSite\",\"@id\":\"https:\\\/\\\/neodal.es\\\/ca\\\/#website\",\"url\":\"https:\\\/\\\/neodal.es\\\/ca\\\/\",\"name\":\"neodal\",\"description\":\"\",\"potentialAction\":[{\"@type\":\"SearchAction\",\"target\":{\"@type\":\"EntryPoint\",\"urlTemplate\":\"https:\\\/\\\/neodal.es\\\/ca\\\/?s={search_term_string}\"},\"query-input\":{\"@type\":\"PropertyValueSpecification\",\"valueRequired\":true,\"valueName\":\"search_term_string\"}}],\"inLanguage\":\"ca\"}]}<\/script>\n<!-- \/ Yoast SEO plugin. -->","yoast_head_json":{"title":"Destructora INTIMUS 007 SF","robots":{"index":"index","follow":"follow","max-snippet":"max-snippet:-1","max-image-preview":"max-image-preview:large","max-video-preview":"max-video-preview:-1"},"canonical":"https:\/\/neodal.es\/ca\/producte\/destructora-intimus-007-sf-2\/","og_locale":"ca_ES","og_type":"article","og_title":"Destructora INTIMUS 007 SF","og_description":"DESTRUCTORA DE PAPEL PARA OFICINA La destructora\u00a0INTIMUS 007 SF\u00a0es segura, potente, silenciosa, y con un exclusivo dise\u00f1o. Dispone de dep\u00f3sito de residuos de gran capacidad con mueble de madera con ruedas. F\u00e1cil de usar y respetuosa con al medio ambiente. I- CONTROL, DLS, ECO \u2013 ECOLOLOGIC. Fabricaci\u00f3n 100% \u201cMade in Germany\u201d. Inversi\u00f3n segura, garant\u00eda de amortizaci\u00f3n a largo plazo.\u00a0","og_url":"https:\/\/neodal.es\/ca\/producte\/destructora-intimus-007-sf-2\/","og_site_name":"neodal","og_image":[{"width":453,"height":453,"url":"https:\/\/neodal.es\/wp-content\/uploads\/2018\/10\/1010-Destructora-de-oficina-INTIMUS-007-SF.jpg","type":"image\/jpeg"}],"twitter_card":"summary_large_image","twitter_misc":{"Temps estimat de lectura":"1 minut"},"schema":{"@context":"https:\/\/schema.org","@graph":[{"@type":"WebPage","@id":"https:\/\/neodal.es\/ca\/producte\/destructora-intimus-007-sf-2\/","url":"https:\/\/neodal.es\/ca\/producte\/destructora-intimus-007-sf-2\/","name":"Destructora INTIMUS 007 SF","isPartOf":{"@id":"https:\/\/neodal.es\/ca\/#website"},"primaryImageOfPage":{"@id":"https:\/\/neodal.es\/ca\/producte\/destructora-intimus-007-sf-2\/#primaryimage"},"image":{"@id":"https:\/\/neodal.es\/ca\/producte\/destructora-intimus-007-sf-2\/#primaryimage"},"thumbnailUrl":"https:\/\/neodal.es\/wp-content\/uploads\/2018\/10\/1010-Destructora-de-oficina-INTIMUS-007-SF.jpg","datePublished":"2018-10-17T13:17:41+00:00","breadcrumb":{"@id":"https:\/\/neodal.es\/ca\/producte\/destructora-intimus-007-sf-2\/#breadcrumb"},"inLanguage":"ca","potentialAction":[{"@type":"ReadAction","target":["https:\/\/neodal.es\/ca\/producte\/destructora-intimus-007-sf-2\/"]}]},{"@type":"ImageObject","inLanguage":"ca","@id":"https:\/\/neodal.es\/ca\/producte\/destructora-intimus-007-sf-2\/#primaryimage","url":"https:\/\/neodal.es\/wp-content\/uploads\/2018\/10\/1010-Destructora-de-oficina-INTIMUS-007-SF.jpg","contentUrl":"https:\/\/neodal.es\/wp-content\/uploads\/2018\/10\/1010-Destructora-de-oficina-INTIMUS-007-SF.jpg","width":453,"height":453,"caption":"Destructora de oficina INTIMUS 007 SF"},{"@type":"BreadcrumbList","@id":"https:\/\/neodal.es\/ca\/producte\/destructora-intimus-007-sf-2\/#breadcrumb","itemListElement":[{"@type":"ListItem","position":1,"name":"Portada","item":"https:\/\/neodal.es\/ca\/home\/"},{"@type":"ListItem","position":2,"name":"Productes","item":"https:\/\/neodal.es\/ca\/productes\/"},{"@type":"ListItem","position":3,"name":"DESTRUCTORA INTIMUS 007 SF"}]},{"@type":"WebSite","@id":"https:\/\/neodal.es\/ca\/#website","url":"https:\/\/neodal.es\/ca\/","name":"neodal","description":"","potentialAction":[{"@type":"SearchAction","target":{"@type":"EntryPoint","urlTemplate":"https:\/\/neodal.es\/ca\/?s={search_term_string}"},"query-input":{"@type":"PropertyValueSpecification","valueRequired":true,"valueName":"search_term_string"}}],"inLanguage":"ca"}]}},"_links":{"self":[{"href":"https:\/\/neodal.es\/ca\/wp-json\/wp\/v2\/product\/5633","targetHints":{"allow":["GET"]}}],"collection":[{"href":"https:\/\/neodal.es\/ca\/wp-json\/wp\/v2\/product"}],"about":[{"href":"https:\/\/neodal.es\/ca\/wp-json\/wp\/v2\/types\/product"}],"version-history":[{"count":0,"href":"https:\/\/neodal.es\/ca\/wp-json\/wp\/v2\/product\/5633\/revisions"}],"wp:featuredmedia":[{"embeddable":true,"href":"https:\/\/neodal.es\/ca\/wp-json\/wp\/v2\/media\/5630"}],"wp:attachment":[{"href":"https:\/\/neodal.es\/ca\/wp-json\/wp\/v2\/media?parent=5633"}],"wp:term":[{"taxonomy":"product_brand","embeddable":true,"href":"https:\/\/neodal.es\/ca\/wp-json\/wp\/v2\/product_brand?post=5633"},{"taxonomy":"product_cat","embeddable":true,"href":"https:\/\/neodal.es\/ca\/wp-json\/wp\/v2\/product_cat?post=5633"},{"taxonomy":"product_tag","embeddable":true,"href":"https:\/\/neodal.es\/ca\/wp-json\/wp\/v2\/product_tag?post=5633"}],"curies":[{"name":"wp","href":"https:\/\/api.w.org\/{rel}","templated":true}]}}