{"id":5683,"date":"2018-10-19T10:59:11","date_gmt":"2018-10-19T10:59:11","guid":{"rendered":"http:\/\/neodal.local\/product\/destructora-intimus-175-cp7-2\/"},"modified":"2018-10-19T10:59:11","modified_gmt":"2018-10-19T10:59:11","slug":"destructora-intimus-175-cp7-2","status":"publish","type":"product","link":"https:\/\/neodal.es\/ca\/producte\/destructora-intimus-175-cp7-2\/","title":{"rendered":"DESTRUCTORA INTIMUS 175 CP7"},"content":{"rendered":"<h3>DESTRUCTORA INTIMUS 175 CP7<\/h3>\n<p>\u00b7 Bajo nivel de ruido.<\/p>\n<p>\u00b7 Funci\u00f3n de retroceso autom\u00e1tico integrada para solucionar f\u00e1cilmente los atascos de papel.<\/p>\n<p>\u00b7 Indicadores luminosos de modo reposo, papelera llena, puerta abierta y atasco de papel.<\/p>\n<p>\u00b7 Dise\u00f1o herm\u00e9tico con estructura s\u00f3lida de madera.<\/p>\n<p>\u00b7 Con ruedas para una f\u00e1cil movilidad.<\/p>\n","protected":false},"excerpt":{"rendered":"<h2 class=\"MsoNormal\">DESTRUCTORA DE PAPEL DE ALTA CAPACIDAD<o:p><\/o:p><\/h2>\n<p>La s\u00edntesis entre tecnolog\u00eda, rendimiento y dise\u00f1o. Todas las destructoras\u00a0INTIMUS\u00a0se fabrican empleando componentes duraderos de alto rendimiento, dise\u00f1ados para tener una larga vida \u00fatil con una elevada carga de trabajo. Las destructoras incorporan varias caracter\u00edsticas que las hacen \u00fanicas en cuanto a facilidad de manejo y eficiencia de trabajo.<\/p>\n","protected":false},"featured_media":8599,"template":"","meta":{"_acf_changed":false},"product_brand":[],"product_cat":[1556,1422],"product_tag":[],"class_list":{"0":"post-5683","1":"product","2":"type-product","3":"status-publish","4":"has-post-thumbnail","6":"product_cat-destructora-gran-capacitat","7":"product_cat-destructoras-de-paper","9":"first","10":"instock","11":"shipping-taxable","12":"product-type-simple"},"acf":[],"yoast_head":"<!-- This site is optimized with the Yoast SEO plugin v27.4 - https:\/\/yoast.com\/product\/yoast-seo-wordpress\/ -->\n<title>Destructora INTIMUS 175 CP7<\/title>\n<meta name=\"description\" content=\"Destructora INTIMUS 175 CP7. Baix nivel de soroll. Alta capacitat. La millor m\u00e0quina per destruir documents. Destructores INTIMUS. Consulti preu i cat\u00e0leg!\" \/>\n<meta name=\"robots\" content=\"index, follow, max-snippet:-1, max-image-preview:large, max-video-preview:-1\" \/>\n<link rel=\"canonical\" href=\"https:\/\/neodal.es\/ca\/producte\/destructora-intimus-175-cp7-2\/\" \/>\n<meta property=\"og:locale\" content=\"ca_ES\" \/>\n<meta property=\"og:type\" content=\"article\" \/>\n<meta property=\"og:title\" content=\"Destructora INTIMUS 175 CP7\" \/>\n<meta property=\"og:description\" content=\"Destructora INTIMUS 175 CP7. Baix nivel de soroll. Alta capacitat. La millor m\u00e0quina per destruir documents. Destructores INTIMUS. Consulti preu i cat\u00e0leg!\" \/>\n<meta property=\"og:url\" content=\"https:\/\/neodal.es\/ca\/producte\/destructora-intimus-175-cp7-2\/\" \/>\n<meta property=\"og:site_name\" content=\"neodal\" \/>\n<meta property=\"og:image\" content=\"https:\/\/neodal.es\/wp-content\/uploads\/2018\/10\/1031-Destructora-INTIMUS-175-CP7-alta-capacidad.jpg\" \/>\n\t<meta property=\"og:image:width\" content=\"709\" \/>\n\t<meta property=\"og:image:height\" content=\"928\" \/>\n\t<meta property=\"og:image:type\" content=\"image\/jpeg\" \/>\n<meta name=\"twitter:card\" content=\"summary_large_image\" \/>\n<script type=\"application\/ld+json\" class=\"yoast-schema-graph\">{\"@context\":\"https:\\\/\\\/schema.org\",\"@graph\":[{\"@type\":\"WebPage\",\"@id\":\"https:\\\/\\\/neodal.es\\\/ca\\\/producte\\\/destructora-intimus-175-cp7-2\\\/\",\"url\":\"https:\\\/\\\/neodal.es\\\/ca\\\/producte\\\/destructora-intimus-175-cp7-2\\\/\",\"name\":\"Destructora INTIMUS 175 CP7\",\"isPartOf\":{\"@id\":\"https:\\\/\\\/neodal.es\\\/ca\\\/#website\"},\"primaryImageOfPage\":{\"@id\":\"https:\\\/\\\/neodal.es\\\/ca\\\/producte\\\/destructora-intimus-175-cp7-2\\\/#primaryimage\"},\"image\":{\"@id\":\"https:\\\/\\\/neodal.es\\\/ca\\\/producte\\\/destructora-intimus-175-cp7-2\\\/#primaryimage\"},\"thumbnailUrl\":\"https:\\\/\\\/neodal.es\\\/wp-content\\\/uploads\\\/2018\\\/10\\\/int_175_CP7.webp\",\"datePublished\":\"2018-10-19T10:59:11+00:00\",\"description\":\"Destructora INTIMUS 175 CP7. Baix nivel de soroll. Alta capacitat. La millor m\u00e0quina per destruir documents. Destructores INTIMUS. Consulti preu i cat\u00e0leg!\",\"breadcrumb\":{\"@id\":\"https:\\\/\\\/neodal.es\\\/ca\\\/producte\\\/destructora-intimus-175-cp7-2\\\/#breadcrumb\"},\"inLanguage\":\"ca\",\"potentialAction\":[{\"@type\":\"ReadAction\",\"target\":[\"https:\\\/\\\/neodal.es\\\/ca\\\/producte\\\/destructora-intimus-175-cp7-2\\\/\"]}]},{\"@type\":\"ImageObject\",\"inLanguage\":\"ca\",\"@id\":\"https:\\\/\\\/neodal.es\\\/ca\\\/producte\\\/destructora-intimus-175-cp7-2\\\/#primaryimage\",\"url\":\"https:\\\/\\\/neodal.es\\\/wp-content\\\/uploads\\\/2018\\\/10\\\/int_175_CP7.webp\",\"contentUrl\":\"https:\\\/\\\/neodal.es\\\/wp-content\\\/uploads\\\/2018\\\/10\\\/int_175_CP7.webp\",\"width\":1300,\"height\":1300},{\"@type\":\"BreadcrumbList\",\"@id\":\"https:\\\/\\\/neodal.es\\\/ca\\\/producte\\\/destructora-intimus-175-cp7-2\\\/#breadcrumb\",\"itemListElement\":[{\"@type\":\"ListItem\",\"position\":1,\"name\":\"Portada\",\"item\":\"https:\\\/\\\/neodal.es\\\/ca\\\/home\\\/\"},{\"@type\":\"ListItem\",\"position\":2,\"name\":\"Productes\",\"item\":\"https:\\\/\\\/neodal.es\\\/ca\\\/productes\\\/\"},{\"@type\":\"ListItem\",\"position\":3,\"name\":\"DESTRUCTORA INTIMUS 175 CP7\"}]},{\"@type\":\"WebSite\",\"@id\":\"https:\\\/\\\/neodal.es\\\/ca\\\/#website\",\"url\":\"https:\\\/\\\/neodal.es\\\/ca\\\/\",\"name\":\"neodal\",\"description\":\"\",\"potentialAction\":[{\"@type\":\"SearchAction\",\"target\":{\"@type\":\"EntryPoint\",\"urlTemplate\":\"https:\\\/\\\/neodal.es\\\/ca\\\/?s={search_term_string}\"},\"query-input\":{\"@type\":\"PropertyValueSpecification\",\"valueRequired\":true,\"valueName\":\"search_term_string\"}}],\"inLanguage\":\"ca\"}]}<\/script>\n<!-- \/ Yoast SEO plugin. -->","yoast_head_json":{"title":"Destructora INTIMUS 175 CP7","description":"Destructora INTIMUS 175 CP7. Baix nivel de soroll. Alta capacitat. La millor m\u00e0quina per destruir documents. Destructores INTIMUS. Consulti preu i cat\u00e0leg!","robots":{"index":"index","follow":"follow","max-snippet":"max-snippet:-1","max-image-preview":"max-image-preview:large","max-video-preview":"max-video-preview:-1"},"canonical":"https:\/\/neodal.es\/ca\/producte\/destructora-intimus-175-cp7-2\/","og_locale":"ca_ES","og_type":"article","og_title":"Destructora INTIMUS 175 CP7","og_description":"Destructora INTIMUS 175 CP7. Baix nivel de soroll. Alta capacitat. La millor m\u00e0quina per destruir documents. Destructores INTIMUS. Consulti preu i cat\u00e0leg!","og_url":"https:\/\/neodal.es\/ca\/producte\/destructora-intimus-175-cp7-2\/","og_site_name":"neodal","og_image":[{"width":709,"height":928,"url":"https:\/\/neodal.es\/wp-content\/uploads\/2018\/10\/1031-Destructora-INTIMUS-175-CP7-alta-capacidad.jpg","type":"image\/jpeg"}],"twitter_card":"summary_large_image","schema":{"@context":"https:\/\/schema.org","@graph":[{"@type":"WebPage","@id":"https:\/\/neodal.es\/ca\/producte\/destructora-intimus-175-cp7-2\/","url":"https:\/\/neodal.es\/ca\/producte\/destructora-intimus-175-cp7-2\/","name":"Destructora INTIMUS 175 CP7","isPartOf":{"@id":"https:\/\/neodal.es\/ca\/#website"},"primaryImageOfPage":{"@id":"https:\/\/neodal.es\/ca\/producte\/destructora-intimus-175-cp7-2\/#primaryimage"},"image":{"@id":"https:\/\/neodal.es\/ca\/producte\/destructora-intimus-175-cp7-2\/#primaryimage"},"thumbnailUrl":"https:\/\/neodal.es\/wp-content\/uploads\/2018\/10\/int_175_CP7.webp","datePublished":"2018-10-19T10:59:11+00:00","description":"Destructora INTIMUS 175 CP7. Baix nivel de soroll. Alta capacitat. La millor m\u00e0quina per destruir documents. Destructores INTIMUS. Consulti preu i cat\u00e0leg!","breadcrumb":{"@id":"https:\/\/neodal.es\/ca\/producte\/destructora-intimus-175-cp7-2\/#breadcrumb"},"inLanguage":"ca","potentialAction":[{"@type":"ReadAction","target":["https:\/\/neodal.es\/ca\/producte\/destructora-intimus-175-cp7-2\/"]}]},{"@type":"ImageObject","inLanguage":"ca","@id":"https:\/\/neodal.es\/ca\/producte\/destructora-intimus-175-cp7-2\/#primaryimage","url":"https:\/\/neodal.es\/wp-content\/uploads\/2018\/10\/int_175_CP7.webp","contentUrl":"https:\/\/neodal.es\/wp-content\/uploads\/2018\/10\/int_175_CP7.webp","width":1300,"height":1300},{"@type":"BreadcrumbList","@id":"https:\/\/neodal.es\/ca\/producte\/destructora-intimus-175-cp7-2\/#breadcrumb","itemListElement":[{"@type":"ListItem","position":1,"name":"Portada","item":"https:\/\/neodal.es\/ca\/home\/"},{"@type":"ListItem","position":2,"name":"Productes","item":"https:\/\/neodal.es\/ca\/productes\/"},{"@type":"ListItem","position":3,"name":"DESTRUCTORA INTIMUS 175 CP7"}]},{"@type":"WebSite","@id":"https:\/\/neodal.es\/ca\/#website","url":"https:\/\/neodal.es\/ca\/","name":"neodal","description":"","potentialAction":[{"@type":"SearchAction","target":{"@type":"EntryPoint","urlTemplate":"https:\/\/neodal.es\/ca\/?s={search_term_string}"},"query-input":{"@type":"PropertyValueSpecification","valueRequired":true,"valueName":"search_term_string"}}],"inLanguage":"ca"}]}},"_links":{"self":[{"href":"https:\/\/neodal.es\/ca\/wp-json\/wp\/v2\/product\/5683","targetHints":{"allow":["GET"]}}],"collection":[{"href":"https:\/\/neodal.es\/ca\/wp-json\/wp\/v2\/product"}],"about":[{"href":"https:\/\/neodal.es\/ca\/wp-json\/wp\/v2\/types\/product"}],"version-history":[{"count":0,"href":"https:\/\/neodal.es\/ca\/wp-json\/wp\/v2\/product\/5683\/revisions"}],"wp:featuredmedia":[{"embeddable":true,"href":"https:\/\/neodal.es\/ca\/wp-json\/wp\/v2\/media\/8599"}],"wp:attachment":[{"href":"https:\/\/neodal.es\/ca\/wp-json\/wp\/v2\/media?parent=5683"}],"wp:term":[{"taxonomy":"product_brand","embeddable":true,"href":"https:\/\/neodal.es\/ca\/wp-json\/wp\/v2\/product_brand?post=5683"},{"taxonomy":"product_cat","embeddable":true,"href":"https:\/\/neodal.es\/ca\/wp-json\/wp\/v2\/product_cat?post=5683"},{"taxonomy":"product_tag","embeddable":true,"href":"https:\/\/neodal.es\/ca\/wp-json\/wp\/v2\/product_tag?post=5683"}],"curies":[{"name":"wp","href":"https:\/\/api.w.org\/{rel}","templated":true}]}}