{"id":5713,"date":"2018-10-19T11:53:09","date_gmt":"2018-10-19T11:53:09","guid":{"rendered":"http:\/\/neodal.local\/product\/destructora-intimus-h200\/"},"modified":"2018-10-19T11:53:09","modified_gmt":"2018-10-19T11:53:09","slug":"destructora-intimus-h200","status":"publish","type":"product","link":"https:\/\/neodal.es\/ca\/producte\/destructora-intimus-h200\/","title":{"rendered":"DESTRUCTORA INTIMUS H200 VS"},"content":{"rendered":"<h3>DESTRCUTORA INTIMUS H200 VS<\/h3>\n<p style=\"font-size: 11px; font-weight: 400;\">\u00b7 Destructora de uso intensivo en oficina<\/p>\n<p style=\"font-size: 11px; font-weight: 400;\">\u00b7\u00a0<strong>Tova superior para vaciado de papeleras<\/strong>.\u00a0<\/p>\n<p style=\"font-size: 11px; font-weight: 400;\">\u00b7 Posibilidad de vaciado de papeleras en tolva.<\/p>\n<p style=\"font-size: 11px; font-weight: 400;\">\u00b7 Volumen del\u00a0<strong>recipiente 200 litros.<\/strong><\/p>\n<p style=\"font-size: 11px; font-weight: 400;\">\u00b7 Corte cruzado \u201cCC\u201d. (3,8 x 40mm)<\/p>\n<p style=\"font-size: 11px; font-weight: 400;\">\u00b7 Nivel de\u00a0<strong>seguridad P4<\/strong><\/p>\n<p style=\"font-size: 11px; font-weight: 400;\">\u00b7 Destrucci\u00f3n de hasta\u00a0<strong>65\/75 hojas<\/strong>\u00a0(modelo CC)<\/p>\n<p style=\"font-size: 11px; font-weight: 400;\">\u00b7 Destrucci\u00f3n de hasta\u00a0<strong>55\/65 hojas<\/strong>\u00a0(modelo VS \u2013 Vel. Variable)<\/p>\n<p style=\"font-size: 11px; font-weight: 400;\">\u00b7 Apagado y encendido del equipo autom\u00e1tico mediante fotoc\u00e9lula.<\/p>\n<p style=\"font-size: 11px; font-weight: 400;\">\u00b7 Panel de control con claros e intuitivos indicadores visuales.<\/p>\n<p style=\"font-size: 11px; font-weight: 400;\">\u00b7 Control de<strong>\u00a0retroceso autom\u00e1tico en caso de sobrecarga\u00a0<\/strong>de papel.<\/p>\n<p style=\"font-size: 11px; font-weight: 400;\">\u00b7 Admite grapas, clips, tarjetas de cr\u00e9dito\u2026<\/p>\n<p style=\"font-size: 11px; font-weight: 400;\">\u00b7 Indicador de dep\u00f3sito lleno. Indicador visual sonoro.<\/p>\n<p style=\"font-size: 11px; font-weight: 400;\">\u00b7 Recipiente de residuos de cart\u00f3n endurecido de alta capacidad<\/p>\n<p style=\"font-size: 11px; font-weight: 400;\">\u00b7 Recipiente con mecanismo deslizante para f\u00e1cil eliminaci\u00f3n de residuos.<\/p>\n<p style=\"font-size: 11px; font-weight: 400;\">\u00b7\u00a0<strong>Ancho de trabajo 444 mm (Alimentaci\u00f3n A3 &#038; A4 en horizontal)<\/strong><\/p>\n<p style=\"font-size: 11px; font-weight: 400;\">\u00b7 Dise\u00f1o exclusivo con mueble de madera y ruedas.<\/p>\n<p style=\"font-size: 11px; font-weight: 400;\">\u00b7\u00a0<strong>Bajo nivel de ruido 56\/48-69 Db<\/strong>.<\/p>\n<p style=\"font-size: 11px; font-weight: 400;\">\u00b7 Soporte de papel frontal.<\/p>\n<p style=\"font-size: 11px; font-weight: 400;\">\u00b7 Velocidad de destrucci\u00f3n\u00a0<strong>0,24 Mt.\/Sg.<\/strong>\u00a0(Mod. CC) &#038;\u00a0<strong>0,36 Mt\/Sg.<\/strong>\u00a0(Mod. VS)<\/p>\n<p style=\"font-size: 11px; font-weight: 400;\">\u00b7 Garant\u00eda cuchillas de corte: 3 a\u00f1os.<\/p>\n<p style=\"font-size: 11px; font-weight: 400;\">\u00b7\u00a0<strong>Potente motor de 3.900 Kw\/T (CC4) &#038; 2.900 Kw\/T (VS)<\/strong><\/p>\n<p style=\"font-size: 11px; font-weight: 400;\">\u00b7 Dimensiones (An x Pr x Al) 750 x 550 x 1800mm.<\/p>\n<p style=\"font-size: 11px; font-weight: 400;\">\u00b7 Peso: 201 kg.\u00a0\u00a0<\/p>\n","protected":false},"excerpt":{"rendered":"<h2 class=\"MsoNormal\">DESTRUCTORA DE PAPEL DE ALTA CAPACIDAD<o:p><\/o:p><\/h2>\n<p>La destructora\u00a0<strong>INTIMUS H200 VS<\/strong>\u00a0es segura, potente, silenciosa, y con un exclusivo dise\u00f1o. Dispone de dep\u00f3sito de residuos de gran capacidad con mueble de madera con ruedas. F\u00e1cil de usar y respetuosa con al medio ambiente. Fabricaci\u00f3n 100% \u201cMade in Germany\u201d. Inversi\u00f3n segura, garant\u00eda de amortizaci\u00f3n a largo plazo.\u00a0<\/p>\n","protected":false},"featured_media":8640,"comment_status":"open","ping_status":"closed","template":"","meta":{"_acf_changed":false},"product_brand":[],"product_cat":[1556,1422],"product_tag":[],"class_list":{"0":"post-5713","1":"product","2":"type-product","3":"status-publish","4":"has-post-thumbnail","6":"product_cat-destructora-gran-capacitat","7":"product_cat-destructoras-de-paper","9":"first","10":"instock","11":"shipping-taxable","12":"product-type-simple"},"acf":[],"yoast_head":"<!-- This site is optimized with the Yoast SEO plugin v27.0 - https:\/\/yoast.com\/product\/yoast-seo-wordpress\/ -->\n<title>Destructora INTIMUS H200 VS<\/title>\n<meta name=\"robots\" content=\"index, follow, max-snippet:-1, max-image-preview:large, max-video-preview:-1\" \/>\n<link rel=\"canonical\" href=\"https:\/\/neodal.es\/ca\/producte\/destructora-intimus-h200\/\" \/>\n<meta property=\"og:locale\" content=\"ca_ES\" \/>\n<meta property=\"og:type\" content=\"article\" \/>\n<meta property=\"og:title\" content=\"Destructora INTIMUS H200 VS\" \/>\n<meta property=\"og:description\" content=\"DESTRUCTORA DE PAPEL DE ALTA CAPACIDAD La destructora\u00a0INTIMUS H200 VS\u00a0es segura, potente, silenciosa, y con un exclusivo dise\u00f1o. Dispone de dep\u00f3sito de residuos de gran capacidad con mueble de madera con ruedas. F\u00e1cil de usar y respetuosa con al medio ambiente. Fabricaci\u00f3n 100% \u201cMade in Germany\u201d. Inversi\u00f3n segura, garant\u00eda de amortizaci\u00f3n a largo plazo.\u00a0\" \/>\n<meta property=\"og:url\" content=\"https:\/\/neodal.es\/ca\/producte\/destructora-intimus-h200\/\" \/>\n<meta property=\"og:site_name\" content=\"neodal\" \/>\n<meta property=\"og:image\" content=\"https:\/\/neodal.es\/wp-content\/uploads\/2018\/10\/1042-Destructora-INTIMUS-H200-VS-alta-capacidad.jpg\" \/>\n\t<meta property=\"og:image:width\" content=\"449\" \/>\n\t<meta property=\"og:image:height\" content=\"720\" \/>\n\t<meta property=\"og:image:type\" content=\"image\/jpeg\" \/>\n<meta name=\"twitter:card\" content=\"summary_large_image\" \/>\n<meta name=\"twitter:label1\" content=\"Temps estimat de lectura\" \/>\n\t<meta name=\"twitter:data1\" content=\"1 minut\" \/>\n<script type=\"application\/ld+json\" class=\"yoast-schema-graph\">{\"@context\":\"https:\/\/schema.org\",\"@graph\":[{\"@type\":\"WebPage\",\"@id\":\"https:\/\/neodal.es\/ca\/producte\/destructora-intimus-h200\/\",\"url\":\"https:\/\/neodal.es\/ca\/producte\/destructora-intimus-h200\/\",\"name\":\"Destructora INTIMUS H200 VS\",\"isPartOf\":{\"@id\":\"https:\/\/neodal.es\/ca\/#website\"},\"primaryImageOfPage\":{\"@id\":\"https:\/\/neodal.es\/ca\/producte\/destructora-intimus-h200\/#primaryimage\"},\"image\":{\"@id\":\"https:\/\/neodal.es\/ca\/producte\/destructora-intimus-h200\/#primaryimage\"},\"thumbnailUrl\":\"https:\/\/neodal.es\/wp-content\/uploads\/2018\/10\/intimus-H200-left-scaled.webp\",\"datePublished\":\"2018-10-19T11:53:09+00:00\",\"breadcrumb\":{\"@id\":\"https:\/\/neodal.es\/ca\/producte\/destructora-intimus-h200\/#breadcrumb\"},\"inLanguage\":\"ca\",\"potentialAction\":[{\"@type\":\"ReadAction\",\"target\":[\"https:\/\/neodal.es\/ca\/producte\/destructora-intimus-h200\/\"]}]},{\"@type\":\"ImageObject\",\"inLanguage\":\"ca\",\"@id\":\"https:\/\/neodal.es\/ca\/producte\/destructora-intimus-h200\/#primaryimage\",\"url\":\"https:\/\/neodal.es\/wp-content\/uploads\/2018\/10\/intimus-H200-left-scaled.webp\",\"contentUrl\":\"https:\/\/neodal.es\/wp-content\/uploads\/2018\/10\/intimus-H200-left-scaled.webp\",\"width\":2560,\"height\":2560},{\"@type\":\"BreadcrumbList\",\"@id\":\"https:\/\/neodal.es\/ca\/producte\/destructora-intimus-h200\/#breadcrumb\",\"itemListElement\":[{\"@type\":\"ListItem\",\"position\":1,\"name\":\"Portada\",\"item\":\"https:\/\/neodal.es\/ca\/home\/\"},{\"@type\":\"ListItem\",\"position\":2,\"name\":\"Productes\",\"item\":\"https:\/\/neodal.es\/ca\/productes\/\"},{\"@type\":\"ListItem\",\"position\":3,\"name\":\"DESTRUCTORA INTIMUS H200 VS\"}]},{\"@type\":\"WebSite\",\"@id\":\"https:\/\/neodal.es\/ca\/#website\",\"url\":\"https:\/\/neodal.es\/ca\/\",\"name\":\"neodal\",\"description\":\"\",\"potentialAction\":[{\"@type\":\"SearchAction\",\"target\":{\"@type\":\"EntryPoint\",\"urlTemplate\":\"https:\/\/neodal.es\/ca\/?s={search_term_string}\"},\"query-input\":{\"@type\":\"PropertyValueSpecification\",\"valueRequired\":true,\"valueName\":\"search_term_string\"}}],\"inLanguage\":\"ca\"}]}<\/script>\n<!-- \/ Yoast SEO plugin. -->","yoast_head_json":{"title":"Destructora INTIMUS H200 VS","robots":{"index":"index","follow":"follow","max-snippet":"max-snippet:-1","max-image-preview":"max-image-preview:large","max-video-preview":"max-video-preview:-1"},"canonical":"https:\/\/neodal.es\/ca\/producte\/destructora-intimus-h200\/","og_locale":"ca_ES","og_type":"article","og_title":"Destructora INTIMUS H200 VS","og_description":"DESTRUCTORA DE PAPEL DE ALTA CAPACIDAD La destructora\u00a0INTIMUS H200 VS\u00a0es segura, potente, silenciosa, y con un exclusivo dise\u00f1o. Dispone de dep\u00f3sito de residuos de gran capacidad con mueble de madera con ruedas. F\u00e1cil de usar y respetuosa con al medio ambiente. Fabricaci\u00f3n 100% \u201cMade in Germany\u201d. Inversi\u00f3n segura, garant\u00eda de amortizaci\u00f3n a largo plazo.\u00a0","og_url":"https:\/\/neodal.es\/ca\/producte\/destructora-intimus-h200\/","og_site_name":"neodal","og_image":[{"width":449,"height":720,"url":"https:\/\/neodal.es\/wp-content\/uploads\/2018\/10\/1042-Destructora-INTIMUS-H200-VS-alta-capacidad.jpg","type":"image\/jpeg"}],"twitter_card":"summary_large_image","twitter_misc":{"Temps estimat de lectura":"1 minut"},"schema":{"@context":"https:\/\/schema.org","@graph":[{"@type":"WebPage","@id":"https:\/\/neodal.es\/ca\/producte\/destructora-intimus-h200\/","url":"https:\/\/neodal.es\/ca\/producte\/destructora-intimus-h200\/","name":"Destructora INTIMUS H200 VS","isPartOf":{"@id":"https:\/\/neodal.es\/ca\/#website"},"primaryImageOfPage":{"@id":"https:\/\/neodal.es\/ca\/producte\/destructora-intimus-h200\/#primaryimage"},"image":{"@id":"https:\/\/neodal.es\/ca\/producte\/destructora-intimus-h200\/#primaryimage"},"thumbnailUrl":"https:\/\/neodal.es\/wp-content\/uploads\/2018\/10\/intimus-H200-left-scaled.webp","datePublished":"2018-10-19T11:53:09+00:00","breadcrumb":{"@id":"https:\/\/neodal.es\/ca\/producte\/destructora-intimus-h200\/#breadcrumb"},"inLanguage":"ca","potentialAction":[{"@type":"ReadAction","target":["https:\/\/neodal.es\/ca\/producte\/destructora-intimus-h200\/"]}]},{"@type":"ImageObject","inLanguage":"ca","@id":"https:\/\/neodal.es\/ca\/producte\/destructora-intimus-h200\/#primaryimage","url":"https:\/\/neodal.es\/wp-content\/uploads\/2018\/10\/intimus-H200-left-scaled.webp","contentUrl":"https:\/\/neodal.es\/wp-content\/uploads\/2018\/10\/intimus-H200-left-scaled.webp","width":2560,"height":2560},{"@type":"BreadcrumbList","@id":"https:\/\/neodal.es\/ca\/producte\/destructora-intimus-h200\/#breadcrumb","itemListElement":[{"@type":"ListItem","position":1,"name":"Portada","item":"https:\/\/neodal.es\/ca\/home\/"},{"@type":"ListItem","position":2,"name":"Productes","item":"https:\/\/neodal.es\/ca\/productes\/"},{"@type":"ListItem","position":3,"name":"DESTRUCTORA INTIMUS H200 VS"}]},{"@type":"WebSite","@id":"https:\/\/neodal.es\/ca\/#website","url":"https:\/\/neodal.es\/ca\/","name":"neodal","description":"","potentialAction":[{"@type":"SearchAction","target":{"@type":"EntryPoint","urlTemplate":"https:\/\/neodal.es\/ca\/?s={search_term_string}"},"query-input":{"@type":"PropertyValueSpecification","valueRequired":true,"valueName":"search_term_string"}}],"inLanguage":"ca"}]}},"_links":{"self":[{"href":"https:\/\/neodal.es\/ca\/wp-json\/wp\/v2\/product\/5713","targetHints":{"allow":["GET"]}}],"collection":[{"href":"https:\/\/neodal.es\/ca\/wp-json\/wp\/v2\/product"}],"about":[{"href":"https:\/\/neodal.es\/ca\/wp-json\/wp\/v2\/types\/product"}],"replies":[{"embeddable":true,"href":"https:\/\/neodal.es\/ca\/wp-json\/wp\/v2\/comments?post=5713"}],"version-history":[{"count":0,"href":"https:\/\/neodal.es\/ca\/wp-json\/wp\/v2\/product\/5713\/revisions"}],"wp:featuredmedia":[{"embeddable":true,"href":"https:\/\/neodal.es\/ca\/wp-json\/wp\/v2\/media\/8640"}],"wp:attachment":[{"href":"https:\/\/neodal.es\/ca\/wp-json\/wp\/v2\/media?parent=5713"}],"wp:term":[{"taxonomy":"product_brand","embeddable":true,"href":"https:\/\/neodal.es\/ca\/wp-json\/wp\/v2\/product_brand?post=5713"},{"taxonomy":"product_cat","embeddable":true,"href":"https:\/\/neodal.es\/ca\/wp-json\/wp\/v2\/product_cat?post=5713"},{"taxonomy":"product_tag","embeddable":true,"href":"https:\/\/neodal.es\/ca\/wp-json\/wp\/v2\/product_tag?post=5713"}],"curies":[{"name":"wp","href":"https:\/\/api.w.org\/{rel}","templated":true}]}}