{"id":5752,"date":"2018-10-19T13:14:11","date_gmt":"2018-10-19T13:14:11","guid":{"rendered":"http:\/\/neodal.local\/product\/destructora-intimus-flashex-2\/"},"modified":"2018-10-19T13:14:11","modified_gmt":"2018-10-19T13:14:11","slug":"destructora-intimus-flashex-2","status":"publish","type":"product","link":"https:\/\/neodal.es\/ca\/producte\/destructora-intimus-flashex-2\/","title":{"rendered":"DESTRUCTORA INTIMUS FLASHEX"},"content":{"rendered":"<h3>DESTRUCTORA INTIMUS FLASHEX<\/h3>\n<p>\u00b7 Tama\u00f1o de corte: 4&#215;15 mm \/ 0,16 x 0,6 pulgadas.<\/p>\n<p>\u00b7 Nivel de seguridad: (DIN66399) E3.<\/p>\n<p>\u00b7 Capacidad de corte\/ hora: aprox. 100 tel\u00e9fonos m\u00f3viles \u2013 aprox.500 memorias USB.<\/p>\n<p>\u00b7 Anchura de trabajo: 165 mm \/ 6,5 pulgadas.<\/p>\n<p>\u00b7 Voltajes: 230V\/50 Hz, 120 V\/60 Hz.<\/p>\n<p>\u00b7 Nivel de ruido: aprox. 65 dB (A).<\/p>\n<p>\u00b7 Dimensiones (anch. x prof. x alt.): 580 x 610 x 980 mm 22,8 x 24 x 39 pulgadas.<\/p>\n<p>\u00b7 Peso: 116 kg \/ 256 libras.<\/p>\n","protected":false},"excerpt":{"rendered":"<h2>DESTRUCTORA DE MEDIOS OPTICOS<\/h2>\n<p>Incorpora un robusto\u00a0<strong>cabezal de corte con dise\u00f1o exclusivo<\/strong>\u00a0que sujeta el material con cilindros en forma de pinza. Incorpora tambi\u00e9n una apertura de alimentaci\u00f3n Auto Safety, gracias a la cual el operario mantiene su seguridad. La unidad de funcionamiento i-control garantiza una gran simplicidad de uso proporcionando control total al operario.<\/p>\n","protected":false},"featured_media":5747,"template":"","meta":{"_acf_changed":false},"product_brand":[],"product_cat":[1570,1422],"product_tag":[],"class_list":{"0":"post-5752","1":"product","2":"type-product","3":"status-publish","4":"has-post-thumbnail","6":"product_cat-destructoras-de-medios-opticos-it-ca","7":"product_cat-destructoras-de-paper","9":"first","10":"instock","11":"shipping-taxable","12":"product-type-simple"},"acf":[],"yoast_head":"<!-- This site is optimized with the Yoast SEO plugin v27.4 - https:\/\/yoast.com\/product\/yoast-seo-wordpress\/ -->\n<title>Destructora INTIMUS FLASHEX<\/title>\n<meta name=\"description\" content=\"Venta destructora de mitjans \u00f2ptics - IT INTIMUS FLASHEX. Trituradora de mitjans flash. Destrueixi m\u00f2bils, tablets... Apertura d&#039;alimentaci\u00f3 Auto Safety.\" \/>\n<meta name=\"robots\" content=\"index, follow, max-snippet:-1, max-image-preview:large, max-video-preview:-1\" \/>\n<link rel=\"canonical\" href=\"https:\/\/neodal.es\/ca\/producte\/destructora-intimus-flashex-2\/\" \/>\n<meta property=\"og:locale\" content=\"ca_ES\" \/>\n<meta property=\"og:type\" content=\"article\" \/>\n<meta property=\"og:title\" content=\"Destructora INTIMUS FLASHEX\" \/>\n<meta property=\"og:description\" content=\"Venta destructora de mitjans \u00f2ptics - IT INTIMUS FLASHEX. Trituradora de mitjans flash. Destrueixi m\u00f2bils, tablets... Apertura d&#039;alimentaci\u00f3 Auto Safety.\" \/>\n<meta property=\"og:url\" content=\"https:\/\/neodal.es\/ca\/producte\/destructora-intimus-flashex-2\/\" \/>\n<meta property=\"og:site_name\" content=\"neodal\" \/>\n<meta property=\"og:image\" content=\"https:\/\/neodal.es\/wp-content\/uploads\/2018\/10\/2071-INTIMUS-FLASHEX-DESTRUCTORA-MEDIOS-OPTICOS-IT.jpg\" \/>\n\t<meta property=\"og:image:width\" content=\"500\" \/>\n\t<meta property=\"og:image:height\" content=\"500\" \/>\n\t<meta property=\"og:image:type\" content=\"image\/jpeg\" \/>\n<meta name=\"twitter:card\" content=\"summary_large_image\" \/>\n<script type=\"application\/ld+json\" class=\"yoast-schema-graph\">{\"@context\":\"https:\\\/\\\/schema.org\",\"@graph\":[{\"@type\":\"WebPage\",\"@id\":\"https:\\\/\\\/neodal.es\\\/ca\\\/producte\\\/destructora-intimus-flashex-2\\\/\",\"url\":\"https:\\\/\\\/neodal.es\\\/ca\\\/producte\\\/destructora-intimus-flashex-2\\\/\",\"name\":\"Destructora INTIMUS FLASHEX\",\"isPartOf\":{\"@id\":\"https:\\\/\\\/neodal.es\\\/ca\\\/#website\"},\"primaryImageOfPage\":{\"@id\":\"https:\\\/\\\/neodal.es\\\/ca\\\/producte\\\/destructora-intimus-flashex-2\\\/#primaryimage\"},\"image\":{\"@id\":\"https:\\\/\\\/neodal.es\\\/ca\\\/producte\\\/destructora-intimus-flashex-2\\\/#primaryimage\"},\"thumbnailUrl\":\"https:\\\/\\\/neodal.es\\\/wp-content\\\/uploads\\\/2018\\\/10\\\/2071-INTIMUS-FLASHEX-DESTRUCTORA-MEDIOS-OPTICOS-IT.jpg\",\"datePublished\":\"2018-10-19T13:14:11+00:00\",\"description\":\"Venta destructora de mitjans \u00f2ptics - IT INTIMUS FLASHEX. Trituradora de mitjans flash. Destrueixi m\u00f2bils, tablets... Apertura d'alimentaci\u00f3 Auto Safety.\",\"breadcrumb\":{\"@id\":\"https:\\\/\\\/neodal.es\\\/ca\\\/producte\\\/destructora-intimus-flashex-2\\\/#breadcrumb\"},\"inLanguage\":\"ca\",\"potentialAction\":[{\"@type\":\"ReadAction\",\"target\":[\"https:\\\/\\\/neodal.es\\\/ca\\\/producte\\\/destructora-intimus-flashex-2\\\/\"]}]},{\"@type\":\"ImageObject\",\"inLanguage\":\"ca\",\"@id\":\"https:\\\/\\\/neodal.es\\\/ca\\\/producte\\\/destructora-intimus-flashex-2\\\/#primaryimage\",\"url\":\"https:\\\/\\\/neodal.es\\\/wp-content\\\/uploads\\\/2018\\\/10\\\/2071-INTIMUS-FLASHEX-DESTRUCTORA-MEDIOS-OPTICOS-IT.jpg\",\"contentUrl\":\"https:\\\/\\\/neodal.es\\\/wp-content\\\/uploads\\\/2018\\\/10\\\/2071-INTIMUS-FLASHEX-DESTRUCTORA-MEDIOS-OPTICOS-IT.jpg\",\"width\":500,\"height\":500,\"caption\":\"INTIMUS FLASHEX DESTRUCTORA MEDIOS \u00d3PTICOS - IT\"},{\"@type\":\"BreadcrumbList\",\"@id\":\"https:\\\/\\\/neodal.es\\\/ca\\\/producte\\\/destructora-intimus-flashex-2\\\/#breadcrumb\",\"itemListElement\":[{\"@type\":\"ListItem\",\"position\":1,\"name\":\"Portada\",\"item\":\"https:\\\/\\\/neodal.es\\\/ca\\\/home\\\/\"},{\"@type\":\"ListItem\",\"position\":2,\"name\":\"Productes\",\"item\":\"https:\\\/\\\/neodal.es\\\/ca\\\/productes\\\/\"},{\"@type\":\"ListItem\",\"position\":3,\"name\":\"DESTRUCTORA INTIMUS FLASHEX\"}]},{\"@type\":\"WebSite\",\"@id\":\"https:\\\/\\\/neodal.es\\\/ca\\\/#website\",\"url\":\"https:\\\/\\\/neodal.es\\\/ca\\\/\",\"name\":\"neodal\",\"description\":\"\",\"potentialAction\":[{\"@type\":\"SearchAction\",\"target\":{\"@type\":\"EntryPoint\",\"urlTemplate\":\"https:\\\/\\\/neodal.es\\\/ca\\\/?s={search_term_string}\"},\"query-input\":{\"@type\":\"PropertyValueSpecification\",\"valueRequired\":true,\"valueName\":\"search_term_string\"}}],\"inLanguage\":\"ca\"}]}<\/script>\n<!-- \/ Yoast SEO plugin. -->","yoast_head_json":{"title":"Destructora INTIMUS FLASHEX","description":"Venta destructora de mitjans \u00f2ptics - IT INTIMUS FLASHEX. Trituradora de mitjans flash. Destrueixi m\u00f2bils, tablets... Apertura d'alimentaci\u00f3 Auto Safety.","robots":{"index":"index","follow":"follow","max-snippet":"max-snippet:-1","max-image-preview":"max-image-preview:large","max-video-preview":"max-video-preview:-1"},"canonical":"https:\/\/neodal.es\/ca\/producte\/destructora-intimus-flashex-2\/","og_locale":"ca_ES","og_type":"article","og_title":"Destructora INTIMUS FLASHEX","og_description":"Venta destructora de mitjans \u00f2ptics - IT INTIMUS FLASHEX. Trituradora de mitjans flash. Destrueixi m\u00f2bils, tablets... Apertura d'alimentaci\u00f3 Auto Safety.","og_url":"https:\/\/neodal.es\/ca\/producte\/destructora-intimus-flashex-2\/","og_site_name":"neodal","og_image":[{"width":500,"height":500,"url":"https:\/\/neodal.es\/wp-content\/uploads\/2018\/10\/2071-INTIMUS-FLASHEX-DESTRUCTORA-MEDIOS-OPTICOS-IT.jpg","type":"image\/jpeg"}],"twitter_card":"summary_large_image","schema":{"@context":"https:\/\/schema.org","@graph":[{"@type":"WebPage","@id":"https:\/\/neodal.es\/ca\/producte\/destructora-intimus-flashex-2\/","url":"https:\/\/neodal.es\/ca\/producte\/destructora-intimus-flashex-2\/","name":"Destructora INTIMUS FLASHEX","isPartOf":{"@id":"https:\/\/neodal.es\/ca\/#website"},"primaryImageOfPage":{"@id":"https:\/\/neodal.es\/ca\/producte\/destructora-intimus-flashex-2\/#primaryimage"},"image":{"@id":"https:\/\/neodal.es\/ca\/producte\/destructora-intimus-flashex-2\/#primaryimage"},"thumbnailUrl":"https:\/\/neodal.es\/wp-content\/uploads\/2018\/10\/2071-INTIMUS-FLASHEX-DESTRUCTORA-MEDIOS-OPTICOS-IT.jpg","datePublished":"2018-10-19T13:14:11+00:00","description":"Venta destructora de mitjans \u00f2ptics - IT INTIMUS FLASHEX. Trituradora de mitjans flash. Destrueixi m\u00f2bils, tablets... Apertura d'alimentaci\u00f3 Auto Safety.","breadcrumb":{"@id":"https:\/\/neodal.es\/ca\/producte\/destructora-intimus-flashex-2\/#breadcrumb"},"inLanguage":"ca","potentialAction":[{"@type":"ReadAction","target":["https:\/\/neodal.es\/ca\/producte\/destructora-intimus-flashex-2\/"]}]},{"@type":"ImageObject","inLanguage":"ca","@id":"https:\/\/neodal.es\/ca\/producte\/destructora-intimus-flashex-2\/#primaryimage","url":"https:\/\/neodal.es\/wp-content\/uploads\/2018\/10\/2071-INTIMUS-FLASHEX-DESTRUCTORA-MEDIOS-OPTICOS-IT.jpg","contentUrl":"https:\/\/neodal.es\/wp-content\/uploads\/2018\/10\/2071-INTIMUS-FLASHEX-DESTRUCTORA-MEDIOS-OPTICOS-IT.jpg","width":500,"height":500,"caption":"INTIMUS FLASHEX DESTRUCTORA MEDIOS \u00d3PTICOS - IT"},{"@type":"BreadcrumbList","@id":"https:\/\/neodal.es\/ca\/producte\/destructora-intimus-flashex-2\/#breadcrumb","itemListElement":[{"@type":"ListItem","position":1,"name":"Portada","item":"https:\/\/neodal.es\/ca\/home\/"},{"@type":"ListItem","position":2,"name":"Productes","item":"https:\/\/neodal.es\/ca\/productes\/"},{"@type":"ListItem","position":3,"name":"DESTRUCTORA INTIMUS FLASHEX"}]},{"@type":"WebSite","@id":"https:\/\/neodal.es\/ca\/#website","url":"https:\/\/neodal.es\/ca\/","name":"neodal","description":"","potentialAction":[{"@type":"SearchAction","target":{"@type":"EntryPoint","urlTemplate":"https:\/\/neodal.es\/ca\/?s={search_term_string}"},"query-input":{"@type":"PropertyValueSpecification","valueRequired":true,"valueName":"search_term_string"}}],"inLanguage":"ca"}]}},"_links":{"self":[{"href":"https:\/\/neodal.es\/ca\/wp-json\/wp\/v2\/product\/5752","targetHints":{"allow":["GET"]}}],"collection":[{"href":"https:\/\/neodal.es\/ca\/wp-json\/wp\/v2\/product"}],"about":[{"href":"https:\/\/neodal.es\/ca\/wp-json\/wp\/v2\/types\/product"}],"version-history":[{"count":0,"href":"https:\/\/neodal.es\/ca\/wp-json\/wp\/v2\/product\/5752\/revisions"}],"wp:featuredmedia":[{"embeddable":true,"href":"https:\/\/neodal.es\/ca\/wp-json\/wp\/v2\/media\/5747"}],"wp:attachment":[{"href":"https:\/\/neodal.es\/ca\/wp-json\/wp\/v2\/media?parent=5752"}],"wp:term":[{"taxonomy":"product_brand","embeddable":true,"href":"https:\/\/neodal.es\/ca\/wp-json\/wp\/v2\/product_brand?post=5752"},{"taxonomy":"product_cat","embeddable":true,"href":"https:\/\/neodal.es\/ca\/wp-json\/wp\/v2\/product_cat?post=5752"},{"taxonomy":"product_tag","embeddable":true,"href":"https:\/\/neodal.es\/ca\/wp-json\/wp\/v2\/product_tag?post=5752"}],"curies":[{"name":"wp","href":"https:\/\/api.w.org\/{rel}","templated":true}]}}