{"id":5822,"date":"2018-11-13T12:37:31","date_gmt":"2018-11-13T12:37:31","guid":{"rendered":"http:\/\/neodal.local\/product\/intimus-3115m-2\/"},"modified":"2018-11-13T12:37:31","modified_gmt":"2018-11-13T12:37:31","slug":"intimus-3115m-2","status":"publish","type":"product","link":"https:\/\/neodal.es\/ca\/producte\/intimus-3115m-2\/","title":{"rendered":"GUILLOTINA MANUAL NEOCUT 3115 M"},"content":{"rendered":"<h3>GUILLOTINA MANUAL INTIMUS 3115<\/h3>\n<p>\u00b7 Indicada para uso en entornos de oficina.<\/p>\n<p>\u00b7 Corte seguro y preciso hasta 150 hojas (15 mm altura<\/p>\n<p>\u00b7 Luz de corte \u201cLED\u201d.<\/p>\n<p>\u00b7 F\u00e1cil visualizaci\u00f3n y precisi\u00f3n de la zona de corte.<\/p>\n<p>\u00b7 Ancho de corte de 310mm.<\/p>\n<p>\u00b7 Pis\u00f3n de sujeci\u00f3n del papel autom\u00e1tico.<\/p>\n<p>\u00b7 F\u00e1cil giro y cambio de cuadradillo \/ list\u00f3n.<\/p>\n<p>\u00b7 Escala para ajuste preciso medidas de corte en Cm. y pulgadas.<\/p>\n<p>\u00b7 Dimensiones: (La\/Pr\/An) 460 x 450 x 400mm.<\/p>\n<p>\u00b7 Peso: 15 Kg.<\/p>\n<p>\u00b7 Certificado CE.<\/p>\n","protected":false},"excerpt":{"rendered":"<h2>GUILLOTINA DE PAPEL INTIMUS 3115<\/h2>\n<p style=\"font-size: 11px; font-weight: 400;\">Guillotina manual\u00a0<strong>INTIMUS 3115 M<\/strong>. Compacta y robusta de muy f\u00e1cil uso para entornos de oficina. Luz de corte LED par un corte preciso y seguro.\u00a0Escala milim\u00e9trica. Guillotina de papel ideal para uso en oficinas\u2026<\/p>\n","protected":false},"featured_media":5819,"template":"","meta":{"_acf_changed":false},"product_brand":[],"product_cat":[1486,1426],"product_tag":[],"class_list":{"0":"post-5822","1":"product","2":"type-product","3":"status-publish","4":"has-post-thumbnail","6":"product_cat-guillotinas-de-papel-intimus-manuales-ca","7":"product_cat-guillotinas-de-paper","9":"first","10":"instock","11":"shipping-taxable","12":"product-type-simple"},"acf":[],"yoast_head":"<!-- This site is optimized with the Yoast SEO plugin v27.4 - https:\/\/yoast.com\/product\/yoast-seo-wordpress\/ -->\n<title>GUILLOTINA MANUAL INTIMUS 3115 M - Guillotina de Papel<\/title>\n<meta name=\"description\" content=\"Guillotina de papel INTIMUS 3115 M. Guillotina de papel manual 310 mm. Alta calidad y seguridad en oficinas. Import. &amp; Servicio t\u00e9cnico. \u00a1Solicite precio!\" \/>\n<meta name=\"robots\" content=\"index, follow, max-snippet:-1, max-image-preview:large, max-video-preview:-1\" \/>\n<link rel=\"canonical\" href=\"https:\/\/neodal.es\/ca\/producte\/intimus-3115m-2\/\" \/>\n<meta property=\"og:locale\" content=\"ca_ES\" \/>\n<meta property=\"og:type\" content=\"article\" \/>\n<meta property=\"og:title\" content=\"GUILLOTINA MANUAL INTIMUS 3115 M - Guillotina de Papel\" \/>\n<meta property=\"og:description\" content=\"Guillotina de papel INTIMUS 3115 M. Guillotina de papel manual 310 mm. Alta calidad y seguridad en oficinas. Import. &amp; Servicio t\u00e9cnico. \u00a1Solicite precio!\" \/>\n<meta property=\"og:url\" content=\"https:\/\/neodal.es\/ca\/producte\/intimus-3115m-2\/\" \/>\n<meta property=\"og:site_name\" content=\"neodal\" \/>\n<meta property=\"og:image\" content=\"https:\/\/neodal.es\/wp-content\/uploads\/2018\/11\/2671-GUILLOTINA-INTIMUS-3115-M.jpg\" \/>\n\t<meta property=\"og:image:width\" content=\"500\" \/>\n\t<meta property=\"og:image:height\" content=\"500\" \/>\n\t<meta property=\"og:image:type\" content=\"image\/jpeg\" \/>\n<meta name=\"twitter:card\" content=\"summary_large_image\" \/>\n<script type=\"application\/ld+json\" class=\"yoast-schema-graph\">{\"@context\":\"https:\\\/\\\/schema.org\",\"@graph\":[{\"@type\":\"WebPage\",\"@id\":\"https:\\\/\\\/neodal.es\\\/ca\\\/producte\\\/intimus-3115m-2\\\/\",\"url\":\"https:\\\/\\\/neodal.es\\\/ca\\\/producte\\\/intimus-3115m-2\\\/\",\"name\":\"GUILLOTINA MANUAL INTIMUS 3115 M - Guillotina de Papel\",\"isPartOf\":{\"@id\":\"https:\\\/\\\/neodal.es\\\/ca\\\/#website\"},\"primaryImageOfPage\":{\"@id\":\"https:\\\/\\\/neodal.es\\\/ca\\\/producte\\\/intimus-3115m-2\\\/#primaryimage\"},\"image\":{\"@id\":\"https:\\\/\\\/neodal.es\\\/ca\\\/producte\\\/intimus-3115m-2\\\/#primaryimage\"},\"thumbnailUrl\":\"https:\\\/\\\/neodal.es\\\/wp-content\\\/uploads\\\/2018\\\/11\\\/2671-GUILLOTINA-INTIMUS-3115-M.jpg\",\"datePublished\":\"2018-11-13T12:37:31+00:00\",\"description\":\"Guillotina de papel INTIMUS 3115 M. Guillotina de papel manual 310 mm. Alta calidad y seguridad en oficinas. Import. & Servicio t\u00e9cnico. \u00a1Solicite precio!\",\"breadcrumb\":{\"@id\":\"https:\\\/\\\/neodal.es\\\/ca\\\/producte\\\/intimus-3115m-2\\\/#breadcrumb\"},\"inLanguage\":\"ca\",\"potentialAction\":[{\"@type\":\"ReadAction\",\"target\":[\"https:\\\/\\\/neodal.es\\\/ca\\\/producte\\\/intimus-3115m-2\\\/\"]}]},{\"@type\":\"ImageObject\",\"inLanguage\":\"ca\",\"@id\":\"https:\\\/\\\/neodal.es\\\/ca\\\/producte\\\/intimus-3115m-2\\\/#primaryimage\",\"url\":\"https:\\\/\\\/neodal.es\\\/wp-content\\\/uploads\\\/2018\\\/11\\\/2671-GUILLOTINA-INTIMUS-3115-M.jpg\",\"contentUrl\":\"https:\\\/\\\/neodal.es\\\/wp-content\\\/uploads\\\/2018\\\/11\\\/2671-GUILLOTINA-INTIMUS-3115-M.jpg\",\"width\":500,\"height\":500,\"caption\":\"GUILLOTINA INTIMUS 3115 M\"},{\"@type\":\"BreadcrumbList\",\"@id\":\"https:\\\/\\\/neodal.es\\\/ca\\\/producte\\\/intimus-3115m-2\\\/#breadcrumb\",\"itemListElement\":[{\"@type\":\"ListItem\",\"position\":1,\"name\":\"Portada\",\"item\":\"https:\\\/\\\/neodal.es\\\/ca\\\/home\\\/\"},{\"@type\":\"ListItem\",\"position\":2,\"name\":\"Productes\",\"item\":\"https:\\\/\\\/neodal.es\\\/ca\\\/productes\\\/\"},{\"@type\":\"ListItem\",\"position\":3,\"name\":\"GUILLOTINA MANUAL NEOCUT 3115 M\"}]},{\"@type\":\"WebSite\",\"@id\":\"https:\\\/\\\/neodal.es\\\/ca\\\/#website\",\"url\":\"https:\\\/\\\/neodal.es\\\/ca\\\/\",\"name\":\"neodal\",\"description\":\"\",\"potentialAction\":[{\"@type\":\"SearchAction\",\"target\":{\"@type\":\"EntryPoint\",\"urlTemplate\":\"https:\\\/\\\/neodal.es\\\/ca\\\/?s={search_term_string}\"},\"query-input\":{\"@type\":\"PropertyValueSpecification\",\"valueRequired\":true,\"valueName\":\"search_term_string\"}}],\"inLanguage\":\"ca\"}]}<\/script>\n<!-- \/ Yoast SEO plugin. -->","yoast_head_json":{"title":"GUILLOTINA MANUAL INTIMUS 3115 M - Guillotina de Papel","description":"Guillotina de papel INTIMUS 3115 M. Guillotina de papel manual 310 mm. Alta calidad y seguridad en oficinas. Import. & Servicio t\u00e9cnico. \u00a1Solicite precio!","robots":{"index":"index","follow":"follow","max-snippet":"max-snippet:-1","max-image-preview":"max-image-preview:large","max-video-preview":"max-video-preview:-1"},"canonical":"https:\/\/neodal.es\/ca\/producte\/intimus-3115m-2\/","og_locale":"ca_ES","og_type":"article","og_title":"GUILLOTINA MANUAL INTIMUS 3115 M - Guillotina de Papel","og_description":"Guillotina de papel INTIMUS 3115 M. Guillotina de papel manual 310 mm. Alta calidad y seguridad en oficinas. Import. & Servicio t\u00e9cnico. \u00a1Solicite precio!","og_url":"https:\/\/neodal.es\/ca\/producte\/intimus-3115m-2\/","og_site_name":"neodal","og_image":[{"width":500,"height":500,"url":"https:\/\/neodal.es\/wp-content\/uploads\/2018\/11\/2671-GUILLOTINA-INTIMUS-3115-M.jpg","type":"image\/jpeg"}],"twitter_card":"summary_large_image","schema":{"@context":"https:\/\/schema.org","@graph":[{"@type":"WebPage","@id":"https:\/\/neodal.es\/ca\/producte\/intimus-3115m-2\/","url":"https:\/\/neodal.es\/ca\/producte\/intimus-3115m-2\/","name":"GUILLOTINA MANUAL INTIMUS 3115 M - Guillotina de Papel","isPartOf":{"@id":"https:\/\/neodal.es\/ca\/#website"},"primaryImageOfPage":{"@id":"https:\/\/neodal.es\/ca\/producte\/intimus-3115m-2\/#primaryimage"},"image":{"@id":"https:\/\/neodal.es\/ca\/producte\/intimus-3115m-2\/#primaryimage"},"thumbnailUrl":"https:\/\/neodal.es\/wp-content\/uploads\/2018\/11\/2671-GUILLOTINA-INTIMUS-3115-M.jpg","datePublished":"2018-11-13T12:37:31+00:00","description":"Guillotina de papel INTIMUS 3115 M. Guillotina de papel manual 310 mm. Alta calidad y seguridad en oficinas. Import. & Servicio t\u00e9cnico. \u00a1Solicite precio!","breadcrumb":{"@id":"https:\/\/neodal.es\/ca\/producte\/intimus-3115m-2\/#breadcrumb"},"inLanguage":"ca","potentialAction":[{"@type":"ReadAction","target":["https:\/\/neodal.es\/ca\/producte\/intimus-3115m-2\/"]}]},{"@type":"ImageObject","inLanguage":"ca","@id":"https:\/\/neodal.es\/ca\/producte\/intimus-3115m-2\/#primaryimage","url":"https:\/\/neodal.es\/wp-content\/uploads\/2018\/11\/2671-GUILLOTINA-INTIMUS-3115-M.jpg","contentUrl":"https:\/\/neodal.es\/wp-content\/uploads\/2018\/11\/2671-GUILLOTINA-INTIMUS-3115-M.jpg","width":500,"height":500,"caption":"GUILLOTINA INTIMUS 3115 M"},{"@type":"BreadcrumbList","@id":"https:\/\/neodal.es\/ca\/producte\/intimus-3115m-2\/#breadcrumb","itemListElement":[{"@type":"ListItem","position":1,"name":"Portada","item":"https:\/\/neodal.es\/ca\/home\/"},{"@type":"ListItem","position":2,"name":"Productes","item":"https:\/\/neodal.es\/ca\/productes\/"},{"@type":"ListItem","position":3,"name":"GUILLOTINA MANUAL NEOCUT 3115 M"}]},{"@type":"WebSite","@id":"https:\/\/neodal.es\/ca\/#website","url":"https:\/\/neodal.es\/ca\/","name":"neodal","description":"","potentialAction":[{"@type":"SearchAction","target":{"@type":"EntryPoint","urlTemplate":"https:\/\/neodal.es\/ca\/?s={search_term_string}"},"query-input":{"@type":"PropertyValueSpecification","valueRequired":true,"valueName":"search_term_string"}}],"inLanguage":"ca"}]}},"_links":{"self":[{"href":"https:\/\/neodal.es\/ca\/wp-json\/wp\/v2\/product\/5822","targetHints":{"allow":["GET"]}}],"collection":[{"href":"https:\/\/neodal.es\/ca\/wp-json\/wp\/v2\/product"}],"about":[{"href":"https:\/\/neodal.es\/ca\/wp-json\/wp\/v2\/types\/product"}],"version-history":[{"count":0,"href":"https:\/\/neodal.es\/ca\/wp-json\/wp\/v2\/product\/5822\/revisions"}],"wp:featuredmedia":[{"embeddable":true,"href":"https:\/\/neodal.es\/ca\/wp-json\/wp\/v2\/media\/5819"}],"wp:attachment":[{"href":"https:\/\/neodal.es\/ca\/wp-json\/wp\/v2\/media?parent=5822"}],"wp:term":[{"taxonomy":"product_brand","embeddable":true,"href":"https:\/\/neodal.es\/ca\/wp-json\/wp\/v2\/product_brand?post=5822"},{"taxonomy":"product_cat","embeddable":true,"href":"https:\/\/neodal.es\/ca\/wp-json\/wp\/v2\/product_cat?post=5822"},{"taxonomy":"product_tag","embeddable":true,"href":"https:\/\/neodal.es\/ca\/wp-json\/wp\/v2\/product_tag?post=5822"}],"curies":[{"name":"wp","href":"https:\/\/api.w.org\/{rel}","templated":true}]}}