{"id":5847,"date":"2018-11-13T15:26:50","date_gmt":"2018-11-13T15:26:50","guid":{"rendered":"http:\/\/neodal.local\/product\/intimus-5280-epsh-hydrocut-2\/"},"modified":"2018-11-13T15:26:50","modified_gmt":"2018-11-13T15:26:50","slug":"intimus-5280-epsh-hydrocut-2","status":"publish","type":"product","link":"https:\/\/neodal.es\/ca\/producte\/intimus-5280-epsh-hydrocut-2\/","title":{"rendered":"GUILLOTINA INTIMUS 5280 EPSH"},"content":{"rendered":"<h3>GUILLOTINA HIDRAULICA INTIMUS 5280 EPSH<\/h3>\n<p>\u00b7 Recomendada para centros de impresi\u00f3n digital, Artes Gr\u00e1ficas\u2026<\/p>\n<p>\u00b7 Accionamiento de pis\u00f3n y cuchilla Hidr\u00e1ulico<\/p>\n<p>\u00b7 Ancho de corte de 520mm.<\/p>\n<p>\u00b7 Corte seguro y preciso hasta 800 hojas (80 mm altura)<\/p>\n<p>\u00b7 Display t\u00e1ctil digital con pantalla t\u00e1ctil \u201cTOUCH SCREEN\u201d<\/p>\n<p>\u00b7 R\u00e1pido, sencillo y preciso ajuste de las medidas de corte en cent\u00edmetros y pulgadas<\/p>\n<p>\u00b7 Fotoc\u00e9lula de seguridad por infrarrojos en la mesa frontal de la mesa<\/p>\n<p>\u00b7 Luz de corte \u201cLED\u201d para f\u00e1cil visualizaci\u00f3n y precisi\u00f3n de la zona de corte<\/p>\n<p>\u00b7 Profundidad de corte 520 \u2013 530 (Display &#8211; Manual)<\/p>\n<p>\u00b7 Corte m\u00ednimo 25mm.<\/p>\n<p>\u00b7 Precisi\u00f3n: 1mm.<\/p>\n<p>\u00b7 Operaci\u00f3n de accionamiento de corte seguro con dos manos.<\/p>\n<p>\u00b7 Banda de infrarrojos con bloqueo autom\u00e1tico en caso de acceso<\/p>\n<p>\u00b7 Protecci\u00f3n met\u00e1lica<\/p>\n<p>\u00b7 Cuchilla reafilable hecha de acero de alta calidad.<\/p>\n<p>\u00b7 Medidas de corte en cent\u00edmetros y pulgadas<\/p>\n<p>\u00b7 Manivela de ajuste medida de corte digital<\/p>\n<p>\u00b7 Posibilidad de guardar en memoria hasta 100 programas y 100 pasos.<\/p>\n<p>\u00b7 Memoria de corte r\u00e1pido de tarjetas<\/p>\n<p>\u00b7 Robusto y estable motor freno pis\u00f3n y cuchilla<\/p>\n<p>\u00b7 Control de encendido y apagado de emergencia<\/p>\n<p>\u00b7 Mesa soporte incluida con tratamiento anti corrosi\u00f3n<\/p>\n<p>\u00b7 Mesas laterales opcionales<\/p>\n<p>\u00b7 Peso: 310 Kg.<\/p>\n<p>\u00b7 Dimensiones: (La\/An\/Pr) 880 x 1260 x 1260<\/p>\n<p>\u00b7 Dimensiones con alas: (La\/An\/Pr) 1580 x 1260 x 1260<\/p>\n<p>\u00b7 Tensi\u00f3n &#038; Potencia: 230 V \u2013 2.000 W<\/p>\n<p>\u00b7 Certificado CE.<\/p>\n","protected":false},"excerpt":{"rendered":"<h2>GUILLOTINA DE PAPEL INTIMUS 5280 EPSH<\/h2>\n<p>La Guillotina<strong> INTIMUS 5280 EPSH<\/strong> \u00a0es una robusta Guillotina Hidr\u00e1ulica. Ajuste de medida de corte Digital milim\u00e9trico con memorias y DISPLAY TACTIL. Luz de corte LED para un corte preciso y seguro. Accionamiento de escuadra el\u00e9ctrico con servomotores. Para centros de Impresi\u00f3n digital, Artes gr\u00e1ficas que desean un equipo robusto, preciso y estable.<\/p>\n","protected":false},"featured_media":5841,"template":"","meta":{"_acf_changed":false},"product_brand":[],"product_cat":[1534,1426],"product_tag":[],"class_list":{"0":"post-5847","1":"product","2":"type-product","3":"status-publish","4":"has-post-thumbnail","6":"product_cat-guillotinas-de-papel-intimus-hidraulicas","7":"product_cat-guillotinas-de-paper","9":"first","10":"instock","11":"shipping-taxable","12":"product-type-simple"},"acf":[],"yoast_head":"<!-- This site is optimized with the Yoast SEO plugin v27.4 - https:\/\/yoast.com\/product\/yoast-seo-wordpress\/ -->\n<title>GUILLOTINA HIDRAULICA INTIMUS 5280 EPSH HYDROCUT<\/title>\n<meta name=\"description\" content=\"Guillotina de papel INTIMUS 5280 EPSH HYDROCUT. Guillotina Hidraulica de 520 mm ancho de corte. Alta robustez. Cuchillas &amp; cuadradillos. \u00a1Consulte precio!\" \/>\n<meta name=\"robots\" content=\"index, follow, max-snippet:-1, max-image-preview:large, max-video-preview:-1\" \/>\n<link rel=\"canonical\" href=\"https:\/\/neodal.es\/ca\/producte\/intimus-5280-epsh-hydrocut-2\/\" \/>\n<meta property=\"og:locale\" content=\"ca_ES\" \/>\n<meta property=\"og:type\" content=\"article\" \/>\n<meta property=\"og:title\" content=\"GUILLOTINA HIDRAULICA INTIMUS 5280 EPSH HYDROCUT\" \/>\n<meta property=\"og:description\" content=\"Guillotina de papel INTIMUS 5280 EPSH HYDROCUT. Guillotina Hidraulica de 520 mm ancho de corte. Alta robustez. Cuchillas &amp; cuadradillos. \u00a1Consulte precio!\" \/>\n<meta property=\"og:url\" content=\"https:\/\/neodal.es\/ca\/producte\/intimus-5280-epsh-hydrocut-2\/\" \/>\n<meta property=\"og:site_name\" content=\"neodal\" \/>\n<meta property=\"og:image\" content=\"https:\/\/neodal.es\/wp-content\/uploads\/2018\/11\/2885-GUILLOTINA-HIDRAULICA-INTIMUS-5280-EPSH-POWERCUT-scaled.jpg\" \/>\n\t<meta property=\"og:image:width\" content=\"2560\" \/>\n\t<meta property=\"og:image:height\" content=\"2403\" \/>\n\t<meta property=\"og:image:type\" content=\"image\/jpeg\" \/>\n<meta name=\"twitter:card\" content=\"summary_large_image\" \/>\n<meta name=\"twitter:label1\" content=\"Temps estimat de lectura\" \/>\n\t<meta name=\"twitter:data1\" content=\"1 minut\" \/>\n<script type=\"application\/ld+json\" class=\"yoast-schema-graph\">{\"@context\":\"https:\\\/\\\/schema.org\",\"@graph\":[{\"@type\":\"WebPage\",\"@id\":\"https:\\\/\\\/neodal.es\\\/ca\\\/producte\\\/intimus-5280-epsh-hydrocut-2\\\/\",\"url\":\"https:\\\/\\\/neodal.es\\\/ca\\\/producte\\\/intimus-5280-epsh-hydrocut-2\\\/\",\"name\":\"GUILLOTINA HIDRAULICA INTIMUS 5280 EPSH HYDROCUT\",\"isPartOf\":{\"@id\":\"https:\\\/\\\/neodal.es\\\/ca\\\/#website\"},\"primaryImageOfPage\":{\"@id\":\"https:\\\/\\\/neodal.es\\\/ca\\\/producte\\\/intimus-5280-epsh-hydrocut-2\\\/#primaryimage\"},\"image\":{\"@id\":\"https:\\\/\\\/neodal.es\\\/ca\\\/producte\\\/intimus-5280-epsh-hydrocut-2\\\/#primaryimage\"},\"thumbnailUrl\":\"https:\\\/\\\/neodal.es\\\/wp-content\\\/uploads\\\/2018\\\/11\\\/2885-GUILLOTINA-HIDRAULICA-INTIMUS-5280-EPSH-POWERCUT-scaled.jpg\",\"datePublished\":\"2018-11-13T15:26:50+00:00\",\"description\":\"Guillotina de papel INTIMUS 5280 EPSH HYDROCUT. Guillotina Hidraulica de 520 mm ancho de corte. Alta robustez. Cuchillas & cuadradillos. \u00a1Consulte precio!\",\"breadcrumb\":{\"@id\":\"https:\\\/\\\/neodal.es\\\/ca\\\/producte\\\/intimus-5280-epsh-hydrocut-2\\\/#breadcrumb\"},\"inLanguage\":\"ca\",\"potentialAction\":[{\"@type\":\"ReadAction\",\"target\":[\"https:\\\/\\\/neodal.es\\\/ca\\\/producte\\\/intimus-5280-epsh-hydrocut-2\\\/\"]}]},{\"@type\":\"ImageObject\",\"inLanguage\":\"ca\",\"@id\":\"https:\\\/\\\/neodal.es\\\/ca\\\/producte\\\/intimus-5280-epsh-hydrocut-2\\\/#primaryimage\",\"url\":\"https:\\\/\\\/neodal.es\\\/wp-content\\\/uploads\\\/2018\\\/11\\\/2885-GUILLOTINA-HIDRAULICA-INTIMUS-5280-EPSH-POWERCUT-scaled.jpg\",\"contentUrl\":\"https:\\\/\\\/neodal.es\\\/wp-content\\\/uploads\\\/2018\\\/11\\\/2885-GUILLOTINA-HIDRAULICA-INTIMUS-5280-EPSH-POWERCUT-scaled.jpg\",\"width\":2560,\"height\":2403,\"caption\":\"GUILLOTINA HIDRAULICA INTIMUS 5280 EPSH POWERCUT\"},{\"@type\":\"BreadcrumbList\",\"@id\":\"https:\\\/\\\/neodal.es\\\/ca\\\/producte\\\/intimus-5280-epsh-hydrocut-2\\\/#breadcrumb\",\"itemListElement\":[{\"@type\":\"ListItem\",\"position\":1,\"name\":\"Portada\",\"item\":\"https:\\\/\\\/neodal.es\\\/ca\\\/home\\\/\"},{\"@type\":\"ListItem\",\"position\":2,\"name\":\"Productes\",\"item\":\"https:\\\/\\\/neodal.es\\\/ca\\\/productes\\\/\"},{\"@type\":\"ListItem\",\"position\":3,\"name\":\"GUILLOTINA INTIMUS 5280 EPSH\"}]},{\"@type\":\"WebSite\",\"@id\":\"https:\\\/\\\/neodal.es\\\/ca\\\/#website\",\"url\":\"https:\\\/\\\/neodal.es\\\/ca\\\/\",\"name\":\"neodal\",\"description\":\"\",\"potentialAction\":[{\"@type\":\"SearchAction\",\"target\":{\"@type\":\"EntryPoint\",\"urlTemplate\":\"https:\\\/\\\/neodal.es\\\/ca\\\/?s={search_term_string}\"},\"query-input\":{\"@type\":\"PropertyValueSpecification\",\"valueRequired\":true,\"valueName\":\"search_term_string\"}}],\"inLanguage\":\"ca\"}]}<\/script>\n<!-- \/ Yoast SEO plugin. -->","yoast_head_json":{"title":"GUILLOTINA HIDRAULICA INTIMUS 5280 EPSH HYDROCUT","description":"Guillotina de papel INTIMUS 5280 EPSH HYDROCUT. Guillotina Hidraulica de 520 mm ancho de corte. Alta robustez. Cuchillas & cuadradillos. \u00a1Consulte precio!","robots":{"index":"index","follow":"follow","max-snippet":"max-snippet:-1","max-image-preview":"max-image-preview:large","max-video-preview":"max-video-preview:-1"},"canonical":"https:\/\/neodal.es\/ca\/producte\/intimus-5280-epsh-hydrocut-2\/","og_locale":"ca_ES","og_type":"article","og_title":"GUILLOTINA HIDRAULICA INTIMUS 5280 EPSH HYDROCUT","og_description":"Guillotina de papel INTIMUS 5280 EPSH HYDROCUT. Guillotina Hidraulica de 520 mm ancho de corte. Alta robustez. Cuchillas & cuadradillos. \u00a1Consulte precio!","og_url":"https:\/\/neodal.es\/ca\/producte\/intimus-5280-epsh-hydrocut-2\/","og_site_name":"neodal","og_image":[{"width":2560,"height":2403,"url":"https:\/\/neodal.es\/wp-content\/uploads\/2018\/11\/2885-GUILLOTINA-HIDRAULICA-INTIMUS-5280-EPSH-POWERCUT-scaled.jpg","type":"image\/jpeg"}],"twitter_card":"summary_large_image","twitter_misc":{"Temps estimat de lectura":"1 minut"},"schema":{"@context":"https:\/\/schema.org","@graph":[{"@type":"WebPage","@id":"https:\/\/neodal.es\/ca\/producte\/intimus-5280-epsh-hydrocut-2\/","url":"https:\/\/neodal.es\/ca\/producte\/intimus-5280-epsh-hydrocut-2\/","name":"GUILLOTINA HIDRAULICA INTIMUS 5280 EPSH HYDROCUT","isPartOf":{"@id":"https:\/\/neodal.es\/ca\/#website"},"primaryImageOfPage":{"@id":"https:\/\/neodal.es\/ca\/producte\/intimus-5280-epsh-hydrocut-2\/#primaryimage"},"image":{"@id":"https:\/\/neodal.es\/ca\/producte\/intimus-5280-epsh-hydrocut-2\/#primaryimage"},"thumbnailUrl":"https:\/\/neodal.es\/wp-content\/uploads\/2018\/11\/2885-GUILLOTINA-HIDRAULICA-INTIMUS-5280-EPSH-POWERCUT-scaled.jpg","datePublished":"2018-11-13T15:26:50+00:00","description":"Guillotina de papel INTIMUS 5280 EPSH HYDROCUT. Guillotina Hidraulica de 520 mm ancho de corte. Alta robustez. Cuchillas & cuadradillos. \u00a1Consulte precio!","breadcrumb":{"@id":"https:\/\/neodal.es\/ca\/producte\/intimus-5280-epsh-hydrocut-2\/#breadcrumb"},"inLanguage":"ca","potentialAction":[{"@type":"ReadAction","target":["https:\/\/neodal.es\/ca\/producte\/intimus-5280-epsh-hydrocut-2\/"]}]},{"@type":"ImageObject","inLanguage":"ca","@id":"https:\/\/neodal.es\/ca\/producte\/intimus-5280-epsh-hydrocut-2\/#primaryimage","url":"https:\/\/neodal.es\/wp-content\/uploads\/2018\/11\/2885-GUILLOTINA-HIDRAULICA-INTIMUS-5280-EPSH-POWERCUT-scaled.jpg","contentUrl":"https:\/\/neodal.es\/wp-content\/uploads\/2018\/11\/2885-GUILLOTINA-HIDRAULICA-INTIMUS-5280-EPSH-POWERCUT-scaled.jpg","width":2560,"height":2403,"caption":"GUILLOTINA HIDRAULICA INTIMUS 5280 EPSH POWERCUT"},{"@type":"BreadcrumbList","@id":"https:\/\/neodal.es\/ca\/producte\/intimus-5280-epsh-hydrocut-2\/#breadcrumb","itemListElement":[{"@type":"ListItem","position":1,"name":"Portada","item":"https:\/\/neodal.es\/ca\/home\/"},{"@type":"ListItem","position":2,"name":"Productes","item":"https:\/\/neodal.es\/ca\/productes\/"},{"@type":"ListItem","position":3,"name":"GUILLOTINA INTIMUS 5280 EPSH"}]},{"@type":"WebSite","@id":"https:\/\/neodal.es\/ca\/#website","url":"https:\/\/neodal.es\/ca\/","name":"neodal","description":"","potentialAction":[{"@type":"SearchAction","target":{"@type":"EntryPoint","urlTemplate":"https:\/\/neodal.es\/ca\/?s={search_term_string}"},"query-input":{"@type":"PropertyValueSpecification","valueRequired":true,"valueName":"search_term_string"}}],"inLanguage":"ca"}]}},"_links":{"self":[{"href":"https:\/\/neodal.es\/ca\/wp-json\/wp\/v2\/product\/5847","targetHints":{"allow":["GET"]}}],"collection":[{"href":"https:\/\/neodal.es\/ca\/wp-json\/wp\/v2\/product"}],"about":[{"href":"https:\/\/neodal.es\/ca\/wp-json\/wp\/v2\/types\/product"}],"version-history":[{"count":0,"href":"https:\/\/neodal.es\/ca\/wp-json\/wp\/v2\/product\/5847\/revisions"}],"wp:featuredmedia":[{"embeddable":true,"href":"https:\/\/neodal.es\/ca\/wp-json\/wp\/v2\/media\/5841"}],"wp:attachment":[{"href":"https:\/\/neodal.es\/ca\/wp-json\/wp\/v2\/media?parent=5847"}],"wp:term":[{"taxonomy":"product_brand","embeddable":true,"href":"https:\/\/neodal.es\/ca\/wp-json\/wp\/v2\/product_brand?post=5847"},{"taxonomy":"product_cat","embeddable":true,"href":"https:\/\/neodal.es\/ca\/wp-json\/wp\/v2\/product_cat?post=5847"},{"taxonomy":"product_tag","embeddable":true,"href":"https:\/\/neodal.es\/ca\/wp-json\/wp\/v2\/product_tag?post=5847"}],"curies":[{"name":"wp","href":"https:\/\/api.w.org\/{rel}","templated":true}]}}