{"id":5861,"date":"2018-11-13T16:48:09","date_gmt":"2018-11-13T16:48:09","guid":{"rendered":"http:\/\/neodal.local\/product\/horizon-pf-p3300-2\/"},"modified":"2018-11-13T16:48:09","modified_gmt":"2018-11-13T16:48:09","slug":"horizon-pf-p3300-2","status":"publish","type":"product","link":"https:\/\/neodal.es\/ca\/producte\/horizon-pf-p3300-2\/","title":{"rendered":"PLEGADORA DE  PAPEL AIRE HORIZON PF-P3300"},"content":{"rendered":"<h3>Plegadora HORIZON PF-P3300 AIRE &#8211; Caracter\u00edsticas:<\/h3>\n<ul>\n<li>Plegadora de aire \/ succi\u00f3n<\/li>\n<li>M\u00faltiples tipos de plegado con memoria de plegados m\u00e1s habituales.<\/li>\n<li>Robusta construcci\u00f3n tanto para tiradas cortas y repetitivas como puntas de trabajo<\/li>\n<li>Para uso en centros de impresi\u00f3n digital, peque\u00f1as artes gr\u00e1ficas, MK Directo\u2026<\/li>\n<li>Admite tipos de papel Offset, Digital, satinados\u2026<\/li>\n<li>Salida escalonada del papel que evita que se mezclen las piezas ya plegadas.<\/li>\n<li>Alimentador por succi\u00f3n con capacidad de hasta 500 hojas.<\/li>\n<li>F\u00e1cil selecci\u00f3n de los tipos de plegado mediante memorias de trabajo.<\/li>\n<li>Posibilidad de plegado de formatos no standard.<\/li>\n<li>Display digital LCD con indicadores.<\/li>\n<li>Contador de unidades progresivo y regresivo reseteable.<\/li>\n<li>Velocidad 250 hojas por minuto (A4 plegado simple)<\/li>\n<li>Formato m\u00e1ximo del documento: 310 x 432 mm <\/li>\n<li>Formato m\u00e1ximo del documento: 125 x 130 mm <\/li>\n<li>Gramaje de papel de 52 a 157 Gs.<\/li>\n<li>Dimensiones (Al x An X Pr): 624 x 642 x 553mm.<\/li>\n<li>Peso: 45 Kg (bomba de aire 7 Kg)<\/li>\n<li>Certificado CE.<\/li>\n<\/ul>\n","protected":false},"excerpt":{"rendered":"<h2>PLEGADORA DE PAPEL HORIZON PF-P3300 &#8211; AIRE\u00a0<\/h2>\n<p style=\"text-align: justify;\">La <strong>Plegadora HORIZON PF-P3300<\/strong> dobla sus folletos, circulares, Mailing \u2026 de forma r\u00e1pida y efectiva. Una Plegadora de aire para formato m\u00e1ximo A3 robusta f\u00e1cil de usar en Centros de Reprograf\u00eda, Impresi\u00f3n Digital, Oficinas &#8211; Servicios Generales con alto volumen de trabajo.<\/p>\n<p style=\"text-align: justify;\"><strong>Horizon PF-P3300<\/strong> es una plegadora adecuada para llevar a cabo tanto tiradas cortas y repetitivas como para hacer miles de env\u00edos en un solo d\u00eda. Dispone de una alimentador hasta 500 hojas que permite plegar papel hasta formato A3 en tipos de plegado D\u00edptico, Tr\u00edptico y Zig &#8211; Zag, Doble Paralelo&#8230;) Su contador Digital de unidades progresivo y regresivo de puesta a cero le permite conocer o preestablecer el n\u00famero de plegados.\u00a0 \u00a0<\/p>\n<p style=\"text-align: justify;\">La <strong>Horizon PF-P3300<\/strong> es\u00a0un robusto y sencillo equipo de f\u00e1cil uso por personal no especializado. Tan solo debe cargar el papel, seleccionar el tipo de plegado y pulsar &#8220;Start&#8221; para que doble todos sus documentos.\u00a0<\/p>\n<p style=\"text-align: justify;\">Solicite informaci\u00f3n sin compromiso.<\/p>\n","protected":false},"featured_media":5856,"template":"","meta":{"_acf_changed":false},"product_brand":[],"product_cat":[1510,1440],"product_tag":[],"class_list":{"0":"post-5861","1":"product","2":"type-product","3":"status-publish","4":"has-post-thumbnail","6":"product_cat-plegadoras-de-papel-aire","7":"product_cat-plegadoras","9":"first","10":"instock","11":"shipping-taxable","12":"product-type-simple"},"acf":[],"yoast_head":"<!-- This site is optimized with the Yoast SEO plugin v27.4 - https:\/\/yoast.com\/product\/yoast-seo-wordpress\/ -->\n<title>Plegadora de papel de aire Horizon PF-P-3300<\/title>\n<meta name=\"description\" content=\"Es una plegadora de papel de alimentaci\u00f3n por succi\u00f3n. Admite varios tipos de plegados y de papel. F\u00e1cil ajuste de los trabajos. Consulte informaci\u00f3n.\" \/>\n<meta name=\"robots\" content=\"index, follow, max-snippet:-1, max-image-preview:large, max-video-preview:-1\" \/>\n<link rel=\"canonical\" href=\"https:\/\/neodal.es\/ca\/producte\/horizon-pf-p3300-2\/\" \/>\n<meta property=\"og:locale\" content=\"ca_ES\" \/>\n<meta property=\"og:type\" content=\"article\" \/>\n<meta property=\"og:title\" content=\"Plegadora de papel de aire Horizon PF-P-3300\" \/>\n<meta property=\"og:description\" content=\"Es una plegadora de papel de alimentaci\u00f3n por succi\u00f3n. Admite varios tipos de plegados y de papel. F\u00e1cil ajuste de los trabajos. Consulte informaci\u00f3n.\" \/>\n<meta property=\"og:url\" content=\"https:\/\/neodal.es\/ca\/producte\/horizon-pf-p3300-2\/\" \/>\n<meta property=\"og:site_name\" content=\"neodal\" \/>\n<meta property=\"og:image\" content=\"https:\/\/neodal.es\/wp-content\/uploads\/2018\/11\/2533-HORIZON-PF-P3300-AIRE.jpg\" \/>\n\t<meta property=\"og:image:width\" content=\"500\" \/>\n\t<meta property=\"og:image:height\" content=\"500\" \/>\n\t<meta property=\"og:image:type\" content=\"image\/jpeg\" \/>\n<meta name=\"twitter:card\" content=\"summary_large_image\" \/>\n<meta name=\"twitter:label1\" content=\"Temps estimat de lectura\" \/>\n\t<meta name=\"twitter:data1\" content=\"1 minut\" \/>\n<script type=\"application\/ld+json\" class=\"yoast-schema-graph\">{\"@context\":\"https:\\\/\\\/schema.org\",\"@graph\":[{\"@type\":\"WebPage\",\"@id\":\"https:\\\/\\\/neodal.es\\\/ca\\\/producte\\\/horizon-pf-p3300-2\\\/\",\"url\":\"https:\\\/\\\/neodal.es\\\/ca\\\/producte\\\/horizon-pf-p3300-2\\\/\",\"name\":\"Plegadora de papel de aire Horizon PF-P-3300\",\"isPartOf\":{\"@id\":\"https:\\\/\\\/neodal.es\\\/ca\\\/#website\"},\"primaryImageOfPage\":{\"@id\":\"https:\\\/\\\/neodal.es\\\/ca\\\/producte\\\/horizon-pf-p3300-2\\\/#primaryimage\"},\"image\":{\"@id\":\"https:\\\/\\\/neodal.es\\\/ca\\\/producte\\\/horizon-pf-p3300-2\\\/#primaryimage\"},\"thumbnailUrl\":\"https:\\\/\\\/neodal.es\\\/wp-content\\\/uploads\\\/2018\\\/11\\\/2533-HORIZON-PF-P3300-AIRE.jpg\",\"datePublished\":\"2018-11-13T16:48:09+00:00\",\"description\":\"Es una plegadora de papel de alimentaci\u00f3n por succi\u00f3n. Admite varios tipos de plegados y de papel. F\u00e1cil ajuste de los trabajos. Consulte informaci\u00f3n.\",\"breadcrumb\":{\"@id\":\"https:\\\/\\\/neodal.es\\\/ca\\\/producte\\\/horizon-pf-p3300-2\\\/#breadcrumb\"},\"inLanguage\":\"ca\",\"potentialAction\":[{\"@type\":\"ReadAction\",\"target\":[\"https:\\\/\\\/neodal.es\\\/ca\\\/producte\\\/horizon-pf-p3300-2\\\/\"]}]},{\"@type\":\"ImageObject\",\"inLanguage\":\"ca\",\"@id\":\"https:\\\/\\\/neodal.es\\\/ca\\\/producte\\\/horizon-pf-p3300-2\\\/#primaryimage\",\"url\":\"https:\\\/\\\/neodal.es\\\/wp-content\\\/uploads\\\/2018\\\/11\\\/2533-HORIZON-PF-P3300-AIRE.jpg\",\"contentUrl\":\"https:\\\/\\\/neodal.es\\\/wp-content\\\/uploads\\\/2018\\\/11\\\/2533-HORIZON-PF-P3300-AIRE.jpg\",\"width\":500,\"height\":500,\"caption\":\"HORIZON PF-P3300 - AIRE\"},{\"@type\":\"BreadcrumbList\",\"@id\":\"https:\\\/\\\/neodal.es\\\/ca\\\/producte\\\/horizon-pf-p3300-2\\\/#breadcrumb\",\"itemListElement\":[{\"@type\":\"ListItem\",\"position\":1,\"name\":\"Portada\",\"item\":\"https:\\\/\\\/neodal.es\\\/ca\\\/home\\\/\"},{\"@type\":\"ListItem\",\"position\":2,\"name\":\"Productes\",\"item\":\"https:\\\/\\\/neodal.es\\\/ca\\\/productes\\\/\"},{\"@type\":\"ListItem\",\"position\":3,\"name\":\"PLEGADORA DE PAPEL AIRE HORIZON PF-P3300\"}]},{\"@type\":\"WebSite\",\"@id\":\"https:\\\/\\\/neodal.es\\\/ca\\\/#website\",\"url\":\"https:\\\/\\\/neodal.es\\\/ca\\\/\",\"name\":\"neodal\",\"description\":\"\",\"potentialAction\":[{\"@type\":\"SearchAction\",\"target\":{\"@type\":\"EntryPoint\",\"urlTemplate\":\"https:\\\/\\\/neodal.es\\\/ca\\\/?s={search_term_string}\"},\"query-input\":{\"@type\":\"PropertyValueSpecification\",\"valueRequired\":true,\"valueName\":\"search_term_string\"}}],\"inLanguage\":\"ca\"}]}<\/script>\n<!-- \/ Yoast SEO plugin. -->","yoast_head_json":{"title":"Plegadora de papel de aire Horizon PF-P-3300","description":"Es una plegadora de papel de alimentaci\u00f3n por succi\u00f3n. Admite varios tipos de plegados y de papel. F\u00e1cil ajuste de los trabajos. Consulte informaci\u00f3n.","robots":{"index":"index","follow":"follow","max-snippet":"max-snippet:-1","max-image-preview":"max-image-preview:large","max-video-preview":"max-video-preview:-1"},"canonical":"https:\/\/neodal.es\/ca\/producte\/horizon-pf-p3300-2\/","og_locale":"ca_ES","og_type":"article","og_title":"Plegadora de papel de aire Horizon PF-P-3300","og_description":"Es una plegadora de papel de alimentaci\u00f3n por succi\u00f3n. Admite varios tipos de plegados y de papel. F\u00e1cil ajuste de los trabajos. Consulte informaci\u00f3n.","og_url":"https:\/\/neodal.es\/ca\/producte\/horizon-pf-p3300-2\/","og_site_name":"neodal","og_image":[{"width":500,"height":500,"url":"https:\/\/neodal.es\/wp-content\/uploads\/2018\/11\/2533-HORIZON-PF-P3300-AIRE.jpg","type":"image\/jpeg"}],"twitter_card":"summary_large_image","twitter_misc":{"Temps estimat de lectura":"1 minut"},"schema":{"@context":"https:\/\/schema.org","@graph":[{"@type":"WebPage","@id":"https:\/\/neodal.es\/ca\/producte\/horizon-pf-p3300-2\/","url":"https:\/\/neodal.es\/ca\/producte\/horizon-pf-p3300-2\/","name":"Plegadora de papel de aire Horizon PF-P-3300","isPartOf":{"@id":"https:\/\/neodal.es\/ca\/#website"},"primaryImageOfPage":{"@id":"https:\/\/neodal.es\/ca\/producte\/horizon-pf-p3300-2\/#primaryimage"},"image":{"@id":"https:\/\/neodal.es\/ca\/producte\/horizon-pf-p3300-2\/#primaryimage"},"thumbnailUrl":"https:\/\/neodal.es\/wp-content\/uploads\/2018\/11\/2533-HORIZON-PF-P3300-AIRE.jpg","datePublished":"2018-11-13T16:48:09+00:00","description":"Es una plegadora de papel de alimentaci\u00f3n por succi\u00f3n. Admite varios tipos de plegados y de papel. F\u00e1cil ajuste de los trabajos. Consulte informaci\u00f3n.","breadcrumb":{"@id":"https:\/\/neodal.es\/ca\/producte\/horizon-pf-p3300-2\/#breadcrumb"},"inLanguage":"ca","potentialAction":[{"@type":"ReadAction","target":["https:\/\/neodal.es\/ca\/producte\/horizon-pf-p3300-2\/"]}]},{"@type":"ImageObject","inLanguage":"ca","@id":"https:\/\/neodal.es\/ca\/producte\/horizon-pf-p3300-2\/#primaryimage","url":"https:\/\/neodal.es\/wp-content\/uploads\/2018\/11\/2533-HORIZON-PF-P3300-AIRE.jpg","contentUrl":"https:\/\/neodal.es\/wp-content\/uploads\/2018\/11\/2533-HORIZON-PF-P3300-AIRE.jpg","width":500,"height":500,"caption":"HORIZON PF-P3300 - AIRE"},{"@type":"BreadcrumbList","@id":"https:\/\/neodal.es\/ca\/producte\/horizon-pf-p3300-2\/#breadcrumb","itemListElement":[{"@type":"ListItem","position":1,"name":"Portada","item":"https:\/\/neodal.es\/ca\/home\/"},{"@type":"ListItem","position":2,"name":"Productes","item":"https:\/\/neodal.es\/ca\/productes\/"},{"@type":"ListItem","position":3,"name":"PLEGADORA DE PAPEL AIRE HORIZON PF-P3300"}]},{"@type":"WebSite","@id":"https:\/\/neodal.es\/ca\/#website","url":"https:\/\/neodal.es\/ca\/","name":"neodal","description":"","potentialAction":[{"@type":"SearchAction","target":{"@type":"EntryPoint","urlTemplate":"https:\/\/neodal.es\/ca\/?s={search_term_string}"},"query-input":{"@type":"PropertyValueSpecification","valueRequired":true,"valueName":"search_term_string"}}],"inLanguage":"ca"}]}},"_links":{"self":[{"href":"https:\/\/neodal.es\/ca\/wp-json\/wp\/v2\/product\/5861","targetHints":{"allow":["GET"]}}],"collection":[{"href":"https:\/\/neodal.es\/ca\/wp-json\/wp\/v2\/product"}],"about":[{"href":"https:\/\/neodal.es\/ca\/wp-json\/wp\/v2\/types\/product"}],"version-history":[{"count":0,"href":"https:\/\/neodal.es\/ca\/wp-json\/wp\/v2\/product\/5861\/revisions"}],"wp:featuredmedia":[{"embeddable":true,"href":"https:\/\/neodal.es\/ca\/wp-json\/wp\/v2\/media\/5856"}],"wp:attachment":[{"href":"https:\/\/neodal.es\/ca\/wp-json\/wp\/v2\/media?parent=5861"}],"wp:term":[{"taxonomy":"product_brand","embeddable":true,"href":"https:\/\/neodal.es\/ca\/wp-json\/wp\/v2\/product_brand?post=5861"},{"taxonomy":"product_cat","embeddable":true,"href":"https:\/\/neodal.es\/ca\/wp-json\/wp\/v2\/product_cat?post=5861"},{"taxonomy":"product_tag","embeddable":true,"href":"https:\/\/neodal.es\/ca\/wp-json\/wp\/v2\/product_tag?post=5861"}],"curies":[{"name":"wp","href":"https:\/\/api.w.org\/{rel}","templated":true}]}}