{"id":5866,"date":"2018-11-13T17:08:26","date_gmt":"2018-11-13T17:08:26","guid":{"rendered":"http:\/\/neodal.local\/product\/intimus-f-200\/"},"modified":"2018-11-13T17:08:26","modified_gmt":"2018-11-13T17:08:26","slug":"intimus-f-200","status":"publish","type":"product","link":"https:\/\/neodal.es\/ca\/producte\/intimus-f-200\/","title":{"rendered":"INTIMUS F 200"},"content":{"rendered":"<h3><span style=\"font-family: 'Roboto Condensed';\">PLEGADORA INTIMUS F200\u00a0<\/span><\/h3>\n<p style=\"font-size: 11px; font-weight: 400;\">\u00b7 Plegadora de documentos de sobremesa.<\/p>\n<p style=\"font-size: 11px; font-weight: 400;\">\u00b7 Diferentes tipos de plegado d\u00edptico, tr\u00edptico, Zig-Zag\u2026<\/p>\n<p style=\"font-size: 11px; font-weight: 400;\">\u00b7 Robusta construcci\u00f3n met\u00e1lica para trabajo de d\u00eda a d\u00eda y puntas de trabajo.<\/p>\n<p style=\"font-size: 11px; font-weight: 400;\">\u00b7 Salida escalonada del papel que evita que se mezclen los documentos.<\/p>\n<p style=\"font-size: 11px; font-weight: 400;\">\u00b7 Alimentador desplegable con capacidad de hasta 250 hojas.<\/p>\n<p style=\"font-size: 11px; font-weight: 400;\">\u00b7 F\u00e1cil puesta en marcha y selecci\u00f3n de los tipos de plegado<\/p>\n<p style=\"font-size: 11px; font-weight: 400;\">\u00b7 Claros pictogramas de tipo de plegado en la bandeja de plegado.<\/p>\n<p style=\"font-size: 11px; font-weight: 400;\">\u00b7 Display digital LCD con indicadores.<\/p>\n<p style=\"font-size: 11px; font-weight: 400;\">\u00b7 Contador de unidades progresivo y regresivo con puesta a cero.<\/p>\n<p style=\"font-size: 11px; font-weight: 400;\">\u00b7 3 robustos rodillos de alimentaci\u00f3n de papel.<\/p>\n<p style=\"font-size: 11px; font-weight: 400;\">\u00b7 Formato de documentos A4, A5\u2026<\/p>\n<p style=\"font-size: 11px; font-weight: 400;\">\u00b7 Gramaje de papel de 50 a 120 Gs.<\/p>\n<p style=\"font-size: 11px; font-weight: 400;\">\u00b7 Dimensiones (Al x An X Pr): 425 x 670 x 360mm.<\/p>\n<p style=\"font-size: 11px; font-weight: 400;\">\u00b7 Peso: 18 Kg<\/p>\n<p style=\"font-size: 11px; font-weight: 400;\">\u00b7 Certificado CE.<\/p>\n<p style=\"font-size: 11px; font-weight: 400;\"><iframe width=\"560\" height=\"315\" style=\"background-image: url('img\/object.gif');\" src=\"https:\/\/www.youtube.com\/embed\/wFvJSME-eWc\" title=\"YouTube video player\" frameborder=\"0\" allow=\"accelerometer; autoplay; clipboard-write; encrypted-media; gyroscope; picture-in-picture\" allowfullscreen=\"allowfullscreen\"><\/iframe><\/p>\n","protected":false},"excerpt":{"rendered":"<p>PLEGADORA INTIMUS F200\u00a0 \u00b7 Plegadora de documentos de sobremesa. \u00b7 Diferentes tipos de plegado d\u00edptico, tr\u00edptico, Zig-Zag\u2026 \u00b7 Robusta construcci\u00f3n met\u00e1lica para trabajo de d\u00eda a d\u00eda y puntas de trabajo. \u00b7 Salida escalonada del papel que evita que se mezclen los documentos. \u00b7 Alimentador desplegable con capacidad de hasta 250 hojas. \u00b7 F\u00e1cil puesta [&hellip;]<\/p>\n","protected":false},"featured_media":5862,"comment_status":"open","ping_status":"closed","template":"","meta":{"_acf_changed":false},"product_brand":[],"product_cat":[1440,1478],"product_tag":[],"class_list":{"0":"post-5866","1":"product","2":"type-product","3":"status-publish","4":"has-post-thumbnail","6":"product_cat-plegadoras","7":"product_cat-plegadores-de-papel-de-friccio-neodal","9":"first","10":"instock","11":"shipping-taxable","12":"product-type-simple"},"acf":[],"yoast_head":"<!-- This site is optimized with the Yoast SEO plugin v27.0 - https:\/\/yoast.com\/product\/yoast-seo-wordpress\/ -->\n<title>PLEGADORA INTIMUS F 200 - PLEGADORA DE PAPEL A4<\/title>\n<meta name=\"description\" content=\"Plegadora INTIMUS F 200. Plegadora de papel A4 para oficinas.... R\u00e1pida, robusta y f\u00e1cil de usar. Servicio t\u00e9cnico Oficial. \u00a1Consulte el mejor precio!\" \/>\n<meta name=\"robots\" content=\"index, follow, max-snippet:-1, max-image-preview:large, max-video-preview:-1\" \/>\n<link rel=\"canonical\" href=\"https:\/\/neodal.es\/ca\/producte\/intimus-f-200\/\" \/>\n<meta property=\"og:locale\" content=\"ca_ES\" \/>\n<meta property=\"og:type\" content=\"article\" \/>\n<meta property=\"og:title\" content=\"PLEGADORA INTIMUS F 200 - PLEGADORA DE PAPEL A4\" \/>\n<meta property=\"og:description\" content=\"Plegadora INTIMUS F 200. Plegadora de papel A4 para oficinas.... R\u00e1pida, robusta y f\u00e1cil de usar. Servicio t\u00e9cnico Oficial. \u00a1Consulte el mejor precio!\" \/>\n<meta property=\"og:url\" content=\"https:\/\/neodal.es\/ca\/producte\/intimus-f-200\/\" \/>\n<meta property=\"og:site_name\" content=\"neodal\" \/>\n<meta property=\"og:image\" content=\"https:\/\/neodal.es\/wp-content\/uploads\/2018\/11\/2254-PLEGADORA-DE-PAPEL-DE-OFICINA-A4-INTIMUS-F200.jpg\" \/>\n\t<meta property=\"og:image:width\" content=\"500\" \/>\n\t<meta property=\"og:image:height\" content=\"500\" \/>\n\t<meta property=\"og:image:type\" content=\"image\/jpeg\" \/>\n<meta name=\"twitter:card\" content=\"summary_large_image\" \/>\n<meta name=\"twitter:label1\" content=\"Temps estimat de lectura\" \/>\n\t<meta name=\"twitter:data1\" content=\"1 minut\" \/>\n<script type=\"application\/ld+json\" class=\"yoast-schema-graph\">{\"@context\":\"https:\/\/schema.org\",\"@graph\":[{\"@type\":\"WebPage\",\"@id\":\"https:\/\/neodal.es\/ca\/producte\/intimus-f-200\/\",\"url\":\"https:\/\/neodal.es\/ca\/producte\/intimus-f-200\/\",\"name\":\"PLEGADORA INTIMUS F 200 - PLEGADORA DE PAPEL A4\",\"isPartOf\":{\"@id\":\"https:\/\/neodal.es\/ca\/#website\"},\"primaryImageOfPage\":{\"@id\":\"https:\/\/neodal.es\/ca\/producte\/intimus-f-200\/#primaryimage\"},\"image\":{\"@id\":\"https:\/\/neodal.es\/ca\/producte\/intimus-f-200\/#primaryimage\"},\"thumbnailUrl\":\"https:\/\/neodal.es\/wp-content\/uploads\/2018\/11\/2254-PLEGADORA-DE-PAPEL-DE-OFICINA-A4-INTIMUS-F200.jpg\",\"datePublished\":\"2018-11-13T17:08:26+00:00\",\"description\":\"Plegadora INTIMUS F 200. Plegadora de papel A4 para oficinas.... R\u00e1pida, robusta y f\u00e1cil de usar. Servicio t\u00e9cnico Oficial. \u00a1Consulte el mejor precio!\",\"breadcrumb\":{\"@id\":\"https:\/\/neodal.es\/ca\/producte\/intimus-f-200\/#breadcrumb\"},\"inLanguage\":\"ca\",\"potentialAction\":[{\"@type\":\"ReadAction\",\"target\":[\"https:\/\/neodal.es\/ca\/producte\/intimus-f-200\/\"]}]},{\"@type\":\"ImageObject\",\"inLanguage\":\"ca\",\"@id\":\"https:\/\/neodal.es\/ca\/producte\/intimus-f-200\/#primaryimage\",\"url\":\"https:\/\/neodal.es\/wp-content\/uploads\/2018\/11\/2254-PLEGADORA-DE-PAPEL-DE-OFICINA-A4-INTIMUS-F200.jpg\",\"contentUrl\":\"https:\/\/neodal.es\/wp-content\/uploads\/2018\/11\/2254-PLEGADORA-DE-PAPEL-DE-OFICINA-A4-INTIMUS-F200.jpg\",\"width\":500,\"height\":500,\"caption\":\"PLEGADORA DE PAPEL DE OFICINA (A4) INTIMUS F200\"},{\"@type\":\"BreadcrumbList\",\"@id\":\"https:\/\/neodal.es\/ca\/producte\/intimus-f-200\/#breadcrumb\",\"itemListElement\":[{\"@type\":\"ListItem\",\"position\":1,\"name\":\"Portada\",\"item\":\"https:\/\/neodal.es\/ca\/home\/\"},{\"@type\":\"ListItem\",\"position\":2,\"name\":\"Productes\",\"item\":\"https:\/\/neodal.es\/ca\/productes\/\"},{\"@type\":\"ListItem\",\"position\":3,\"name\":\"INTIMUS F 200\"}]},{\"@type\":\"WebSite\",\"@id\":\"https:\/\/neodal.es\/ca\/#website\",\"url\":\"https:\/\/neodal.es\/ca\/\",\"name\":\"neodal\",\"description\":\"\",\"publisher\":{\"@id\":\"https:\/\/neodal.es\/ca\/#organization\"},\"potentialAction\":[{\"@type\":\"SearchAction\",\"target\":{\"@type\":\"EntryPoint\",\"urlTemplate\":\"https:\/\/neodal.es\/ca\/?s={search_term_string}\"},\"query-input\":{\"@type\":\"PropertyValueSpecification\",\"valueRequired\":true,\"valueName\":\"search_term_string\"}}],\"inLanguage\":\"ca\"},{\"@type\":\"Organization\",\"@id\":\"https:\/\/neodal.es\/ca\/#organization\",\"name\":\"neodal\",\"url\":\"https:\/\/neodal.es\/ca\/\",\"logo\":{\"@type\":\"ImageObject\",\"inLanguage\":\"ca\",\"@id\":\"https:\/\/neodal.es\/ca\/#\/schema\/logo\/image\/\",\"url\":\"https:\/\/neodal.es\/wp-content\/uploads\/2025\/12\/neodal-logo.jpeg\",\"contentUrl\":\"https:\/\/neodal.es\/wp-content\/uploads\/2025\/12\/neodal-logo.jpeg\",\"width\":359,\"height\":87,\"caption\":\"neodal\"},\"image\":{\"@id\":\"https:\/\/neodal.es\/ca\/#\/schema\/logo\/image\/\"}}]}<\/script>\n<!-- \/ Yoast SEO plugin. -->","yoast_head_json":{"title":"PLEGADORA INTIMUS F 200 - PLEGADORA DE PAPEL A4","description":"Plegadora INTIMUS F 200. Plegadora de papel A4 para oficinas.... R\u00e1pida, robusta y f\u00e1cil de usar. Servicio t\u00e9cnico Oficial. \u00a1Consulte el mejor precio!","robots":{"index":"index","follow":"follow","max-snippet":"max-snippet:-1","max-image-preview":"max-image-preview:large","max-video-preview":"max-video-preview:-1"},"canonical":"https:\/\/neodal.es\/ca\/producte\/intimus-f-200\/","og_locale":"ca_ES","og_type":"article","og_title":"PLEGADORA INTIMUS F 200 - PLEGADORA DE PAPEL A4","og_description":"Plegadora INTIMUS F 200. Plegadora de papel A4 para oficinas.... R\u00e1pida, robusta y f\u00e1cil de usar. Servicio t\u00e9cnico Oficial. \u00a1Consulte el mejor precio!","og_url":"https:\/\/neodal.es\/ca\/producte\/intimus-f-200\/","og_site_name":"neodal","og_image":[{"width":500,"height":500,"url":"https:\/\/neodal.es\/wp-content\/uploads\/2018\/11\/2254-PLEGADORA-DE-PAPEL-DE-OFICINA-A4-INTIMUS-F200.jpg","type":"image\/jpeg"}],"twitter_card":"summary_large_image","twitter_misc":{"Temps estimat de lectura":"1 minut"},"schema":{"@context":"https:\/\/schema.org","@graph":[{"@type":"WebPage","@id":"https:\/\/neodal.es\/ca\/producte\/intimus-f-200\/","url":"https:\/\/neodal.es\/ca\/producte\/intimus-f-200\/","name":"PLEGADORA INTIMUS F 200 - PLEGADORA DE PAPEL A4","isPartOf":{"@id":"https:\/\/neodal.es\/ca\/#website"},"primaryImageOfPage":{"@id":"https:\/\/neodal.es\/ca\/producte\/intimus-f-200\/#primaryimage"},"image":{"@id":"https:\/\/neodal.es\/ca\/producte\/intimus-f-200\/#primaryimage"},"thumbnailUrl":"https:\/\/neodal.es\/wp-content\/uploads\/2018\/11\/2254-PLEGADORA-DE-PAPEL-DE-OFICINA-A4-INTIMUS-F200.jpg","datePublished":"2018-11-13T17:08:26+00:00","description":"Plegadora INTIMUS F 200. Plegadora de papel A4 para oficinas.... R\u00e1pida, robusta y f\u00e1cil de usar. Servicio t\u00e9cnico Oficial. \u00a1Consulte el mejor precio!","breadcrumb":{"@id":"https:\/\/neodal.es\/ca\/producte\/intimus-f-200\/#breadcrumb"},"inLanguage":"ca","potentialAction":[{"@type":"ReadAction","target":["https:\/\/neodal.es\/ca\/producte\/intimus-f-200\/"]}]},{"@type":"ImageObject","inLanguage":"ca","@id":"https:\/\/neodal.es\/ca\/producte\/intimus-f-200\/#primaryimage","url":"https:\/\/neodal.es\/wp-content\/uploads\/2018\/11\/2254-PLEGADORA-DE-PAPEL-DE-OFICINA-A4-INTIMUS-F200.jpg","contentUrl":"https:\/\/neodal.es\/wp-content\/uploads\/2018\/11\/2254-PLEGADORA-DE-PAPEL-DE-OFICINA-A4-INTIMUS-F200.jpg","width":500,"height":500,"caption":"PLEGADORA DE PAPEL DE OFICINA (A4) INTIMUS F200"},{"@type":"BreadcrumbList","@id":"https:\/\/neodal.es\/ca\/producte\/intimus-f-200\/#breadcrumb","itemListElement":[{"@type":"ListItem","position":1,"name":"Portada","item":"https:\/\/neodal.es\/ca\/home\/"},{"@type":"ListItem","position":2,"name":"Productes","item":"https:\/\/neodal.es\/ca\/productes\/"},{"@type":"ListItem","position":3,"name":"INTIMUS F 200"}]},{"@type":"WebSite","@id":"https:\/\/neodal.es\/ca\/#website","url":"https:\/\/neodal.es\/ca\/","name":"neodal","description":"","publisher":{"@id":"https:\/\/neodal.es\/ca\/#organization"},"potentialAction":[{"@type":"SearchAction","target":{"@type":"EntryPoint","urlTemplate":"https:\/\/neodal.es\/ca\/?s={search_term_string}"},"query-input":{"@type":"PropertyValueSpecification","valueRequired":true,"valueName":"search_term_string"}}],"inLanguage":"ca"},{"@type":"Organization","@id":"https:\/\/neodal.es\/ca\/#organization","name":"neodal","url":"https:\/\/neodal.es\/ca\/","logo":{"@type":"ImageObject","inLanguage":"ca","@id":"https:\/\/neodal.es\/ca\/#\/schema\/logo\/image\/","url":"https:\/\/neodal.es\/wp-content\/uploads\/2025\/12\/neodal-logo.jpeg","contentUrl":"https:\/\/neodal.es\/wp-content\/uploads\/2025\/12\/neodal-logo.jpeg","width":359,"height":87,"caption":"neodal"},"image":{"@id":"https:\/\/neodal.es\/ca\/#\/schema\/logo\/image\/"}}]}},"_links":{"self":[{"href":"https:\/\/neodal.es\/ca\/wp-json\/wp\/v2\/product\/5866","targetHints":{"allow":["GET"]}}],"collection":[{"href":"https:\/\/neodal.es\/ca\/wp-json\/wp\/v2\/product"}],"about":[{"href":"https:\/\/neodal.es\/ca\/wp-json\/wp\/v2\/types\/product"}],"replies":[{"embeddable":true,"href":"https:\/\/neodal.es\/ca\/wp-json\/wp\/v2\/comments?post=5866"}],"version-history":[{"count":0,"href":"https:\/\/neodal.es\/ca\/wp-json\/wp\/v2\/product\/5866\/revisions"}],"wp:featuredmedia":[{"embeddable":true,"href":"https:\/\/neodal.es\/ca\/wp-json\/wp\/v2\/media\/5862"}],"wp:attachment":[{"href":"https:\/\/neodal.es\/ca\/wp-json\/wp\/v2\/media?parent=5866"}],"wp:term":[{"taxonomy":"product_brand","embeddable":true,"href":"https:\/\/neodal.es\/ca\/wp-json\/wp\/v2\/product_brand?post=5866"},{"taxonomy":"product_cat","embeddable":true,"href":"https:\/\/neodal.es\/ca\/wp-json\/wp\/v2\/product_cat?post=5866"},{"taxonomy":"product_tag","embeddable":true,"href":"https:\/\/neodal.es\/ca\/wp-json\/wp\/v2\/product_tag?post=5866"}],"curies":[{"name":"wp","href":"https:\/\/api.w.org\/{rel}","templated":true}]}}