{"id":5871,"date":"2018-11-13T17:17:44","date_gmt":"2018-11-13T17:17:44","guid":{"rendered":"http:\/\/neodal.local\/product\/intimus-f-300\/"},"modified":"2018-11-13T17:17:44","modified_gmt":"2018-11-13T17:17:44","slug":"intimus-f-300","status":"publish","type":"product","link":"https:\/\/neodal.es\/ca\/producte\/intimus-f-300\/","title":{"rendered":"INTIMUS F 300"},"content":{"rendered":"<h3><span style=\"font-family: 'Roboto Condensed';\">PLEGADORA INTIMUS F300<\/span><\/h3>\n<p>\u00b7 Plegadora de documentos de sobremesa.<\/p>\n<p>\u00b7 Diferentes tipos de plegado d\u00edptico, tr\u00edptico, Zig-Zag\u2026<\/p>\n<p>\u00b7 Robusta construcci\u00f3n met\u00e1lica para trabajo de d\u00eda a d\u00eda y puntas de trabajo.<\/p>\n<p>\u00b7 Para uso en oficinas, centros de impresi\u00f3n, copister\u00edas, MK Directo\u2026<\/p>\n<p>\u00b7 Salida escalonada del papel que evita que se mezclen los documentos.<\/p>\n<p>\u00b7 Alimentador desplegable con capacidad de hasta 450 hojas.<\/p>\n<p>\u00b7 F\u00e1cil puesta en marcha y selecci\u00f3n de los tipos de plegado<\/p>\n<p>\u00b7 Claros pictogramas de tipo de plegado en la bandeja de plegado.<\/p>\n<p>\u00b7 Display digital LCD con indicadores.<\/p>\n<p>\u00b7 Contador de unidades progresivo y regresivo reseteable.<\/p>\n<p>\u00b7 4 robustos rodillos de alimentaci\u00f3n de papel.<\/p>\n<p>\u00b7 Formato de documentos A3, A4, A5\u2026<\/p>\n<p>\u00b7 Gramaje de papel de 50 a 140 Grs.<\/p>\n<p>\u00b7 Dimensiones (Al x An X Pr): 520 x 890 x 480 mm.<\/p>\n<p>\u00b7 Peso: 35 Kg<\/p>\n<p>\u00b7 Certificado CE.<\/p>\n<p><iframe width=\"560\" height=\"315\" style=\"background-image: url('img\/object.gif');\" src=\"https:\/\/www.youtube.com\/embed\/wFvJSME-eWc\" title=\"YouTube video player\" frameborder=\"0\" allow=\"accelerometer; autoplay; clipboard-write; encrypted-media; gyroscope; picture-in-picture\" allowfullscreen=\"allowfullscreen\"><\/iframe><\/p>\n","protected":false},"excerpt":{"rendered":"<h2>PLEGADORA DE PAPEL A3<\/h2>\n<p>La Plegadora <strong>INTIMUS F 300<\/strong> le ayudar\u00e1 a llevar a cabo el plegado de sus cartas, facturas, circulares, facturas, n\u00f3minas\u2026 de forma r\u00e1pida y efectiva. Una<br \/>Plegadora de fricci\u00f3n para un formato m\u00e1ximo de A3 a un precio excelente, f\u00e1cil de usar para uso en oficinas, centros de reprograf\u00eda, impresi\u00f3n digital\u2026<\/p>\n","protected":false},"featured_media":5867,"comment_status":"open","ping_status":"closed","template":"","meta":{"_acf_changed":false},"product_brand":[],"product_cat":[1440,1478],"product_tag":[],"class_list":{"0":"post-5871","1":"product","2":"type-product","3":"status-publish","4":"has-post-thumbnail","6":"product_cat-plegadoras","7":"product_cat-plegadores-de-papel-de-friccio-neodal","9":"first","10":"instock","11":"shipping-taxable","12":"product-type-simple"},"acf":[],"yoast_head":"<!-- This site is optimized with the Yoast SEO plugin v27.0 - https:\/\/yoast.com\/product\/yoast-seo-wordpress\/ -->\n<title>PLEGADORA INTIMUS F 300 - PLEGADORA DE PAPEL A3<\/title>\n<meta name=\"description\" content=\"Plegadora INTIMUS F 300. Plegadora de papel A3 para oficinas... Robusta y f\u00e1cil de usar. Importador y Servicio t\u00e9cnico ofical. \u00a1Solicite precio!\" \/>\n<meta name=\"robots\" content=\"index, follow, max-snippet:-1, max-image-preview:large, max-video-preview:-1\" \/>\n<link rel=\"canonical\" href=\"https:\/\/neodal.es\/ca\/producte\/intimus-f-300\/\" \/>\n<meta property=\"og:locale\" content=\"ca_ES\" \/>\n<meta property=\"og:type\" content=\"article\" \/>\n<meta property=\"og:title\" content=\"PLEGADORA INTIMUS F 300 - PLEGADORA DE PAPEL A3\" \/>\n<meta property=\"og:description\" content=\"Plegadora INTIMUS F 300. Plegadora de papel A3 para oficinas... Robusta y f\u00e1cil de usar. Importador y Servicio t\u00e9cnico ofical. \u00a1Solicite precio!\" \/>\n<meta property=\"og:url\" content=\"https:\/\/neodal.es\/ca\/producte\/intimus-f-300\/\" \/>\n<meta property=\"og:site_name\" content=\"neodal\" \/>\n<meta property=\"og:image\" content=\"https:\/\/neodal.es\/wp-content\/uploads\/2018\/11\/2255-PLEGADORA-INTIMUS-F300.jpg\" \/>\n\t<meta property=\"og:image:width\" content=\"500\" \/>\n\t<meta property=\"og:image:height\" content=\"500\" \/>\n\t<meta property=\"og:image:type\" content=\"image\/jpeg\" \/>\n<meta name=\"twitter:card\" content=\"summary_large_image\" \/>\n<meta name=\"twitter:label1\" content=\"Temps estimat de lectura\" \/>\n\t<meta name=\"twitter:data1\" content=\"1 minut\" \/>\n<script type=\"application\/ld+json\" class=\"yoast-schema-graph\">{\"@context\":\"https:\/\/schema.org\",\"@graph\":[{\"@type\":\"WebPage\",\"@id\":\"https:\/\/neodal.es\/ca\/producte\/intimus-f-300\/\",\"url\":\"https:\/\/neodal.es\/ca\/producte\/intimus-f-300\/\",\"name\":\"PLEGADORA INTIMUS F 300 - PLEGADORA DE PAPEL A3\",\"isPartOf\":{\"@id\":\"https:\/\/neodal.es\/ca\/#website\"},\"primaryImageOfPage\":{\"@id\":\"https:\/\/neodal.es\/ca\/producte\/intimus-f-300\/#primaryimage\"},\"image\":{\"@id\":\"https:\/\/neodal.es\/ca\/producte\/intimus-f-300\/#primaryimage\"},\"thumbnailUrl\":\"https:\/\/neodal.es\/wp-content\/uploads\/2018\/11\/2255-PLEGADORA-INTIMUS-F300.jpg\",\"datePublished\":\"2018-11-13T17:17:44+00:00\",\"description\":\"Plegadora INTIMUS F 300. Plegadora de papel A3 para oficinas... Robusta y f\u00e1cil de usar. Importador y Servicio t\u00e9cnico ofical. \u00a1Solicite precio!\",\"breadcrumb\":{\"@id\":\"https:\/\/neodal.es\/ca\/producte\/intimus-f-300\/#breadcrumb\"},\"inLanguage\":\"ca\",\"potentialAction\":[{\"@type\":\"ReadAction\",\"target\":[\"https:\/\/neodal.es\/ca\/producte\/intimus-f-300\/\"]}]},{\"@type\":\"ImageObject\",\"inLanguage\":\"ca\",\"@id\":\"https:\/\/neodal.es\/ca\/producte\/intimus-f-300\/#primaryimage\",\"url\":\"https:\/\/neodal.es\/wp-content\/uploads\/2018\/11\/2255-PLEGADORA-INTIMUS-F300.jpg\",\"contentUrl\":\"https:\/\/neodal.es\/wp-content\/uploads\/2018\/11\/2255-PLEGADORA-INTIMUS-F300.jpg\",\"width\":500,\"height\":500,\"caption\":\"PLEGADORA INTIMUS F300\"},{\"@type\":\"BreadcrumbList\",\"@id\":\"https:\/\/neodal.es\/ca\/producte\/intimus-f-300\/#breadcrumb\",\"itemListElement\":[{\"@type\":\"ListItem\",\"position\":1,\"name\":\"Portada\",\"item\":\"https:\/\/neodal.es\/ca\/home\/\"},{\"@type\":\"ListItem\",\"position\":2,\"name\":\"Productes\",\"item\":\"https:\/\/neodal.es\/ca\/productes\/\"},{\"@type\":\"ListItem\",\"position\":3,\"name\":\"INTIMUS F 300\"}]},{\"@type\":\"WebSite\",\"@id\":\"https:\/\/neodal.es\/ca\/#website\",\"url\":\"https:\/\/neodal.es\/ca\/\",\"name\":\"neodal\",\"description\":\"\",\"potentialAction\":[{\"@type\":\"SearchAction\",\"target\":{\"@type\":\"EntryPoint\",\"urlTemplate\":\"https:\/\/neodal.es\/ca\/?s={search_term_string}\"},\"query-input\":{\"@type\":\"PropertyValueSpecification\",\"valueRequired\":true,\"valueName\":\"search_term_string\"}}],\"inLanguage\":\"ca\"}]}<\/script>\n<!-- \/ Yoast SEO plugin. -->","yoast_head_json":{"title":"PLEGADORA INTIMUS F 300 - PLEGADORA DE PAPEL A3","description":"Plegadora INTIMUS F 300. Plegadora de papel A3 para oficinas... Robusta y f\u00e1cil de usar. Importador y Servicio t\u00e9cnico ofical. \u00a1Solicite precio!","robots":{"index":"index","follow":"follow","max-snippet":"max-snippet:-1","max-image-preview":"max-image-preview:large","max-video-preview":"max-video-preview:-1"},"canonical":"https:\/\/neodal.es\/ca\/producte\/intimus-f-300\/","og_locale":"ca_ES","og_type":"article","og_title":"PLEGADORA INTIMUS F 300 - PLEGADORA DE PAPEL A3","og_description":"Plegadora INTIMUS F 300. Plegadora de papel A3 para oficinas... Robusta y f\u00e1cil de usar. Importador y Servicio t\u00e9cnico ofical. \u00a1Solicite precio!","og_url":"https:\/\/neodal.es\/ca\/producte\/intimus-f-300\/","og_site_name":"neodal","og_image":[{"width":500,"height":500,"url":"https:\/\/neodal.es\/wp-content\/uploads\/2018\/11\/2255-PLEGADORA-INTIMUS-F300.jpg","type":"image\/jpeg"}],"twitter_card":"summary_large_image","twitter_misc":{"Temps estimat de lectura":"1 minut"},"schema":{"@context":"https:\/\/schema.org","@graph":[{"@type":"WebPage","@id":"https:\/\/neodal.es\/ca\/producte\/intimus-f-300\/","url":"https:\/\/neodal.es\/ca\/producte\/intimus-f-300\/","name":"PLEGADORA INTIMUS F 300 - PLEGADORA DE PAPEL A3","isPartOf":{"@id":"https:\/\/neodal.es\/ca\/#website"},"primaryImageOfPage":{"@id":"https:\/\/neodal.es\/ca\/producte\/intimus-f-300\/#primaryimage"},"image":{"@id":"https:\/\/neodal.es\/ca\/producte\/intimus-f-300\/#primaryimage"},"thumbnailUrl":"https:\/\/neodal.es\/wp-content\/uploads\/2018\/11\/2255-PLEGADORA-INTIMUS-F300.jpg","datePublished":"2018-11-13T17:17:44+00:00","description":"Plegadora INTIMUS F 300. Plegadora de papel A3 para oficinas... Robusta y f\u00e1cil de usar. Importador y Servicio t\u00e9cnico ofical. \u00a1Solicite precio!","breadcrumb":{"@id":"https:\/\/neodal.es\/ca\/producte\/intimus-f-300\/#breadcrumb"},"inLanguage":"ca","potentialAction":[{"@type":"ReadAction","target":["https:\/\/neodal.es\/ca\/producte\/intimus-f-300\/"]}]},{"@type":"ImageObject","inLanguage":"ca","@id":"https:\/\/neodal.es\/ca\/producte\/intimus-f-300\/#primaryimage","url":"https:\/\/neodal.es\/wp-content\/uploads\/2018\/11\/2255-PLEGADORA-INTIMUS-F300.jpg","contentUrl":"https:\/\/neodal.es\/wp-content\/uploads\/2018\/11\/2255-PLEGADORA-INTIMUS-F300.jpg","width":500,"height":500,"caption":"PLEGADORA INTIMUS F300"},{"@type":"BreadcrumbList","@id":"https:\/\/neodal.es\/ca\/producte\/intimus-f-300\/#breadcrumb","itemListElement":[{"@type":"ListItem","position":1,"name":"Portada","item":"https:\/\/neodal.es\/ca\/home\/"},{"@type":"ListItem","position":2,"name":"Productes","item":"https:\/\/neodal.es\/ca\/productes\/"},{"@type":"ListItem","position":3,"name":"INTIMUS F 300"}]},{"@type":"WebSite","@id":"https:\/\/neodal.es\/ca\/#website","url":"https:\/\/neodal.es\/ca\/","name":"neodal","description":"","potentialAction":[{"@type":"SearchAction","target":{"@type":"EntryPoint","urlTemplate":"https:\/\/neodal.es\/ca\/?s={search_term_string}"},"query-input":{"@type":"PropertyValueSpecification","valueRequired":true,"valueName":"search_term_string"}}],"inLanguage":"ca"}]}},"_links":{"self":[{"href":"https:\/\/neodal.es\/ca\/wp-json\/wp\/v2\/product\/5871","targetHints":{"allow":["GET"]}}],"collection":[{"href":"https:\/\/neodal.es\/ca\/wp-json\/wp\/v2\/product"}],"about":[{"href":"https:\/\/neodal.es\/ca\/wp-json\/wp\/v2\/types\/product"}],"replies":[{"embeddable":true,"href":"https:\/\/neodal.es\/ca\/wp-json\/wp\/v2\/comments?post=5871"}],"version-history":[{"count":0,"href":"https:\/\/neodal.es\/ca\/wp-json\/wp\/v2\/product\/5871\/revisions"}],"wp:featuredmedia":[{"embeddable":true,"href":"https:\/\/neodal.es\/ca\/wp-json\/wp\/v2\/media\/5867"}],"wp:attachment":[{"href":"https:\/\/neodal.es\/ca\/wp-json\/wp\/v2\/media?parent=5871"}],"wp:term":[{"taxonomy":"product_brand","embeddable":true,"href":"https:\/\/neodal.es\/ca\/wp-json\/wp\/v2\/product_brand?post=5871"},{"taxonomy":"product_cat","embeddable":true,"href":"https:\/\/neodal.es\/ca\/wp-json\/wp\/v2\/product_cat?post=5871"},{"taxonomy":"product_tag","embeddable":true,"href":"https:\/\/neodal.es\/ca\/wp-json\/wp\/v2\/product_tag?post=5871"}],"curies":[{"name":"wp","href":"https:\/\/api.w.org\/{rel}","templated":true}]}}