{"id":5931,"date":"2019-11-20T10:29:55","date_gmt":"2019-11-20T10:29:55","guid":{"rendered":"http:\/\/neodal.local\/product\/intimus-pc-250\/"},"modified":"2019-11-20T10:29:55","modified_gmt":"2019-11-20T10:29:55","slug":"intimus-pc-250","status":"publish","type":"product","link":"https:\/\/neodal.es\/ca\/producte\/intimus-pc-250\/","title":{"rendered":"ENCUADERNADORA DE ESPIRAL INTIMUS PC-250"},"content":{"rendered":"<address>\u00b7 Encuadernadora <strong>manual de espira<\/strong>l para uso en intensivo<\/address>\n<address>\u00b7 <strong>Robusta estructura met\u00e1lica<\/strong> con dise\u00f1o actual<\/address>\n<address>\u00b7 <strong>Alicates de corte y doblado incluidos<\/strong><\/address>\n<address>\u00b7 Capacidad de perforado hasta 25 hojas<\/address>\n<address>\u00b7 Gu\u00edas de ajuste lateral y profundidad de perforado<\/address>\n<address>\u00b7 Selector visual de di\u00e1metro de espiral<\/address>\n<address>\u00b7 Tope lateral ajustable<\/address>\n<address>\u00b7 Dep\u00f3sito de residuos<\/address>\n<address>\u00b7 Paso de encuadernaci\u00f3n <strong>5:1 (59 Agujeros)<\/strong><\/address>\n<address>\u00b7 Capacidad de encuadernaci\u00f3n <strong>hasta 450 hojas<\/strong><\/address>\n<address>\u00b7 Tama\u00f1o m\u00e1ximo de encuadernaci\u00f3n A4 (300 Mm)<\/address>\n<address>\u00b7 Dimensiones: (Al x An x Pr) 480 x 395 x 425 mm.<\/address>\n<address>\u00b7 Peso:\u00a0 10,5 Kg.<\/address><\/p>\n","protected":false},"excerpt":{"rendered":"<h2>ENCUADERNADORA DE ESPIRAL MANUAL<\/h2>\n<p>La encuadernadora de espiral manual Intimus PC-250\u00a0 le ayudar\u00e1 a llevar a cabo sus presentaciones, informes, presupuestos, listas de precios\u2026 de forma r\u00e1pida y efectiva. Excelente precio, dise\u00f1o y calidad para uso medio \u2013 alto en entornos de oficina, escuelas, universidades, reprograf\u00eda, impresi\u00f3n digital&#8230; Incluye alicates de corte y doblado.<\/p><\/p>\n","protected":false},"featured_media":5927,"template":"","meta":{"_acf_changed":false},"product_brand":[],"product_cat":[1428,1482],"product_tag":[],"class_list":{"0":"post-5931","1":"product","2":"type-product","3":"status-publish","4":"has-post-thumbnail","6":"product_cat-enquadernadores","7":"product_cat-enquadernadores-de-espiral","9":"first","10":"instock","11":"shipping-taxable","12":"product-type-simple"},"acf":[],"yoast_head":"<!-- This site is optimized with the Yoast SEO plugin v27.4 - https:\/\/yoast.com\/product\/yoast-seo-wordpress\/ -->\n<title>ENCUADERNADORA DE ESPIRAL INTIMUS PC-250 - neodal<\/title>\n<meta name=\"robots\" content=\"index, follow, max-snippet:-1, max-image-preview:large, max-video-preview:-1\" \/>\n<link rel=\"canonical\" href=\"https:\/\/neodal.es\/ca\/producte\/intimus-pc-250\/\" \/>\n<meta property=\"og:locale\" content=\"ca_ES\" \/>\n<meta property=\"og:type\" content=\"article\" \/>\n<meta property=\"og:title\" content=\"ENCUADERNADORA DE ESPIRAL INTIMUS PC-250 - neodal\" \/>\n<meta property=\"og:description\" content=\"ENCUADERNADORA DE ESPIRAL MANUAL La encuadernadora de espiral manual Intimus PC-250\u00a0 le ayudar\u00e1 a llevar a cabo sus presentaciones, informes, presupuestos, listas de precios\u2026 de forma r\u00e1pida y efectiva. Excelente precio, dise\u00f1o y calidad para uso medio \u2013 alto en entornos de oficina, escuelas, universidades, reprograf\u00eda, impresi\u00f3n digital... Incluye alicates de corte y doblado.\" \/>\n<meta property=\"og:url\" content=\"https:\/\/neodal.es\/ca\/producte\/intimus-pc-250\/\" \/>\n<meta property=\"og:site_name\" content=\"neodal\" \/>\n<meta property=\"og:image\" content=\"https:\/\/neodal.es\/wp-content\/uploads\/2019\/11\/2443-ENCUADERNADORA-DE-ESPIRAL-INTIMUS-PC250.jpg\" \/>\n\t<meta property=\"og:image:width\" content=\"500\" \/>\n\t<meta property=\"og:image:height\" content=\"500\" \/>\n\t<meta property=\"og:image:type\" content=\"image\/jpeg\" \/>\n<meta name=\"twitter:card\" content=\"summary_large_image\" \/>\n<script type=\"application\/ld+json\" class=\"yoast-schema-graph\">{\"@context\":\"https:\\\/\\\/schema.org\",\"@graph\":[{\"@type\":\"WebPage\",\"@id\":\"https:\\\/\\\/neodal.es\\\/ca\\\/producte\\\/intimus-pc-250\\\/\",\"url\":\"https:\\\/\\\/neodal.es\\\/ca\\\/producte\\\/intimus-pc-250\\\/\",\"name\":\"ENCUADERNADORA DE ESPIRAL INTIMUS PC-250 - neodal\",\"isPartOf\":{\"@id\":\"https:\\\/\\\/neodal.es\\\/ca\\\/#website\"},\"primaryImageOfPage\":{\"@id\":\"https:\\\/\\\/neodal.es\\\/ca\\\/producte\\\/intimus-pc-250\\\/#primaryimage\"},\"image\":{\"@id\":\"https:\\\/\\\/neodal.es\\\/ca\\\/producte\\\/intimus-pc-250\\\/#primaryimage\"},\"thumbnailUrl\":\"https:\\\/\\\/neodal.es\\\/wp-content\\\/uploads\\\/2019\\\/11\\\/2443-ENCUADERNADORA-DE-ESPIRAL-INTIMUS-PC250.jpg\",\"datePublished\":\"2019-11-20T10:29:55+00:00\",\"breadcrumb\":{\"@id\":\"https:\\\/\\\/neodal.es\\\/ca\\\/producte\\\/intimus-pc-250\\\/#breadcrumb\"},\"inLanguage\":\"ca\",\"potentialAction\":[{\"@type\":\"ReadAction\",\"target\":[\"https:\\\/\\\/neodal.es\\\/ca\\\/producte\\\/intimus-pc-250\\\/\"]}]},{\"@type\":\"ImageObject\",\"inLanguage\":\"ca\",\"@id\":\"https:\\\/\\\/neodal.es\\\/ca\\\/producte\\\/intimus-pc-250\\\/#primaryimage\",\"url\":\"https:\\\/\\\/neodal.es\\\/wp-content\\\/uploads\\\/2019\\\/11\\\/2443-ENCUADERNADORA-DE-ESPIRAL-INTIMUS-PC250.jpg\",\"contentUrl\":\"https:\\\/\\\/neodal.es\\\/wp-content\\\/uploads\\\/2019\\\/11\\\/2443-ENCUADERNADORA-DE-ESPIRAL-INTIMUS-PC250.jpg\",\"width\":500,\"height\":500,\"caption\":\"ENCUADERNADORA DE ESPIRAL INTIMUS PC250\"},{\"@type\":\"BreadcrumbList\",\"@id\":\"https:\\\/\\\/neodal.es\\\/ca\\\/producte\\\/intimus-pc-250\\\/#breadcrumb\",\"itemListElement\":[{\"@type\":\"ListItem\",\"position\":1,\"name\":\"Portada\",\"item\":\"https:\\\/\\\/neodal.es\\\/ca\\\/home\\\/\"},{\"@type\":\"ListItem\",\"position\":2,\"name\":\"Productes\",\"item\":\"https:\\\/\\\/neodal.es\\\/ca\\\/productes\\\/\"},{\"@type\":\"ListItem\",\"position\":3,\"name\":\"ENCUADERNADORA DE ESPIRAL INTIMUS PC-250\"}]},{\"@type\":\"WebSite\",\"@id\":\"https:\\\/\\\/neodal.es\\\/ca\\\/#website\",\"url\":\"https:\\\/\\\/neodal.es\\\/ca\\\/\",\"name\":\"neodal\",\"description\":\"\",\"potentialAction\":[{\"@type\":\"SearchAction\",\"target\":{\"@type\":\"EntryPoint\",\"urlTemplate\":\"https:\\\/\\\/neodal.es\\\/ca\\\/?s={search_term_string}\"},\"query-input\":{\"@type\":\"PropertyValueSpecification\",\"valueRequired\":true,\"valueName\":\"search_term_string\"}}],\"inLanguage\":\"ca\"}]}<\/script>\n<!-- \/ Yoast SEO plugin. -->","yoast_head_json":{"title":"ENCUADERNADORA DE ESPIRAL INTIMUS PC-250 - neodal","robots":{"index":"index","follow":"follow","max-snippet":"max-snippet:-1","max-image-preview":"max-image-preview:large","max-video-preview":"max-video-preview:-1"},"canonical":"https:\/\/neodal.es\/ca\/producte\/intimus-pc-250\/","og_locale":"ca_ES","og_type":"article","og_title":"ENCUADERNADORA DE ESPIRAL INTIMUS PC-250 - neodal","og_description":"ENCUADERNADORA DE ESPIRAL MANUAL La encuadernadora de espiral manual Intimus PC-250\u00a0 le ayudar\u00e1 a llevar a cabo sus presentaciones, informes, presupuestos, listas de precios\u2026 de forma r\u00e1pida y efectiva. Excelente precio, dise\u00f1o y calidad para uso medio \u2013 alto en entornos de oficina, escuelas, universidades, reprograf\u00eda, impresi\u00f3n digital... Incluye alicates de corte y doblado.","og_url":"https:\/\/neodal.es\/ca\/producte\/intimus-pc-250\/","og_site_name":"neodal","og_image":[{"width":500,"height":500,"url":"https:\/\/neodal.es\/wp-content\/uploads\/2019\/11\/2443-ENCUADERNADORA-DE-ESPIRAL-INTIMUS-PC250.jpg","type":"image\/jpeg"}],"twitter_card":"summary_large_image","schema":{"@context":"https:\/\/schema.org","@graph":[{"@type":"WebPage","@id":"https:\/\/neodal.es\/ca\/producte\/intimus-pc-250\/","url":"https:\/\/neodal.es\/ca\/producte\/intimus-pc-250\/","name":"ENCUADERNADORA DE ESPIRAL INTIMUS PC-250 - neodal","isPartOf":{"@id":"https:\/\/neodal.es\/ca\/#website"},"primaryImageOfPage":{"@id":"https:\/\/neodal.es\/ca\/producte\/intimus-pc-250\/#primaryimage"},"image":{"@id":"https:\/\/neodal.es\/ca\/producte\/intimus-pc-250\/#primaryimage"},"thumbnailUrl":"https:\/\/neodal.es\/wp-content\/uploads\/2019\/11\/2443-ENCUADERNADORA-DE-ESPIRAL-INTIMUS-PC250.jpg","datePublished":"2019-11-20T10:29:55+00:00","breadcrumb":{"@id":"https:\/\/neodal.es\/ca\/producte\/intimus-pc-250\/#breadcrumb"},"inLanguage":"ca","potentialAction":[{"@type":"ReadAction","target":["https:\/\/neodal.es\/ca\/producte\/intimus-pc-250\/"]}]},{"@type":"ImageObject","inLanguage":"ca","@id":"https:\/\/neodal.es\/ca\/producte\/intimus-pc-250\/#primaryimage","url":"https:\/\/neodal.es\/wp-content\/uploads\/2019\/11\/2443-ENCUADERNADORA-DE-ESPIRAL-INTIMUS-PC250.jpg","contentUrl":"https:\/\/neodal.es\/wp-content\/uploads\/2019\/11\/2443-ENCUADERNADORA-DE-ESPIRAL-INTIMUS-PC250.jpg","width":500,"height":500,"caption":"ENCUADERNADORA DE ESPIRAL INTIMUS PC250"},{"@type":"BreadcrumbList","@id":"https:\/\/neodal.es\/ca\/producte\/intimus-pc-250\/#breadcrumb","itemListElement":[{"@type":"ListItem","position":1,"name":"Portada","item":"https:\/\/neodal.es\/ca\/home\/"},{"@type":"ListItem","position":2,"name":"Productes","item":"https:\/\/neodal.es\/ca\/productes\/"},{"@type":"ListItem","position":3,"name":"ENCUADERNADORA DE ESPIRAL INTIMUS PC-250"}]},{"@type":"WebSite","@id":"https:\/\/neodal.es\/ca\/#website","url":"https:\/\/neodal.es\/ca\/","name":"neodal","description":"","potentialAction":[{"@type":"SearchAction","target":{"@type":"EntryPoint","urlTemplate":"https:\/\/neodal.es\/ca\/?s={search_term_string}"},"query-input":{"@type":"PropertyValueSpecification","valueRequired":true,"valueName":"search_term_string"}}],"inLanguage":"ca"}]}},"_links":{"self":[{"href":"https:\/\/neodal.es\/ca\/wp-json\/wp\/v2\/product\/5931","targetHints":{"allow":["GET"]}}],"collection":[{"href":"https:\/\/neodal.es\/ca\/wp-json\/wp\/v2\/product"}],"about":[{"href":"https:\/\/neodal.es\/ca\/wp-json\/wp\/v2\/types\/product"}],"version-history":[{"count":0,"href":"https:\/\/neodal.es\/ca\/wp-json\/wp\/v2\/product\/5931\/revisions"}],"wp:featuredmedia":[{"embeddable":true,"href":"https:\/\/neodal.es\/ca\/wp-json\/wp\/v2\/media\/5927"}],"wp:attachment":[{"href":"https:\/\/neodal.es\/ca\/wp-json\/wp\/v2\/media?parent=5931"}],"wp:term":[{"taxonomy":"product_brand","embeddable":true,"href":"https:\/\/neodal.es\/ca\/wp-json\/wp\/v2\/product_brand?post=5931"},{"taxonomy":"product_cat","embeddable":true,"href":"https:\/\/neodal.es\/ca\/wp-json\/wp\/v2\/product_cat?post=5931"},{"taxonomy":"product_tag","embeddable":true,"href":"https:\/\/neodal.es\/ca\/wp-json\/wp\/v2\/product_tag?post=5931"}],"curies":[{"name":"wp","href":"https:\/\/api.w.org\/{rel}","templated":true}]}}