{"id":5968,"date":"2020-03-24T10:36:05","date_gmt":"2020-03-24T10:36:05","guid":{"rendered":"http:\/\/neodal.local\/product\/destructora-intimus-205-cp5-2\/"},"modified":"2020-03-24T10:36:05","modified_gmt":"2020-03-24T10:36:05","slug":"destructora-intimus-205-cp5-2","status":"publish","type":"product","link":"https:\/\/neodal.es\/ca\/producte\/destructora-intimus-205-cp5-2\/","title":{"rendered":"DESTRUCTORA INTIMUS 205 CP5"},"content":{"rendered":"<h3>DESTRUCTORA INTIMUS 205 CP5<\/h3>\n<p style=\"font-size: 11px; font-weight: 400;\">\u00b7 Destructora de uso intensivo y alta seguridad en oficina.<\/p>\n<p style=\"font-size: 11px; font-weight: 400;\">\u00b7 Volumen del\u00a0<strong>recipiente 205 litros.<\/strong><\/p>\n<p style=\"font-size: 11px; font-weight: 400;\">\u00b7 Destrucci\u00f3n de hasta 26 hojas.<\/p>\n<p style=\"font-size: 11px; font-weight: 400;\">\u00b7 Corte cruzado\u00a0<strong>\u201cCC\u201d (1,9 x 50mm)<\/strong><\/p>\n<p style=\"font-size: 11px; font-weight: 400;\">\u00b7 Nivel de\u00a0<strong>seguridad P5<\/strong><\/p>\n<p style=\"font-size: 11px; font-weight: 400;\">\u00b7\u00a0<b>Sistema DLS con indicadores luminosos del\u00a0volumen\u00a0de papel alimentado<\/b><\/p>\n<p style=\"font-size: 11px; font-weight: 400;\">\u00b7 Apagado y encendido autom\u00e1tico mediante fotoc\u00e9lula.<\/p>\n<p style=\"font-size: 11px; font-weight: 400;\">\u00b7\u00a0<strong>Potente motor<\/strong><\/p>\n<p style=\"font-size: 11px; font-weight: 400;\">\u00b7 Panel de control con claros e intuitivos indicadores visuales.<\/p>\n<p style=\"font-size: 11px; font-weight: 400;\">\u00b7 Admite grapas, clips, tarjetas de cr\u00e9dito\u2026<\/p>\n<p style=\"font-size: 11px; font-weight: 400;\">\u00b7\u00a0<strong>Control de retroceso autom\u00e1tico<\/strong>\u00a0en caso de sobrecarga de papel.<\/p>\n<p style=\"font-size: 11px; font-weight: 400;\">\u00b7 Indicador de dep\u00f3sito lleno.<\/p>\n<p style=\"font-size: 11px; font-weight: 400;\">\u00b7 Indicador visual sonoro.<\/p>\n<p style=\"font-size: 11px; font-weight: 400;\">\u00b7 Recipiente de residuos de cart\u00f3n endurecido de alta capacidad.<\/p>\n<p style=\"font-size: 11px; font-weight: 400;\">\u00b7 Recipiente de residuos deslizante para f\u00e1cil eliminaci\u00f3n de residuos.\u00a0<\/p>\n<p style=\"font-size: 11px; font-weight: 400;\">\u00b7 Dise\u00f1o exclusivo con mueble de madera y ruedas.<\/p>\n<p style=\"font-size: 11px; font-weight: 400;\">\u00b7\u00a0<strong>Ancho de trabajo 405 mm (Alimentaci\u00f3n A3 &#038; A4 en horizontal)<\/strong><\/p>\n<p style=\"font-size: 11px; font-weight: 400;\">\u00b7 Bajo nivel de ruido 54 Db<strong>.<\/strong><\/p>\n<p style=\"font-size: 11px; font-weight: 400;\">\u00b7 Soporte de papel frontal.<\/p>\n<p style=\"font-size: 11px; font-weight: 400;\">\u00b7 Velocidad de destrucci\u00f3n 0,12 Mt.\/Sg.<\/p>\n<p style=\"font-size: 11px; font-weight: 400;\">\u00b7\u00a0<b>Garant\u00eda<\/b><strong>\u00a0cuchillas de corte: 3 a\u00f1os.<\/strong><\/p>\n<p style=\"font-size: 11px; font-weight: 400;\">\u00b7 Dimensiones (An x Pr x Al) 660 x 560 x 1160mm.<\/p>\n<p style=\"font-size: 11px; font-weight: 400;\">\u00b7 Peso: 185 kg.<\/p>\n","protected":false},"excerpt":{"rendered":"<h2 class=\"MsoNormal\">DESTRUCTORA DE PAPEL DE ALTA CAPACIDAD<o:p><\/o:p><\/h2>\n<p>La destructora\u00a0<strong>INTIMUS 205 CP5<\/strong>\u00a0es segura, potente, silenciosa, y con un exclusivo dise\u00f1o. Dispone de dep\u00f3sito de residuos de gran capacidad con mueble de madera con ruedas. F\u00e1cil de usar y respetuosa con al medio ambiente. Fabricaci\u00f3n 100% \u201cMade in Germany\u201d. Inversi\u00f3n segura, garant\u00eda de amortizaci\u00f3n a largo plazo.\u00a0<\/p>\n","protected":false},"featured_media":8650,"comment_status":"open","ping_status":"closed","template":"","meta":{"_acf_changed":false},"product_brand":[],"product_cat":[1556,1422],"product_tag":[],"class_list":{"0":"post-5968","1":"product","2":"type-product","3":"status-publish","4":"has-post-thumbnail","6":"product_cat-destructora-gran-capacitat","7":"product_cat-destructoras-de-paper","9":"first","10":"instock","11":"shipping-taxable","12":"product-type-simple"},"acf":[],"yoast_head":"<!-- This site is optimized with the Yoast SEO plugin v27.0 - https:\/\/yoast.com\/product\/yoast-seo-wordpress\/ -->\n<title>Destructora INTIMUS 205 CP5<\/title>\n<meta name=\"robots\" content=\"index, follow, max-snippet:-1, max-image-preview:large, max-video-preview:-1\" \/>\n<link rel=\"canonical\" href=\"https:\/\/neodal.es\/ca\/producte\/destructora-intimus-205-cp5-2\/\" \/>\n<meta property=\"og:locale\" content=\"ca_ES\" \/>\n<meta property=\"og:type\" content=\"article\" \/>\n<meta property=\"og:title\" content=\"Destructora INTIMUS 205 CP5\" \/>\n<meta property=\"og:description\" content=\"DESTRUCTORA DE PAPEL DE ALTA CAPACIDAD La destructora\u00a0INTIMUS 205 CP5\u00a0es segura, potente, silenciosa, y con un exclusivo dise\u00f1o. Dispone de dep\u00f3sito de residuos de gran capacidad con mueble de madera con ruedas. F\u00e1cil de usar y respetuosa con al medio ambiente. Fabricaci\u00f3n 100% \u201cMade in Germany\u201d. Inversi\u00f3n segura, garant\u00eda de amortizaci\u00f3n a largo plazo.\u00a0\" \/>\n<meta property=\"og:url\" content=\"https:\/\/neodal.es\/ca\/producte\/destructora-intimus-205-cp5-2\/\" \/>\n<meta property=\"og:site_name\" content=\"neodal\" \/>\n<meta property=\"og:image\" content=\"https:\/\/neodal.es\/wp-content\/uploads\/2020\/03\/1445-Destructora-INTIMUS-205-CP5.jpg\" \/>\n\t<meta property=\"og:image:width\" content=\"917\" \/>\n\t<meta property=\"og:image:height\" content=\"1200\" \/>\n\t<meta property=\"og:image:type\" content=\"image\/jpeg\" \/>\n<meta name=\"twitter:card\" content=\"summary_large_image\" \/>\n<meta name=\"twitter:label1\" content=\"Temps estimat de lectura\" \/>\n\t<meta name=\"twitter:data1\" content=\"1 minut\" \/>\n<script type=\"application\/ld+json\" class=\"yoast-schema-graph\">{\"@context\":\"https:\/\/schema.org\",\"@graph\":[{\"@type\":\"WebPage\",\"@id\":\"https:\/\/neodal.es\/ca\/producte\/destructora-intimus-205-cp5-2\/\",\"url\":\"https:\/\/neodal.es\/ca\/producte\/destructora-intimus-205-cp5-2\/\",\"name\":\"Destructora INTIMUS 205 CP5\",\"isPartOf\":{\"@id\":\"https:\/\/neodal.es\/ca\/#website\"},\"primaryImageOfPage\":{\"@id\":\"https:\/\/neodal.es\/ca\/producte\/destructora-intimus-205-cp5-2\/#primaryimage\"},\"image\":{\"@id\":\"https:\/\/neodal.es\/ca\/producte\/destructora-intimus-205-cp5-2\/#primaryimage\"},\"thumbnailUrl\":\"https:\/\/neodal.es\/wp-content\/uploads\/2020\/03\/int_205_CP6.webp\",\"datePublished\":\"2020-03-24T10:36:05+00:00\",\"breadcrumb\":{\"@id\":\"https:\/\/neodal.es\/ca\/producte\/destructora-intimus-205-cp5-2\/#breadcrumb\"},\"inLanguage\":\"ca\",\"potentialAction\":[{\"@type\":\"ReadAction\",\"target\":[\"https:\/\/neodal.es\/ca\/producte\/destructora-intimus-205-cp5-2\/\"]}]},{\"@type\":\"ImageObject\",\"inLanguage\":\"ca\",\"@id\":\"https:\/\/neodal.es\/ca\/producte\/destructora-intimus-205-cp5-2\/#primaryimage\",\"url\":\"https:\/\/neodal.es\/wp-content\/uploads\/2020\/03\/int_205_CP6.webp\",\"contentUrl\":\"https:\/\/neodal.es\/wp-content\/uploads\/2020\/03\/int_205_CP6.webp\",\"width\":1350,\"height\":1350},{\"@type\":\"BreadcrumbList\",\"@id\":\"https:\/\/neodal.es\/ca\/producte\/destructora-intimus-205-cp5-2\/#breadcrumb\",\"itemListElement\":[{\"@type\":\"ListItem\",\"position\":1,\"name\":\"Portada\",\"item\":\"https:\/\/neodal.es\/ca\/home\/\"},{\"@type\":\"ListItem\",\"position\":2,\"name\":\"Productes\",\"item\":\"https:\/\/neodal.es\/ca\/productes\/\"},{\"@type\":\"ListItem\",\"position\":3,\"name\":\"DESTRUCTORA INTIMUS 205 CP5\"}]},{\"@type\":\"WebSite\",\"@id\":\"https:\/\/neodal.es\/ca\/#website\",\"url\":\"https:\/\/neodal.es\/ca\/\",\"name\":\"neodal\",\"description\":\"\",\"potentialAction\":[{\"@type\":\"SearchAction\",\"target\":{\"@type\":\"EntryPoint\",\"urlTemplate\":\"https:\/\/neodal.es\/ca\/?s={search_term_string}\"},\"query-input\":{\"@type\":\"PropertyValueSpecification\",\"valueRequired\":true,\"valueName\":\"search_term_string\"}}],\"inLanguage\":\"ca\"}]}<\/script>\n<!-- \/ Yoast SEO plugin. -->","yoast_head_json":{"title":"Destructora INTIMUS 205 CP5","robots":{"index":"index","follow":"follow","max-snippet":"max-snippet:-1","max-image-preview":"max-image-preview:large","max-video-preview":"max-video-preview:-1"},"canonical":"https:\/\/neodal.es\/ca\/producte\/destructora-intimus-205-cp5-2\/","og_locale":"ca_ES","og_type":"article","og_title":"Destructora INTIMUS 205 CP5","og_description":"DESTRUCTORA DE PAPEL DE ALTA CAPACIDAD La destructora\u00a0INTIMUS 205 CP5\u00a0es segura, potente, silenciosa, y con un exclusivo dise\u00f1o. Dispone de dep\u00f3sito de residuos de gran capacidad con mueble de madera con ruedas. F\u00e1cil de usar y respetuosa con al medio ambiente. Fabricaci\u00f3n 100% \u201cMade in Germany\u201d. Inversi\u00f3n segura, garant\u00eda de amortizaci\u00f3n a largo plazo.\u00a0","og_url":"https:\/\/neodal.es\/ca\/producte\/destructora-intimus-205-cp5-2\/","og_site_name":"neodal","og_image":[{"width":917,"height":1200,"url":"https:\/\/neodal.es\/wp-content\/uploads\/2020\/03\/1445-Destructora-INTIMUS-205-CP5.jpg","type":"image\/jpeg"}],"twitter_card":"summary_large_image","twitter_misc":{"Temps estimat de lectura":"1 minut"},"schema":{"@context":"https:\/\/schema.org","@graph":[{"@type":"WebPage","@id":"https:\/\/neodal.es\/ca\/producte\/destructora-intimus-205-cp5-2\/","url":"https:\/\/neodal.es\/ca\/producte\/destructora-intimus-205-cp5-2\/","name":"Destructora INTIMUS 205 CP5","isPartOf":{"@id":"https:\/\/neodal.es\/ca\/#website"},"primaryImageOfPage":{"@id":"https:\/\/neodal.es\/ca\/producte\/destructora-intimus-205-cp5-2\/#primaryimage"},"image":{"@id":"https:\/\/neodal.es\/ca\/producte\/destructora-intimus-205-cp5-2\/#primaryimage"},"thumbnailUrl":"https:\/\/neodal.es\/wp-content\/uploads\/2020\/03\/int_205_CP6.webp","datePublished":"2020-03-24T10:36:05+00:00","breadcrumb":{"@id":"https:\/\/neodal.es\/ca\/producte\/destructora-intimus-205-cp5-2\/#breadcrumb"},"inLanguage":"ca","potentialAction":[{"@type":"ReadAction","target":["https:\/\/neodal.es\/ca\/producte\/destructora-intimus-205-cp5-2\/"]}]},{"@type":"ImageObject","inLanguage":"ca","@id":"https:\/\/neodal.es\/ca\/producte\/destructora-intimus-205-cp5-2\/#primaryimage","url":"https:\/\/neodal.es\/wp-content\/uploads\/2020\/03\/int_205_CP6.webp","contentUrl":"https:\/\/neodal.es\/wp-content\/uploads\/2020\/03\/int_205_CP6.webp","width":1350,"height":1350},{"@type":"BreadcrumbList","@id":"https:\/\/neodal.es\/ca\/producte\/destructora-intimus-205-cp5-2\/#breadcrumb","itemListElement":[{"@type":"ListItem","position":1,"name":"Portada","item":"https:\/\/neodal.es\/ca\/home\/"},{"@type":"ListItem","position":2,"name":"Productes","item":"https:\/\/neodal.es\/ca\/productes\/"},{"@type":"ListItem","position":3,"name":"DESTRUCTORA INTIMUS 205 CP5"}]},{"@type":"WebSite","@id":"https:\/\/neodal.es\/ca\/#website","url":"https:\/\/neodal.es\/ca\/","name":"neodal","description":"","potentialAction":[{"@type":"SearchAction","target":{"@type":"EntryPoint","urlTemplate":"https:\/\/neodal.es\/ca\/?s={search_term_string}"},"query-input":{"@type":"PropertyValueSpecification","valueRequired":true,"valueName":"search_term_string"}}],"inLanguage":"ca"}]}},"_links":{"self":[{"href":"https:\/\/neodal.es\/ca\/wp-json\/wp\/v2\/product\/5968","targetHints":{"allow":["GET"]}}],"collection":[{"href":"https:\/\/neodal.es\/ca\/wp-json\/wp\/v2\/product"}],"about":[{"href":"https:\/\/neodal.es\/ca\/wp-json\/wp\/v2\/types\/product"}],"replies":[{"embeddable":true,"href":"https:\/\/neodal.es\/ca\/wp-json\/wp\/v2\/comments?post=5968"}],"version-history":[{"count":0,"href":"https:\/\/neodal.es\/ca\/wp-json\/wp\/v2\/product\/5968\/revisions"}],"wp:featuredmedia":[{"embeddable":true,"href":"https:\/\/neodal.es\/ca\/wp-json\/wp\/v2\/media\/8650"}],"wp:attachment":[{"href":"https:\/\/neodal.es\/ca\/wp-json\/wp\/v2\/media?parent=5968"}],"wp:term":[{"taxonomy":"product_brand","embeddable":true,"href":"https:\/\/neodal.es\/ca\/wp-json\/wp\/v2\/product_brand?post=5968"},{"taxonomy":"product_cat","embeddable":true,"href":"https:\/\/neodal.es\/ca\/wp-json\/wp\/v2\/product_cat?post=5968"},{"taxonomy":"product_tag","embeddable":true,"href":"https:\/\/neodal.es\/ca\/wp-json\/wp\/v2\/product_tag?post=5968"}],"curies":[{"name":"wp","href":"https:\/\/api.w.org\/{rel}","templated":true}]}}