{"id":6024,"date":"2020-03-26T14:45:44","date_gmt":"2020-03-26T14:45:44","guid":{"rendered":"http:\/\/neodal.local\/product\/accel-cube-fast-start-2\/"},"modified":"2020-03-26T14:45:44","modified_gmt":"2020-03-26T14:45:44","slug":"accel-cube-fast-start-2","status":"publish","type":"product","link":"https:\/\/neodal.es\/ca\/producte\/accel-cube-fast-start-2\/","title":{"rendered":"ENCUADERNADORA TERMICA ACCEL CUBE"},"content":{"rendered":"<address>\u00b7\u00a0Encuadernadora t\u00e9rmica\u00a0de uso intensivo<\/address>\n<address>\u00b7 Gran facilidad de uso y robusto acabado profesional<\/address>\n<address>\u00b7 Realiza hasta 4 encuadernaciones a la vez<\/address>\n<address>\u00b7 Capacidad de\u00a0encuadernaci\u00f3n hasta 150 hojas<\/address>\n<address>\u00b7 Excelente sujeci\u00f3n de la encuadernaci\u00f3n<\/address>\n<address>\u00b7 Hasta 60 encuadernaciones por minuto<\/address>\n<address>\u00b7 Encuadernadora t\u00e9rmica con\u00a0ancho de encuadernaci\u00f3n de 1,5 a 15 mm<\/address>\n<address>\u00b7 Ventilador para enfriado r\u00e1pido de cubiertas<\/address>\n<address>\u00b7\u00a0Formato de encuadernaci\u00f3n A4<\/address>\n<address>\u00b7 Visualizaci\u00f3n proceso encuadernado en display<\/address>\n<address>\u00b7 Se\u00f1ales \u00f3pticas y ac\u00fasticas de \u201clisto\u201d<\/address>\n<address>\u00b7 Dimensiones: 511 x 475 x 360 Mm.<\/address>\n<address>\u00b7 Peso: 26 kg.<\/address>\n","protected":false},"excerpt":{"rendered":"<h2>ENCUADERNADORA TERMICA CARPETAS<\/h2>\n<p>La encuadernadora t\u00e9rmica\u00a0 ACCEL CUBE FAST START de Neodal le ayudar\u00e1 a encuadernar de forma sencilla, elegante y r\u00e1pida sus presentaciones, informes financieros y de marketing, presupuestos, listas de precios, etc. Una encuadernadora t\u00e9rmica de excelente precio para uso moderado en entornos de oficina.<\/p><\/p>\n","protected":false},"featured_media":6020,"template":"","meta":{"_acf_changed":false},"product_brand":[],"product_cat":[1428,1544],"product_tag":[],"class_list":{"0":"post-6024","1":"product","2":"type-product","3":"status-publish","4":"has-post-thumbnail","6":"product_cat-enquadernadores","7":"product_cat-enquadernadores-termicas","9":"first","10":"instock","11":"shipping-taxable","12":"product-type-simple"},"acf":[],"yoast_head":"<!-- This site is optimized with the Yoast SEO plugin v27.4 - https:\/\/yoast.com\/product\/yoast-seo-wordpress\/ -->\n<title>Encuadernadora de carpetas t\u00e9rmicas ACCEL CUBE FAST START<\/title>\n<meta name=\"robots\" content=\"index, follow, max-snippet:-1, max-image-preview:large, max-video-preview:-1\" \/>\n<link rel=\"canonical\" href=\"https:\/\/neodal.es\/ca\/producte\/accel-cube-fast-start-2\/\" \/>\n<meta property=\"og:locale\" content=\"ca_ES\" \/>\n<meta property=\"og:type\" content=\"article\" \/>\n<meta property=\"og:title\" content=\"Encuadernadora de carpetas t\u00e9rmicas ACCEL CUBE FAST START\" \/>\n<meta property=\"og:description\" content=\"ENCUADERNADORA TERMICA CARPETAS La encuadernadora t\u00e9rmica\u00a0 ACCEL CUBE FAST START de Neodal le ayudar\u00e1 a encuadernar de forma sencilla, elegante y r\u00e1pida sus presentaciones, informes financieros y de marketing, presupuestos, listas de precios, etc. Una encuadernadora t\u00e9rmica de excelente precio para uso moderado en entornos de oficina.\" \/>\n<meta property=\"og:url\" content=\"https:\/\/neodal.es\/ca\/producte\/accel-cube-fast-start-2\/\" \/>\n<meta property=\"og:site_name\" content=\"neodal\" \/>\n<meta property=\"og:image\" content=\"https:\/\/neodal.es\/wp-content\/uploads\/2020\/03\/2453-ENCUADERNADORA-TERMICA-ACCEL-CUBE.jpg\" \/>\n\t<meta property=\"og:image:width\" content=\"500\" \/>\n\t<meta property=\"og:image:height\" content=\"500\" \/>\n\t<meta property=\"og:image:type\" content=\"image\/jpeg\" \/>\n<meta name=\"twitter:card\" content=\"summary_large_image\" \/>\n<script type=\"application\/ld+json\" class=\"yoast-schema-graph\">{\"@context\":\"https:\\\/\\\/schema.org\",\"@graph\":[{\"@type\":\"WebPage\",\"@id\":\"https:\\\/\\\/neodal.es\\\/ca\\\/producte\\\/accel-cube-fast-start-2\\\/\",\"url\":\"https:\\\/\\\/neodal.es\\\/ca\\\/producte\\\/accel-cube-fast-start-2\\\/\",\"name\":\"Encuadernadora de carpetas t\u00e9rmicas ACCEL CUBE FAST START\",\"isPartOf\":{\"@id\":\"https:\\\/\\\/neodal.es\\\/ca\\\/#website\"},\"primaryImageOfPage\":{\"@id\":\"https:\\\/\\\/neodal.es\\\/ca\\\/producte\\\/accel-cube-fast-start-2\\\/#primaryimage\"},\"image\":{\"@id\":\"https:\\\/\\\/neodal.es\\\/ca\\\/producte\\\/accel-cube-fast-start-2\\\/#primaryimage\"},\"thumbnailUrl\":\"https:\\\/\\\/neodal.es\\\/wp-content\\\/uploads\\\/2020\\\/03\\\/2453-ENCUADERNADORA-TERMICA-ACCEL-CUBE.jpg\",\"datePublished\":\"2020-03-26T14:45:44+00:00\",\"breadcrumb\":{\"@id\":\"https:\\\/\\\/neodal.es\\\/ca\\\/producte\\\/accel-cube-fast-start-2\\\/#breadcrumb\"},\"inLanguage\":\"ca\",\"potentialAction\":[{\"@type\":\"ReadAction\",\"target\":[\"https:\\\/\\\/neodal.es\\\/ca\\\/producte\\\/accel-cube-fast-start-2\\\/\"]}]},{\"@type\":\"ImageObject\",\"inLanguage\":\"ca\",\"@id\":\"https:\\\/\\\/neodal.es\\\/ca\\\/producte\\\/accel-cube-fast-start-2\\\/#primaryimage\",\"url\":\"https:\\\/\\\/neodal.es\\\/wp-content\\\/uploads\\\/2020\\\/03\\\/2453-ENCUADERNADORA-TERMICA-ACCEL-CUBE.jpg\",\"contentUrl\":\"https:\\\/\\\/neodal.es\\\/wp-content\\\/uploads\\\/2020\\\/03\\\/2453-ENCUADERNADORA-TERMICA-ACCEL-CUBE.jpg\",\"width\":500,\"height\":500,\"caption\":\"ENCUADERNADORA TERMICA ACCEL CUBE\"},{\"@type\":\"BreadcrumbList\",\"@id\":\"https:\\\/\\\/neodal.es\\\/ca\\\/producte\\\/accel-cube-fast-start-2\\\/#breadcrumb\",\"itemListElement\":[{\"@type\":\"ListItem\",\"position\":1,\"name\":\"Portada\",\"item\":\"https:\\\/\\\/neodal.es\\\/ca\\\/home\\\/\"},{\"@type\":\"ListItem\",\"position\":2,\"name\":\"Productes\",\"item\":\"https:\\\/\\\/neodal.es\\\/ca\\\/productes\\\/\"},{\"@type\":\"ListItem\",\"position\":3,\"name\":\"ENCUADERNADORA TERMICA ACCEL CUBE\"}]},{\"@type\":\"WebSite\",\"@id\":\"https:\\\/\\\/neodal.es\\\/ca\\\/#website\",\"url\":\"https:\\\/\\\/neodal.es\\\/ca\\\/\",\"name\":\"neodal\",\"description\":\"\",\"potentialAction\":[{\"@type\":\"SearchAction\",\"target\":{\"@type\":\"EntryPoint\",\"urlTemplate\":\"https:\\\/\\\/neodal.es\\\/ca\\\/?s={search_term_string}\"},\"query-input\":{\"@type\":\"PropertyValueSpecification\",\"valueRequired\":true,\"valueName\":\"search_term_string\"}}],\"inLanguage\":\"ca\"}]}<\/script>\n<!-- \/ Yoast SEO plugin. -->","yoast_head_json":{"title":"Encuadernadora de carpetas t\u00e9rmicas ACCEL CUBE FAST START","robots":{"index":"index","follow":"follow","max-snippet":"max-snippet:-1","max-image-preview":"max-image-preview:large","max-video-preview":"max-video-preview:-1"},"canonical":"https:\/\/neodal.es\/ca\/producte\/accel-cube-fast-start-2\/","og_locale":"ca_ES","og_type":"article","og_title":"Encuadernadora de carpetas t\u00e9rmicas ACCEL CUBE FAST START","og_description":"ENCUADERNADORA TERMICA CARPETAS La encuadernadora t\u00e9rmica\u00a0 ACCEL CUBE FAST START de Neodal le ayudar\u00e1 a encuadernar de forma sencilla, elegante y r\u00e1pida sus presentaciones, informes financieros y de marketing, presupuestos, listas de precios, etc. Una encuadernadora t\u00e9rmica de excelente precio para uso moderado en entornos de oficina.","og_url":"https:\/\/neodal.es\/ca\/producte\/accel-cube-fast-start-2\/","og_site_name":"neodal","og_image":[{"width":500,"height":500,"url":"https:\/\/neodal.es\/wp-content\/uploads\/2020\/03\/2453-ENCUADERNADORA-TERMICA-ACCEL-CUBE.jpg","type":"image\/jpeg"}],"twitter_card":"summary_large_image","schema":{"@context":"https:\/\/schema.org","@graph":[{"@type":"WebPage","@id":"https:\/\/neodal.es\/ca\/producte\/accel-cube-fast-start-2\/","url":"https:\/\/neodal.es\/ca\/producte\/accel-cube-fast-start-2\/","name":"Encuadernadora de carpetas t\u00e9rmicas ACCEL CUBE FAST START","isPartOf":{"@id":"https:\/\/neodal.es\/ca\/#website"},"primaryImageOfPage":{"@id":"https:\/\/neodal.es\/ca\/producte\/accel-cube-fast-start-2\/#primaryimage"},"image":{"@id":"https:\/\/neodal.es\/ca\/producte\/accel-cube-fast-start-2\/#primaryimage"},"thumbnailUrl":"https:\/\/neodal.es\/wp-content\/uploads\/2020\/03\/2453-ENCUADERNADORA-TERMICA-ACCEL-CUBE.jpg","datePublished":"2020-03-26T14:45:44+00:00","breadcrumb":{"@id":"https:\/\/neodal.es\/ca\/producte\/accel-cube-fast-start-2\/#breadcrumb"},"inLanguage":"ca","potentialAction":[{"@type":"ReadAction","target":["https:\/\/neodal.es\/ca\/producte\/accel-cube-fast-start-2\/"]}]},{"@type":"ImageObject","inLanguage":"ca","@id":"https:\/\/neodal.es\/ca\/producte\/accel-cube-fast-start-2\/#primaryimage","url":"https:\/\/neodal.es\/wp-content\/uploads\/2020\/03\/2453-ENCUADERNADORA-TERMICA-ACCEL-CUBE.jpg","contentUrl":"https:\/\/neodal.es\/wp-content\/uploads\/2020\/03\/2453-ENCUADERNADORA-TERMICA-ACCEL-CUBE.jpg","width":500,"height":500,"caption":"ENCUADERNADORA TERMICA ACCEL CUBE"},{"@type":"BreadcrumbList","@id":"https:\/\/neodal.es\/ca\/producte\/accel-cube-fast-start-2\/#breadcrumb","itemListElement":[{"@type":"ListItem","position":1,"name":"Portada","item":"https:\/\/neodal.es\/ca\/home\/"},{"@type":"ListItem","position":2,"name":"Productes","item":"https:\/\/neodal.es\/ca\/productes\/"},{"@type":"ListItem","position":3,"name":"ENCUADERNADORA TERMICA ACCEL CUBE"}]},{"@type":"WebSite","@id":"https:\/\/neodal.es\/ca\/#website","url":"https:\/\/neodal.es\/ca\/","name":"neodal","description":"","potentialAction":[{"@type":"SearchAction","target":{"@type":"EntryPoint","urlTemplate":"https:\/\/neodal.es\/ca\/?s={search_term_string}"},"query-input":{"@type":"PropertyValueSpecification","valueRequired":true,"valueName":"search_term_string"}}],"inLanguage":"ca"}]}},"_links":{"self":[{"href":"https:\/\/neodal.es\/ca\/wp-json\/wp\/v2\/product\/6024","targetHints":{"allow":["GET"]}}],"collection":[{"href":"https:\/\/neodal.es\/ca\/wp-json\/wp\/v2\/product"}],"about":[{"href":"https:\/\/neodal.es\/ca\/wp-json\/wp\/v2\/types\/product"}],"version-history":[{"count":0,"href":"https:\/\/neodal.es\/ca\/wp-json\/wp\/v2\/product\/6024\/revisions"}],"wp:featuredmedia":[{"embeddable":true,"href":"https:\/\/neodal.es\/ca\/wp-json\/wp\/v2\/media\/6020"}],"wp:attachment":[{"href":"https:\/\/neodal.es\/ca\/wp-json\/wp\/v2\/media?parent=6024"}],"wp:term":[{"taxonomy":"product_brand","embeddable":true,"href":"https:\/\/neodal.es\/ca\/wp-json\/wp\/v2\/product_brand?post=6024"},{"taxonomy":"product_cat","embeddable":true,"href":"https:\/\/neodal.es\/ca\/wp-json\/wp\/v2\/product_cat?post=6024"},{"taxonomy":"product_tag","embeddable":true,"href":"https:\/\/neodal.es\/ca\/wp-json\/wp\/v2\/product_tag?post=6024"}],"curies":[{"name":"wp","href":"https:\/\/api.w.org\/{rel}","templated":true}]}}