{"id":6043,"date":"2020-06-10T08:48:11","date_gmt":"2020-06-10T08:48:11","guid":{"rendered":"http:\/\/neodal.local\/product\/basic-sealer\/"},"modified":"2020-06-10T08:48:11","modified_gmt":"2020-06-10T08:48:11","slug":"basic-sealer","status":"publish","type":"product","link":"https:\/\/neodal.es\/ca\/producte\/basic-sealer\/","title":{"rendered":"BASIC SEALER"},"content":{"rendered":"<ul>\n<li>Velocidad de hasta 2.500 documentos \/ hora<\/li>\n<li>\u00a02 bolsas de plegado<\/li>\n<\/ul>\n<ul>\n<li>\u00a0Altura del documento: 297mm &#8211; 305 mm<\/li>\n<\/ul>\n<ul>\n<li>\u00a0Anchura del documento: 205 mm &#8211; 230 mm<\/li>\n<\/ul>\n<ul>\n<li>\u00a0Gramaje: 70 Gs. a 120 Gs.<\/li>\n<\/ul>\n<ul>\n<li>\u00a0Tipos de plegado: Sencillo zeta, tr\u00edptico, doble paralelo (sim\u00e9tricos \/ asim\u00e9tricos)<\/li>\n<\/ul>\n<ul>\n<li>\u00a0Tama\u00f1o del papel max.: A4 o 16&#8243;<\/li>\n<\/ul>\n<ul>\n<li>\u00a0Tipos de Cerrado: Presi\u00f3n calor, t\u00f3ner (no magnetogr\u00e1fico) y papel Drescher\u009d<\/li>\n<\/ul>\n<ul>\n<li>\u00a0Cerrado vertical y horizontal: Si<\/li>\n<\/ul>\n<ul>\n<li>\u00a0Peso: 55 Kg<\/li>\n<\/ul>\n","protected":false},"excerpt":{"rendered":"<p>PLEGADORA SELLADORA<\/p>\n<p>La <strong>Plegadora selladora por toner BASIC Seale<\/strong>r de Neodal le ayudar\u00e1 a llevar a cabo el plegado de sus notificaciones oficiales, n\u00f3minas y documentos confidenciales de forma r\u00e1pida y efectiva. Una Plegadora selladora de precio excelente, <strong>r\u00e1pida, robusta, segura y de alimentaci\u00f3n autom\u00e1tica<\/strong> para el uso en Organismos Oficiales, Departamentos de Marketing, RR.HH\u2026<\/p>\n","protected":false},"featured_media":6040,"template":"","meta":{"_acf_changed":false},"product_brand":[],"product_cat":[1518],"product_tag":[],"class_list":{"0":"post-6043","1":"product","2":"type-product","3":"status-publish","4":"has-post-thumbnail","6":"product_cat-plegadoras-selladoras","8":"first","9":"instock","10":"shipping-taxable","11":"product-type-simple"},"acf":[],"yoast_head":"<!-- This site is optimized with the Yoast SEO plugin v27.4 - https:\/\/yoast.com\/product\/yoast-seo-wordpress\/ -->\n<title>BASIC SEALER - neodal<\/title>\n<meta name=\"robots\" content=\"index, follow, max-snippet:-1, max-image-preview:large, max-video-preview:-1\" \/>\n<link rel=\"canonical\" href=\"https:\/\/neodal.es\/ca\/producte\/basic-sealer\/\" \/>\n<meta property=\"og:locale\" content=\"ca_ES\" \/>\n<meta property=\"og:type\" content=\"article\" \/>\n<meta property=\"og:title\" content=\"BASIC SEALER - neodal\" \/>\n<meta property=\"og:description\" content=\"PLEGADORA SELLADORA La Plegadora selladora por toner BASIC Sealer de Neodal le ayudar\u00e1 a llevar a cabo el plegado de sus notificaciones oficiales, n\u00f3minas y documentos confidenciales de forma r\u00e1pida y efectiva. Una Plegadora selladora de precio excelente, r\u00e1pida, robusta, segura y de alimentaci\u00f3n autom\u00e1tica para el uso en Organismos Oficiales, Departamentos de Marketing, RR.HH\u2026\" \/>\n<meta property=\"og:url\" content=\"https:\/\/neodal.es\/ca\/producte\/basic-sealer\/\" \/>\n<meta property=\"og:site_name\" content=\"neodal\" \/>\n<meta property=\"og:image\" content=\"https:\/\/neodal.es\/wp-content\/uploads\/2020\/06\/2337-PLOCKMATIC-BASIC-SEALER.jpg\" \/>\n\t<meta property=\"og:image:width\" content=\"500\" \/>\n\t<meta property=\"og:image:height\" content=\"500\" \/>\n\t<meta property=\"og:image:type\" content=\"image\/jpeg\" \/>\n<meta name=\"twitter:card\" content=\"summary_large_image\" \/>\n<script type=\"application\/ld+json\" class=\"yoast-schema-graph\">{\"@context\":\"https:\\\/\\\/schema.org\",\"@graph\":[{\"@type\":\"WebPage\",\"@id\":\"https:\\\/\\\/neodal.es\\\/ca\\\/producte\\\/basic-sealer\\\/\",\"url\":\"https:\\\/\\\/neodal.es\\\/ca\\\/producte\\\/basic-sealer\\\/\",\"name\":\"BASIC SEALER - neodal\",\"isPartOf\":{\"@id\":\"https:\\\/\\\/neodal.es\\\/ca\\\/#website\"},\"primaryImageOfPage\":{\"@id\":\"https:\\\/\\\/neodal.es\\\/ca\\\/producte\\\/basic-sealer\\\/#primaryimage\"},\"image\":{\"@id\":\"https:\\\/\\\/neodal.es\\\/ca\\\/producte\\\/basic-sealer\\\/#primaryimage\"},\"thumbnailUrl\":\"https:\\\/\\\/neodal.es\\\/wp-content\\\/uploads\\\/2020\\\/06\\\/2337-PLOCKMATIC-BASIC-SEALER.jpg\",\"datePublished\":\"2020-06-10T08:48:11+00:00\",\"breadcrumb\":{\"@id\":\"https:\\\/\\\/neodal.es\\\/ca\\\/producte\\\/basic-sealer\\\/#breadcrumb\"},\"inLanguage\":\"ca\",\"potentialAction\":[{\"@type\":\"ReadAction\",\"target\":[\"https:\\\/\\\/neodal.es\\\/ca\\\/producte\\\/basic-sealer\\\/\"]}]},{\"@type\":\"ImageObject\",\"inLanguage\":\"ca\",\"@id\":\"https:\\\/\\\/neodal.es\\\/ca\\\/producte\\\/basic-sealer\\\/#primaryimage\",\"url\":\"https:\\\/\\\/neodal.es\\\/wp-content\\\/uploads\\\/2020\\\/06\\\/2337-PLOCKMATIC-BASIC-SEALER.jpg\",\"contentUrl\":\"https:\\\/\\\/neodal.es\\\/wp-content\\\/uploads\\\/2020\\\/06\\\/2337-PLOCKMATIC-BASIC-SEALER.jpg\",\"width\":500,\"height\":500,\"caption\":\"PLOCKMATIC BASIC SEALER\"},{\"@type\":\"BreadcrumbList\",\"@id\":\"https:\\\/\\\/neodal.es\\\/ca\\\/producte\\\/basic-sealer\\\/#breadcrumb\",\"itemListElement\":[{\"@type\":\"ListItem\",\"position\":1,\"name\":\"Portada\",\"item\":\"https:\\\/\\\/neodal.es\\\/ca\\\/home\\\/\"},{\"@type\":\"ListItem\",\"position\":2,\"name\":\"Productes\",\"item\":\"https:\\\/\\\/neodal.es\\\/ca\\\/productes\\\/\"},{\"@type\":\"ListItem\",\"position\":3,\"name\":\"BASIC SEALER\"}]},{\"@type\":\"WebSite\",\"@id\":\"https:\\\/\\\/neodal.es\\\/ca\\\/#website\",\"url\":\"https:\\\/\\\/neodal.es\\\/ca\\\/\",\"name\":\"neodal\",\"description\":\"\",\"potentialAction\":[{\"@type\":\"SearchAction\",\"target\":{\"@type\":\"EntryPoint\",\"urlTemplate\":\"https:\\\/\\\/neodal.es\\\/ca\\\/?s={search_term_string}\"},\"query-input\":{\"@type\":\"PropertyValueSpecification\",\"valueRequired\":true,\"valueName\":\"search_term_string\"}}],\"inLanguage\":\"ca\"}]}<\/script>\n<!-- \/ Yoast SEO plugin. -->","yoast_head_json":{"title":"BASIC SEALER - neodal","robots":{"index":"index","follow":"follow","max-snippet":"max-snippet:-1","max-image-preview":"max-image-preview:large","max-video-preview":"max-video-preview:-1"},"canonical":"https:\/\/neodal.es\/ca\/producte\/basic-sealer\/","og_locale":"ca_ES","og_type":"article","og_title":"BASIC SEALER - neodal","og_description":"PLEGADORA SELLADORA La Plegadora selladora por toner BASIC Sealer de Neodal le ayudar\u00e1 a llevar a cabo el plegado de sus notificaciones oficiales, n\u00f3minas y documentos confidenciales de forma r\u00e1pida y efectiva. Una Plegadora selladora de precio excelente, r\u00e1pida, robusta, segura y de alimentaci\u00f3n autom\u00e1tica para el uso en Organismos Oficiales, Departamentos de Marketing, RR.HH\u2026","og_url":"https:\/\/neodal.es\/ca\/producte\/basic-sealer\/","og_site_name":"neodal","og_image":[{"width":500,"height":500,"url":"https:\/\/neodal.es\/wp-content\/uploads\/2020\/06\/2337-PLOCKMATIC-BASIC-SEALER.jpg","type":"image\/jpeg"}],"twitter_card":"summary_large_image","schema":{"@context":"https:\/\/schema.org","@graph":[{"@type":"WebPage","@id":"https:\/\/neodal.es\/ca\/producte\/basic-sealer\/","url":"https:\/\/neodal.es\/ca\/producte\/basic-sealer\/","name":"BASIC SEALER - neodal","isPartOf":{"@id":"https:\/\/neodal.es\/ca\/#website"},"primaryImageOfPage":{"@id":"https:\/\/neodal.es\/ca\/producte\/basic-sealer\/#primaryimage"},"image":{"@id":"https:\/\/neodal.es\/ca\/producte\/basic-sealer\/#primaryimage"},"thumbnailUrl":"https:\/\/neodal.es\/wp-content\/uploads\/2020\/06\/2337-PLOCKMATIC-BASIC-SEALER.jpg","datePublished":"2020-06-10T08:48:11+00:00","breadcrumb":{"@id":"https:\/\/neodal.es\/ca\/producte\/basic-sealer\/#breadcrumb"},"inLanguage":"ca","potentialAction":[{"@type":"ReadAction","target":["https:\/\/neodal.es\/ca\/producte\/basic-sealer\/"]}]},{"@type":"ImageObject","inLanguage":"ca","@id":"https:\/\/neodal.es\/ca\/producte\/basic-sealer\/#primaryimage","url":"https:\/\/neodal.es\/wp-content\/uploads\/2020\/06\/2337-PLOCKMATIC-BASIC-SEALER.jpg","contentUrl":"https:\/\/neodal.es\/wp-content\/uploads\/2020\/06\/2337-PLOCKMATIC-BASIC-SEALER.jpg","width":500,"height":500,"caption":"PLOCKMATIC BASIC SEALER"},{"@type":"BreadcrumbList","@id":"https:\/\/neodal.es\/ca\/producte\/basic-sealer\/#breadcrumb","itemListElement":[{"@type":"ListItem","position":1,"name":"Portada","item":"https:\/\/neodal.es\/ca\/home\/"},{"@type":"ListItem","position":2,"name":"Productes","item":"https:\/\/neodal.es\/ca\/productes\/"},{"@type":"ListItem","position":3,"name":"BASIC SEALER"}]},{"@type":"WebSite","@id":"https:\/\/neodal.es\/ca\/#website","url":"https:\/\/neodal.es\/ca\/","name":"neodal","description":"","potentialAction":[{"@type":"SearchAction","target":{"@type":"EntryPoint","urlTemplate":"https:\/\/neodal.es\/ca\/?s={search_term_string}"},"query-input":{"@type":"PropertyValueSpecification","valueRequired":true,"valueName":"search_term_string"}}],"inLanguage":"ca"}]}},"_links":{"self":[{"href":"https:\/\/neodal.es\/ca\/wp-json\/wp\/v2\/product\/6043","targetHints":{"allow":["GET"]}}],"collection":[{"href":"https:\/\/neodal.es\/ca\/wp-json\/wp\/v2\/product"}],"about":[{"href":"https:\/\/neodal.es\/ca\/wp-json\/wp\/v2\/types\/product"}],"version-history":[{"count":0,"href":"https:\/\/neodal.es\/ca\/wp-json\/wp\/v2\/product\/6043\/revisions"}],"wp:featuredmedia":[{"embeddable":true,"href":"https:\/\/neodal.es\/ca\/wp-json\/wp\/v2\/media\/6040"}],"wp:attachment":[{"href":"https:\/\/neodal.es\/ca\/wp-json\/wp\/v2\/media?parent=6043"}],"wp:term":[{"taxonomy":"product_brand","embeddable":true,"href":"https:\/\/neodal.es\/ca\/wp-json\/wp\/v2\/product_brand?post=6043"},{"taxonomy":"product_cat","embeddable":true,"href":"https:\/\/neodal.es\/ca\/wp-json\/wp\/v2\/product_cat?post=6043"},{"taxonomy":"product_tag","embeddable":true,"href":"https:\/\/neodal.es\/ca\/wp-json\/wp\/v2\/product_tag?post=6043"}],"curies":[{"name":"wp","href":"https:\/\/api.w.org\/{rel}","templated":true}]}}