{"id":6050,"date":"2020-09-01T11:08:59","date_gmt":"2020-09-01T11:08:59","guid":{"rendered":"http:\/\/neodal.local\/product\/quadient-as-450-2\/"},"modified":"2020-09-01T11:08:59","modified_gmt":"2020-09-01T11:08:59","slug":"quadient-as-450-2","status":"publish","type":"product","link":"https:\/\/neodal.es\/ca\/producte\/quadient-as-450-2\/","title":{"rendered":"DIRECCIONADORA QUADIENT NEOPOST AS-450"},"content":{"rendered":"<h3>DIRECCIONADORA QUADIENT NEOPOST AS450<\/h3>\n<p>\u00b7 Tecnolog\u00eda de impresi\u00f3n<\/p>\n<p>\u00b7 Inyecci\u00f3n de tinta t\u00e9rmica, 4 cartuchos de alta capacidad estilo HP 45A<\/p>\n<p>\u00b7 Velocidad Hasta 22,000 Sobres\/hr. Hasta 30,000 tarjetas postales\/hr.<\/p>\n<p>\u00b7 Calidad de impresi\u00f3n Hasta 600 x 600 dpi<\/p>\n<p>\u00b7 \u00c1rea de impresi\u00f3n Hasta 5 x 38 cm<\/p>\n<p>\u00b7 Tama\u00f1o del material Min: 12,7 L x 7,62 W Max: 38,1 L x 34,20 W<\/p>\n<p>\u00b7 Espesor del material Hasta 6.3 mm \/ 0.25&#8243;<\/p>\n<p>\u00b7 Memoria 16 GB<\/p>\n<p>\u00b7 Disposici\u00f3n del cabezal 4 cabezales fijos<\/p>\n<p>\u00b7 Fuentes Todas las fuentes True Type disponibles<\/p>\n<p>\u00b7 Monitor de tinta Seguimiento inteligente de cartuchos<\/p>\n<p>\u00b7 Capacidad del alimentador Hasta 500 sobres<\/p>\n<p>\u00b7 Software Compatible con Windows 7, 8, 8.1, 10<\/p>\n<p>\u00b7 Interface USB 3.0, Ethernet, WiFi<\/p>\n<p>\u00b7 Diagnosis Integrado en firmware<\/p>\n<p>\u00b7 Dimensiones 58,5 L x 55,8 D x 48,26 H; 27,3 kg<\/p>\n<p>\u00b7 Conexi\u00f3n 115VAC o 240VAC, 50\/60Hz<\/p>\n<p>\u00b7 Contadores Contadores de lotes, trabajos y total<\/p>\n<p>\u00b7 Accesorios Conveyor\/Stacker\/Dryer<\/p>\n","protected":false},"excerpt":{"rendered":"<h2>DIRECCIONADORA\u00a0MONOCROMO QUADIENT NEOPOST AS-450\u00a0<\/h2>\n<p>La Direccionadora Quadient Neopost AS-450 de Neodal le ayudar\u00e1 a llevar a cabo el direccionado y env\u00edo campa\u00f1as de Marketing Directo causando una excelente impresi\u00f3n. Una r\u00e1pida y robusta Direccionadora monocromo de 4 cabezales fijos de impresi\u00f3n para oficinas, centros de manipulado, Marketing Directo, Artes Gr\u00e1ficas\u2026<\/p>\n","protected":false},"featured_media":6044,"template":"","meta":{"_acf_changed":false},"product_brand":[],"product_cat":[1446,1500],"product_tag":[],"class_list":{"0":"post-6050","1":"product","2":"type-product","3":"status-publish","4":"has-post-thumbnail","6":"product_cat-direccionadoras-quadient-neopost-ca","7":"product_cat-direccionadores-neopost-monocrom","9":"first","10":"instock","11":"shipping-taxable","12":"product-type-simple"},"acf":[],"yoast_head":"<!-- This site is optimized with the Yoast SEO plugin v27.4 - https:\/\/yoast.com\/product\/yoast-seo-wordpress\/ -->\n<title>DIRECCIONADORA QUADIENT NEOPOST AS-450 - NEODAL IMPORT<\/title>\n<meta name=\"description\" content=\"Direccionadora Quadient Neopost AS-450 compacta de sobremesa. F\u00e1cil impresi\u00f3n de logos, direcciones, codigos de barras... en sobres\u2026 \u00a1Consulte precio!\" \/>\n<meta name=\"robots\" content=\"index, follow, max-snippet:-1, max-image-preview:large, max-video-preview:-1\" \/>\n<link rel=\"canonical\" href=\"https:\/\/neodal.es\/ca\/producte\/quadient-as-450-2\/\" \/>\n<meta property=\"og:locale\" content=\"ca_ES\" \/>\n<meta property=\"og:type\" content=\"article\" \/>\n<meta property=\"og:title\" content=\"DIRECCIONADORA QUADIENT NEOPOST AS-450 - NEODAL IMPORT\" \/>\n<meta property=\"og:description\" content=\"Direccionadora Quadient Neopost AS-450 compacta de sobremesa. F\u00e1cil impresi\u00f3n de logos, direcciones, codigos de barras... en sobres\u2026 \u00a1Consulte precio!\" \/>\n<meta property=\"og:url\" content=\"https:\/\/neodal.es\/ca\/producte\/quadient-as-450-2\/\" \/>\n<meta property=\"og:site_name\" content=\"neodal\" \/>\n<meta property=\"og:image\" content=\"https:\/\/neodal.es\/wp-content\/uploads\/2020\/09\/2496-QUADIENT-NEOPOST-AS-450.jpg\" \/>\n\t<meta property=\"og:image:width\" content=\"500\" \/>\n\t<meta property=\"og:image:height\" content=\"500\" \/>\n\t<meta property=\"og:image:type\" content=\"image\/jpeg\" \/>\n<meta name=\"twitter:card\" content=\"summary_large_image\" \/>\n<meta name=\"twitter:label1\" content=\"Temps estimat de lectura\" \/>\n\t<meta name=\"twitter:data1\" content=\"1 minut\" \/>\n<script type=\"application\/ld+json\" class=\"yoast-schema-graph\">{\"@context\":\"https:\\\/\\\/schema.org\",\"@graph\":[{\"@type\":\"WebPage\",\"@id\":\"https:\\\/\\\/neodal.es\\\/ca\\\/producte\\\/quadient-as-450-2\\\/\",\"url\":\"https:\\\/\\\/neodal.es\\\/ca\\\/producte\\\/quadient-as-450-2\\\/\",\"name\":\"DIRECCIONADORA QUADIENT NEOPOST AS-450 - NEODAL IMPORT\",\"isPartOf\":{\"@id\":\"https:\\\/\\\/neodal.es\\\/ca\\\/#website\"},\"primaryImageOfPage\":{\"@id\":\"https:\\\/\\\/neodal.es\\\/ca\\\/producte\\\/quadient-as-450-2\\\/#primaryimage\"},\"image\":{\"@id\":\"https:\\\/\\\/neodal.es\\\/ca\\\/producte\\\/quadient-as-450-2\\\/#primaryimage\"},\"thumbnailUrl\":\"https:\\\/\\\/neodal.es\\\/wp-content\\\/uploads\\\/2020\\\/09\\\/2496-QUADIENT-NEOPOST-AS-450.jpg\",\"datePublished\":\"2020-09-01T11:08:59+00:00\",\"description\":\"Direccionadora Quadient Neopost AS-450 compacta de sobremesa. F\u00e1cil impresi\u00f3n de logos, direcciones, codigos de barras... en sobres\u2026 \u00a1Consulte precio!\",\"breadcrumb\":{\"@id\":\"https:\\\/\\\/neodal.es\\\/ca\\\/producte\\\/quadient-as-450-2\\\/#breadcrumb\"},\"inLanguage\":\"ca\",\"potentialAction\":[{\"@type\":\"ReadAction\",\"target\":[\"https:\\\/\\\/neodal.es\\\/ca\\\/producte\\\/quadient-as-450-2\\\/\"]}]},{\"@type\":\"ImageObject\",\"inLanguage\":\"ca\",\"@id\":\"https:\\\/\\\/neodal.es\\\/ca\\\/producte\\\/quadient-as-450-2\\\/#primaryimage\",\"url\":\"https:\\\/\\\/neodal.es\\\/wp-content\\\/uploads\\\/2020\\\/09\\\/2496-QUADIENT-NEOPOST-AS-450.jpg\",\"contentUrl\":\"https:\\\/\\\/neodal.es\\\/wp-content\\\/uploads\\\/2020\\\/09\\\/2496-QUADIENT-NEOPOST-AS-450.jpg\",\"width\":500,\"height\":500,\"caption\":\"QUADIENT NEOPOST AS-450\"},{\"@type\":\"BreadcrumbList\",\"@id\":\"https:\\\/\\\/neodal.es\\\/ca\\\/producte\\\/quadient-as-450-2\\\/#breadcrumb\",\"itemListElement\":[{\"@type\":\"ListItem\",\"position\":1,\"name\":\"Portada\",\"item\":\"https:\\\/\\\/neodal.es\\\/ca\\\/home\\\/\"},{\"@type\":\"ListItem\",\"position\":2,\"name\":\"Productes\",\"item\":\"https:\\\/\\\/neodal.es\\\/ca\\\/productes\\\/\"},{\"@type\":\"ListItem\",\"position\":3,\"name\":\"DIRECCIONADORA QUADIENT NEOPOST AS-450\"}]},{\"@type\":\"WebSite\",\"@id\":\"https:\\\/\\\/neodal.es\\\/ca\\\/#website\",\"url\":\"https:\\\/\\\/neodal.es\\\/ca\\\/\",\"name\":\"neodal\",\"description\":\"\",\"potentialAction\":[{\"@type\":\"SearchAction\",\"target\":{\"@type\":\"EntryPoint\",\"urlTemplate\":\"https:\\\/\\\/neodal.es\\\/ca\\\/?s={search_term_string}\"},\"query-input\":{\"@type\":\"PropertyValueSpecification\",\"valueRequired\":true,\"valueName\":\"search_term_string\"}}],\"inLanguage\":\"ca\"}]}<\/script>\n<!-- \/ Yoast SEO plugin. -->","yoast_head_json":{"title":"DIRECCIONADORA QUADIENT NEOPOST AS-450 - NEODAL IMPORT","description":"Direccionadora Quadient Neopost AS-450 compacta de sobremesa. F\u00e1cil impresi\u00f3n de logos, direcciones, codigos de barras... en sobres\u2026 \u00a1Consulte precio!","robots":{"index":"index","follow":"follow","max-snippet":"max-snippet:-1","max-image-preview":"max-image-preview:large","max-video-preview":"max-video-preview:-1"},"canonical":"https:\/\/neodal.es\/ca\/producte\/quadient-as-450-2\/","og_locale":"ca_ES","og_type":"article","og_title":"DIRECCIONADORA QUADIENT NEOPOST AS-450 - NEODAL IMPORT","og_description":"Direccionadora Quadient Neopost AS-450 compacta de sobremesa. F\u00e1cil impresi\u00f3n de logos, direcciones, codigos de barras... en sobres\u2026 \u00a1Consulte precio!","og_url":"https:\/\/neodal.es\/ca\/producte\/quadient-as-450-2\/","og_site_name":"neodal","og_image":[{"width":500,"height":500,"url":"https:\/\/neodal.es\/wp-content\/uploads\/2020\/09\/2496-QUADIENT-NEOPOST-AS-450.jpg","type":"image\/jpeg"}],"twitter_card":"summary_large_image","twitter_misc":{"Temps estimat de lectura":"1 minut"},"schema":{"@context":"https:\/\/schema.org","@graph":[{"@type":"WebPage","@id":"https:\/\/neodal.es\/ca\/producte\/quadient-as-450-2\/","url":"https:\/\/neodal.es\/ca\/producte\/quadient-as-450-2\/","name":"DIRECCIONADORA QUADIENT NEOPOST AS-450 - NEODAL IMPORT","isPartOf":{"@id":"https:\/\/neodal.es\/ca\/#website"},"primaryImageOfPage":{"@id":"https:\/\/neodal.es\/ca\/producte\/quadient-as-450-2\/#primaryimage"},"image":{"@id":"https:\/\/neodal.es\/ca\/producte\/quadient-as-450-2\/#primaryimage"},"thumbnailUrl":"https:\/\/neodal.es\/wp-content\/uploads\/2020\/09\/2496-QUADIENT-NEOPOST-AS-450.jpg","datePublished":"2020-09-01T11:08:59+00:00","description":"Direccionadora Quadient Neopost AS-450 compacta de sobremesa. F\u00e1cil impresi\u00f3n de logos, direcciones, codigos de barras... en sobres\u2026 \u00a1Consulte precio!","breadcrumb":{"@id":"https:\/\/neodal.es\/ca\/producte\/quadient-as-450-2\/#breadcrumb"},"inLanguage":"ca","potentialAction":[{"@type":"ReadAction","target":["https:\/\/neodal.es\/ca\/producte\/quadient-as-450-2\/"]}]},{"@type":"ImageObject","inLanguage":"ca","@id":"https:\/\/neodal.es\/ca\/producte\/quadient-as-450-2\/#primaryimage","url":"https:\/\/neodal.es\/wp-content\/uploads\/2020\/09\/2496-QUADIENT-NEOPOST-AS-450.jpg","contentUrl":"https:\/\/neodal.es\/wp-content\/uploads\/2020\/09\/2496-QUADIENT-NEOPOST-AS-450.jpg","width":500,"height":500,"caption":"QUADIENT NEOPOST AS-450"},{"@type":"BreadcrumbList","@id":"https:\/\/neodal.es\/ca\/producte\/quadient-as-450-2\/#breadcrumb","itemListElement":[{"@type":"ListItem","position":1,"name":"Portada","item":"https:\/\/neodal.es\/ca\/home\/"},{"@type":"ListItem","position":2,"name":"Productes","item":"https:\/\/neodal.es\/ca\/productes\/"},{"@type":"ListItem","position":3,"name":"DIRECCIONADORA QUADIENT NEOPOST AS-450"}]},{"@type":"WebSite","@id":"https:\/\/neodal.es\/ca\/#website","url":"https:\/\/neodal.es\/ca\/","name":"neodal","description":"","potentialAction":[{"@type":"SearchAction","target":{"@type":"EntryPoint","urlTemplate":"https:\/\/neodal.es\/ca\/?s={search_term_string}"},"query-input":{"@type":"PropertyValueSpecification","valueRequired":true,"valueName":"search_term_string"}}],"inLanguage":"ca"}]}},"_links":{"self":[{"href":"https:\/\/neodal.es\/ca\/wp-json\/wp\/v2\/product\/6050","targetHints":{"allow":["GET"]}}],"collection":[{"href":"https:\/\/neodal.es\/ca\/wp-json\/wp\/v2\/product"}],"about":[{"href":"https:\/\/neodal.es\/ca\/wp-json\/wp\/v2\/types\/product"}],"version-history":[{"count":0,"href":"https:\/\/neodal.es\/ca\/wp-json\/wp\/v2\/product\/6050\/revisions"}],"wp:featuredmedia":[{"embeddable":true,"href":"https:\/\/neodal.es\/ca\/wp-json\/wp\/v2\/media\/6044"}],"wp:attachment":[{"href":"https:\/\/neodal.es\/ca\/wp-json\/wp\/v2\/media?parent=6050"}],"wp:term":[{"taxonomy":"product_brand","embeddable":true,"href":"https:\/\/neodal.es\/ca\/wp-json\/wp\/v2\/product_brand?post=6050"},{"taxonomy":"product_cat","embeddable":true,"href":"https:\/\/neodal.es\/ca\/wp-json\/wp\/v2\/product_cat?post=6050"},{"taxonomy":"product_tag","embeddable":true,"href":"https:\/\/neodal.es\/ca\/wp-json\/wp\/v2\/product_tag?post=6050"}],"curies":[{"name":"wp","href":"https:\/\/api.w.org\/{rel}","templated":true}]}}