{"id":6092,"date":"2021-01-26T08:36:02","date_gmt":"2021-01-26T08:36:02","guid":{"rendered":"http:\/\/neodal.local\/product\/plegadora-selladora-securefold-sf2030s-2\/"},"modified":"2021-01-26T08:36:02","modified_gmt":"2021-01-26T08:36:02","slug":"plegadora-selladora-securefold-sf2030s-2","status":"publish","type":"product","link":"https:\/\/neodal.es\/ca\/producte\/plegadora-selladora-securefold-sf2030s-2\/","title":{"rendered":"PLEGADORA SELLADORA SECUREFOLD SF2030S"},"content":{"rendered":"<h3><strong>PLEGADORA SELLADORA SECUREFOLD SF2030S &#8211; Caracter\u00edsticas:<\/strong><\/h3>\n<ul>\n<li>Sistema de plegado por rodillos de alta presi\u00f3n.\u00a0<\/li>\n<li>Indicada para vol\u00famenes bajos de trabajo.\u00a0<\/li>\n<li>Capacidad Bandeja de alimentador de 100 Hojas.\u00a0<\/li>\n<li>Capacidad Bandeja de Salida de 200 hojas.\u00a0<\/li>\n<li>Velocidad de trabajo hasta 3.000 Plegados \/ hora<\/li>\n<li>Tipos de plegado en V, C, Z&#8230;<\/li>\n<li>Gramaje de papel desde 80 a 120 Gs.<\/li>\n<li>Posibilidad de alimentaci\u00f3n manual: Si<\/li>\n<li>Contador digital de puesta a Cero: Si<\/li>\n<li>Dimensiones: 320 x 390 x 280 mm<\/li>\n<li>Peso: 22 Kg.<\/li>\n<\/ul>\n","protected":false},"excerpt":{"rendered":"<h2 style=\"text-align: justify;\"><strong>PLEGADORA SELLADORA SECUREFOLD SF2030S<\/strong><\/h2>\n<p style=\"text-align: justify;\">La <a href=\"https:\/\/neodal.es\/es\/40-plegadoras-selladoras-de-alta-presion-\">Plegadora Selladora<\/a><strong>\u00a0SecureFold SF2030S<\/strong>\u00a0le ayudar\u00e1 a llevar a cabo el plegado y sellado \/ cerrado de <strong>&#8220;Papel Post &#8211; Complet&#8221;<\/strong> (documentos pre encolados) de sus notificaciones oficiales con acuse de recibo (impuestos, multas&#8230;) citaciones m\u00e9dicas, n\u00f3minas, documentos confidenciales, Pins, acciones de Marketing Directo&#8230; de forma r\u00e1pida y segura.<\/p>\n<p style=\"text-align: justify;\">Especialmente indicada para <strong>Organismos Oficiales, Departamentos de Recursos Humanos, Marketing..<\/strong>. es un equipo compacto de sobremesa muy f\u00e1cil de usar en entornos de oficina donde se necesita procesar documentos con informaci\u00f3n confidencial.\u00a0\u00a0<\/p>\n<p style=\"text-align: justify;\">La <a href=\"https:\/\/neodal.es\/blog\/plegadoras-selladoras-welltec-en-espana\/\">Plegadora Selladora SecureFold SF2030S<\/a>\u00a0dispone de alimentaci\u00f3n autom\u00e1tica, es muy accesible a todo el recorrido de papel, contador digital con puesta a cero y puede puede llevar a cabo diferentes tipos de plegado (D\u00edptico, Tr\u00edptico, Zig &#8211; Zag&#8230;)\u00a0<\/p>\n<p style=\"text-align: justify;\">\n","protected":false},"featured_media":6089,"template":"","meta":{"_acf_changed":false},"product_brand":[],"product_cat":[1518],"product_tag":[],"class_list":{"0":"post-6092","1":"product","2":"type-product","3":"status-publish","4":"has-post-thumbnail","6":"product_cat-plegadoras-selladoras","8":"first","9":"instock","10":"shipping-taxable","11":"product-type-simple"},"acf":[],"yoast_head":"<!-- This site is optimized with the Yoast SEO plugin v27.4 - https:\/\/yoast.com\/product\/yoast-seo-wordpress\/ -->\n<title>Plegadora - Selladora Securefold SF2030S | Neodal M\u00e1quinas Plegadoras Selladoras<\/title>\n<meta name=\"description\" content=\"El mejor precio en Plegadora Selladora SecureFold SF2030S para documentos confidenciales con &quot;Papel Post - Complet&quot; (Autosobre) Servicio T\u00e9cnico Oficial. Con toda la garant\u00eda de Neodal.\" \/>\n<meta name=\"robots\" content=\"index, follow, max-snippet:-1, max-image-preview:large, max-video-preview:-1\" \/>\n<link rel=\"canonical\" href=\"https:\/\/neodal.es\/ca\/producte\/plegadora-selladora-securefold-sf2030s-2\/\" \/>\n<meta property=\"og:locale\" content=\"ca_ES\" \/>\n<meta property=\"og:type\" content=\"article\" \/>\n<meta property=\"og:title\" content=\"Plegadora - Selladora Securefold SF2030S | Neodal M\u00e1quinas Plegadoras Selladoras\" \/>\n<meta property=\"og:description\" content=\"El mejor precio en Plegadora Selladora SecureFold SF2030S para documentos confidenciales con &quot;Papel Post - Complet&quot; (Autosobre) Servicio T\u00e9cnico Oficial. Con toda la garant\u00eda de Neodal.\" \/>\n<meta property=\"og:url\" content=\"https:\/\/neodal.es\/ca\/producte\/plegadora-selladora-securefold-sf2030s-2\/\" \/>\n<meta property=\"og:site_name\" content=\"neodal\" \/>\n<meta property=\"og:image\" content=\"https:\/\/neodal.es\/wp-content\/uploads\/2021\/01\/2088-PLEGADORA-SELLADORA-SECUREFOLD-SF2030S.jpg\" \/>\n\t<meta property=\"og:image:width\" content=\"500\" \/>\n\t<meta property=\"og:image:height\" content=\"500\" \/>\n\t<meta property=\"og:image:type\" content=\"image\/jpeg\" \/>\n<meta name=\"twitter:card\" content=\"summary_large_image\" \/>\n<script type=\"application\/ld+json\" class=\"yoast-schema-graph\">{\"@context\":\"https:\\\/\\\/schema.org\",\"@graph\":[{\"@type\":\"WebPage\",\"@id\":\"https:\\\/\\\/neodal.es\\\/ca\\\/producte\\\/plegadora-selladora-securefold-sf2030s-2\\\/\",\"url\":\"https:\\\/\\\/neodal.es\\\/ca\\\/producte\\\/plegadora-selladora-securefold-sf2030s-2\\\/\",\"name\":\"Plegadora - Selladora Securefold SF2030S | Neodal M\u00e1quinas Plegadoras Selladoras\",\"isPartOf\":{\"@id\":\"https:\\\/\\\/neodal.es\\\/ca\\\/#website\"},\"primaryImageOfPage\":{\"@id\":\"https:\\\/\\\/neodal.es\\\/ca\\\/producte\\\/plegadora-selladora-securefold-sf2030s-2\\\/#primaryimage\"},\"image\":{\"@id\":\"https:\\\/\\\/neodal.es\\\/ca\\\/producte\\\/plegadora-selladora-securefold-sf2030s-2\\\/#primaryimage\"},\"thumbnailUrl\":\"https:\\\/\\\/neodal.es\\\/wp-content\\\/uploads\\\/2021\\\/01\\\/2088-PLEGADORA-SELLADORA-SECUREFOLD-SF2030S.jpg\",\"datePublished\":\"2021-01-26T08:36:02+00:00\",\"description\":\"El mejor precio en Plegadora Selladora SecureFold SF2030S para documentos confidenciales con \\\"Papel Post - Complet\\\" (Autosobre) Servicio T\u00e9cnico Oficial. Con toda la garant\u00eda de Neodal.\",\"breadcrumb\":{\"@id\":\"https:\\\/\\\/neodal.es\\\/ca\\\/producte\\\/plegadora-selladora-securefold-sf2030s-2\\\/#breadcrumb\"},\"inLanguage\":\"ca\",\"potentialAction\":[{\"@type\":\"ReadAction\",\"target\":[\"https:\\\/\\\/neodal.es\\\/ca\\\/producte\\\/plegadora-selladora-securefold-sf2030s-2\\\/\"]}]},{\"@type\":\"ImageObject\",\"inLanguage\":\"ca\",\"@id\":\"https:\\\/\\\/neodal.es\\\/ca\\\/producte\\\/plegadora-selladora-securefold-sf2030s-2\\\/#primaryimage\",\"url\":\"https:\\\/\\\/neodal.es\\\/wp-content\\\/uploads\\\/2021\\\/01\\\/2088-PLEGADORA-SELLADORA-SECUREFOLD-SF2030S.jpg\",\"contentUrl\":\"https:\\\/\\\/neodal.es\\\/wp-content\\\/uploads\\\/2021\\\/01\\\/2088-PLEGADORA-SELLADORA-SECUREFOLD-SF2030S.jpg\",\"width\":500,\"height\":500,\"caption\":\"PLEGADORA SELLADORA SECUREFOLD SF2030S\"},{\"@type\":\"BreadcrumbList\",\"@id\":\"https:\\\/\\\/neodal.es\\\/ca\\\/producte\\\/plegadora-selladora-securefold-sf2030s-2\\\/#breadcrumb\",\"itemListElement\":[{\"@type\":\"ListItem\",\"position\":1,\"name\":\"Portada\",\"item\":\"https:\\\/\\\/neodal.es\\\/ca\\\/home\\\/\"},{\"@type\":\"ListItem\",\"position\":2,\"name\":\"Productes\",\"item\":\"https:\\\/\\\/neodal.es\\\/ca\\\/productes\\\/\"},{\"@type\":\"ListItem\",\"position\":3,\"name\":\"PLEGADORA SELLADORA SECUREFOLD SF2030S\"}]},{\"@type\":\"WebSite\",\"@id\":\"https:\\\/\\\/neodal.es\\\/ca\\\/#website\",\"url\":\"https:\\\/\\\/neodal.es\\\/ca\\\/\",\"name\":\"neodal\",\"description\":\"\",\"potentialAction\":[{\"@type\":\"SearchAction\",\"target\":{\"@type\":\"EntryPoint\",\"urlTemplate\":\"https:\\\/\\\/neodal.es\\\/ca\\\/?s={search_term_string}\"},\"query-input\":{\"@type\":\"PropertyValueSpecification\",\"valueRequired\":true,\"valueName\":\"search_term_string\"}}],\"inLanguage\":\"ca\"}]}<\/script>\n<!-- \/ Yoast SEO plugin. -->","yoast_head_json":{"title":"Plegadora - Selladora Securefold SF2030S | Neodal M\u00e1quinas Plegadoras Selladoras","description":"El mejor precio en Plegadora Selladora SecureFold SF2030S para documentos confidenciales con \"Papel Post - Complet\" (Autosobre) Servicio T\u00e9cnico Oficial. Con toda la garant\u00eda de Neodal.","robots":{"index":"index","follow":"follow","max-snippet":"max-snippet:-1","max-image-preview":"max-image-preview:large","max-video-preview":"max-video-preview:-1"},"canonical":"https:\/\/neodal.es\/ca\/producte\/plegadora-selladora-securefold-sf2030s-2\/","og_locale":"ca_ES","og_type":"article","og_title":"Plegadora - Selladora Securefold SF2030S | Neodal M\u00e1quinas Plegadoras Selladoras","og_description":"El mejor precio en Plegadora Selladora SecureFold SF2030S para documentos confidenciales con \"Papel Post - Complet\" (Autosobre) Servicio T\u00e9cnico Oficial. Con toda la garant\u00eda de Neodal.","og_url":"https:\/\/neodal.es\/ca\/producte\/plegadora-selladora-securefold-sf2030s-2\/","og_site_name":"neodal","og_image":[{"width":500,"height":500,"url":"https:\/\/neodal.es\/wp-content\/uploads\/2021\/01\/2088-PLEGADORA-SELLADORA-SECUREFOLD-SF2030S.jpg","type":"image\/jpeg"}],"twitter_card":"summary_large_image","schema":{"@context":"https:\/\/schema.org","@graph":[{"@type":"WebPage","@id":"https:\/\/neodal.es\/ca\/producte\/plegadora-selladora-securefold-sf2030s-2\/","url":"https:\/\/neodal.es\/ca\/producte\/plegadora-selladora-securefold-sf2030s-2\/","name":"Plegadora - Selladora Securefold SF2030S | Neodal M\u00e1quinas Plegadoras Selladoras","isPartOf":{"@id":"https:\/\/neodal.es\/ca\/#website"},"primaryImageOfPage":{"@id":"https:\/\/neodal.es\/ca\/producte\/plegadora-selladora-securefold-sf2030s-2\/#primaryimage"},"image":{"@id":"https:\/\/neodal.es\/ca\/producte\/plegadora-selladora-securefold-sf2030s-2\/#primaryimage"},"thumbnailUrl":"https:\/\/neodal.es\/wp-content\/uploads\/2021\/01\/2088-PLEGADORA-SELLADORA-SECUREFOLD-SF2030S.jpg","datePublished":"2021-01-26T08:36:02+00:00","description":"El mejor precio en Plegadora Selladora SecureFold SF2030S para documentos confidenciales con \"Papel Post - Complet\" (Autosobre) Servicio T\u00e9cnico Oficial. Con toda la garant\u00eda de Neodal.","breadcrumb":{"@id":"https:\/\/neodal.es\/ca\/producte\/plegadora-selladora-securefold-sf2030s-2\/#breadcrumb"},"inLanguage":"ca","potentialAction":[{"@type":"ReadAction","target":["https:\/\/neodal.es\/ca\/producte\/plegadora-selladora-securefold-sf2030s-2\/"]}]},{"@type":"ImageObject","inLanguage":"ca","@id":"https:\/\/neodal.es\/ca\/producte\/plegadora-selladora-securefold-sf2030s-2\/#primaryimage","url":"https:\/\/neodal.es\/wp-content\/uploads\/2021\/01\/2088-PLEGADORA-SELLADORA-SECUREFOLD-SF2030S.jpg","contentUrl":"https:\/\/neodal.es\/wp-content\/uploads\/2021\/01\/2088-PLEGADORA-SELLADORA-SECUREFOLD-SF2030S.jpg","width":500,"height":500,"caption":"PLEGADORA SELLADORA SECUREFOLD SF2030S"},{"@type":"BreadcrumbList","@id":"https:\/\/neodal.es\/ca\/producte\/plegadora-selladora-securefold-sf2030s-2\/#breadcrumb","itemListElement":[{"@type":"ListItem","position":1,"name":"Portada","item":"https:\/\/neodal.es\/ca\/home\/"},{"@type":"ListItem","position":2,"name":"Productes","item":"https:\/\/neodal.es\/ca\/productes\/"},{"@type":"ListItem","position":3,"name":"PLEGADORA SELLADORA SECUREFOLD SF2030S"}]},{"@type":"WebSite","@id":"https:\/\/neodal.es\/ca\/#website","url":"https:\/\/neodal.es\/ca\/","name":"neodal","description":"","potentialAction":[{"@type":"SearchAction","target":{"@type":"EntryPoint","urlTemplate":"https:\/\/neodal.es\/ca\/?s={search_term_string}"},"query-input":{"@type":"PropertyValueSpecification","valueRequired":true,"valueName":"search_term_string"}}],"inLanguage":"ca"}]}},"_links":{"self":[{"href":"https:\/\/neodal.es\/ca\/wp-json\/wp\/v2\/product\/6092","targetHints":{"allow":["GET"]}}],"collection":[{"href":"https:\/\/neodal.es\/ca\/wp-json\/wp\/v2\/product"}],"about":[{"href":"https:\/\/neodal.es\/ca\/wp-json\/wp\/v2\/types\/product"}],"version-history":[{"count":0,"href":"https:\/\/neodal.es\/ca\/wp-json\/wp\/v2\/product\/6092\/revisions"}],"wp:featuredmedia":[{"embeddable":true,"href":"https:\/\/neodal.es\/ca\/wp-json\/wp\/v2\/media\/6089"}],"wp:attachment":[{"href":"https:\/\/neodal.es\/ca\/wp-json\/wp\/v2\/media?parent=6092"}],"wp:term":[{"taxonomy":"product_brand","embeddable":true,"href":"https:\/\/neodal.es\/ca\/wp-json\/wp\/v2\/product_brand?post=6092"},{"taxonomy":"product_cat","embeddable":true,"href":"https:\/\/neodal.es\/ca\/wp-json\/wp\/v2\/product_cat?post=6092"},{"taxonomy":"product_tag","embeddable":true,"href":"https:\/\/neodal.es\/ca\/wp-json\/wp\/v2\/product_tag?post=6092"}],"curies":[{"name":"wp","href":"https:\/\/api.w.org\/{rel}","templated":true}]}}