{"id":6096,"date":"2021-01-26T12:34:03","date_gmt":"2021-01-26T12:34:03","guid":{"rendered":"http:\/\/neodal.local\/product\/plegadora-selladora-securefold-sf4120s-2\/"},"modified":"2021-01-26T12:34:03","modified_gmt":"2021-01-26T12:34:03","slug":"plegadora-selladora-securefold-sf4120s-2","status":"publish","type":"product","link":"https:\/\/neodal.es\/ca\/producte\/plegadora-selladora-securefold-sf4120s-2\/","title":{"rendered":"PLEGADORA SELLADORA SECUREFOLD SF4120S"},"content":{"rendered":"<ul>\n<li>\n<h3><strong>PLEGADORA SELLADORA SECUREFOLD SF4120S &#8211; Caracter\u00edsticas:<\/strong><\/h3>\n<\/li>\n<li>Sistema de plegado por rodillos de alta presi\u00f3n.\u00a0<\/li>\n<li>Indicada para vol\u00famenes altos de trabajo.<\/li>\n<li>Capacidad Bandeja de alimentador de papel hasta 1.200 hojas.\u00a0\u00a0<\/li>\n<li>Capacidad Bandeja de Salida de hasta 800 doc.\u00a0\u00a0<\/li>\n<li>Velocidad de trabajo hasta 12.000 Plegados \/ hora<\/li>\n<li>Velocidad regulable (4\/6\/8\/12)\u00a0<\/li>\n<li>Tipos de plegado en V, C, Z, 16&#8243;&#8230;<\/li>\n<li>Gramaje de papel desde 80 a 120 Gs.<\/li>\n<li>Contador digital de puesta a Cero: Si<\/li>\n<li>Contador con &#8220;Batch&#8221;: Si<\/li>\n<li>Detector de doble documento: Si<\/li>\n<li>Conveyor de salida alta capacidad: Si (Opcional)\u00a0<\/li>\n<li>Dimensiones: 420 x 600 x 395 mm<\/li>\n<li>Peso: 60 Kg.<\/li>\n<\/ul>\n<p><iframe width=\"560\" height=\"315\" src=\"https:\/\/www.youtube.com\/embed\/0Mkc8CltjN0\" title=\"YouTube video player\" frameborder=\"0\" allow=\"accelerometer; autoplay; clipboard-write; encrypted-media; gyroscope; picture-in-picture\" allowfullscreen=\"allowfullscreen\"><\/iframe><\/p>\n","protected":false},"excerpt":{"rendered":"<h2><strong>PLEGADORA SELLADORA SECUREFOLD SF4120S<\/strong><\/h2>\n<p style=\"text-align: justify;\">La\u00a0<strong>Plegadora Selladora SecureFold SF4120S<\/strong>\u00a0para el plegado y cerrado (sellado) de\u00a0<strong>&#8220;Papel Post &#8211; Complet&#8221;<\/strong>\u00a0(documentos pre encolados)<\/p>\n<p style=\"text-align: justify;\">Las notificaciones oficiales tales como impuestos, multas&#8230; (con acuse de recibo) documentos confidenciales, acciones de publicidad &#8211; Marketing Directo, env\u00edo de &#8220;Pins&#8221;&#8230; ser\u00e1n f\u00e1cilmente plegados y sellados para garantizar la seguridad y la confidencialidad.\u00a0<\/p>\n<p style=\"text-align: justify;\">La <strong>m\u00e1quina plegadora selladora SF4120S<\/strong> tiene alimentaci\u00f3n autom\u00e1tica de alta capacidad de hasta 1.200 hojas.<\/p>\n<p style=\"text-align: justify;\">Es accesible a todo el recorrido de papel, con contador digital de puesta a cero y n\u00famero de plegados pre establecido con <a href=\"https:\/\/neodal.es\/es\/40-plegadoras-selladoras-de-alta-presion-\">tipos de plegado D\u00edptico, Tr\u00edptico, Zig &#8211; Zag<\/a>.<\/p>\n","protected":false},"featured_media":6093,"template":"","meta":{"_acf_changed":false},"product_brand":[],"product_cat":[1518],"product_tag":[],"class_list":{"0":"post-6096","1":"product","2":"type-product","3":"status-publish","4":"has-post-thumbnail","6":"product_cat-plegadoras-selladoras","8":"first","9":"instock","10":"shipping-taxable","11":"product-type-simple"},"acf":[],"yoast_head":"<!-- This site is optimized with the Yoast SEO plugin v27.4 - https:\/\/yoast.com\/product\/yoast-seo-wordpress\/ -->\n<title>Plegadora Selladora Securefold SF4120S | Neodal Plegadoras Selladoras<\/title>\n<meta name=\"description\" content=\"Con la plegadora selladora Securefold SF4120S de Neodal, podr\u00e1s ampliar tus trabajos de sellado y plegado para que tus documentos confidenciales como n\u00f3minas, contratos, etc...cumplan con todos los est\u00e1ndares de seguridad.\" \/>\n<meta name=\"robots\" content=\"index, follow, max-snippet:-1, max-image-preview:large, max-video-preview:-1\" \/>\n<link rel=\"canonical\" href=\"https:\/\/neodal.es\/ca\/producte\/plegadora-selladora-securefold-sf4120s-2\/\" \/>\n<meta property=\"og:locale\" content=\"ca_ES\" \/>\n<meta property=\"og:type\" content=\"article\" \/>\n<meta property=\"og:title\" content=\"Plegadora Selladora Securefold SF4120S | Neodal Plegadoras Selladoras\" \/>\n<meta property=\"og:description\" content=\"Con la plegadora selladora Securefold SF4120S de Neodal, podr\u00e1s ampliar tus trabajos de sellado y plegado para que tus documentos confidenciales como n\u00f3minas, contratos, etc...cumplan con todos los est\u00e1ndares de seguridad.\" \/>\n<meta property=\"og:url\" content=\"https:\/\/neodal.es\/ca\/producte\/plegadora-selladora-securefold-sf4120s-2\/\" \/>\n<meta property=\"og:site_name\" content=\"neodal\" \/>\n<meta property=\"og:image\" content=\"https:\/\/neodal.es\/wp-content\/uploads\/2021\/01\/2091-Plegadora-selladora-Securefold-SF4129S-es-la-maquina-plegadora-selladora-que-necesitan-las-oficinas-de-todos-los-sectores.jpg\" \/>\n\t<meta property=\"og:image:width\" content=\"500\" \/>\n\t<meta property=\"og:image:height\" content=\"500\" \/>\n\t<meta property=\"og:image:type\" content=\"image\/jpeg\" \/>\n<meta name=\"twitter:card\" content=\"summary_large_image\" \/>\n<script type=\"application\/ld+json\" class=\"yoast-schema-graph\">{\"@context\":\"https:\\\/\\\/schema.org\",\"@graph\":[{\"@type\":\"WebPage\",\"@id\":\"https:\\\/\\\/neodal.es\\\/ca\\\/producte\\\/plegadora-selladora-securefold-sf4120s-2\\\/\",\"url\":\"https:\\\/\\\/neodal.es\\\/ca\\\/producte\\\/plegadora-selladora-securefold-sf4120s-2\\\/\",\"name\":\"Plegadora Selladora Securefold SF4120S | Neodal Plegadoras Selladoras\",\"isPartOf\":{\"@id\":\"https:\\\/\\\/neodal.es\\\/ca\\\/#website\"},\"primaryImageOfPage\":{\"@id\":\"https:\\\/\\\/neodal.es\\\/ca\\\/producte\\\/plegadora-selladora-securefold-sf4120s-2\\\/#primaryimage\"},\"image\":{\"@id\":\"https:\\\/\\\/neodal.es\\\/ca\\\/producte\\\/plegadora-selladora-securefold-sf4120s-2\\\/#primaryimage\"},\"thumbnailUrl\":\"https:\\\/\\\/neodal.es\\\/wp-content\\\/uploads\\\/2021\\\/01\\\/2091-Plegadora-selladora-Securefold-SF4129S-es-la-maquina-plegadora-selladora-que-necesitan-las-oficinas-de-todos-los-sectores.jpg\",\"datePublished\":\"2021-01-26T12:34:03+00:00\",\"description\":\"Con la plegadora selladora Securefold SF4120S de Neodal, podr\u00e1s ampliar tus trabajos de sellado y plegado para que tus documentos confidenciales como n\u00f3minas, contratos, etc...cumplan con todos los est\u00e1ndares de seguridad.\",\"breadcrumb\":{\"@id\":\"https:\\\/\\\/neodal.es\\\/ca\\\/producte\\\/plegadora-selladora-securefold-sf4120s-2\\\/#breadcrumb\"},\"inLanguage\":\"ca\",\"potentialAction\":[{\"@type\":\"ReadAction\",\"target\":[\"https:\\\/\\\/neodal.es\\\/ca\\\/producte\\\/plegadora-selladora-securefold-sf4120s-2\\\/\"]}]},{\"@type\":\"ImageObject\",\"inLanguage\":\"ca\",\"@id\":\"https:\\\/\\\/neodal.es\\\/ca\\\/producte\\\/plegadora-selladora-securefold-sf4120s-2\\\/#primaryimage\",\"url\":\"https:\\\/\\\/neodal.es\\\/wp-content\\\/uploads\\\/2021\\\/01\\\/2091-Plegadora-selladora-Securefold-SF4129S-es-la-maquina-plegadora-selladora-que-necesitan-las-oficinas-de-todos-los-sectores.jpg\",\"contentUrl\":\"https:\\\/\\\/neodal.es\\\/wp-content\\\/uploads\\\/2021\\\/01\\\/2091-Plegadora-selladora-Securefold-SF4129S-es-la-maquina-plegadora-selladora-que-necesitan-las-oficinas-de-todos-los-sectores.jpg\",\"width\":500,\"height\":500,\"caption\":\"Plegadora selladora Securefold SF4129S es la m\u00e1quina plegadora selladora que necesitan las oficinas de todos los sectores.\"},{\"@type\":\"BreadcrumbList\",\"@id\":\"https:\\\/\\\/neodal.es\\\/ca\\\/producte\\\/plegadora-selladora-securefold-sf4120s-2\\\/#breadcrumb\",\"itemListElement\":[{\"@type\":\"ListItem\",\"position\":1,\"name\":\"Portada\",\"item\":\"https:\\\/\\\/neodal.es\\\/ca\\\/home\\\/\"},{\"@type\":\"ListItem\",\"position\":2,\"name\":\"Productes\",\"item\":\"https:\\\/\\\/neodal.es\\\/ca\\\/productes\\\/\"},{\"@type\":\"ListItem\",\"position\":3,\"name\":\"PLEGADORA SELLADORA SECUREFOLD SF4120S\"}]},{\"@type\":\"WebSite\",\"@id\":\"https:\\\/\\\/neodal.es\\\/ca\\\/#website\",\"url\":\"https:\\\/\\\/neodal.es\\\/ca\\\/\",\"name\":\"neodal\",\"description\":\"\",\"potentialAction\":[{\"@type\":\"SearchAction\",\"target\":{\"@type\":\"EntryPoint\",\"urlTemplate\":\"https:\\\/\\\/neodal.es\\\/ca\\\/?s={search_term_string}\"},\"query-input\":{\"@type\":\"PropertyValueSpecification\",\"valueRequired\":true,\"valueName\":\"search_term_string\"}}],\"inLanguage\":\"ca\"}]}<\/script>\n<!-- \/ Yoast SEO plugin. -->","yoast_head_json":{"title":"Plegadora Selladora Securefold SF4120S | Neodal Plegadoras Selladoras","description":"Con la plegadora selladora Securefold SF4120S de Neodal, podr\u00e1s ampliar tus trabajos de sellado y plegado para que tus documentos confidenciales como n\u00f3minas, contratos, etc...cumplan con todos los est\u00e1ndares de seguridad.","robots":{"index":"index","follow":"follow","max-snippet":"max-snippet:-1","max-image-preview":"max-image-preview:large","max-video-preview":"max-video-preview:-1"},"canonical":"https:\/\/neodal.es\/ca\/producte\/plegadora-selladora-securefold-sf4120s-2\/","og_locale":"ca_ES","og_type":"article","og_title":"Plegadora Selladora Securefold SF4120S | Neodal Plegadoras Selladoras","og_description":"Con la plegadora selladora Securefold SF4120S de Neodal, podr\u00e1s ampliar tus trabajos de sellado y plegado para que tus documentos confidenciales como n\u00f3minas, contratos, etc...cumplan con todos los est\u00e1ndares de seguridad.","og_url":"https:\/\/neodal.es\/ca\/producte\/plegadora-selladora-securefold-sf4120s-2\/","og_site_name":"neodal","og_image":[{"width":500,"height":500,"url":"https:\/\/neodal.es\/wp-content\/uploads\/2021\/01\/2091-Plegadora-selladora-Securefold-SF4129S-es-la-maquina-plegadora-selladora-que-necesitan-las-oficinas-de-todos-los-sectores.jpg","type":"image\/jpeg"}],"twitter_card":"summary_large_image","schema":{"@context":"https:\/\/schema.org","@graph":[{"@type":"WebPage","@id":"https:\/\/neodal.es\/ca\/producte\/plegadora-selladora-securefold-sf4120s-2\/","url":"https:\/\/neodal.es\/ca\/producte\/plegadora-selladora-securefold-sf4120s-2\/","name":"Plegadora Selladora Securefold SF4120S | Neodal Plegadoras Selladoras","isPartOf":{"@id":"https:\/\/neodal.es\/ca\/#website"},"primaryImageOfPage":{"@id":"https:\/\/neodal.es\/ca\/producte\/plegadora-selladora-securefold-sf4120s-2\/#primaryimage"},"image":{"@id":"https:\/\/neodal.es\/ca\/producte\/plegadora-selladora-securefold-sf4120s-2\/#primaryimage"},"thumbnailUrl":"https:\/\/neodal.es\/wp-content\/uploads\/2021\/01\/2091-Plegadora-selladora-Securefold-SF4129S-es-la-maquina-plegadora-selladora-que-necesitan-las-oficinas-de-todos-los-sectores.jpg","datePublished":"2021-01-26T12:34:03+00:00","description":"Con la plegadora selladora Securefold SF4120S de Neodal, podr\u00e1s ampliar tus trabajos de sellado y plegado para que tus documentos confidenciales como n\u00f3minas, contratos, etc...cumplan con todos los est\u00e1ndares de seguridad.","breadcrumb":{"@id":"https:\/\/neodal.es\/ca\/producte\/plegadora-selladora-securefold-sf4120s-2\/#breadcrumb"},"inLanguage":"ca","potentialAction":[{"@type":"ReadAction","target":["https:\/\/neodal.es\/ca\/producte\/plegadora-selladora-securefold-sf4120s-2\/"]}]},{"@type":"ImageObject","inLanguage":"ca","@id":"https:\/\/neodal.es\/ca\/producte\/plegadora-selladora-securefold-sf4120s-2\/#primaryimage","url":"https:\/\/neodal.es\/wp-content\/uploads\/2021\/01\/2091-Plegadora-selladora-Securefold-SF4129S-es-la-maquina-plegadora-selladora-que-necesitan-las-oficinas-de-todos-los-sectores.jpg","contentUrl":"https:\/\/neodal.es\/wp-content\/uploads\/2021\/01\/2091-Plegadora-selladora-Securefold-SF4129S-es-la-maquina-plegadora-selladora-que-necesitan-las-oficinas-de-todos-los-sectores.jpg","width":500,"height":500,"caption":"Plegadora selladora Securefold SF4129S es la m\u00e1quina plegadora selladora que necesitan las oficinas de todos los sectores."},{"@type":"BreadcrumbList","@id":"https:\/\/neodal.es\/ca\/producte\/plegadora-selladora-securefold-sf4120s-2\/#breadcrumb","itemListElement":[{"@type":"ListItem","position":1,"name":"Portada","item":"https:\/\/neodal.es\/ca\/home\/"},{"@type":"ListItem","position":2,"name":"Productes","item":"https:\/\/neodal.es\/ca\/productes\/"},{"@type":"ListItem","position":3,"name":"PLEGADORA SELLADORA SECUREFOLD SF4120S"}]},{"@type":"WebSite","@id":"https:\/\/neodal.es\/ca\/#website","url":"https:\/\/neodal.es\/ca\/","name":"neodal","description":"","potentialAction":[{"@type":"SearchAction","target":{"@type":"EntryPoint","urlTemplate":"https:\/\/neodal.es\/ca\/?s={search_term_string}"},"query-input":{"@type":"PropertyValueSpecification","valueRequired":true,"valueName":"search_term_string"}}],"inLanguage":"ca"}]}},"_links":{"self":[{"href":"https:\/\/neodal.es\/ca\/wp-json\/wp\/v2\/product\/6096","targetHints":{"allow":["GET"]}}],"collection":[{"href":"https:\/\/neodal.es\/ca\/wp-json\/wp\/v2\/product"}],"about":[{"href":"https:\/\/neodal.es\/ca\/wp-json\/wp\/v2\/types\/product"}],"version-history":[{"count":0,"href":"https:\/\/neodal.es\/ca\/wp-json\/wp\/v2\/product\/6096\/revisions"}],"wp:featuredmedia":[{"embeddable":true,"href":"https:\/\/neodal.es\/ca\/wp-json\/wp\/v2\/media\/6093"}],"wp:attachment":[{"href":"https:\/\/neodal.es\/ca\/wp-json\/wp\/v2\/media?parent=6096"}],"wp:term":[{"taxonomy":"product_brand","embeddable":true,"href":"https:\/\/neodal.es\/ca\/wp-json\/wp\/v2\/product_brand?post=6096"},{"taxonomy":"product_cat","embeddable":true,"href":"https:\/\/neodal.es\/ca\/wp-json\/wp\/v2\/product_cat?post=6096"},{"taxonomy":"product_tag","embeddable":true,"href":"https:\/\/neodal.es\/ca\/wp-json\/wp\/v2\/product_tag?post=6096"}],"curies":[{"name":"wp","href":"https:\/\/api.w.org\/{rel}","templated":true}]}}