{"id":6134,"date":"2021-04-12T12:15:13","date_gmt":"2021-04-12T12:15:13","guid":{"rendered":"http:\/\/neodal.local\/product\/quantum-2\/"},"modified":"2021-04-12T12:15:13","modified_gmt":"2021-04-12T12:15:13","slug":"quantum-2","status":"publish","type":"product","link":"https:\/\/neodal.es\/ca\/producte\/quantum-2\/","title":{"rendered":"IMPRESORA DE TARJETAS QUANTUM"},"content":{"rendered":"<p><br data-mce-bogus=\"1\"><\/p>\n","protected":false},"excerpt":{"rendered":"<h2>IMPRESORA DE TARJETAS PLASTICAS QUANTUM<br data-mce-bogus=\"1\"><\/h2>\n<p>La impresora Quantum es la soluci\u00f3n para imprimir y codificar tarjetas en grandes vol\u00famenes. Personaliza las tarjetas en el anverso y el reverso, en color o en blanco y negro, con una velocidad de impresi\u00f3n r\u00e9cord. Quantum combina la facilidad de una impresora de oficina con la potencia de una m\u00e1quina industrial y permite as\u00ed una producci\u00f3n centralizada de tarjetas de pl\u00e1stico en grandes lotes.<\/p>\n","protected":false},"featured_media":6130,"comment_status":"open","ping_status":"closed","template":"","meta":{"_acf_changed":false},"product_brand":[],"product_cat":[1512,1452],"product_tag":[],"class_list":{"0":"post-6134","1":"product","2":"type-product","3":"status-publish","4":"has-post-thumbnail","6":"product_cat-impresoras-de-tarjetas-a-doble-cara-ca","7":"product_cat-impresoras-de-tarjetas-plasticas-ca","9":"first","10":"instock","11":"shipping-taxable","12":"product-type-simple"},"acf":[],"yoast_head":"<!-- This site is optimized with the Yoast SEO plugin v27.0 - https:\/\/yoast.com\/product\/yoast-seo-wordpress\/ -->\n<title>IMPRESORA DE TARJETAS QUANTUM - neodal<\/title>\n<meta name=\"robots\" content=\"index, follow, max-snippet:-1, max-image-preview:large, max-video-preview:-1\" \/>\n<link rel=\"canonical\" href=\"https:\/\/neodal.es\/ca\/producte\/quantum-2\/\" \/>\n<meta property=\"og:locale\" content=\"ca_ES\" \/>\n<meta property=\"og:type\" content=\"article\" \/>\n<meta property=\"og:title\" content=\"IMPRESORA DE TARJETAS QUANTUM - neodal\" \/>\n<meta property=\"og:description\" content=\"IMPRESORA DE TARJETAS PLASTICAS QUANTUMLa impresora Quantum es la soluci\u00f3n para imprimir y codificar tarjetas en grandes vol\u00famenes. Personaliza las tarjetas en el anverso y el reverso, en color o en blanco y negro, con una velocidad de impresi\u00f3n r\u00e9cord. Quantum combina la facilidad de una impresora de oficina con la potencia de una m\u00e1quina industrial y permite as\u00ed una producci\u00f3n centralizada de tarjetas de pl\u00e1stico en grandes lotes.\" \/>\n<meta property=\"og:url\" content=\"https:\/\/neodal.es\/ca\/producte\/quantum-2\/\" \/>\n<meta property=\"og:site_name\" content=\"neodal\" \/>\n<meta property=\"og:image\" content=\"https:\/\/neodal.es\/wp-content\/uploads\/2021\/04\/1843-IMPRESORA-DE-TARJETAS-QUANTUM.jpg\" \/>\n\t<meta property=\"og:image:width\" content=\"640\" \/>\n\t<meta property=\"og:image:height\" content=\"480\" \/>\n\t<meta property=\"og:image:type\" content=\"image\/jpeg\" \/>\n<meta name=\"twitter:card\" content=\"summary_large_image\" \/>\n<script type=\"application\/ld+json\" class=\"yoast-schema-graph\">{\"@context\":\"https:\/\/schema.org\",\"@graph\":[{\"@type\":\"WebPage\",\"@id\":\"https:\/\/neodal.es\/ca\/producte\/quantum-2\/\",\"url\":\"https:\/\/neodal.es\/ca\/producte\/quantum-2\/\",\"name\":\"IMPRESORA DE TARJETAS QUANTUM - neodal\",\"isPartOf\":{\"@id\":\"https:\/\/neodal.es\/ca\/#website\"},\"primaryImageOfPage\":{\"@id\":\"https:\/\/neodal.es\/ca\/producte\/quantum-2\/#primaryimage\"},\"image\":{\"@id\":\"https:\/\/neodal.es\/ca\/producte\/quantum-2\/#primaryimage\"},\"thumbnailUrl\":\"https:\/\/neodal.es\/wp-content\/uploads\/2021\/04\/1843-IMPRESORA-DE-TARJETAS-QUANTUM.jpg\",\"datePublished\":\"2021-04-12T12:15:13+00:00\",\"breadcrumb\":{\"@id\":\"https:\/\/neodal.es\/ca\/producte\/quantum-2\/#breadcrumb\"},\"inLanguage\":\"ca\",\"potentialAction\":[{\"@type\":\"ReadAction\",\"target\":[\"https:\/\/neodal.es\/ca\/producte\/quantum-2\/\"]}]},{\"@type\":\"ImageObject\",\"inLanguage\":\"ca\",\"@id\":\"https:\/\/neodal.es\/ca\/producte\/quantum-2\/#primaryimage\",\"url\":\"https:\/\/neodal.es\/wp-content\/uploads\/2021\/04\/1843-IMPRESORA-DE-TARJETAS-QUANTUM.jpg\",\"contentUrl\":\"https:\/\/neodal.es\/wp-content\/uploads\/2021\/04\/1843-IMPRESORA-DE-TARJETAS-QUANTUM.jpg\",\"width\":640,\"height\":480,\"caption\":\"IMPRESORA DE TARJETAS QUANTUM\"},{\"@type\":\"BreadcrumbList\",\"@id\":\"https:\/\/neodal.es\/ca\/producte\/quantum-2\/#breadcrumb\",\"itemListElement\":[{\"@type\":\"ListItem\",\"position\":1,\"name\":\"Portada\",\"item\":\"https:\/\/neodal.es\/ca\/home\/\"},{\"@type\":\"ListItem\",\"position\":2,\"name\":\"Productes\",\"item\":\"https:\/\/neodal.es\/ca\/productes\/\"},{\"@type\":\"ListItem\",\"position\":3,\"name\":\"IMPRESORA DE TARJETAS QUANTUM\"}]},{\"@type\":\"WebSite\",\"@id\":\"https:\/\/neodal.es\/ca\/#website\",\"url\":\"https:\/\/neodal.es\/ca\/\",\"name\":\"neodal\",\"description\":\"\",\"publisher\":{\"@id\":\"https:\/\/neodal.es\/ca\/#organization\"},\"potentialAction\":[{\"@type\":\"SearchAction\",\"target\":{\"@type\":\"EntryPoint\",\"urlTemplate\":\"https:\/\/neodal.es\/ca\/?s={search_term_string}\"},\"query-input\":{\"@type\":\"PropertyValueSpecification\",\"valueRequired\":true,\"valueName\":\"search_term_string\"}}],\"inLanguage\":\"ca\"},{\"@type\":\"Organization\",\"@id\":\"https:\/\/neodal.es\/ca\/#organization\",\"name\":\"neodal\",\"url\":\"https:\/\/neodal.es\/ca\/\",\"logo\":{\"@type\":\"ImageObject\",\"inLanguage\":\"ca\",\"@id\":\"https:\/\/neodal.es\/ca\/#\/schema\/logo\/image\/\",\"url\":\"https:\/\/neodal.es\/wp-content\/uploads\/2025\/12\/neodal-logo.jpeg\",\"contentUrl\":\"https:\/\/neodal.es\/wp-content\/uploads\/2025\/12\/neodal-logo.jpeg\",\"width\":359,\"height\":87,\"caption\":\"neodal\"},\"image\":{\"@id\":\"https:\/\/neodal.es\/ca\/#\/schema\/logo\/image\/\"}}]}<\/script>\n<!-- \/ Yoast SEO plugin. -->","yoast_head_json":{"title":"IMPRESORA DE TARJETAS QUANTUM - neodal","robots":{"index":"index","follow":"follow","max-snippet":"max-snippet:-1","max-image-preview":"max-image-preview:large","max-video-preview":"max-video-preview:-1"},"canonical":"https:\/\/neodal.es\/ca\/producte\/quantum-2\/","og_locale":"ca_ES","og_type":"article","og_title":"IMPRESORA DE TARJETAS QUANTUM - neodal","og_description":"IMPRESORA DE TARJETAS PLASTICAS QUANTUMLa impresora Quantum es la soluci\u00f3n para imprimir y codificar tarjetas en grandes vol\u00famenes. Personaliza las tarjetas en el anverso y el reverso, en color o en blanco y negro, con una velocidad de impresi\u00f3n r\u00e9cord. Quantum combina la facilidad de una impresora de oficina con la potencia de una m\u00e1quina industrial y permite as\u00ed una producci\u00f3n centralizada de tarjetas de pl\u00e1stico en grandes lotes.","og_url":"https:\/\/neodal.es\/ca\/producte\/quantum-2\/","og_site_name":"neodal","og_image":[{"width":640,"height":480,"url":"https:\/\/neodal.es\/wp-content\/uploads\/2021\/04\/1843-IMPRESORA-DE-TARJETAS-QUANTUM.jpg","type":"image\/jpeg"}],"twitter_card":"summary_large_image","schema":{"@context":"https:\/\/schema.org","@graph":[{"@type":"WebPage","@id":"https:\/\/neodal.es\/ca\/producte\/quantum-2\/","url":"https:\/\/neodal.es\/ca\/producte\/quantum-2\/","name":"IMPRESORA DE TARJETAS QUANTUM - neodal","isPartOf":{"@id":"https:\/\/neodal.es\/ca\/#website"},"primaryImageOfPage":{"@id":"https:\/\/neodal.es\/ca\/producte\/quantum-2\/#primaryimage"},"image":{"@id":"https:\/\/neodal.es\/ca\/producte\/quantum-2\/#primaryimage"},"thumbnailUrl":"https:\/\/neodal.es\/wp-content\/uploads\/2021\/04\/1843-IMPRESORA-DE-TARJETAS-QUANTUM.jpg","datePublished":"2021-04-12T12:15:13+00:00","breadcrumb":{"@id":"https:\/\/neodal.es\/ca\/producte\/quantum-2\/#breadcrumb"},"inLanguage":"ca","potentialAction":[{"@type":"ReadAction","target":["https:\/\/neodal.es\/ca\/producte\/quantum-2\/"]}]},{"@type":"ImageObject","inLanguage":"ca","@id":"https:\/\/neodal.es\/ca\/producte\/quantum-2\/#primaryimage","url":"https:\/\/neodal.es\/wp-content\/uploads\/2021\/04\/1843-IMPRESORA-DE-TARJETAS-QUANTUM.jpg","contentUrl":"https:\/\/neodal.es\/wp-content\/uploads\/2021\/04\/1843-IMPRESORA-DE-TARJETAS-QUANTUM.jpg","width":640,"height":480,"caption":"IMPRESORA DE TARJETAS QUANTUM"},{"@type":"BreadcrumbList","@id":"https:\/\/neodal.es\/ca\/producte\/quantum-2\/#breadcrumb","itemListElement":[{"@type":"ListItem","position":1,"name":"Portada","item":"https:\/\/neodal.es\/ca\/home\/"},{"@type":"ListItem","position":2,"name":"Productes","item":"https:\/\/neodal.es\/ca\/productes\/"},{"@type":"ListItem","position":3,"name":"IMPRESORA DE TARJETAS QUANTUM"}]},{"@type":"WebSite","@id":"https:\/\/neodal.es\/ca\/#website","url":"https:\/\/neodal.es\/ca\/","name":"neodal","description":"","publisher":{"@id":"https:\/\/neodal.es\/ca\/#organization"},"potentialAction":[{"@type":"SearchAction","target":{"@type":"EntryPoint","urlTemplate":"https:\/\/neodal.es\/ca\/?s={search_term_string}"},"query-input":{"@type":"PropertyValueSpecification","valueRequired":true,"valueName":"search_term_string"}}],"inLanguage":"ca"},{"@type":"Organization","@id":"https:\/\/neodal.es\/ca\/#organization","name":"neodal","url":"https:\/\/neodal.es\/ca\/","logo":{"@type":"ImageObject","inLanguage":"ca","@id":"https:\/\/neodal.es\/ca\/#\/schema\/logo\/image\/","url":"https:\/\/neodal.es\/wp-content\/uploads\/2025\/12\/neodal-logo.jpeg","contentUrl":"https:\/\/neodal.es\/wp-content\/uploads\/2025\/12\/neodal-logo.jpeg","width":359,"height":87,"caption":"neodal"},"image":{"@id":"https:\/\/neodal.es\/ca\/#\/schema\/logo\/image\/"}}]}},"_links":{"self":[{"href":"https:\/\/neodal.es\/ca\/wp-json\/wp\/v2\/product\/6134","targetHints":{"allow":["GET"]}}],"collection":[{"href":"https:\/\/neodal.es\/ca\/wp-json\/wp\/v2\/product"}],"about":[{"href":"https:\/\/neodal.es\/ca\/wp-json\/wp\/v2\/types\/product"}],"replies":[{"embeddable":true,"href":"https:\/\/neodal.es\/ca\/wp-json\/wp\/v2\/comments?post=6134"}],"version-history":[{"count":0,"href":"https:\/\/neodal.es\/ca\/wp-json\/wp\/v2\/product\/6134\/revisions"}],"wp:featuredmedia":[{"embeddable":true,"href":"https:\/\/neodal.es\/ca\/wp-json\/wp\/v2\/media\/6130"}],"wp:attachment":[{"href":"https:\/\/neodal.es\/ca\/wp-json\/wp\/v2\/media?parent=6134"}],"wp:term":[{"taxonomy":"product_brand","embeddable":true,"href":"https:\/\/neodal.es\/ca\/wp-json\/wp\/v2\/product_brand?post=6134"},{"taxonomy":"product_cat","embeddable":true,"href":"https:\/\/neodal.es\/ca\/wp-json\/wp\/v2\/product_cat?post=6134"},{"taxonomy":"product_tag","embeddable":true,"href":"https:\/\/neodal.es\/ca\/wp-json\/wp\/v2\/product_tag?post=6134"}],"curies":[{"name":"wp","href":"https:\/\/api.w.org\/{rel}","templated":true}]}}