{"id":6316,"date":"2021-05-10T12:54:48","date_gmt":"2021-05-10T12:54:48","guid":{"rendered":"http:\/\/neodal.local\/product\/plegadora-grapadora-ubooklet-2\/"},"modified":"2021-05-10T12:54:48","modified_gmt":"2021-05-10T12:54:48","slug":"plegadora-grapadora-ubooklet-2","status":"publish","type":"product","link":"https:\/\/neodal.es\/ca\/producte\/plegadora-grapadora-ubooklet-2\/","title":{"rendered":"PLEGADORA GRAPADORA UBOOKLET"},"content":{"rendered":"<h3>PLEGADORA GRAPADORA UBOOKLET<\/h3>\n<p>\u00b7 Formatos de papel A3, A4, A5, B5, B4.<\/p>\n<p>\u00b7 Formato m\u00e1ximo de papel\u00a0330.2 x 468.0mm<\/p>\n<p>\u00b7 Capacidad de plegado y grapado de hasta 16 hojas<\/p>\n<p>\u00b7 Velocidad hasta 800 revistas hora.<\/p>\n<p>\u00b7 3 modos de uso:\u00a0Solo grapado\/ solo plegado\/ grapado y plegado.<\/p>\n<p>\u00b7 Modo de grapados: Lomo, lateral y esquina<\/p>\n<p>\u00b7 Contador de unidades<\/p>\n<p><iframe width=\"425\" height=\"350\" style=\"background-image: url('img\/object.gif');\" src=\"https:\/\/www.youtube.com\/embed\/gKJURSBgP_0\"><\/iframe><\/p>\n","protected":false},"excerpt":{"rendered":"<h2>PLEGADORA GRAPADORA UCHIDA UBOOKLET<\/h2>\n<p>Plegadora grapadora de oficina para la confecci\u00f3n de revistas, cat\u00e1logos, listas de precios, etc. F\u00e1cil de usar y con una capacidad de trabajo de hasta 800 revistar hora. Dos cabezales de grapado con medidas de plegado preestableciadas.<\/p>\n","protected":false},"featured_media":6312,"template":"","meta":{"_acf_changed":false},"product_brand":[],"product_cat":[1538],"product_tag":[],"class_list":{"0":"post-6316","1":"product","2":"type-product","3":"status-publish","4":"has-post-thumbnail","6":"product_cat-plegadores-grapadores-plockmatic","8":"first","9":"instock","10":"shipping-taxable","11":"product-type-simple"},"acf":[],"yoast_head":"<!-- This site is optimized with the Yoast SEO plugin v27.4 - https:\/\/yoast.com\/product\/yoast-seo-wordpress\/ -->\n<title>Plegadora grapadora uchida ubooklet. Neodal Importador oficial y SAT<\/title>\n<meta name=\"description\" content=\"Plegadora grapadora de oficina, con dos cabezales de grapado y una capacidad de hasta 16 hojas. Velocidad de hasta 800 revistas hora\" \/>\n<meta name=\"robots\" content=\"index, follow, max-snippet:-1, max-image-preview:large, max-video-preview:-1\" \/>\n<link rel=\"canonical\" href=\"https:\/\/neodal.es\/ca\/producte\/plegadora-grapadora-ubooklet-2\/\" \/>\n<meta property=\"og:locale\" content=\"ca_ES\" \/>\n<meta property=\"og:type\" content=\"article\" \/>\n<meta property=\"og:title\" content=\"Plegadora grapadora uchida ubooklet. Neodal Importador oficial y SAT\" \/>\n<meta property=\"og:description\" content=\"Plegadora grapadora de oficina, con dos cabezales de grapado y una capacidad de hasta 16 hojas. Velocidad de hasta 800 revistas hora\" \/>\n<meta property=\"og:url\" content=\"https:\/\/neodal.es\/ca\/producte\/plegadora-grapadora-ubooklet-2\/\" \/>\n<meta property=\"og:site_name\" content=\"neodal\" \/>\n<meta property=\"og:image\" content=\"https:\/\/neodal.es\/wp-content\/uploads\/2021\/05\/2033-PLEGADORA-GRAPADORA-UCHIDA-UBOOKLET.jpg\" \/>\n\t<meta property=\"og:image:width\" content=\"500\" \/>\n\t<meta property=\"og:image:height\" content=\"500\" \/>\n\t<meta property=\"og:image:type\" content=\"image\/jpeg\" \/>\n<meta name=\"twitter:card\" content=\"summary_large_image\" \/>\n<script type=\"application\/ld+json\" class=\"yoast-schema-graph\">{\"@context\":\"https:\\\/\\\/schema.org\",\"@graph\":[{\"@type\":\"WebPage\",\"@id\":\"https:\\\/\\\/neodal.es\\\/ca\\\/producte\\\/plegadora-grapadora-ubooklet-2\\\/\",\"url\":\"https:\\\/\\\/neodal.es\\\/ca\\\/producte\\\/plegadora-grapadora-ubooklet-2\\\/\",\"name\":\"Plegadora grapadora uchida ubooklet. Neodal Importador oficial y SAT\",\"isPartOf\":{\"@id\":\"https:\\\/\\\/neodal.es\\\/ca\\\/#website\"},\"primaryImageOfPage\":{\"@id\":\"https:\\\/\\\/neodal.es\\\/ca\\\/producte\\\/plegadora-grapadora-ubooklet-2\\\/#primaryimage\"},\"image\":{\"@id\":\"https:\\\/\\\/neodal.es\\\/ca\\\/producte\\\/plegadora-grapadora-ubooklet-2\\\/#primaryimage\"},\"thumbnailUrl\":\"https:\\\/\\\/neodal.es\\\/wp-content\\\/uploads\\\/2021\\\/05\\\/2033-PLEGADORA-GRAPADORA-UCHIDA-UBOOKLET.jpg\",\"datePublished\":\"2021-05-10T12:54:48+00:00\",\"description\":\"Plegadora grapadora de oficina, con dos cabezales de grapado y una capacidad de hasta 16 hojas. Velocidad de hasta 800 revistas hora\",\"breadcrumb\":{\"@id\":\"https:\\\/\\\/neodal.es\\\/ca\\\/producte\\\/plegadora-grapadora-ubooklet-2\\\/#breadcrumb\"},\"inLanguage\":\"ca\",\"potentialAction\":[{\"@type\":\"ReadAction\",\"target\":[\"https:\\\/\\\/neodal.es\\\/ca\\\/producte\\\/plegadora-grapadora-ubooklet-2\\\/\"]}]},{\"@type\":\"ImageObject\",\"inLanguage\":\"ca\",\"@id\":\"https:\\\/\\\/neodal.es\\\/ca\\\/producte\\\/plegadora-grapadora-ubooklet-2\\\/#primaryimage\",\"url\":\"https:\\\/\\\/neodal.es\\\/wp-content\\\/uploads\\\/2021\\\/05\\\/2033-PLEGADORA-GRAPADORA-UCHIDA-UBOOKLET.jpg\",\"contentUrl\":\"https:\\\/\\\/neodal.es\\\/wp-content\\\/uploads\\\/2021\\\/05\\\/2033-PLEGADORA-GRAPADORA-UCHIDA-UBOOKLET.jpg\",\"width\":500,\"height\":500,\"caption\":\"PLEGADORA GRAPADORA UCHIDA UBOOKLET\"},{\"@type\":\"BreadcrumbList\",\"@id\":\"https:\\\/\\\/neodal.es\\\/ca\\\/producte\\\/plegadora-grapadora-ubooklet-2\\\/#breadcrumb\",\"itemListElement\":[{\"@type\":\"ListItem\",\"position\":1,\"name\":\"Portada\",\"item\":\"https:\\\/\\\/neodal.es\\\/ca\\\/home\\\/\"},{\"@type\":\"ListItem\",\"position\":2,\"name\":\"Productes\",\"item\":\"https:\\\/\\\/neodal.es\\\/ca\\\/productes\\\/\"},{\"@type\":\"ListItem\",\"position\":3,\"name\":\"PLEGADORA GRAPADORA UBOOKLET\"}]},{\"@type\":\"WebSite\",\"@id\":\"https:\\\/\\\/neodal.es\\\/ca\\\/#website\",\"url\":\"https:\\\/\\\/neodal.es\\\/ca\\\/\",\"name\":\"neodal\",\"description\":\"\",\"potentialAction\":[{\"@type\":\"SearchAction\",\"target\":{\"@type\":\"EntryPoint\",\"urlTemplate\":\"https:\\\/\\\/neodal.es\\\/ca\\\/?s={search_term_string}\"},\"query-input\":{\"@type\":\"PropertyValueSpecification\",\"valueRequired\":true,\"valueName\":\"search_term_string\"}}],\"inLanguage\":\"ca\"}]}<\/script>\n<!-- \/ Yoast SEO plugin. -->","yoast_head_json":{"title":"Plegadora grapadora uchida ubooklet. Neodal Importador oficial y SAT","description":"Plegadora grapadora de oficina, con dos cabezales de grapado y una capacidad de hasta 16 hojas. Velocidad de hasta 800 revistas hora","robots":{"index":"index","follow":"follow","max-snippet":"max-snippet:-1","max-image-preview":"max-image-preview:large","max-video-preview":"max-video-preview:-1"},"canonical":"https:\/\/neodal.es\/ca\/producte\/plegadora-grapadora-ubooklet-2\/","og_locale":"ca_ES","og_type":"article","og_title":"Plegadora grapadora uchida ubooklet. Neodal Importador oficial y SAT","og_description":"Plegadora grapadora de oficina, con dos cabezales de grapado y una capacidad de hasta 16 hojas. Velocidad de hasta 800 revistas hora","og_url":"https:\/\/neodal.es\/ca\/producte\/plegadora-grapadora-ubooklet-2\/","og_site_name":"neodal","og_image":[{"width":500,"height":500,"url":"https:\/\/neodal.es\/wp-content\/uploads\/2021\/05\/2033-PLEGADORA-GRAPADORA-UCHIDA-UBOOKLET.jpg","type":"image\/jpeg"}],"twitter_card":"summary_large_image","schema":{"@context":"https:\/\/schema.org","@graph":[{"@type":"WebPage","@id":"https:\/\/neodal.es\/ca\/producte\/plegadora-grapadora-ubooklet-2\/","url":"https:\/\/neodal.es\/ca\/producte\/plegadora-grapadora-ubooklet-2\/","name":"Plegadora grapadora uchida ubooklet. Neodal Importador oficial y SAT","isPartOf":{"@id":"https:\/\/neodal.es\/ca\/#website"},"primaryImageOfPage":{"@id":"https:\/\/neodal.es\/ca\/producte\/plegadora-grapadora-ubooklet-2\/#primaryimage"},"image":{"@id":"https:\/\/neodal.es\/ca\/producte\/plegadora-grapadora-ubooklet-2\/#primaryimage"},"thumbnailUrl":"https:\/\/neodal.es\/wp-content\/uploads\/2021\/05\/2033-PLEGADORA-GRAPADORA-UCHIDA-UBOOKLET.jpg","datePublished":"2021-05-10T12:54:48+00:00","description":"Plegadora grapadora de oficina, con dos cabezales de grapado y una capacidad de hasta 16 hojas. Velocidad de hasta 800 revistas hora","breadcrumb":{"@id":"https:\/\/neodal.es\/ca\/producte\/plegadora-grapadora-ubooklet-2\/#breadcrumb"},"inLanguage":"ca","potentialAction":[{"@type":"ReadAction","target":["https:\/\/neodal.es\/ca\/producte\/plegadora-grapadora-ubooklet-2\/"]}]},{"@type":"ImageObject","inLanguage":"ca","@id":"https:\/\/neodal.es\/ca\/producte\/plegadora-grapadora-ubooklet-2\/#primaryimage","url":"https:\/\/neodal.es\/wp-content\/uploads\/2021\/05\/2033-PLEGADORA-GRAPADORA-UCHIDA-UBOOKLET.jpg","contentUrl":"https:\/\/neodal.es\/wp-content\/uploads\/2021\/05\/2033-PLEGADORA-GRAPADORA-UCHIDA-UBOOKLET.jpg","width":500,"height":500,"caption":"PLEGADORA GRAPADORA UCHIDA UBOOKLET"},{"@type":"BreadcrumbList","@id":"https:\/\/neodal.es\/ca\/producte\/plegadora-grapadora-ubooklet-2\/#breadcrumb","itemListElement":[{"@type":"ListItem","position":1,"name":"Portada","item":"https:\/\/neodal.es\/ca\/home\/"},{"@type":"ListItem","position":2,"name":"Productes","item":"https:\/\/neodal.es\/ca\/productes\/"},{"@type":"ListItem","position":3,"name":"PLEGADORA GRAPADORA UBOOKLET"}]},{"@type":"WebSite","@id":"https:\/\/neodal.es\/ca\/#website","url":"https:\/\/neodal.es\/ca\/","name":"neodal","description":"","potentialAction":[{"@type":"SearchAction","target":{"@type":"EntryPoint","urlTemplate":"https:\/\/neodal.es\/ca\/?s={search_term_string}"},"query-input":{"@type":"PropertyValueSpecification","valueRequired":true,"valueName":"search_term_string"}}],"inLanguage":"ca"}]}},"_links":{"self":[{"href":"https:\/\/neodal.es\/ca\/wp-json\/wp\/v2\/product\/6316","targetHints":{"allow":["GET"]}}],"collection":[{"href":"https:\/\/neodal.es\/ca\/wp-json\/wp\/v2\/product"}],"about":[{"href":"https:\/\/neodal.es\/ca\/wp-json\/wp\/v2\/types\/product"}],"version-history":[{"count":0,"href":"https:\/\/neodal.es\/ca\/wp-json\/wp\/v2\/product\/6316\/revisions"}],"wp:featuredmedia":[{"embeddable":true,"href":"https:\/\/neodal.es\/ca\/wp-json\/wp\/v2\/media\/6312"}],"wp:attachment":[{"href":"https:\/\/neodal.es\/ca\/wp-json\/wp\/v2\/media?parent=6316"}],"wp:term":[{"taxonomy":"product_brand","embeddable":true,"href":"https:\/\/neodal.es\/ca\/wp-json\/wp\/v2\/product_brand?post=6316"},{"taxonomy":"product_cat","embeddable":true,"href":"https:\/\/neodal.es\/ca\/wp-json\/wp\/v2\/product_cat?post=6316"},{"taxonomy":"product_tag","embeddable":true,"href":"https:\/\/neodal.es\/ca\/wp-json\/wp\/v2\/product_tag?post=6316"}],"curies":[{"name":"wp","href":"https:\/\/api.w.org\/{rel}","templated":true}]}}