{"id":6330,"date":"2021-05-14T08:42:57","date_gmt":"2021-05-14T08:42:57","guid":{"rendered":"http:\/\/neodal.local\/product\/plegadora-de-aire-uchida-aerofold-2\/"},"modified":"2021-05-14T08:42:57","modified_gmt":"2021-05-14T08:42:57","slug":"plegadora-de-aire-uchida-aerofold-2","status":"publish","type":"product","link":"https:\/\/neodal.es\/ca\/producte\/plegadora-de-aire-uchida-aerofold-2\/","title":{"rendered":"PLEGADORA DE AIRE AEROFOLD PLUS"},"content":{"rendered":"<h3>CARACTER\u00cdSTICAS PLEGADORA UCHIDA AEROFOLD<\/h3>\n<p>\u00b7 Plegadora autom\u00e1tica de sobremesa<\/p>\n<p>\u00b7 Alimentaci\u00f3n por aire \/ succi\u00f3n<\/p>\n<p>\u00b7 Gramaje m\u00e1ximo: Plegado tr\u00edptico 160gr. y Plegado en d\u00edptico 230gr.<\/p>\n<p>\u00b7 Gramaje m\u00ednimo 53gr.<\/p>\n<p>\u00b7 Velocidad 18.000\/hora<\/p>\n<p>\u00b7 Contador digital de 4 d\u00edgitos<\/p>\n<p>\u00b7 30 memorias de trabajo<\/p>\n<p>\u00b7 Contador progresivo y pre-selecci\u00f3n del n\u00famero de plegados &#8220;Batch Counter&#8221;<\/p>\n<p>\u00b7 Regulador autom\u00e1tico de 5 velocidades<\/p>\n<p>\u00b7 Capacidad m\u00e1xima de carga de papel de 800 hojas (80gr.)<\/p>\n<p>\u00b7 Tipos de plegado: Simple, Tr\u00edptico, ZigZag y Doble paralelo<\/p>\n<p>\u00b7 Detector de doble documento<\/p>\n<p>\u00b7 Detector de atasco de papel<\/p>\n<p>\u00b7 Salida de papel con ajuste autom\u00e1tico de velocidad y longitud de 340mm.<\/p>\n<p>\u00b7 Tama\u00f1o m\u00e1ximo de papel: 330x488mm.<\/p>\n<p>\u00b7 Tama\u00f1o m\u00ednimo de papel: 120x210mm.<\/p>\n<p>\u00b7 Peso 70Kg.<\/p>\n<p>\u00b7 Dimensiones: 1.300x600x590mm<\/p>\n<p style=\"font-size: 11px; font-weight: 400;\">\n","protected":false},"excerpt":{"rendered":"<h2>PLEGADORA DE AIRE\u00a0<\/h2>\n<p>La <strong>Plegadora de aire UCHIDA Aerofold<\/strong>\u00a0le ayudar\u00e1 a llevar a cabo el plegado de sus folletos, circulares\u2026 de forma r\u00e1pida y efectiva. Una Plegadora para formato m\u00e1ximo SRA3 robusta, con memorias de trabajo a un precio excelente, f\u00e1cil de usar en centros de reprograf\u00eda, impresi\u00f3n digital u oficinas con alto volumen de trabajo.<\/p>\n","protected":false},"featured_media":6327,"template":"","meta":{"_acf_changed":false},"product_brand":[],"product_cat":[1510,1440],"product_tag":[],"class_list":{"0":"post-6330","1":"product","2":"type-product","3":"status-publish","4":"has-post-thumbnail","6":"product_cat-plegadoras-de-papel-aire","7":"product_cat-plegadoras","9":"first","10":"instock","11":"shipping-taxable","12":"product-type-simple"},"acf":[],"yoast_head":"<!-- This site is optimized with the Yoast SEO plugin v27.4 - https:\/\/yoast.com\/product\/yoast-seo-wordpress\/ -->\n<title>Plegadora de papel por succi\u00f3n Uchida Aerofold - Neodal Import y SAT<\/title>\n<meta name=\"description\" content=\"Plegadora Uchida Aerofold. Plegadora de papel SRA3 por aire para plegado de sus folletos, tr\u00edpticos, cartas\u2026 Servicio T\u00e9cnico. \u00a1solicite precio!\" \/>\n<meta name=\"robots\" content=\"index, follow, max-snippet:-1, max-image-preview:large, max-video-preview:-1\" \/>\n<link rel=\"canonical\" href=\"https:\/\/neodal.es\/ca\/producte\/plegadora-de-aire-uchida-aerofold-2\/\" \/>\n<meta property=\"og:locale\" content=\"ca_ES\" \/>\n<meta property=\"og:type\" content=\"article\" \/>\n<meta property=\"og:title\" content=\"Plegadora de papel por succi\u00f3n Uchida Aerofold - Neodal Import y SAT\" \/>\n<meta property=\"og:description\" content=\"Plegadora Uchida Aerofold. Plegadora de papel SRA3 por aire para plegado de sus folletos, tr\u00edpticos, cartas\u2026 Servicio T\u00e9cnico. \u00a1solicite precio!\" \/>\n<meta property=\"og:url\" content=\"https:\/\/neodal.es\/ca\/producte\/plegadora-de-aire-uchida-aerofold-2\/\" \/>\n<meta property=\"og:site_name\" content=\"neodal\" \/>\n<meta property=\"og:image\" content=\"https:\/\/neodal.es\/wp-content\/uploads\/2021\/05\/2268-PLEGADORA-DE-AIRE-AEROFOLD-PLUS.jpg\" \/>\n\t<meta property=\"og:image:width\" content=\"500\" \/>\n\t<meta property=\"og:image:height\" content=\"500\" \/>\n\t<meta property=\"og:image:type\" content=\"image\/jpeg\" \/>\n<meta name=\"twitter:card\" content=\"summary_large_image\" \/>\n<meta name=\"twitter:label1\" content=\"Temps estimat de lectura\" \/>\n\t<meta name=\"twitter:data1\" content=\"1 minut\" \/>\n<script type=\"application\/ld+json\" class=\"yoast-schema-graph\">{\"@context\":\"https:\\\/\\\/schema.org\",\"@graph\":[{\"@type\":\"WebPage\",\"@id\":\"https:\\\/\\\/neodal.es\\\/ca\\\/producte\\\/plegadora-de-aire-uchida-aerofold-2\\\/\",\"url\":\"https:\\\/\\\/neodal.es\\\/ca\\\/producte\\\/plegadora-de-aire-uchida-aerofold-2\\\/\",\"name\":\"Plegadora de papel por succi\u00f3n Uchida Aerofold - Neodal Import y SAT\",\"isPartOf\":{\"@id\":\"https:\\\/\\\/neodal.es\\\/ca\\\/#website\"},\"primaryImageOfPage\":{\"@id\":\"https:\\\/\\\/neodal.es\\\/ca\\\/producte\\\/plegadora-de-aire-uchida-aerofold-2\\\/#primaryimage\"},\"image\":{\"@id\":\"https:\\\/\\\/neodal.es\\\/ca\\\/producte\\\/plegadora-de-aire-uchida-aerofold-2\\\/#primaryimage\"},\"thumbnailUrl\":\"https:\\\/\\\/neodal.es\\\/wp-content\\\/uploads\\\/2021\\\/05\\\/2268-PLEGADORA-DE-AIRE-AEROFOLD-PLUS.jpg\",\"datePublished\":\"2021-05-14T08:42:57+00:00\",\"description\":\"Plegadora Uchida Aerofold. Plegadora de papel SRA3 por aire para plegado de sus folletos, tr\u00edpticos, cartas\u2026 Servicio T\u00e9cnico. \u00a1solicite precio!\",\"breadcrumb\":{\"@id\":\"https:\\\/\\\/neodal.es\\\/ca\\\/producte\\\/plegadora-de-aire-uchida-aerofold-2\\\/#breadcrumb\"},\"inLanguage\":\"ca\",\"potentialAction\":[{\"@type\":\"ReadAction\",\"target\":[\"https:\\\/\\\/neodal.es\\\/ca\\\/producte\\\/plegadora-de-aire-uchida-aerofold-2\\\/\"]}]},{\"@type\":\"ImageObject\",\"inLanguage\":\"ca\",\"@id\":\"https:\\\/\\\/neodal.es\\\/ca\\\/producte\\\/plegadora-de-aire-uchida-aerofold-2\\\/#primaryimage\",\"url\":\"https:\\\/\\\/neodal.es\\\/wp-content\\\/uploads\\\/2021\\\/05\\\/2268-PLEGADORA-DE-AIRE-AEROFOLD-PLUS.jpg\",\"contentUrl\":\"https:\\\/\\\/neodal.es\\\/wp-content\\\/uploads\\\/2021\\\/05\\\/2268-PLEGADORA-DE-AIRE-AEROFOLD-PLUS.jpg\",\"width\":500,\"height\":500,\"caption\":\"PLEGADORA DE AIRE AEROFOLD PLUS\"},{\"@type\":\"BreadcrumbList\",\"@id\":\"https:\\\/\\\/neodal.es\\\/ca\\\/producte\\\/plegadora-de-aire-uchida-aerofold-2\\\/#breadcrumb\",\"itemListElement\":[{\"@type\":\"ListItem\",\"position\":1,\"name\":\"Portada\",\"item\":\"https:\\\/\\\/neodal.es\\\/ca\\\/home\\\/\"},{\"@type\":\"ListItem\",\"position\":2,\"name\":\"Productes\",\"item\":\"https:\\\/\\\/neodal.es\\\/ca\\\/productes\\\/\"},{\"@type\":\"ListItem\",\"position\":3,\"name\":\"PLEGADORA DE AIRE AEROFOLD PLUS\"}]},{\"@type\":\"WebSite\",\"@id\":\"https:\\\/\\\/neodal.es\\\/ca\\\/#website\",\"url\":\"https:\\\/\\\/neodal.es\\\/ca\\\/\",\"name\":\"neodal\",\"description\":\"\",\"potentialAction\":[{\"@type\":\"SearchAction\",\"target\":{\"@type\":\"EntryPoint\",\"urlTemplate\":\"https:\\\/\\\/neodal.es\\\/ca\\\/?s={search_term_string}\"},\"query-input\":{\"@type\":\"PropertyValueSpecification\",\"valueRequired\":true,\"valueName\":\"search_term_string\"}}],\"inLanguage\":\"ca\"}]}<\/script>\n<!-- \/ Yoast SEO plugin. -->","yoast_head_json":{"title":"Plegadora de papel por succi\u00f3n Uchida Aerofold - Neodal Import y SAT","description":"Plegadora Uchida Aerofold. Plegadora de papel SRA3 por aire para plegado de sus folletos, tr\u00edpticos, cartas\u2026 Servicio T\u00e9cnico. \u00a1solicite precio!","robots":{"index":"index","follow":"follow","max-snippet":"max-snippet:-1","max-image-preview":"max-image-preview:large","max-video-preview":"max-video-preview:-1"},"canonical":"https:\/\/neodal.es\/ca\/producte\/plegadora-de-aire-uchida-aerofold-2\/","og_locale":"ca_ES","og_type":"article","og_title":"Plegadora de papel por succi\u00f3n Uchida Aerofold - Neodal Import y SAT","og_description":"Plegadora Uchida Aerofold. Plegadora de papel SRA3 por aire para plegado de sus folletos, tr\u00edpticos, cartas\u2026 Servicio T\u00e9cnico. \u00a1solicite precio!","og_url":"https:\/\/neodal.es\/ca\/producte\/plegadora-de-aire-uchida-aerofold-2\/","og_site_name":"neodal","og_image":[{"width":500,"height":500,"url":"https:\/\/neodal.es\/wp-content\/uploads\/2021\/05\/2268-PLEGADORA-DE-AIRE-AEROFOLD-PLUS.jpg","type":"image\/jpeg"}],"twitter_card":"summary_large_image","twitter_misc":{"Temps estimat de lectura":"1 minut"},"schema":{"@context":"https:\/\/schema.org","@graph":[{"@type":"WebPage","@id":"https:\/\/neodal.es\/ca\/producte\/plegadora-de-aire-uchida-aerofold-2\/","url":"https:\/\/neodal.es\/ca\/producte\/plegadora-de-aire-uchida-aerofold-2\/","name":"Plegadora de papel por succi\u00f3n Uchida Aerofold - Neodal Import y SAT","isPartOf":{"@id":"https:\/\/neodal.es\/ca\/#website"},"primaryImageOfPage":{"@id":"https:\/\/neodal.es\/ca\/producte\/plegadora-de-aire-uchida-aerofold-2\/#primaryimage"},"image":{"@id":"https:\/\/neodal.es\/ca\/producte\/plegadora-de-aire-uchida-aerofold-2\/#primaryimage"},"thumbnailUrl":"https:\/\/neodal.es\/wp-content\/uploads\/2021\/05\/2268-PLEGADORA-DE-AIRE-AEROFOLD-PLUS.jpg","datePublished":"2021-05-14T08:42:57+00:00","description":"Plegadora Uchida Aerofold. Plegadora de papel SRA3 por aire para plegado de sus folletos, tr\u00edpticos, cartas\u2026 Servicio T\u00e9cnico. \u00a1solicite precio!","breadcrumb":{"@id":"https:\/\/neodal.es\/ca\/producte\/plegadora-de-aire-uchida-aerofold-2\/#breadcrumb"},"inLanguage":"ca","potentialAction":[{"@type":"ReadAction","target":["https:\/\/neodal.es\/ca\/producte\/plegadora-de-aire-uchida-aerofold-2\/"]}]},{"@type":"ImageObject","inLanguage":"ca","@id":"https:\/\/neodal.es\/ca\/producte\/plegadora-de-aire-uchida-aerofold-2\/#primaryimage","url":"https:\/\/neodal.es\/wp-content\/uploads\/2021\/05\/2268-PLEGADORA-DE-AIRE-AEROFOLD-PLUS.jpg","contentUrl":"https:\/\/neodal.es\/wp-content\/uploads\/2021\/05\/2268-PLEGADORA-DE-AIRE-AEROFOLD-PLUS.jpg","width":500,"height":500,"caption":"PLEGADORA DE AIRE AEROFOLD PLUS"},{"@type":"BreadcrumbList","@id":"https:\/\/neodal.es\/ca\/producte\/plegadora-de-aire-uchida-aerofold-2\/#breadcrumb","itemListElement":[{"@type":"ListItem","position":1,"name":"Portada","item":"https:\/\/neodal.es\/ca\/home\/"},{"@type":"ListItem","position":2,"name":"Productes","item":"https:\/\/neodal.es\/ca\/productes\/"},{"@type":"ListItem","position":3,"name":"PLEGADORA DE AIRE AEROFOLD PLUS"}]},{"@type":"WebSite","@id":"https:\/\/neodal.es\/ca\/#website","url":"https:\/\/neodal.es\/ca\/","name":"neodal","description":"","potentialAction":[{"@type":"SearchAction","target":{"@type":"EntryPoint","urlTemplate":"https:\/\/neodal.es\/ca\/?s={search_term_string}"},"query-input":{"@type":"PropertyValueSpecification","valueRequired":true,"valueName":"search_term_string"}}],"inLanguage":"ca"}]}},"_links":{"self":[{"href":"https:\/\/neodal.es\/ca\/wp-json\/wp\/v2\/product\/6330","targetHints":{"allow":["GET"]}}],"collection":[{"href":"https:\/\/neodal.es\/ca\/wp-json\/wp\/v2\/product"}],"about":[{"href":"https:\/\/neodal.es\/ca\/wp-json\/wp\/v2\/types\/product"}],"version-history":[{"count":0,"href":"https:\/\/neodal.es\/ca\/wp-json\/wp\/v2\/product\/6330\/revisions"}],"wp:featuredmedia":[{"embeddable":true,"href":"https:\/\/neodal.es\/ca\/wp-json\/wp\/v2\/media\/6327"}],"wp:attachment":[{"href":"https:\/\/neodal.es\/ca\/wp-json\/wp\/v2\/media?parent=6330"}],"wp:term":[{"taxonomy":"product_brand","embeddable":true,"href":"https:\/\/neodal.es\/ca\/wp-json\/wp\/v2\/product_brand?post=6330"},{"taxonomy":"product_cat","embeddable":true,"href":"https:\/\/neodal.es\/ca\/wp-json\/wp\/v2\/product_cat?post=6330"},{"taxonomy":"product_tag","embeddable":true,"href":"https:\/\/neodal.es\/ca\/wp-json\/wp\/v2\/product_tag?post=6330"}],"curies":[{"name":"wp","href":"https:\/\/api.w.org\/{rel}","templated":true}]}}