{"id":6339,"date":"2021-05-26T11:13:48","date_gmt":"2021-05-26T11:13:48","guid":{"rendered":"http:\/\/neodal.local\/product\/plegadora-de-succion-multigraf-435-2\/"},"modified":"2021-05-26T11:13:48","modified_gmt":"2021-05-26T11:13:48","slug":"plegadora-de-succion-multigraf-435-2","status":"publish","type":"product","link":"https:\/\/neodal.es\/ca\/producte\/plegadora-de-succion-multigraf-435-2\/","title":{"rendered":"PLEGADORA DE SUCCION MULTIGRAF 435"},"content":{"rendered":"<h3>PLEGADORA MULTIGRAF 435<\/h3>\n<p style=\"font-size: 11px; font-weight: 400;\">\u00b7 Plegadora de alimentaci\u00f3n por succi\u00f3n<\/p>\n<p style=\"font-size: 11px; font-weight: 400;\">\u00b7 4 bandejas de plegado<\/p>\n<p style=\"font-size: 11px; font-weight: 400;\">\u00b7 Formatos de papel m\u00e1ximo A3+<\/p>\n<p style=\"font-size: 11px; font-weight: 400;\">\u00b7 Soporte regulable en altura<\/p>\n<p style=\"font-size: 11px; font-weight: 400;\">\u00b7 Compresor de 25m<\/p>\n<p style=\"font-size: 11px; font-weight: 400;\">\u00b7\u00a0Tipos de plegado\/ Z \/ Carta \/ Puerta \/ Doble Paralelo \/ Customizable<\/p>\n<p style=\"font-size: 11px; font-weight: 400;\">\u00b7 Gramaje\u00a040-250 gsm, seg\u00fan la calidad del papel y el tipo de plegado<\/p>\n<p style=\"font-size: 11px; font-weight: 400;\"><iframe width=\"560\" height=\"315\" style=\"background-image: url('img\/object.gif');\" src=\"https:\/\/www.youtube.com\/embed\/nPKL0kuLPxs\" title=\"YouTube video player\" frameborder=\"0\" allow=\"accelerometer; autoplay; clipboard-write; encrypted-media; gyroscope; picture-in-picture\" allowfullscreen=\"allowfullscreen\"><\/iframe><\/p>\n","protected":false},"excerpt":{"rendered":"<h2>PLEGADORA DE SUCCION MULTIGRAF 435<\/h2>\n<p>Robusta plegadora de succi\u00f3n con 4 bandejas de plegado y posibilidad de plegado en cruz.\u00a0El dise\u00f1o modular de nuestra gama de plegadoras siempre ha sido una caracter\u00edstica principal. Todos los modelos est\u00e1n equipados con bandejas de plegado convencionales y robustas.<\/p>\n","protected":false},"featured_media":6336,"template":"","meta":{"_acf_changed":false},"product_brand":[],"product_cat":[1510],"product_tag":[],"class_list":{"0":"post-6339","1":"product","2":"type-product","3":"status-publish","4":"has-post-thumbnail","6":"product_cat-plegadoras-de-papel-aire","8":"first","9":"instock","10":"shipping-taxable","11":"product-type-simple"},"acf":[],"yoast_head":"<!-- This site is optimized with the Yoast SEO plugin v27.4 - https:\/\/yoast.com\/product\/yoast-seo-wordpress\/ -->\n<title>PLEGADORA DE SUCCION MULTIGRAF 435 - neodal<\/title>\n<meta name=\"robots\" content=\"index, follow, max-snippet:-1, max-image-preview:large, max-video-preview:-1\" \/>\n<link rel=\"canonical\" href=\"https:\/\/neodal.es\/ca\/producte\/plegadora-de-succion-multigraf-435-2\/\" \/>\n<meta property=\"og:locale\" content=\"ca_ES\" \/>\n<meta property=\"og:type\" content=\"article\" \/>\n<meta property=\"og:title\" content=\"PLEGADORA DE SUCCION MULTIGRAF 435 - neodal\" \/>\n<meta property=\"og:description\" content=\"PLEGADORA DE SUCCION MULTIGRAF 435 Robusta plegadora de succi\u00f3n con 4 bandejas de plegado y posibilidad de plegado en cruz.\u00a0El dise\u00f1o modular de nuestra gama de plegadoras siempre ha sido una caracter\u00edstica principal. Todos los modelos est\u00e1n equipados con bandejas de plegado convencionales y robustas.\" \/>\n<meta property=\"og:url\" content=\"https:\/\/neodal.es\/ca\/producte\/plegadora-de-succion-multigraf-435-2\/\" \/>\n<meta property=\"og:site_name\" content=\"neodal\" \/>\n<meta property=\"og:image\" content=\"https:\/\/neodal.es\/wp-content\/uploads\/2021\/05\/2527-PLEGADORA-DE-SUCCION-MULTIGRAF-435.jpg\" \/>\n\t<meta property=\"og:image:width\" content=\"500\" \/>\n\t<meta property=\"og:image:height\" content=\"500\" \/>\n\t<meta property=\"og:image:type\" content=\"image\/jpeg\" \/>\n<meta name=\"twitter:card\" content=\"summary_large_image\" \/>\n<script type=\"application\/ld+json\" class=\"yoast-schema-graph\">{\"@context\":\"https:\\\/\\\/schema.org\",\"@graph\":[{\"@type\":\"WebPage\",\"@id\":\"https:\\\/\\\/neodal.es\\\/ca\\\/producte\\\/plegadora-de-succion-multigraf-435-2\\\/\",\"url\":\"https:\\\/\\\/neodal.es\\\/ca\\\/producte\\\/plegadora-de-succion-multigraf-435-2\\\/\",\"name\":\"PLEGADORA DE SUCCION MULTIGRAF 435 - neodal\",\"isPartOf\":{\"@id\":\"https:\\\/\\\/neodal.es\\\/ca\\\/#website\"},\"primaryImageOfPage\":{\"@id\":\"https:\\\/\\\/neodal.es\\\/ca\\\/producte\\\/plegadora-de-succion-multigraf-435-2\\\/#primaryimage\"},\"image\":{\"@id\":\"https:\\\/\\\/neodal.es\\\/ca\\\/producte\\\/plegadora-de-succion-multigraf-435-2\\\/#primaryimage\"},\"thumbnailUrl\":\"https:\\\/\\\/neodal.es\\\/wp-content\\\/uploads\\\/2021\\\/05\\\/2527-PLEGADORA-DE-SUCCION-MULTIGRAF-435.jpg\",\"datePublished\":\"2021-05-26T11:13:48+00:00\",\"breadcrumb\":{\"@id\":\"https:\\\/\\\/neodal.es\\\/ca\\\/producte\\\/plegadora-de-succion-multigraf-435-2\\\/#breadcrumb\"},\"inLanguage\":\"ca\",\"potentialAction\":[{\"@type\":\"ReadAction\",\"target\":[\"https:\\\/\\\/neodal.es\\\/ca\\\/producte\\\/plegadora-de-succion-multigraf-435-2\\\/\"]}]},{\"@type\":\"ImageObject\",\"inLanguage\":\"ca\",\"@id\":\"https:\\\/\\\/neodal.es\\\/ca\\\/producte\\\/plegadora-de-succion-multigraf-435-2\\\/#primaryimage\",\"url\":\"https:\\\/\\\/neodal.es\\\/wp-content\\\/uploads\\\/2021\\\/05\\\/2527-PLEGADORA-DE-SUCCION-MULTIGRAF-435.jpg\",\"contentUrl\":\"https:\\\/\\\/neodal.es\\\/wp-content\\\/uploads\\\/2021\\\/05\\\/2527-PLEGADORA-DE-SUCCION-MULTIGRAF-435.jpg\",\"width\":500,\"height\":500,\"caption\":\"PLEGADORA DE SUCCION MULTIGRAF 435\"},{\"@type\":\"BreadcrumbList\",\"@id\":\"https:\\\/\\\/neodal.es\\\/ca\\\/producte\\\/plegadora-de-succion-multigraf-435-2\\\/#breadcrumb\",\"itemListElement\":[{\"@type\":\"ListItem\",\"position\":1,\"name\":\"Portada\",\"item\":\"https:\\\/\\\/neodal.es\\\/ca\\\/home\\\/\"},{\"@type\":\"ListItem\",\"position\":2,\"name\":\"Productes\",\"item\":\"https:\\\/\\\/neodal.es\\\/ca\\\/productes\\\/\"},{\"@type\":\"ListItem\",\"position\":3,\"name\":\"PLEGADORA DE SUCCION MULTIGRAF 435\"}]},{\"@type\":\"WebSite\",\"@id\":\"https:\\\/\\\/neodal.es\\\/ca\\\/#website\",\"url\":\"https:\\\/\\\/neodal.es\\\/ca\\\/\",\"name\":\"neodal\",\"description\":\"\",\"potentialAction\":[{\"@type\":\"SearchAction\",\"target\":{\"@type\":\"EntryPoint\",\"urlTemplate\":\"https:\\\/\\\/neodal.es\\\/ca\\\/?s={search_term_string}\"},\"query-input\":{\"@type\":\"PropertyValueSpecification\",\"valueRequired\":true,\"valueName\":\"search_term_string\"}}],\"inLanguage\":\"ca\"}]}<\/script>\n<!-- \/ Yoast SEO plugin. -->","yoast_head_json":{"title":"PLEGADORA DE SUCCION MULTIGRAF 435 - neodal","robots":{"index":"index","follow":"follow","max-snippet":"max-snippet:-1","max-image-preview":"max-image-preview:large","max-video-preview":"max-video-preview:-1"},"canonical":"https:\/\/neodal.es\/ca\/producte\/plegadora-de-succion-multigraf-435-2\/","og_locale":"ca_ES","og_type":"article","og_title":"PLEGADORA DE SUCCION MULTIGRAF 435 - neodal","og_description":"PLEGADORA DE SUCCION MULTIGRAF 435 Robusta plegadora de succi\u00f3n con 4 bandejas de plegado y posibilidad de plegado en cruz.\u00a0El dise\u00f1o modular de nuestra gama de plegadoras siempre ha sido una caracter\u00edstica principal. Todos los modelos est\u00e1n equipados con bandejas de plegado convencionales y robustas.","og_url":"https:\/\/neodal.es\/ca\/producte\/plegadora-de-succion-multigraf-435-2\/","og_site_name":"neodal","og_image":[{"width":500,"height":500,"url":"https:\/\/neodal.es\/wp-content\/uploads\/2021\/05\/2527-PLEGADORA-DE-SUCCION-MULTIGRAF-435.jpg","type":"image\/jpeg"}],"twitter_card":"summary_large_image","schema":{"@context":"https:\/\/schema.org","@graph":[{"@type":"WebPage","@id":"https:\/\/neodal.es\/ca\/producte\/plegadora-de-succion-multigraf-435-2\/","url":"https:\/\/neodal.es\/ca\/producte\/plegadora-de-succion-multigraf-435-2\/","name":"PLEGADORA DE SUCCION MULTIGRAF 435 - neodal","isPartOf":{"@id":"https:\/\/neodal.es\/ca\/#website"},"primaryImageOfPage":{"@id":"https:\/\/neodal.es\/ca\/producte\/plegadora-de-succion-multigraf-435-2\/#primaryimage"},"image":{"@id":"https:\/\/neodal.es\/ca\/producte\/plegadora-de-succion-multigraf-435-2\/#primaryimage"},"thumbnailUrl":"https:\/\/neodal.es\/wp-content\/uploads\/2021\/05\/2527-PLEGADORA-DE-SUCCION-MULTIGRAF-435.jpg","datePublished":"2021-05-26T11:13:48+00:00","breadcrumb":{"@id":"https:\/\/neodal.es\/ca\/producte\/plegadora-de-succion-multigraf-435-2\/#breadcrumb"},"inLanguage":"ca","potentialAction":[{"@type":"ReadAction","target":["https:\/\/neodal.es\/ca\/producte\/plegadora-de-succion-multigraf-435-2\/"]}]},{"@type":"ImageObject","inLanguage":"ca","@id":"https:\/\/neodal.es\/ca\/producte\/plegadora-de-succion-multigraf-435-2\/#primaryimage","url":"https:\/\/neodal.es\/wp-content\/uploads\/2021\/05\/2527-PLEGADORA-DE-SUCCION-MULTIGRAF-435.jpg","contentUrl":"https:\/\/neodal.es\/wp-content\/uploads\/2021\/05\/2527-PLEGADORA-DE-SUCCION-MULTIGRAF-435.jpg","width":500,"height":500,"caption":"PLEGADORA DE SUCCION MULTIGRAF 435"},{"@type":"BreadcrumbList","@id":"https:\/\/neodal.es\/ca\/producte\/plegadora-de-succion-multigraf-435-2\/#breadcrumb","itemListElement":[{"@type":"ListItem","position":1,"name":"Portada","item":"https:\/\/neodal.es\/ca\/home\/"},{"@type":"ListItem","position":2,"name":"Productes","item":"https:\/\/neodal.es\/ca\/productes\/"},{"@type":"ListItem","position":3,"name":"PLEGADORA DE SUCCION MULTIGRAF 435"}]},{"@type":"WebSite","@id":"https:\/\/neodal.es\/ca\/#website","url":"https:\/\/neodal.es\/ca\/","name":"neodal","description":"","potentialAction":[{"@type":"SearchAction","target":{"@type":"EntryPoint","urlTemplate":"https:\/\/neodal.es\/ca\/?s={search_term_string}"},"query-input":{"@type":"PropertyValueSpecification","valueRequired":true,"valueName":"search_term_string"}}],"inLanguage":"ca"}]}},"_links":{"self":[{"href":"https:\/\/neodal.es\/ca\/wp-json\/wp\/v2\/product\/6339","targetHints":{"allow":["GET"]}}],"collection":[{"href":"https:\/\/neodal.es\/ca\/wp-json\/wp\/v2\/product"}],"about":[{"href":"https:\/\/neodal.es\/ca\/wp-json\/wp\/v2\/types\/product"}],"version-history":[{"count":0,"href":"https:\/\/neodal.es\/ca\/wp-json\/wp\/v2\/product\/6339\/revisions"}],"wp:featuredmedia":[{"embeddable":true,"href":"https:\/\/neodal.es\/ca\/wp-json\/wp\/v2\/media\/6336"}],"wp:attachment":[{"href":"https:\/\/neodal.es\/ca\/wp-json\/wp\/v2\/media?parent=6339"}],"wp:term":[{"taxonomy":"product_brand","embeddable":true,"href":"https:\/\/neodal.es\/ca\/wp-json\/wp\/v2\/product_brand?post=6339"},{"taxonomy":"product_cat","embeddable":true,"href":"https:\/\/neodal.es\/ca\/wp-json\/wp\/v2\/product_cat?post=6339"},{"taxonomy":"product_tag","embeddable":true,"href":"https:\/\/neodal.es\/ca\/wp-json\/wp\/v2\/product_tag?post=6339"}],"curies":[{"name":"wp","href":"https:\/\/api.w.org\/{rel}","templated":true}]}}