{"id":6362,"date":"2021-07-27T13:08:45","date_gmt":"2021-07-27T13:08:45","guid":{"rendered":"http:\/\/neodal.local\/product\/hendidora-microperforadora-plegadora-mc-35as-mkf-2\/"},"modified":"2021-07-27T13:08:45","modified_gmt":"2021-07-27T13:08:45","slug":"hendidora-microperforadora-plegadora-mc-35as-mkf-2","status":"publish","type":"product","link":"https:\/\/neodal.es\/ca\/producte\/hendidora-microperforadora-plegadora-mc-35as-mkf-2\/","title":{"rendered":"HENDIDORA MICROPERFORADORA PLEGADORA MC-35AS MKF"},"content":{"rendered":"<p>CARACTER\u00cdSTICAS:<\/p>\n<p>\u00b7 Pantalla y control de pantalla t\u00e1ctil a color.<\/p>\n<p>\u00b7 Alimentador de pila profundo de 100 mm.<\/p>\n<p>\u00b7 Entrega inteligente automatizada.<\/p>\n<p>\u00b7 Herramientas de pliegue \/ perforaci\u00f3n deslizables y f\u00e1cilmente intercambiables.<\/p>\n<p>\u00a0Cambio de trabajo de alta velocidad con 64 programas.<\/p>\n<p>\u00b7 Crea hasta 32 hendidos \/ perforaciones en un pase.<\/p>\n<p>\u00b7 Detector ultras\u00f3nico de doble alimentaci\u00f3n.<\/p>\n<p>\u00b7 Ajuste la posici\u00f3n con m\u00e1xima precisi\u00f3n.<\/p>\n<p>\u00b7 Micro ajuste del peine de hendido.<\/p>\n<p>\u00b7 Alta capacidad de trabajo.<\/p>\n<p>\u00b7 Para uso en copister\u00edas, centros de impresi\u00f3n y artes gr\u00e1ficas.<\/p>\n<p>\u00b7 Adecuadas para tapas de libro, manuales, calendarios, men\u00fas, tickets&#8230;<\/p>\n","protected":false},"excerpt":{"rendered":"<h2>HENDIDORA MICROPERFORADORA Y PLEGADORA MC-35 AS MKF<\/h2>\n<p>La Hendidora microperforadora y plegadora de alimentaci\u00f3n por succi\u00f3n MAGNUM MC35AS MKF le ayudar\u00e1 a llevar a cabo el hedido de papel, men\u00fas, postales, calendarios, folletos, cubiertas de libros. Una Hendidora &#038; Perforadora de excelente precio, alimentaci\u00f3n autom\u00e1tica por aire, r\u00e1pida, robusta y gran calidad para uso en de centros de reprograf\u00eda, artes gr\u00e1ficas<\/p>\n","protected":false},"featured_media":6358,"template":"","meta":{"_acf_changed":false},"product_brand":[],"product_cat":[1432],"product_tag":[],"class_list":{"0":"post-6362","1":"product","2":"type-product","3":"status-publish","4":"has-post-thumbnail","6":"product_cat-fendidores-microperforadores","8":"first","9":"instock","10":"shipping-taxable","11":"product-type-simple"},"acf":[],"yoast_head":"<!-- This site is optimized with the Yoast SEO plugin v27.4 - https:\/\/yoast.com\/product\/yoast-seo-wordpress\/ -->\n<title>HENDIDORA MICROPERFORADORA PLEGADORA MC-35AS MKF - neodal<\/title>\n<meta name=\"robots\" content=\"index, follow, max-snippet:-1, max-image-preview:large, max-video-preview:-1\" \/>\n<link rel=\"canonical\" href=\"https:\/\/neodal.es\/ca\/producte\/hendidora-microperforadora-plegadora-mc-35as-mkf-2\/\" \/>\n<meta property=\"og:locale\" content=\"ca_ES\" \/>\n<meta property=\"og:type\" content=\"article\" \/>\n<meta property=\"og:title\" content=\"HENDIDORA MICROPERFORADORA PLEGADORA MC-35AS MKF - neodal\" \/>\n<meta property=\"og:description\" content=\"HENDIDORA MICROPERFORADORA Y PLEGADORA MC-35 AS MKF La Hendidora microperforadora y plegadora de alimentaci\u00f3n por succi\u00f3n MAGNUM MC35AS MKF le ayudar\u00e1 a llevar a cabo el hedido de papel, men\u00fas, postales, calendarios, folletos, cubiertas de libros. Una Hendidora &amp; Perforadora de excelente precio, alimentaci\u00f3n autom\u00e1tica por aire, r\u00e1pida, robusta y gran calidad para uso en de centros de reprograf\u00eda, artes gr\u00e1ficas\" \/>\n<meta property=\"og:url\" content=\"https:\/\/neodal.es\/ca\/producte\/hendidora-microperforadora-plegadora-mc-35as-mkf-2\/\" \/>\n<meta property=\"og:site_name\" content=\"neodal\" \/>\n<meta property=\"og:image\" content=\"https:\/\/neodal.es\/wp-content\/uploads\/2021\/07\/2490-HENDIDORA-MICROPERFORADORA-PLEGADORA-MC-35AS-MKF.jpg\" \/>\n\t<meta property=\"og:image:width\" content=\"500\" \/>\n\t<meta property=\"og:image:height\" content=\"500\" \/>\n\t<meta property=\"og:image:type\" content=\"image\/jpeg\" \/>\n<meta name=\"twitter:card\" content=\"summary_large_image\" \/>\n<script type=\"application\/ld+json\" class=\"yoast-schema-graph\">{\"@context\":\"https:\\\/\\\/schema.org\",\"@graph\":[{\"@type\":\"WebPage\",\"@id\":\"https:\\\/\\\/neodal.es\\\/ca\\\/producte\\\/hendidora-microperforadora-plegadora-mc-35as-mkf-2\\\/\",\"url\":\"https:\\\/\\\/neodal.es\\\/ca\\\/producte\\\/hendidora-microperforadora-plegadora-mc-35as-mkf-2\\\/\",\"name\":\"HENDIDORA MICROPERFORADORA PLEGADORA MC-35AS MKF - neodal\",\"isPartOf\":{\"@id\":\"https:\\\/\\\/neodal.es\\\/ca\\\/#website\"},\"primaryImageOfPage\":{\"@id\":\"https:\\\/\\\/neodal.es\\\/ca\\\/producte\\\/hendidora-microperforadora-plegadora-mc-35as-mkf-2\\\/#primaryimage\"},\"image\":{\"@id\":\"https:\\\/\\\/neodal.es\\\/ca\\\/producte\\\/hendidora-microperforadora-plegadora-mc-35as-mkf-2\\\/#primaryimage\"},\"thumbnailUrl\":\"https:\\\/\\\/neodal.es\\\/wp-content\\\/uploads\\\/2021\\\/07\\\/2490-HENDIDORA-MICROPERFORADORA-PLEGADORA-MC-35AS-MKF.jpg\",\"datePublished\":\"2021-07-27T13:08:45+00:00\",\"breadcrumb\":{\"@id\":\"https:\\\/\\\/neodal.es\\\/ca\\\/producte\\\/hendidora-microperforadora-plegadora-mc-35as-mkf-2\\\/#breadcrumb\"},\"inLanguage\":\"ca\",\"potentialAction\":[{\"@type\":\"ReadAction\",\"target\":[\"https:\\\/\\\/neodal.es\\\/ca\\\/producte\\\/hendidora-microperforadora-plegadora-mc-35as-mkf-2\\\/\"]}]},{\"@type\":\"ImageObject\",\"inLanguage\":\"ca\",\"@id\":\"https:\\\/\\\/neodal.es\\\/ca\\\/producte\\\/hendidora-microperforadora-plegadora-mc-35as-mkf-2\\\/#primaryimage\",\"url\":\"https:\\\/\\\/neodal.es\\\/wp-content\\\/uploads\\\/2021\\\/07\\\/2490-HENDIDORA-MICROPERFORADORA-PLEGADORA-MC-35AS-MKF.jpg\",\"contentUrl\":\"https:\\\/\\\/neodal.es\\\/wp-content\\\/uploads\\\/2021\\\/07\\\/2490-HENDIDORA-MICROPERFORADORA-PLEGADORA-MC-35AS-MKF.jpg\",\"width\":500,\"height\":500,\"caption\":\"HENDIDORA MICROPERFORADORA PLEGADORA MC-35AS MKF\"},{\"@type\":\"BreadcrumbList\",\"@id\":\"https:\\\/\\\/neodal.es\\\/ca\\\/producte\\\/hendidora-microperforadora-plegadora-mc-35as-mkf-2\\\/#breadcrumb\",\"itemListElement\":[{\"@type\":\"ListItem\",\"position\":1,\"name\":\"Portada\",\"item\":\"https:\\\/\\\/neodal.es\\\/ca\\\/home\\\/\"},{\"@type\":\"ListItem\",\"position\":2,\"name\":\"Productes\",\"item\":\"https:\\\/\\\/neodal.es\\\/ca\\\/productes\\\/\"},{\"@type\":\"ListItem\",\"position\":3,\"name\":\"HENDIDORA MICROPERFORADORA PLEGADORA MC-35AS MKF\"}]},{\"@type\":\"WebSite\",\"@id\":\"https:\\\/\\\/neodal.es\\\/ca\\\/#website\",\"url\":\"https:\\\/\\\/neodal.es\\\/ca\\\/\",\"name\":\"neodal\",\"description\":\"\",\"potentialAction\":[{\"@type\":\"SearchAction\",\"target\":{\"@type\":\"EntryPoint\",\"urlTemplate\":\"https:\\\/\\\/neodal.es\\\/ca\\\/?s={search_term_string}\"},\"query-input\":{\"@type\":\"PropertyValueSpecification\",\"valueRequired\":true,\"valueName\":\"search_term_string\"}}],\"inLanguage\":\"ca\"}]}<\/script>\n<!-- \/ Yoast SEO plugin. -->","yoast_head_json":{"title":"HENDIDORA MICROPERFORADORA PLEGADORA MC-35AS MKF - neodal","robots":{"index":"index","follow":"follow","max-snippet":"max-snippet:-1","max-image-preview":"max-image-preview:large","max-video-preview":"max-video-preview:-1"},"canonical":"https:\/\/neodal.es\/ca\/producte\/hendidora-microperforadora-plegadora-mc-35as-mkf-2\/","og_locale":"ca_ES","og_type":"article","og_title":"HENDIDORA MICROPERFORADORA PLEGADORA MC-35AS MKF - neodal","og_description":"HENDIDORA MICROPERFORADORA Y PLEGADORA MC-35 AS MKF La Hendidora microperforadora y plegadora de alimentaci\u00f3n por succi\u00f3n MAGNUM MC35AS MKF le ayudar\u00e1 a llevar a cabo el hedido de papel, men\u00fas, postales, calendarios, folletos, cubiertas de libros. Una Hendidora & Perforadora de excelente precio, alimentaci\u00f3n autom\u00e1tica por aire, r\u00e1pida, robusta y gran calidad para uso en de centros de reprograf\u00eda, artes gr\u00e1ficas","og_url":"https:\/\/neodal.es\/ca\/producte\/hendidora-microperforadora-plegadora-mc-35as-mkf-2\/","og_site_name":"neodal","og_image":[{"width":500,"height":500,"url":"https:\/\/neodal.es\/wp-content\/uploads\/2021\/07\/2490-HENDIDORA-MICROPERFORADORA-PLEGADORA-MC-35AS-MKF.jpg","type":"image\/jpeg"}],"twitter_card":"summary_large_image","schema":{"@context":"https:\/\/schema.org","@graph":[{"@type":"WebPage","@id":"https:\/\/neodal.es\/ca\/producte\/hendidora-microperforadora-plegadora-mc-35as-mkf-2\/","url":"https:\/\/neodal.es\/ca\/producte\/hendidora-microperforadora-plegadora-mc-35as-mkf-2\/","name":"HENDIDORA MICROPERFORADORA PLEGADORA MC-35AS MKF - neodal","isPartOf":{"@id":"https:\/\/neodal.es\/ca\/#website"},"primaryImageOfPage":{"@id":"https:\/\/neodal.es\/ca\/producte\/hendidora-microperforadora-plegadora-mc-35as-mkf-2\/#primaryimage"},"image":{"@id":"https:\/\/neodal.es\/ca\/producte\/hendidora-microperforadora-plegadora-mc-35as-mkf-2\/#primaryimage"},"thumbnailUrl":"https:\/\/neodal.es\/wp-content\/uploads\/2021\/07\/2490-HENDIDORA-MICROPERFORADORA-PLEGADORA-MC-35AS-MKF.jpg","datePublished":"2021-07-27T13:08:45+00:00","breadcrumb":{"@id":"https:\/\/neodal.es\/ca\/producte\/hendidora-microperforadora-plegadora-mc-35as-mkf-2\/#breadcrumb"},"inLanguage":"ca","potentialAction":[{"@type":"ReadAction","target":["https:\/\/neodal.es\/ca\/producte\/hendidora-microperforadora-plegadora-mc-35as-mkf-2\/"]}]},{"@type":"ImageObject","inLanguage":"ca","@id":"https:\/\/neodal.es\/ca\/producte\/hendidora-microperforadora-plegadora-mc-35as-mkf-2\/#primaryimage","url":"https:\/\/neodal.es\/wp-content\/uploads\/2021\/07\/2490-HENDIDORA-MICROPERFORADORA-PLEGADORA-MC-35AS-MKF.jpg","contentUrl":"https:\/\/neodal.es\/wp-content\/uploads\/2021\/07\/2490-HENDIDORA-MICROPERFORADORA-PLEGADORA-MC-35AS-MKF.jpg","width":500,"height":500,"caption":"HENDIDORA MICROPERFORADORA PLEGADORA MC-35AS MKF"},{"@type":"BreadcrumbList","@id":"https:\/\/neodal.es\/ca\/producte\/hendidora-microperforadora-plegadora-mc-35as-mkf-2\/#breadcrumb","itemListElement":[{"@type":"ListItem","position":1,"name":"Portada","item":"https:\/\/neodal.es\/ca\/home\/"},{"@type":"ListItem","position":2,"name":"Productes","item":"https:\/\/neodal.es\/ca\/productes\/"},{"@type":"ListItem","position":3,"name":"HENDIDORA MICROPERFORADORA PLEGADORA MC-35AS MKF"}]},{"@type":"WebSite","@id":"https:\/\/neodal.es\/ca\/#website","url":"https:\/\/neodal.es\/ca\/","name":"neodal","description":"","potentialAction":[{"@type":"SearchAction","target":{"@type":"EntryPoint","urlTemplate":"https:\/\/neodal.es\/ca\/?s={search_term_string}"},"query-input":{"@type":"PropertyValueSpecification","valueRequired":true,"valueName":"search_term_string"}}],"inLanguage":"ca"}]}},"_links":{"self":[{"href":"https:\/\/neodal.es\/ca\/wp-json\/wp\/v2\/product\/6362","targetHints":{"allow":["GET"]}}],"collection":[{"href":"https:\/\/neodal.es\/ca\/wp-json\/wp\/v2\/product"}],"about":[{"href":"https:\/\/neodal.es\/ca\/wp-json\/wp\/v2\/types\/product"}],"version-history":[{"count":0,"href":"https:\/\/neodal.es\/ca\/wp-json\/wp\/v2\/product\/6362\/revisions"}],"wp:featuredmedia":[{"embeddable":true,"href":"https:\/\/neodal.es\/ca\/wp-json\/wp\/v2\/media\/6358"}],"wp:attachment":[{"href":"https:\/\/neodal.es\/ca\/wp-json\/wp\/v2\/media?parent=6362"}],"wp:term":[{"taxonomy":"product_brand","embeddable":true,"href":"https:\/\/neodal.es\/ca\/wp-json\/wp\/v2\/product_brand?post=6362"},{"taxonomy":"product_cat","embeddable":true,"href":"https:\/\/neodal.es\/ca\/wp-json\/wp\/v2\/product_cat?post=6362"},{"taxonomy":"product_tag","embeddable":true,"href":"https:\/\/neodal.es\/ca\/wp-json\/wp\/v2\/product_tag?post=6362"}],"curies":[{"name":"wp","href":"https:\/\/api.w.org\/{rel}","templated":true}]}}