{"id":6380,"date":"2021-10-21T11:13:52","date_gmt":"2021-10-21T11:13:52","guid":{"rendered":"http:\/\/neodal.local\/product\/destructora-intimus-1699-2\/"},"modified":"2021-10-21T11:13:52","modified_gmt":"2021-10-21T11:13:52","slug":"destructora-intimus-1699-2","status":"publish","type":"product","link":"https:\/\/neodal.es\/ca\/producte\/destructora-intimus-1699-2\/","title":{"rendered":"DESTRUCTORA INTIMUS 16.99"},"content":{"rendered":"<h3>DESTRUCTORA INTIMUS 16.99<\/h3>\n<p>\u00b7 Destructora industrial de alta capacidad.<\/p>\n<p>\u00b7 <strong>Cinta transportadora de alimentaci\u00f3n<\/strong><\/p>\n<p>\u00b7\u00a0<strong>Incorpora prensa de balas<\/strong><\/p>\n<p>\u00b7 Cinta de transporte para uso intensivo y mayor productividad.\u00a0<\/p>\n<p>\u00b7 Volumen del\u00a0<strong>recipiente 450 litros.<\/strong><\/p>\n<p>\u00b7 Disponible en corte cruzado \u201cCC\u201d.<\/p>\n<p>\u00b7 Niveles de seguridad P2 (10 x 70 mm) P3 (6 x 50 mm)<\/p>\n<p>\u00b7 Capacidad de destrucci\u00f3n\u00a0<strong>hasta 450 hojas<\/strong>.<\/p>\n<p>\u00b7 Panel de control t\u00e1ctil claro e intuitivo \u201cEASY RUN\u201d<strong>.<\/strong><\/p>\n<p>\u00b7\u00a0<strong>Barra de parado de emergencia<\/strong><\/p>\n<p>\u00b7 Auto Start \u2013 Stop \u2013 Restart.<\/p>\n<p>\u00b7 Control de retroceso autom\u00e1tico en caso de sobrecarga de papel.<\/p>\n<p>\u00b7 Ancho de entrada de 500 mm para cargar de forma c\u00f3moda y segura \u201ci-PROTEC\u201d.<\/p>\n<p>\u00b7 Destruye carpetas A-Z, CD\u00b4s, papel arrugado, tarjetas de cr\u00e9dito\u2026<\/p>\n<p>\u00b7 Gran contenedor m\u00f3vil situado debajo del mecanismo de corte.<\/p>\n<p>\u00b7 Indicador de dep\u00f3sito lleno con paro autom\u00e1tico.<\/p>\n<p>\u00b7 Bajo nivel de ruido 61 Db<strong>.<\/strong><\/p>\n<p>\u00b7 Velocidad de destrucci\u00f3n 0,24 Mt.\/Sg.<\/p>\n<p>\u00b7 Garant\u00eda cuchillas de corte: 5 a\u00f1os (3 a\u00f1os corte cruzado \u201cCC\u201d)<\/p>\n<p>\u00b7 Dimensiones: 2.830x1200x1550 (WxDxH)<\/p>\n<p>\u00b7 Peso: 1.256 Kg.<\/p>\n","protected":false},"excerpt":{"rendered":"<h2 class=\"MsoNormal\">DESTRUCTORA DE PAPEL CON PRENSA DE BALAS<o:p><\/o:p><\/h2>\n<p>Las\u00a0<strong>destructoras de alto rendimiento INTIMUS<\/strong>\u00a0son esenciales para desechar los medios que ya no se utilizan con la m\u00e1xima privacidad. La bandeja de entrada permite cargar el material sin esfuerzo. El material destruido se recoge en contenedores m\u00f3viles de gran formato. Los combos destructora-prensa se acoplan para compactar el material destruido en fardos.<\/p>\n","protected":false},"featured_media":8667,"comment_status":"open","ping_status":"closed","template":"","meta":{"_acf_changed":false},"product_brand":[],"product_cat":[1562,1422],"product_tag":[],"class_list":{"0":"post-6380","1":"product","2":"type-product","3":"status-publish","4":"has-post-thumbnail","6":"product_cat-destructoras-amb-prensa-de-balas","7":"product_cat-destructoras-de-paper","9":"first","10":"instock","11":"shipping-taxable","12":"product-type-simple"},"acf":[],"yoast_head":"<!-- This site is optimized with the Yoast SEO plugin v27.0 - https:\/\/yoast.com\/product\/yoast-seo-wordpress\/ -->\n<title>Destructora INTIMUS 16.99<\/title>\n<meta name=\"description\" content=\"Destructora de documentos INTIMUS 16.99. Potente destructora con cinta de alimentaci\u00f3n y prensa. Dise\u00f1o innovador. Servicio T\u00e9cnico. \u00a1Precio imbatible!\" \/>\n<meta name=\"robots\" content=\"index, follow, max-snippet:-1, max-image-preview:large, max-video-preview:-1\" \/>\n<link rel=\"canonical\" href=\"https:\/\/neodal.es\/ca\/producte\/destructora-intimus-1699-2\/\" \/>\n<meta property=\"og:locale\" content=\"ca_ES\" \/>\n<meta property=\"og:type\" content=\"article\" \/>\n<meta property=\"og:title\" content=\"Destructora INTIMUS 16.99\" \/>\n<meta property=\"og:description\" content=\"Destructora de documentos INTIMUS 16.99. Potente destructora con cinta de alimentaci\u00f3n y prensa. Dise\u00f1o innovador. Servicio T\u00e9cnico. \u00a1Precio imbatible!\" \/>\n<meta property=\"og:url\" content=\"https:\/\/neodal.es\/ca\/producte\/destructora-intimus-1699-2\/\" \/>\n<meta property=\"og:site_name\" content=\"neodal\" \/>\n<meta property=\"og:image\" content=\"https:\/\/neodal.es\/wp-content\/uploads\/2021\/10\/2085-INTIMUS-16.99.jpg\" \/>\n\t<meta property=\"og:image:width\" content=\"500\" \/>\n\t<meta property=\"og:image:height\" content=\"500\" \/>\n\t<meta property=\"og:image:type\" content=\"image\/jpeg\" \/>\n<meta name=\"twitter:card\" content=\"summary_large_image\" \/>\n<meta name=\"twitter:label1\" content=\"Temps estimat de lectura\" \/>\n\t<meta name=\"twitter:data1\" content=\"1 minut\" \/>\n<script type=\"application\/ld+json\" class=\"yoast-schema-graph\">{\"@context\":\"https:\/\/schema.org\",\"@graph\":[{\"@type\":\"WebPage\",\"@id\":\"https:\/\/neodal.es\/ca\/producte\/destructora-intimus-1699-2\/\",\"url\":\"https:\/\/neodal.es\/ca\/producte\/destructora-intimus-1699-2\/\",\"name\":\"Destructora INTIMUS 16.99\",\"isPartOf\":{\"@id\":\"https:\/\/neodal.es\/ca\/#website\"},\"primaryImageOfPage\":{\"@id\":\"https:\/\/neodal.es\/ca\/producte\/destructora-intimus-1699-2\/#primaryimage\"},\"image\":{\"@id\":\"https:\/\/neodal.es\/ca\/producte\/destructora-intimus-1699-2\/#primaryimage\"},\"thumbnailUrl\":\"https:\/\/neodal.es\/wp-content\/uploads\/2021\/10\/intimus-16-99-with-baler-45-right-with-operator-conveyor-belt-scaled.webp\",\"datePublished\":\"2021-10-21T11:13:52+00:00\",\"description\":\"Destructora de documentos INTIMUS 16.99. Potente destructora con cinta de alimentaci\u00f3n y prensa. Dise\u00f1o innovador. Servicio T\u00e9cnico. \u00a1Precio imbatible!\",\"breadcrumb\":{\"@id\":\"https:\/\/neodal.es\/ca\/producte\/destructora-intimus-1699-2\/#breadcrumb\"},\"inLanguage\":\"ca\",\"potentialAction\":[{\"@type\":\"ReadAction\",\"target\":[\"https:\/\/neodal.es\/ca\/producte\/destructora-intimus-1699-2\/\"]}]},{\"@type\":\"ImageObject\",\"inLanguage\":\"ca\",\"@id\":\"https:\/\/neodal.es\/ca\/producte\/destructora-intimus-1699-2\/#primaryimage\",\"url\":\"https:\/\/neodal.es\/wp-content\/uploads\/2021\/10\/intimus-16-99-with-baler-45-right-with-operator-conveyor-belt-scaled.webp\",\"contentUrl\":\"https:\/\/neodal.es\/wp-content\/uploads\/2021\/10\/intimus-16-99-with-baler-45-right-with-operator-conveyor-belt-scaled.webp\",\"width\":2560,\"height\":2560},{\"@type\":\"BreadcrumbList\",\"@id\":\"https:\/\/neodal.es\/ca\/producte\/destructora-intimus-1699-2\/#breadcrumb\",\"itemListElement\":[{\"@type\":\"ListItem\",\"position\":1,\"name\":\"Portada\",\"item\":\"https:\/\/neodal.es\/ca\/home\/\"},{\"@type\":\"ListItem\",\"position\":2,\"name\":\"Productes\",\"item\":\"https:\/\/neodal.es\/ca\/productes\/\"},{\"@type\":\"ListItem\",\"position\":3,\"name\":\"DESTRUCTORA INTIMUS 16.99\"}]},{\"@type\":\"WebSite\",\"@id\":\"https:\/\/neodal.es\/ca\/#website\",\"url\":\"https:\/\/neodal.es\/ca\/\",\"name\":\"neodal\",\"description\":\"\",\"publisher\":{\"@id\":\"https:\/\/neodal.es\/ca\/#organization\"},\"potentialAction\":[{\"@type\":\"SearchAction\",\"target\":{\"@type\":\"EntryPoint\",\"urlTemplate\":\"https:\/\/neodal.es\/ca\/?s={search_term_string}\"},\"query-input\":{\"@type\":\"PropertyValueSpecification\",\"valueRequired\":true,\"valueName\":\"search_term_string\"}}],\"inLanguage\":\"ca\"},{\"@type\":\"Organization\",\"@id\":\"https:\/\/neodal.es\/ca\/#organization\",\"name\":\"neodal\",\"url\":\"https:\/\/neodal.es\/ca\/\",\"logo\":{\"@type\":\"ImageObject\",\"inLanguage\":\"ca\",\"@id\":\"https:\/\/neodal.es\/ca\/#\/schema\/logo\/image\/\",\"url\":\"https:\/\/neodal.es\/wp-content\/uploads\/2025\/12\/neodal-logo.jpeg\",\"contentUrl\":\"https:\/\/neodal.es\/wp-content\/uploads\/2025\/12\/neodal-logo.jpeg\",\"width\":359,\"height\":87,\"caption\":\"neodal\"},\"image\":{\"@id\":\"https:\/\/neodal.es\/ca\/#\/schema\/logo\/image\/\"}}]}<\/script>\n<!-- \/ Yoast SEO plugin. -->","yoast_head_json":{"title":"Destructora INTIMUS 16.99","description":"Destructora de documentos INTIMUS 16.99. Potente destructora con cinta de alimentaci\u00f3n y prensa. Dise\u00f1o innovador. Servicio T\u00e9cnico. \u00a1Precio imbatible!","robots":{"index":"index","follow":"follow","max-snippet":"max-snippet:-1","max-image-preview":"max-image-preview:large","max-video-preview":"max-video-preview:-1"},"canonical":"https:\/\/neodal.es\/ca\/producte\/destructora-intimus-1699-2\/","og_locale":"ca_ES","og_type":"article","og_title":"Destructora INTIMUS 16.99","og_description":"Destructora de documentos INTIMUS 16.99. Potente destructora con cinta de alimentaci\u00f3n y prensa. Dise\u00f1o innovador. Servicio T\u00e9cnico. \u00a1Precio imbatible!","og_url":"https:\/\/neodal.es\/ca\/producte\/destructora-intimus-1699-2\/","og_site_name":"neodal","og_image":[{"width":500,"height":500,"url":"https:\/\/neodal.es\/wp-content\/uploads\/2021\/10\/2085-INTIMUS-16.99.jpg","type":"image\/jpeg"}],"twitter_card":"summary_large_image","twitter_misc":{"Temps estimat de lectura":"1 minut"},"schema":{"@context":"https:\/\/schema.org","@graph":[{"@type":"WebPage","@id":"https:\/\/neodal.es\/ca\/producte\/destructora-intimus-1699-2\/","url":"https:\/\/neodal.es\/ca\/producte\/destructora-intimus-1699-2\/","name":"Destructora INTIMUS 16.99","isPartOf":{"@id":"https:\/\/neodal.es\/ca\/#website"},"primaryImageOfPage":{"@id":"https:\/\/neodal.es\/ca\/producte\/destructora-intimus-1699-2\/#primaryimage"},"image":{"@id":"https:\/\/neodal.es\/ca\/producte\/destructora-intimus-1699-2\/#primaryimage"},"thumbnailUrl":"https:\/\/neodal.es\/wp-content\/uploads\/2021\/10\/intimus-16-99-with-baler-45-right-with-operator-conveyor-belt-scaled.webp","datePublished":"2021-10-21T11:13:52+00:00","description":"Destructora de documentos INTIMUS 16.99. Potente destructora con cinta de alimentaci\u00f3n y prensa. Dise\u00f1o innovador. Servicio T\u00e9cnico. \u00a1Precio imbatible!","breadcrumb":{"@id":"https:\/\/neodal.es\/ca\/producte\/destructora-intimus-1699-2\/#breadcrumb"},"inLanguage":"ca","potentialAction":[{"@type":"ReadAction","target":["https:\/\/neodal.es\/ca\/producte\/destructora-intimus-1699-2\/"]}]},{"@type":"ImageObject","inLanguage":"ca","@id":"https:\/\/neodal.es\/ca\/producte\/destructora-intimus-1699-2\/#primaryimage","url":"https:\/\/neodal.es\/wp-content\/uploads\/2021\/10\/intimus-16-99-with-baler-45-right-with-operator-conveyor-belt-scaled.webp","contentUrl":"https:\/\/neodal.es\/wp-content\/uploads\/2021\/10\/intimus-16-99-with-baler-45-right-with-operator-conveyor-belt-scaled.webp","width":2560,"height":2560},{"@type":"BreadcrumbList","@id":"https:\/\/neodal.es\/ca\/producte\/destructora-intimus-1699-2\/#breadcrumb","itemListElement":[{"@type":"ListItem","position":1,"name":"Portada","item":"https:\/\/neodal.es\/ca\/home\/"},{"@type":"ListItem","position":2,"name":"Productes","item":"https:\/\/neodal.es\/ca\/productes\/"},{"@type":"ListItem","position":3,"name":"DESTRUCTORA INTIMUS 16.99"}]},{"@type":"WebSite","@id":"https:\/\/neodal.es\/ca\/#website","url":"https:\/\/neodal.es\/ca\/","name":"neodal","description":"","publisher":{"@id":"https:\/\/neodal.es\/ca\/#organization"},"potentialAction":[{"@type":"SearchAction","target":{"@type":"EntryPoint","urlTemplate":"https:\/\/neodal.es\/ca\/?s={search_term_string}"},"query-input":{"@type":"PropertyValueSpecification","valueRequired":true,"valueName":"search_term_string"}}],"inLanguage":"ca"},{"@type":"Organization","@id":"https:\/\/neodal.es\/ca\/#organization","name":"neodal","url":"https:\/\/neodal.es\/ca\/","logo":{"@type":"ImageObject","inLanguage":"ca","@id":"https:\/\/neodal.es\/ca\/#\/schema\/logo\/image\/","url":"https:\/\/neodal.es\/wp-content\/uploads\/2025\/12\/neodal-logo.jpeg","contentUrl":"https:\/\/neodal.es\/wp-content\/uploads\/2025\/12\/neodal-logo.jpeg","width":359,"height":87,"caption":"neodal"},"image":{"@id":"https:\/\/neodal.es\/ca\/#\/schema\/logo\/image\/"}}]}},"_links":{"self":[{"href":"https:\/\/neodal.es\/ca\/wp-json\/wp\/v2\/product\/6380","targetHints":{"allow":["GET"]}}],"collection":[{"href":"https:\/\/neodal.es\/ca\/wp-json\/wp\/v2\/product"}],"about":[{"href":"https:\/\/neodal.es\/ca\/wp-json\/wp\/v2\/types\/product"}],"replies":[{"embeddable":true,"href":"https:\/\/neodal.es\/ca\/wp-json\/wp\/v2\/comments?post=6380"}],"version-history":[{"count":0,"href":"https:\/\/neodal.es\/ca\/wp-json\/wp\/v2\/product\/6380\/revisions"}],"wp:featuredmedia":[{"embeddable":true,"href":"https:\/\/neodal.es\/ca\/wp-json\/wp\/v2\/media\/8667"}],"wp:attachment":[{"href":"https:\/\/neodal.es\/ca\/wp-json\/wp\/v2\/media?parent=6380"}],"wp:term":[{"taxonomy":"product_brand","embeddable":true,"href":"https:\/\/neodal.es\/ca\/wp-json\/wp\/v2\/product_brand?post=6380"},{"taxonomy":"product_cat","embeddable":true,"href":"https:\/\/neodal.es\/ca\/wp-json\/wp\/v2\/product_cat?post=6380"},{"taxonomy":"product_tag","embeddable":true,"href":"https:\/\/neodal.es\/ca\/wp-json\/wp\/v2\/product_tag?post=6380"}],"curies":[{"name":"wp","href":"https:\/\/api.w.org\/{rel}","templated":true}]}}