{"id":6400,"date":"2021-10-22T09:07:22","date_gmt":"2021-10-22T09:07:22","guid":{"rendered":"http:\/\/neodal.local\/product\/desmagnetizador-intimus-8000s-degausser-2\/"},"modified":"2021-10-22T09:07:22","modified_gmt":"2021-10-22T09:07:22","slug":"desmagnetizador-intimus-8000s-degausser-2","status":"publish","type":"product","link":"https:\/\/neodal.es\/ca\/producte\/desmagnetizador-intimus-8000s-degausser-2\/","title":{"rendered":"DESMAGNETIZADOR INTIMUS 8000S DEGAUSSER"},"content":{"rendered":"<h3>DESMAGNETIZADORA INTIMUS 8000S DEGAUSSER<\/h3>\n<p>\u00b7 Catalogada por la OTAN y certifi cada por NSM.<\/p>\n<p>\u00b7 Campo magn\u00e9tico: 10,000+ Gauss, 1 Tesla<\/p>\n<p>\u00b7 Tecnolog\u00eda de pulso de paso simple.<\/p>\n<p>\u00b7 Verificaci\u00f3n interna del campo magn\u00e9tico.<\/p>\n<p>\u00b7 Protegida de infl uencias magn\u00e9ticas externas<\/p>\n<p>\u00b7 Tama\u00f1o del \u00e1rea de eliminaci\u00f3n: 31,8 x 108 x 148,6 mm<\/p>\n<p>\u00b7 Dimensiones: 15,1 x 45 x 33,7 cm<\/p>\n<p>\u00b7 Peso: 35,9 kg.<\/p>\n","protected":false},"excerpt":{"rendered":"<h2>DESTRUCTORA DE MEDIOS \u00d3PTICOS<\/h2>\n<p>Con <strong>desmagnetizadora intimus 8000S Degausser<\/strong> los medios de almacenaje son irradiados con un potente campo magn\u00e9tico que supera su resistencia magn\u00e9tica, la coercitividad del disco duro. Las pulsaciones cortas e intensas borran para siempre los datos del disco duro. El desmagnetizado se caracteriza sobre todo por la sencillez del proceso y por las escasas exigencias de espacio, lo cual permite tambi\u00e9n su empleo en el \u00e1mbito de la oficina. Catalogada por la OTAN y certificada por NSM.<\/p>\n","protected":false},"featured_media":6396,"template":"","meta":{"_acf_changed":false},"product_brand":[],"product_cat":[1570],"product_tag":[],"class_list":{"0":"post-6400","1":"product","2":"type-product","3":"status-publish","4":"has-post-thumbnail","6":"product_cat-destructoras-de-medios-opticos-it-ca","8":"first","9":"instock","10":"shipping-taxable","11":"product-type-simple"},"acf":[],"yoast_head":"<!-- This site is optimized with the Yoast SEO plugin v27.4 - https:\/\/yoast.com\/product\/yoast-seo-wordpress\/ -->\n<title>Desmagnetitzadora de medis \u00f2ptics Intimus 8000S Degausser | Neodal.<\/title>\n<meta name=\"description\" content=\"Desmagnetitzadora Intimus de discs durs, USB, flash i HDD potent i lleugera. Inutilitza mitjan\u00e7ant camp magn\u00e8tic qualsevol sistema d&#039;emmagatzematge de dades.\" \/>\n<meta name=\"robots\" content=\"index, follow, max-snippet:-1, max-image-preview:large, max-video-preview:-1\" \/>\n<link rel=\"canonical\" href=\"https:\/\/neodal.es\/ca\/producte\/desmagnetizador-intimus-8000s-degausser-2\/\" \/>\n<meta property=\"og:locale\" content=\"ca_ES\" \/>\n<meta property=\"og:type\" content=\"article\" \/>\n<meta property=\"og:title\" content=\"Desmagnetitzadora de medis \u00f2ptics Intimus 8000S Degausser | Neodal.\" \/>\n<meta property=\"og:description\" content=\"Desmagnetitzadora Intimus de discs durs, USB, flash i HDD potent i lleugera. Inutilitza mitjan\u00e7ant camp magn\u00e8tic qualsevol sistema d&#039;emmagatzematge de dades.\" \/>\n<meta property=\"og:url\" content=\"https:\/\/neodal.es\/ca\/producte\/desmagnetizador-intimus-8000s-degausser-2\/\" \/>\n<meta property=\"og:site_name\" content=\"neodal\" \/>\n<meta property=\"og:image\" content=\"https:\/\/neodal.es\/wp-content\/uploads\/2021\/10\/2075-DESTRUCTORA-INTIMUS-8000S-DEGAUSSER.jpg\" \/>\n\t<meta property=\"og:image:width\" content=\"500\" \/>\n\t<meta property=\"og:image:height\" content=\"500\" \/>\n\t<meta property=\"og:image:type\" content=\"image\/jpeg\" \/>\n<meta name=\"twitter:card\" content=\"summary_large_image\" \/>\n<script type=\"application\/ld+json\" class=\"yoast-schema-graph\">{\"@context\":\"https:\\\/\\\/schema.org\",\"@graph\":[{\"@type\":\"WebPage\",\"@id\":\"https:\\\/\\\/neodal.es\\\/ca\\\/producte\\\/desmagnetizador-intimus-8000s-degausser-2\\\/\",\"url\":\"https:\\\/\\\/neodal.es\\\/ca\\\/producte\\\/desmagnetizador-intimus-8000s-degausser-2\\\/\",\"name\":\"Desmagnetitzadora de medis \u00f2ptics Intimus 8000S Degausser | Neodal.\",\"isPartOf\":{\"@id\":\"https:\\\/\\\/neodal.es\\\/ca\\\/#website\"},\"primaryImageOfPage\":{\"@id\":\"https:\\\/\\\/neodal.es\\\/ca\\\/producte\\\/desmagnetizador-intimus-8000s-degausser-2\\\/#primaryimage\"},\"image\":{\"@id\":\"https:\\\/\\\/neodal.es\\\/ca\\\/producte\\\/desmagnetizador-intimus-8000s-degausser-2\\\/#primaryimage\"},\"thumbnailUrl\":\"https:\\\/\\\/neodal.es\\\/wp-content\\\/uploads\\\/2021\\\/10\\\/2075-DESTRUCTORA-INTIMUS-8000S-DEGAUSSER.jpg\",\"datePublished\":\"2021-10-22T09:07:22+00:00\",\"description\":\"Desmagnetitzadora Intimus de discs durs, USB, flash i HDD potent i lleugera. Inutilitza mitjan\u00e7ant camp magn\u00e8tic qualsevol sistema d'emmagatzematge de dades.\",\"breadcrumb\":{\"@id\":\"https:\\\/\\\/neodal.es\\\/ca\\\/producte\\\/desmagnetizador-intimus-8000s-degausser-2\\\/#breadcrumb\"},\"inLanguage\":\"ca\",\"potentialAction\":[{\"@type\":\"ReadAction\",\"target\":[\"https:\\\/\\\/neodal.es\\\/ca\\\/producte\\\/desmagnetizador-intimus-8000s-degausser-2\\\/\"]}]},{\"@type\":\"ImageObject\",\"inLanguage\":\"ca\",\"@id\":\"https:\\\/\\\/neodal.es\\\/ca\\\/producte\\\/desmagnetizador-intimus-8000s-degausser-2\\\/#primaryimage\",\"url\":\"https:\\\/\\\/neodal.es\\\/wp-content\\\/uploads\\\/2021\\\/10\\\/2075-DESTRUCTORA-INTIMUS-8000S-DEGAUSSER.jpg\",\"contentUrl\":\"https:\\\/\\\/neodal.es\\\/wp-content\\\/uploads\\\/2021\\\/10\\\/2075-DESTRUCTORA-INTIMUS-8000S-DEGAUSSER.jpg\",\"width\":500,\"height\":500,\"caption\":\"DESTRUCTORA INTIMUS 8000S DEGAUSSER\"},{\"@type\":\"BreadcrumbList\",\"@id\":\"https:\\\/\\\/neodal.es\\\/ca\\\/producte\\\/desmagnetizador-intimus-8000s-degausser-2\\\/#breadcrumb\",\"itemListElement\":[{\"@type\":\"ListItem\",\"position\":1,\"name\":\"Portada\",\"item\":\"https:\\\/\\\/neodal.es\\\/ca\\\/home\\\/\"},{\"@type\":\"ListItem\",\"position\":2,\"name\":\"Productes\",\"item\":\"https:\\\/\\\/neodal.es\\\/ca\\\/productes\\\/\"},{\"@type\":\"ListItem\",\"position\":3,\"name\":\"DESMAGNETIZADOR INTIMUS 8000S DEGAUSSER\"}]},{\"@type\":\"WebSite\",\"@id\":\"https:\\\/\\\/neodal.es\\\/ca\\\/#website\",\"url\":\"https:\\\/\\\/neodal.es\\\/ca\\\/\",\"name\":\"neodal\",\"description\":\"\",\"potentialAction\":[{\"@type\":\"SearchAction\",\"target\":{\"@type\":\"EntryPoint\",\"urlTemplate\":\"https:\\\/\\\/neodal.es\\\/ca\\\/?s={search_term_string}\"},\"query-input\":{\"@type\":\"PropertyValueSpecification\",\"valueRequired\":true,\"valueName\":\"search_term_string\"}}],\"inLanguage\":\"ca\"}]}<\/script>\n<!-- \/ Yoast SEO plugin. -->","yoast_head_json":{"title":"Desmagnetitzadora de medis \u00f2ptics Intimus 8000S Degausser | Neodal.","description":"Desmagnetitzadora Intimus de discs durs, USB, flash i HDD potent i lleugera. Inutilitza mitjan\u00e7ant camp magn\u00e8tic qualsevol sistema d'emmagatzematge de dades.","robots":{"index":"index","follow":"follow","max-snippet":"max-snippet:-1","max-image-preview":"max-image-preview:large","max-video-preview":"max-video-preview:-1"},"canonical":"https:\/\/neodal.es\/ca\/producte\/desmagnetizador-intimus-8000s-degausser-2\/","og_locale":"ca_ES","og_type":"article","og_title":"Desmagnetitzadora de medis \u00f2ptics Intimus 8000S Degausser | Neodal.","og_description":"Desmagnetitzadora Intimus de discs durs, USB, flash i HDD potent i lleugera. Inutilitza mitjan\u00e7ant camp magn\u00e8tic qualsevol sistema d'emmagatzematge de dades.","og_url":"https:\/\/neodal.es\/ca\/producte\/desmagnetizador-intimus-8000s-degausser-2\/","og_site_name":"neodal","og_image":[{"width":500,"height":500,"url":"https:\/\/neodal.es\/wp-content\/uploads\/2021\/10\/2075-DESTRUCTORA-INTIMUS-8000S-DEGAUSSER.jpg","type":"image\/jpeg"}],"twitter_card":"summary_large_image","schema":{"@context":"https:\/\/schema.org","@graph":[{"@type":"WebPage","@id":"https:\/\/neodal.es\/ca\/producte\/desmagnetizador-intimus-8000s-degausser-2\/","url":"https:\/\/neodal.es\/ca\/producte\/desmagnetizador-intimus-8000s-degausser-2\/","name":"Desmagnetitzadora de medis \u00f2ptics Intimus 8000S Degausser | Neodal.","isPartOf":{"@id":"https:\/\/neodal.es\/ca\/#website"},"primaryImageOfPage":{"@id":"https:\/\/neodal.es\/ca\/producte\/desmagnetizador-intimus-8000s-degausser-2\/#primaryimage"},"image":{"@id":"https:\/\/neodal.es\/ca\/producte\/desmagnetizador-intimus-8000s-degausser-2\/#primaryimage"},"thumbnailUrl":"https:\/\/neodal.es\/wp-content\/uploads\/2021\/10\/2075-DESTRUCTORA-INTIMUS-8000S-DEGAUSSER.jpg","datePublished":"2021-10-22T09:07:22+00:00","description":"Desmagnetitzadora Intimus de discs durs, USB, flash i HDD potent i lleugera. Inutilitza mitjan\u00e7ant camp magn\u00e8tic qualsevol sistema d'emmagatzematge de dades.","breadcrumb":{"@id":"https:\/\/neodal.es\/ca\/producte\/desmagnetizador-intimus-8000s-degausser-2\/#breadcrumb"},"inLanguage":"ca","potentialAction":[{"@type":"ReadAction","target":["https:\/\/neodal.es\/ca\/producte\/desmagnetizador-intimus-8000s-degausser-2\/"]}]},{"@type":"ImageObject","inLanguage":"ca","@id":"https:\/\/neodal.es\/ca\/producte\/desmagnetizador-intimus-8000s-degausser-2\/#primaryimage","url":"https:\/\/neodal.es\/wp-content\/uploads\/2021\/10\/2075-DESTRUCTORA-INTIMUS-8000S-DEGAUSSER.jpg","contentUrl":"https:\/\/neodal.es\/wp-content\/uploads\/2021\/10\/2075-DESTRUCTORA-INTIMUS-8000S-DEGAUSSER.jpg","width":500,"height":500,"caption":"DESTRUCTORA INTIMUS 8000S DEGAUSSER"},{"@type":"BreadcrumbList","@id":"https:\/\/neodal.es\/ca\/producte\/desmagnetizador-intimus-8000s-degausser-2\/#breadcrumb","itemListElement":[{"@type":"ListItem","position":1,"name":"Portada","item":"https:\/\/neodal.es\/ca\/home\/"},{"@type":"ListItem","position":2,"name":"Productes","item":"https:\/\/neodal.es\/ca\/productes\/"},{"@type":"ListItem","position":3,"name":"DESMAGNETIZADOR INTIMUS 8000S DEGAUSSER"}]},{"@type":"WebSite","@id":"https:\/\/neodal.es\/ca\/#website","url":"https:\/\/neodal.es\/ca\/","name":"neodal","description":"","potentialAction":[{"@type":"SearchAction","target":{"@type":"EntryPoint","urlTemplate":"https:\/\/neodal.es\/ca\/?s={search_term_string}"},"query-input":{"@type":"PropertyValueSpecification","valueRequired":true,"valueName":"search_term_string"}}],"inLanguage":"ca"}]}},"_links":{"self":[{"href":"https:\/\/neodal.es\/ca\/wp-json\/wp\/v2\/product\/6400","targetHints":{"allow":["GET"]}}],"collection":[{"href":"https:\/\/neodal.es\/ca\/wp-json\/wp\/v2\/product"}],"about":[{"href":"https:\/\/neodal.es\/ca\/wp-json\/wp\/v2\/types\/product"}],"version-history":[{"count":0,"href":"https:\/\/neodal.es\/ca\/wp-json\/wp\/v2\/product\/6400\/revisions"}],"wp:featuredmedia":[{"embeddable":true,"href":"https:\/\/neodal.es\/ca\/wp-json\/wp\/v2\/media\/6396"}],"wp:attachment":[{"href":"https:\/\/neodal.es\/ca\/wp-json\/wp\/v2\/media?parent=6400"}],"wp:term":[{"taxonomy":"product_brand","embeddable":true,"href":"https:\/\/neodal.es\/ca\/wp-json\/wp\/v2\/product_brand?post=6400"},{"taxonomy":"product_cat","embeddable":true,"href":"https:\/\/neodal.es\/ca\/wp-json\/wp\/v2\/product_cat?post=6400"},{"taxonomy":"product_tag","embeddable":true,"href":"https:\/\/neodal.es\/ca\/wp-json\/wp\/v2\/product_tag?post=6400"}],"curies":[{"name":"wp","href":"https:\/\/api.w.org\/{rel}","templated":true}]}}