{"id":6408,"date":"2021-10-22T09:53:57","date_gmt":"2021-10-22T09:53:57","guid":{"rendered":"http:\/\/neodal.local\/product\/desmagnetizador-intimus-20000s-degausser-2\/"},"modified":"2021-10-22T09:53:57","modified_gmt":"2021-10-22T09:53:57","slug":"desmagnetizador-intimus-20000s-degausser-2","status":"publish","type":"product","link":"https:\/\/neodal.es\/ca\/producte\/desmagnetizador-intimus-20000s-degausser-2\/","title":{"rendered":"DESMAGNETIZADOR INTIMUS 20000S DEGAUSSER"},"content":{"rendered":"<h3>DESMAGNETIZADORA INTIMUS 20000S AUDITOR PRO DEGAUSSER<\/h3>\n<p>\u00b7 Catalogada por la OTAN y certificada por NSM.<\/p>\n<p>\u00b7 Campo magn\u00e9tico: 20 000 Gauss \/ 2,0 Tesla.<\/p>\n<p>\u00b7 Interfaz para el dispositivo de captura de im\u00e1genes.<\/p>\n<p>\u00b7 Puerto Ethernet Y USB (para la conexi\u00f3n de: intimus 20000, esc\u00e1ner<br \/>\u00a0 de c\u00f3digos de barras, memoria USB<\/p>\n<p>\u00b7 Genera informes de borrado de Auditor-Pro con im\u00e1genes<br \/>\u00a0 para el cumplimiento de las auditor\u00edas.<\/p>\n<p>\u00b7 Escanea los n\u00fameros de serie de los discos duros<br \/>\u00a0 desmagnetizados.<\/p>\n<p>\u00b7 Proporciona pruebas de la eliminaci\u00f3n completa de los<br \/>\u00a0 datos.<\/p>\n<p>\u00b7 Escanea los n\u00fameros de serie de los discos duros<br \/>\u00a0 desmagnetizados.<\/p>\n<p>\u00b7 Cabezal de control con pantalla t\u00e1ctil.<\/p>\n<p>\u00b7 Protegida de influencias magn\u00e9ticas externas<\/p>\n<p>\u00b7 Tama\u00f1o del \u00e1rea de eliminaci\u00f3n: 149 x 109 x 38 mm<\/p>\n<p>\u00b7 Dimensiones: 480 x 440 x 550 mm<\/p>\n<p>\u00b7 Peso: 66 kg.<\/p>\n","protected":false},"excerpt":{"rendered":"<h2>DESTRUCTORA DE MEDIOS \u00d3PTICOS<\/h2>\n<p>Con <strong>Desmagnetizadora intimus 20000S Auditor Pro Degausser<\/strong> los medios de almacenaje son irradiados con un potente campo magn\u00e9tico que supera su resistencia magn\u00e9tica, la coercitividad del disco duro. Las pulsaciones cortas e intensas borran para siempre los datos del disco duro. El desmagnetizado se caracteriza sobre todo por la sencillez del proceso y por las escasas exigencias de espacio, lo cual permite tambi\u00e9n su empleo en el \u00e1mbito de la oficina. Catalogada por la OTAN y certificada por NSM.<\/p>\n","protected":false},"featured_media":6402,"template":"","meta":{"_acf_changed":false},"product_brand":[],"product_cat":[1570],"product_tag":[],"class_list":{"0":"post-6408","1":"product","2":"type-product","3":"status-publish","4":"has-post-thumbnail","6":"product_cat-destructoras-de-medios-opticos-it-ca","8":"first","9":"instock","10":"shipping-taxable","11":"product-type-simple"},"acf":[],"yoast_head":"<!-- This site is optimized with the Yoast SEO plugin v27.4 - https:\/\/yoast.com\/product\/yoast-seo-wordpress\/ -->\n<title>Desmagnetizador de medios opticos Intimus 20000S Degausser. Neodal.<\/title>\n<meta name=\"description\" content=\"Desmagnetizador de discos duros, usb, flash y Hdd potente y ligera. Inutiliza mediante campo magnetico cualquier sistema de almacenamiento de datos.\" \/>\n<meta name=\"robots\" content=\"index, follow, max-snippet:-1, max-image-preview:large, max-video-preview:-1\" \/>\n<link rel=\"canonical\" href=\"https:\/\/neodal.es\/ca\/producte\/desmagnetizador-intimus-20000s-degausser-2\/\" \/>\n<meta property=\"og:locale\" content=\"ca_ES\" \/>\n<meta property=\"og:type\" content=\"article\" \/>\n<meta property=\"og:title\" content=\"Desmagnetizador de medios opticos Intimus 20000S Degausser. Neodal.\" \/>\n<meta property=\"og:description\" content=\"Desmagnetizador de discos duros, usb, flash y Hdd potente y ligera. Inutiliza mediante campo magnetico cualquier sistema de almacenamiento de datos.\" \/>\n<meta property=\"og:url\" content=\"https:\/\/neodal.es\/ca\/producte\/desmagnetizador-intimus-20000s-degausser-2\/\" \/>\n<meta property=\"og:site_name\" content=\"neodal\" \/>\n<meta property=\"og:image\" content=\"https:\/\/neodal.es\/wp-content\/uploads\/2021\/10\/2069-DESTRUCTORA-DE-MEDIOS-OPTICOS-INTIMUS-20000S-DEGAUSSER.jpg\" \/>\n\t<meta property=\"og:image:width\" content=\"500\" \/>\n\t<meta property=\"og:image:height\" content=\"500\" \/>\n\t<meta property=\"og:image:type\" content=\"image\/jpeg\" \/>\n<meta name=\"twitter:card\" content=\"summary_large_image\" \/>\n<meta name=\"twitter:label1\" content=\"Temps estimat de lectura\" \/>\n\t<meta name=\"twitter:data1\" content=\"1 minut\" \/>\n<script type=\"application\/ld+json\" class=\"yoast-schema-graph\">{\"@context\":\"https:\\\/\\\/schema.org\",\"@graph\":[{\"@type\":\"WebPage\",\"@id\":\"https:\\\/\\\/neodal.es\\\/ca\\\/producte\\\/desmagnetizador-intimus-20000s-degausser-2\\\/\",\"url\":\"https:\\\/\\\/neodal.es\\\/ca\\\/producte\\\/desmagnetizador-intimus-20000s-degausser-2\\\/\",\"name\":\"Desmagnetizador de medios opticos Intimus 20000S Degausser. Neodal.\",\"isPartOf\":{\"@id\":\"https:\\\/\\\/neodal.es\\\/ca\\\/#website\"},\"primaryImageOfPage\":{\"@id\":\"https:\\\/\\\/neodal.es\\\/ca\\\/producte\\\/desmagnetizador-intimus-20000s-degausser-2\\\/#primaryimage\"},\"image\":{\"@id\":\"https:\\\/\\\/neodal.es\\\/ca\\\/producte\\\/desmagnetizador-intimus-20000s-degausser-2\\\/#primaryimage\"},\"thumbnailUrl\":\"https:\\\/\\\/neodal.es\\\/wp-content\\\/uploads\\\/2021\\\/10\\\/2069-DESTRUCTORA-DE-MEDIOS-OPTICOS-INTIMUS-20000S-DEGAUSSER.jpg\",\"datePublished\":\"2021-10-22T09:53:57+00:00\",\"description\":\"Desmagnetizador de discos duros, usb, flash y Hdd potente y ligera. Inutiliza mediante campo magnetico cualquier sistema de almacenamiento de datos.\",\"breadcrumb\":{\"@id\":\"https:\\\/\\\/neodal.es\\\/ca\\\/producte\\\/desmagnetizador-intimus-20000s-degausser-2\\\/#breadcrumb\"},\"inLanguage\":\"ca\",\"potentialAction\":[{\"@type\":\"ReadAction\",\"target\":[\"https:\\\/\\\/neodal.es\\\/ca\\\/producte\\\/desmagnetizador-intimus-20000s-degausser-2\\\/\"]}]},{\"@type\":\"ImageObject\",\"inLanguage\":\"ca\",\"@id\":\"https:\\\/\\\/neodal.es\\\/ca\\\/producte\\\/desmagnetizador-intimus-20000s-degausser-2\\\/#primaryimage\",\"url\":\"https:\\\/\\\/neodal.es\\\/wp-content\\\/uploads\\\/2021\\\/10\\\/2069-DESTRUCTORA-DE-MEDIOS-OPTICOS-INTIMUS-20000S-DEGAUSSER.jpg\",\"contentUrl\":\"https:\\\/\\\/neodal.es\\\/wp-content\\\/uploads\\\/2021\\\/10\\\/2069-DESTRUCTORA-DE-MEDIOS-OPTICOS-INTIMUS-20000S-DEGAUSSER.jpg\",\"width\":500,\"height\":500,\"caption\":\"DESTRUCTORA DE MEDIOS \u00d3PTICOS INTIMUS 20000S DEGAUSSER\"},{\"@type\":\"BreadcrumbList\",\"@id\":\"https:\\\/\\\/neodal.es\\\/ca\\\/producte\\\/desmagnetizador-intimus-20000s-degausser-2\\\/#breadcrumb\",\"itemListElement\":[{\"@type\":\"ListItem\",\"position\":1,\"name\":\"Portada\",\"item\":\"https:\\\/\\\/neodal.es\\\/ca\\\/home\\\/\"},{\"@type\":\"ListItem\",\"position\":2,\"name\":\"Productes\",\"item\":\"https:\\\/\\\/neodal.es\\\/ca\\\/productes\\\/\"},{\"@type\":\"ListItem\",\"position\":3,\"name\":\"DESMAGNETIZADOR INTIMUS 20000S DEGAUSSER\"}]},{\"@type\":\"WebSite\",\"@id\":\"https:\\\/\\\/neodal.es\\\/ca\\\/#website\",\"url\":\"https:\\\/\\\/neodal.es\\\/ca\\\/\",\"name\":\"neodal\",\"description\":\"\",\"potentialAction\":[{\"@type\":\"SearchAction\",\"target\":{\"@type\":\"EntryPoint\",\"urlTemplate\":\"https:\\\/\\\/neodal.es\\\/ca\\\/?s={search_term_string}\"},\"query-input\":{\"@type\":\"PropertyValueSpecification\",\"valueRequired\":true,\"valueName\":\"search_term_string\"}}],\"inLanguage\":\"ca\"}]}<\/script>\n<!-- \/ Yoast SEO plugin. -->","yoast_head_json":{"title":"Desmagnetizador de medios opticos Intimus 20000S Degausser. Neodal.","description":"Desmagnetizador de discos duros, usb, flash y Hdd potente y ligera. Inutiliza mediante campo magnetico cualquier sistema de almacenamiento de datos.","robots":{"index":"index","follow":"follow","max-snippet":"max-snippet:-1","max-image-preview":"max-image-preview:large","max-video-preview":"max-video-preview:-1"},"canonical":"https:\/\/neodal.es\/ca\/producte\/desmagnetizador-intimus-20000s-degausser-2\/","og_locale":"ca_ES","og_type":"article","og_title":"Desmagnetizador de medios opticos Intimus 20000S Degausser. Neodal.","og_description":"Desmagnetizador de discos duros, usb, flash y Hdd potente y ligera. Inutiliza mediante campo magnetico cualquier sistema de almacenamiento de datos.","og_url":"https:\/\/neodal.es\/ca\/producte\/desmagnetizador-intimus-20000s-degausser-2\/","og_site_name":"neodal","og_image":[{"width":500,"height":500,"url":"https:\/\/neodal.es\/wp-content\/uploads\/2021\/10\/2069-DESTRUCTORA-DE-MEDIOS-OPTICOS-INTIMUS-20000S-DEGAUSSER.jpg","type":"image\/jpeg"}],"twitter_card":"summary_large_image","twitter_misc":{"Temps estimat de lectura":"1 minut"},"schema":{"@context":"https:\/\/schema.org","@graph":[{"@type":"WebPage","@id":"https:\/\/neodal.es\/ca\/producte\/desmagnetizador-intimus-20000s-degausser-2\/","url":"https:\/\/neodal.es\/ca\/producte\/desmagnetizador-intimus-20000s-degausser-2\/","name":"Desmagnetizador de medios opticos Intimus 20000S Degausser. Neodal.","isPartOf":{"@id":"https:\/\/neodal.es\/ca\/#website"},"primaryImageOfPage":{"@id":"https:\/\/neodal.es\/ca\/producte\/desmagnetizador-intimus-20000s-degausser-2\/#primaryimage"},"image":{"@id":"https:\/\/neodal.es\/ca\/producte\/desmagnetizador-intimus-20000s-degausser-2\/#primaryimage"},"thumbnailUrl":"https:\/\/neodal.es\/wp-content\/uploads\/2021\/10\/2069-DESTRUCTORA-DE-MEDIOS-OPTICOS-INTIMUS-20000S-DEGAUSSER.jpg","datePublished":"2021-10-22T09:53:57+00:00","description":"Desmagnetizador de discos duros, usb, flash y Hdd potente y ligera. Inutiliza mediante campo magnetico cualquier sistema de almacenamiento de datos.","breadcrumb":{"@id":"https:\/\/neodal.es\/ca\/producte\/desmagnetizador-intimus-20000s-degausser-2\/#breadcrumb"},"inLanguage":"ca","potentialAction":[{"@type":"ReadAction","target":["https:\/\/neodal.es\/ca\/producte\/desmagnetizador-intimus-20000s-degausser-2\/"]}]},{"@type":"ImageObject","inLanguage":"ca","@id":"https:\/\/neodal.es\/ca\/producte\/desmagnetizador-intimus-20000s-degausser-2\/#primaryimage","url":"https:\/\/neodal.es\/wp-content\/uploads\/2021\/10\/2069-DESTRUCTORA-DE-MEDIOS-OPTICOS-INTIMUS-20000S-DEGAUSSER.jpg","contentUrl":"https:\/\/neodal.es\/wp-content\/uploads\/2021\/10\/2069-DESTRUCTORA-DE-MEDIOS-OPTICOS-INTIMUS-20000S-DEGAUSSER.jpg","width":500,"height":500,"caption":"DESTRUCTORA DE MEDIOS \u00d3PTICOS INTIMUS 20000S DEGAUSSER"},{"@type":"BreadcrumbList","@id":"https:\/\/neodal.es\/ca\/producte\/desmagnetizador-intimus-20000s-degausser-2\/#breadcrumb","itemListElement":[{"@type":"ListItem","position":1,"name":"Portada","item":"https:\/\/neodal.es\/ca\/home\/"},{"@type":"ListItem","position":2,"name":"Productes","item":"https:\/\/neodal.es\/ca\/productes\/"},{"@type":"ListItem","position":3,"name":"DESMAGNETIZADOR INTIMUS 20000S DEGAUSSER"}]},{"@type":"WebSite","@id":"https:\/\/neodal.es\/ca\/#website","url":"https:\/\/neodal.es\/ca\/","name":"neodal","description":"","potentialAction":[{"@type":"SearchAction","target":{"@type":"EntryPoint","urlTemplate":"https:\/\/neodal.es\/ca\/?s={search_term_string}"},"query-input":{"@type":"PropertyValueSpecification","valueRequired":true,"valueName":"search_term_string"}}],"inLanguage":"ca"}]}},"_links":{"self":[{"href":"https:\/\/neodal.es\/ca\/wp-json\/wp\/v2\/product\/6408","targetHints":{"allow":["GET"]}}],"collection":[{"href":"https:\/\/neodal.es\/ca\/wp-json\/wp\/v2\/product"}],"about":[{"href":"https:\/\/neodal.es\/ca\/wp-json\/wp\/v2\/types\/product"}],"version-history":[{"count":0,"href":"https:\/\/neodal.es\/ca\/wp-json\/wp\/v2\/product\/6408\/revisions"}],"wp:featuredmedia":[{"embeddable":true,"href":"https:\/\/neodal.es\/ca\/wp-json\/wp\/v2\/media\/6402"}],"wp:attachment":[{"href":"https:\/\/neodal.es\/ca\/wp-json\/wp\/v2\/media?parent=6408"}],"wp:term":[{"taxonomy":"product_brand","embeddable":true,"href":"https:\/\/neodal.es\/ca\/wp-json\/wp\/v2\/product_brand?post=6408"},{"taxonomy":"product_cat","embeddable":true,"href":"https:\/\/neodal.es\/ca\/wp-json\/wp\/v2\/product_cat?post=6408"},{"taxonomy":"product_tag","embeddable":true,"href":"https:\/\/neodal.es\/ca\/wp-json\/wp\/v2\/product_tag?post=6408"}],"curies":[{"name":"wp","href":"https:\/\/api.w.org\/{rel}","templated":true}]}}