{"id":6422,"date":"2021-12-10T08:32:00","date_gmt":"2021-12-10T08:32:00","guid":{"rendered":"http:\/\/neodal.local\/product\/plegadora-grapadora-plockmatic-bm5050-2\/"},"modified":"2021-12-10T08:32:00","modified_gmt":"2021-12-10T08:32:00","slug":"plegadora-grapadora-plockmatic-bm5050-2","status":"publish","type":"product","link":"https:\/\/neodal.es\/ca\/producte\/plegadora-grapadora-plockmatic-bm5050-2\/","title":{"rendered":"PLEGADORA GRAPADORA PLOCKMATIC BM5050"},"content":{"rendered":"<h3 style=\"font-style: normal;\">CARACTER\u00cdSTICAS PLOCKMATIC BM5050:<\/h3>\n<p>\u00b7 Robusta plegadora grapadora.<\/p>\n<p>\u00b7 Pantalla t\u00e1ctil con gr\u00e1ficos a color.<\/p>\n<p>\u00b7 Tama\u00f1o de papel, m\u00edn.: 206 x 210mm<\/p>\n<p>\u00b7 Tama\u00f1o de papel, m\u00e1x.: 320 x 620mm sin CST, 330 x 620mm con CST<\/p>\n<p>\u00b7 Tipo de grapas: Cartuchos de 5.000 unidades<\/p>\n<p>\u00b7 Capacidad de plegado y grapado: 50 hojas para libros de hasta 140 p\u00e1g. 80gr.<\/p>\n<p>\u00b7 Alimentador de gran capacidad: VFX con dos bandejas de alimentaci\u00f3n. (Opcional)<\/p>\n<p>\u00b7 M\u00f3dulo de acabado: incluye el corte frontal y el lomo cuadrado en una unidad. (Opcional)<\/p>\n<p>\u00b7 M\u00f3dulo de hendido y corte lateral CST (Opcional).<\/p>\n<p>\u00b7 Grapado con rollo (Opcional)<\/p><\/p>\n","protected":false},"excerpt":{"rendered":"<h2 style=\"text-align: justify;\">PLEGADORAS GRAPADORAS DE LIBROS<\/h2>\n<p style=\"text-align: justify;\">La\u00a0<strong>Plegadora Grapadora Plockmatic BM5050 <\/strong>es un equipo de concepci\u00f3n modular que le ayudar\u00e1 a llevar a cabo el plegado de sus cuadernillos, cat\u00e1logos, manuales de uso y formaci\u00f3n, revistas\u2026 de forma r\u00e1pida y segura.\u00a0<\/p>\n<p style=\"text-align: justify;\">El modelo<strong>\u00a0Plockmatic BM5050<\/strong> esta especialmente recomendada para ser usada en Oficinas\u00a0 &#8211; Servicios Generales, Copister\u00edas,\u00a0 Impresi\u00f3n Digital, Artes Gr\u00e1ficas\u2026 que deseen un equipo sencillo de usar y ofrezca gran calidad de sus procesos &#8220;Post Impresi\u00f3n&#8221;.<\/p>\n<p style=\"text-align: justify;\">La\u00a0<strong>BM5050<\/strong> flexible. muy f\u00e1cil de usar y dispone de memorias de trabajo para los formatos m\u00e1s habituales. Sus m\u00f3dulos opcionales de Corte frontal, Lomo Cuadrado (&#8220;Square Fold&#8221;) y alimentaci\u00f3n de portadas autom\u00e1tico hacen disponer de un excelente y profesional acabado.\u00a0\u00a0<\/p>\n<p style=\"text-align: justify;\">Solicite informaci\u00f3n sin compromiso.\u00a0<\/p>\n<p>\u00a0<\/p>\n","protected":false},"featured_media":6417,"comment_status":"open","ping_status":"closed","template":"","meta":{"_acf_changed":false},"product_brand":[],"product_cat":[1538],"product_tag":[],"class_list":{"0":"post-6422","1":"product","2":"type-product","3":"status-publish","4":"has-post-thumbnail","6":"product_cat-plegadores-grapadores-plockmatic","8":"first","9":"instock","10":"shipping-taxable","11":"product-type-simple"},"acf":[],"yoast_head":"<!-- This site is optimized with the Yoast SEO plugin v27.0 - https:\/\/yoast.com\/product\/yoast-seo-wordpress\/ -->\n<title>PLEGADORA GRAPADORA PLOCKMATIC BM5050 (Importador &amp; SAT Oficial)<\/title>\n<meta name=\"description\" content=\"Plegadora Grapadora Plockmatic BM5050. Plegadora Grapadora para confecci\u00f3n de cuadernillos, manuales de uso... Servicio T\u00e9cnico oficial. \u00a1solicite precio!\" \/>\n<meta name=\"robots\" content=\"index, follow, max-snippet:-1, max-image-preview:large, max-video-preview:-1\" \/>\n<link rel=\"canonical\" href=\"https:\/\/neodal.es\/ca\/producte\/plegadora-grapadora-plockmatic-bm5050-2\/\" \/>\n<meta property=\"og:locale\" content=\"ca_ES\" \/>\n<meta property=\"og:type\" content=\"article\" \/>\n<meta property=\"og:title\" content=\"PLEGADORA GRAPADORA PLOCKMATIC BM5050 (Importador &amp; SAT Oficial)\" \/>\n<meta property=\"og:description\" content=\"Plegadora Grapadora Plockmatic BM5050. Plegadora Grapadora para confecci\u00f3n de cuadernillos, manuales de uso... Servicio T\u00e9cnico oficial. \u00a1solicite precio!\" \/>\n<meta property=\"og:url\" content=\"https:\/\/neodal.es\/ca\/producte\/plegadora-grapadora-plockmatic-bm5050-2\/\" \/>\n<meta property=\"og:site_name\" content=\"neodal\" \/>\n<meta property=\"og:image\" content=\"https:\/\/neodal.es\/wp-content\/uploads\/2021\/12\/2032-PLOCKMATIC-BM5050.jpg\" \/>\n\t<meta property=\"og:image:width\" content=\"500\" \/>\n\t<meta property=\"og:image:height\" content=\"500\" \/>\n\t<meta property=\"og:image:type\" content=\"image\/jpeg\" \/>\n<meta name=\"twitter:card\" content=\"summary_large_image\" \/>\n<script type=\"application\/ld+json\" class=\"yoast-schema-graph\">{\"@context\":\"https:\/\/schema.org\",\"@graph\":[{\"@type\":\"WebPage\",\"@id\":\"https:\/\/neodal.es\/ca\/producte\/plegadora-grapadora-plockmatic-bm5050-2\/\",\"url\":\"https:\/\/neodal.es\/ca\/producte\/plegadora-grapadora-plockmatic-bm5050-2\/\",\"name\":\"PLEGADORA GRAPADORA PLOCKMATIC BM5050 (Importador & SAT Oficial)\",\"isPartOf\":{\"@id\":\"https:\/\/neodal.es\/ca\/#website\"},\"primaryImageOfPage\":{\"@id\":\"https:\/\/neodal.es\/ca\/producte\/plegadora-grapadora-plockmatic-bm5050-2\/#primaryimage\"},\"image\":{\"@id\":\"https:\/\/neodal.es\/ca\/producte\/plegadora-grapadora-plockmatic-bm5050-2\/#primaryimage\"},\"thumbnailUrl\":\"https:\/\/neodal.es\/wp-content\/uploads\/2021\/12\/2032-PLOCKMATIC-BM5050.jpg\",\"datePublished\":\"2021-12-10T08:32:00+00:00\",\"description\":\"Plegadora Grapadora Plockmatic BM5050. Plegadora Grapadora para confecci\u00f3n de cuadernillos, manuales de uso... Servicio T\u00e9cnico oficial. \u00a1solicite precio!\",\"breadcrumb\":{\"@id\":\"https:\/\/neodal.es\/ca\/producte\/plegadora-grapadora-plockmatic-bm5050-2\/#breadcrumb\"},\"inLanguage\":\"ca\",\"potentialAction\":[{\"@type\":\"ReadAction\",\"target\":[\"https:\/\/neodal.es\/ca\/producte\/plegadora-grapadora-plockmatic-bm5050-2\/\"]}]},{\"@type\":\"ImageObject\",\"inLanguage\":\"ca\",\"@id\":\"https:\/\/neodal.es\/ca\/producte\/plegadora-grapadora-plockmatic-bm5050-2\/#primaryimage\",\"url\":\"https:\/\/neodal.es\/wp-content\/uploads\/2021\/12\/2032-PLOCKMATIC-BM5050.jpg\",\"contentUrl\":\"https:\/\/neodal.es\/wp-content\/uploads\/2021\/12\/2032-PLOCKMATIC-BM5050.jpg\",\"width\":500,\"height\":500,\"caption\":\"PLOCKMATIC BM5050\"},{\"@type\":\"BreadcrumbList\",\"@id\":\"https:\/\/neodal.es\/ca\/producte\/plegadora-grapadora-plockmatic-bm5050-2\/#breadcrumb\",\"itemListElement\":[{\"@type\":\"ListItem\",\"position\":1,\"name\":\"Portada\",\"item\":\"https:\/\/neodal.es\/ca\/home\/\"},{\"@type\":\"ListItem\",\"position\":2,\"name\":\"Productes\",\"item\":\"https:\/\/neodal.es\/ca\/productes\/\"},{\"@type\":\"ListItem\",\"position\":3,\"name\":\"PLEGADORA GRAPADORA PLOCKMATIC BM5050\"}]},{\"@type\":\"WebSite\",\"@id\":\"https:\/\/neodal.es\/ca\/#website\",\"url\":\"https:\/\/neodal.es\/ca\/\",\"name\":\"neodal\",\"description\":\"\",\"publisher\":{\"@id\":\"https:\/\/neodal.es\/ca\/#organization\"},\"potentialAction\":[{\"@type\":\"SearchAction\",\"target\":{\"@type\":\"EntryPoint\",\"urlTemplate\":\"https:\/\/neodal.es\/ca\/?s={search_term_string}\"},\"query-input\":{\"@type\":\"PropertyValueSpecification\",\"valueRequired\":true,\"valueName\":\"search_term_string\"}}],\"inLanguage\":\"ca\"},{\"@type\":\"Organization\",\"@id\":\"https:\/\/neodal.es\/ca\/#organization\",\"name\":\"neodal\",\"url\":\"https:\/\/neodal.es\/ca\/\",\"logo\":{\"@type\":\"ImageObject\",\"inLanguage\":\"ca\",\"@id\":\"https:\/\/neodal.es\/ca\/#\/schema\/logo\/image\/\",\"url\":\"https:\/\/neodal.es\/wp-content\/uploads\/2025\/12\/neodal-logo.jpeg\",\"contentUrl\":\"https:\/\/neodal.es\/wp-content\/uploads\/2025\/12\/neodal-logo.jpeg\",\"width\":359,\"height\":87,\"caption\":\"neodal\"},\"image\":{\"@id\":\"https:\/\/neodal.es\/ca\/#\/schema\/logo\/image\/\"}}]}<\/script>\n<!-- \/ Yoast SEO plugin. -->","yoast_head_json":{"title":"PLEGADORA GRAPADORA PLOCKMATIC BM5050 (Importador & SAT Oficial)","description":"Plegadora Grapadora Plockmatic BM5050. Plegadora Grapadora para confecci\u00f3n de cuadernillos, manuales de uso... Servicio T\u00e9cnico oficial. \u00a1solicite precio!","robots":{"index":"index","follow":"follow","max-snippet":"max-snippet:-1","max-image-preview":"max-image-preview:large","max-video-preview":"max-video-preview:-1"},"canonical":"https:\/\/neodal.es\/ca\/producte\/plegadora-grapadora-plockmatic-bm5050-2\/","og_locale":"ca_ES","og_type":"article","og_title":"PLEGADORA GRAPADORA PLOCKMATIC BM5050 (Importador & SAT Oficial)","og_description":"Plegadora Grapadora Plockmatic BM5050. Plegadora Grapadora para confecci\u00f3n de cuadernillos, manuales de uso... Servicio T\u00e9cnico oficial. \u00a1solicite precio!","og_url":"https:\/\/neodal.es\/ca\/producte\/plegadora-grapadora-plockmatic-bm5050-2\/","og_site_name":"neodal","og_image":[{"width":500,"height":500,"url":"https:\/\/neodal.es\/wp-content\/uploads\/2021\/12\/2032-PLOCKMATIC-BM5050.jpg","type":"image\/jpeg"}],"twitter_card":"summary_large_image","schema":{"@context":"https:\/\/schema.org","@graph":[{"@type":"WebPage","@id":"https:\/\/neodal.es\/ca\/producte\/plegadora-grapadora-plockmatic-bm5050-2\/","url":"https:\/\/neodal.es\/ca\/producte\/plegadora-grapadora-plockmatic-bm5050-2\/","name":"PLEGADORA GRAPADORA PLOCKMATIC BM5050 (Importador & SAT Oficial)","isPartOf":{"@id":"https:\/\/neodal.es\/ca\/#website"},"primaryImageOfPage":{"@id":"https:\/\/neodal.es\/ca\/producte\/plegadora-grapadora-plockmatic-bm5050-2\/#primaryimage"},"image":{"@id":"https:\/\/neodal.es\/ca\/producte\/plegadora-grapadora-plockmatic-bm5050-2\/#primaryimage"},"thumbnailUrl":"https:\/\/neodal.es\/wp-content\/uploads\/2021\/12\/2032-PLOCKMATIC-BM5050.jpg","datePublished":"2021-12-10T08:32:00+00:00","description":"Plegadora Grapadora Plockmatic BM5050. Plegadora Grapadora para confecci\u00f3n de cuadernillos, manuales de uso... Servicio T\u00e9cnico oficial. \u00a1solicite precio!","breadcrumb":{"@id":"https:\/\/neodal.es\/ca\/producte\/plegadora-grapadora-plockmatic-bm5050-2\/#breadcrumb"},"inLanguage":"ca","potentialAction":[{"@type":"ReadAction","target":["https:\/\/neodal.es\/ca\/producte\/plegadora-grapadora-plockmatic-bm5050-2\/"]}]},{"@type":"ImageObject","inLanguage":"ca","@id":"https:\/\/neodal.es\/ca\/producte\/plegadora-grapadora-plockmatic-bm5050-2\/#primaryimage","url":"https:\/\/neodal.es\/wp-content\/uploads\/2021\/12\/2032-PLOCKMATIC-BM5050.jpg","contentUrl":"https:\/\/neodal.es\/wp-content\/uploads\/2021\/12\/2032-PLOCKMATIC-BM5050.jpg","width":500,"height":500,"caption":"PLOCKMATIC BM5050"},{"@type":"BreadcrumbList","@id":"https:\/\/neodal.es\/ca\/producte\/plegadora-grapadora-plockmatic-bm5050-2\/#breadcrumb","itemListElement":[{"@type":"ListItem","position":1,"name":"Portada","item":"https:\/\/neodal.es\/ca\/home\/"},{"@type":"ListItem","position":2,"name":"Productes","item":"https:\/\/neodal.es\/ca\/productes\/"},{"@type":"ListItem","position":3,"name":"PLEGADORA GRAPADORA PLOCKMATIC BM5050"}]},{"@type":"WebSite","@id":"https:\/\/neodal.es\/ca\/#website","url":"https:\/\/neodal.es\/ca\/","name":"neodal","description":"","publisher":{"@id":"https:\/\/neodal.es\/ca\/#organization"},"potentialAction":[{"@type":"SearchAction","target":{"@type":"EntryPoint","urlTemplate":"https:\/\/neodal.es\/ca\/?s={search_term_string}"},"query-input":{"@type":"PropertyValueSpecification","valueRequired":true,"valueName":"search_term_string"}}],"inLanguage":"ca"},{"@type":"Organization","@id":"https:\/\/neodal.es\/ca\/#organization","name":"neodal","url":"https:\/\/neodal.es\/ca\/","logo":{"@type":"ImageObject","inLanguage":"ca","@id":"https:\/\/neodal.es\/ca\/#\/schema\/logo\/image\/","url":"https:\/\/neodal.es\/wp-content\/uploads\/2025\/12\/neodal-logo.jpeg","contentUrl":"https:\/\/neodal.es\/wp-content\/uploads\/2025\/12\/neodal-logo.jpeg","width":359,"height":87,"caption":"neodal"},"image":{"@id":"https:\/\/neodal.es\/ca\/#\/schema\/logo\/image\/"}}]}},"_links":{"self":[{"href":"https:\/\/neodal.es\/ca\/wp-json\/wp\/v2\/product\/6422","targetHints":{"allow":["GET"]}}],"collection":[{"href":"https:\/\/neodal.es\/ca\/wp-json\/wp\/v2\/product"}],"about":[{"href":"https:\/\/neodal.es\/ca\/wp-json\/wp\/v2\/types\/product"}],"replies":[{"embeddable":true,"href":"https:\/\/neodal.es\/ca\/wp-json\/wp\/v2\/comments?post=6422"}],"version-history":[{"count":0,"href":"https:\/\/neodal.es\/ca\/wp-json\/wp\/v2\/product\/6422\/revisions"}],"wp:featuredmedia":[{"embeddable":true,"href":"https:\/\/neodal.es\/ca\/wp-json\/wp\/v2\/media\/6417"}],"wp:attachment":[{"href":"https:\/\/neodal.es\/ca\/wp-json\/wp\/v2\/media?parent=6422"}],"wp:term":[{"taxonomy":"product_brand","embeddable":true,"href":"https:\/\/neodal.es\/ca\/wp-json\/wp\/v2\/product_brand?post=6422"},{"taxonomy":"product_cat","embeddable":true,"href":"https:\/\/neodal.es\/ca\/wp-json\/wp\/v2\/product_cat?post=6422"},{"taxonomy":"product_tag","embeddable":true,"href":"https:\/\/neodal.es\/ca\/wp-json\/wp\/v2\/product_tag?post=6422"}],"curies":[{"name":"wp","href":"https:\/\/api.w.org\/{rel}","templated":true}]}}