{"id":6438,"date":"2021-12-13T08:55:39","date_gmt":"2021-12-13T08:55:39","guid":{"rendered":"http:\/\/neodal.local\/product\/destructora-intimus-vz-1400-2\/"},"modified":"2021-12-13T08:55:39","modified_gmt":"2021-12-13T08:55:39","slug":"destructora-intimus-vz-1400-2","status":"publish","type":"product","link":"https:\/\/neodal.es\/ca\/producte\/destructora-intimus-vz-1400-2\/","title":{"rendered":"DESTRUCTORA INTIMUS VZ 14.00"},"content":{"rendered":"<h3>CARACTERISTICAS INTIMUS VZ 14.00<\/h3>\n<p>\u00b7 Robusta destructora con prensa de balas<\/p>\n<p>\u00b7 Doble cabezal de destrucci\u00f3n<\/p>\n<p>\u00b7 Nivel de seguridad P5<\/p>\n<p>\u00b7 Rendimiento hasta 245 kg\/hora<\/p>\n<p>\u00b7 Made in Germany<\/p>\n<p>\u00b7 Potencia del motor: 11,3 KW<\/p>\n<p>\u00b7 Ancho de trabajo 500mm<\/p>\n<p>\u00b7 Corte en part\u00edculas 2x15mm<\/p>\n<p>\u00b7 Lubricador autom\u00e1tico<\/p>\n<p>\u00b7 Cinta transportadora<\/p>\n<p>\u00b7 Panel t\u00e1ctil de uso<\/p>\n<p>\u00b7 Peso de la bala ajustable<\/p>\n","protected":false},"excerpt":{"rendered":"<h2>DESTRUCTORA CON PRENSA DE BALAS INTIMUS VZ 14.00<\/h2>\n<p>Las destructoras intimus han demostrado su eficacia durante d\u00e9cadas para la destrucci\u00f3n de grandes cantidades de datos con requisitos de seguridad elevados o muy elevados. Un sistema de dos etapas que consta de un cabezal previo y una prensa de balas que garantiza una trituraci\u00f3n fiable de los datos personales. A trav\u00e9s de la amplia mesa con cinta transportadora integrada, el material se puede alimentar c\u00f3modamente. El material cortado de la destructora (part\u00edculas de 6 x 50 mm) cae directamente sobre una cinta transportadora y se transporta hasta el segundo cabezal. Esta destructora de seguridad de 2 x 15 mm garantiza el nivel de seguridad P-5 seg\u00fan DIN 66399 (ISO \/ IEC 21964).<\/p>\n","protected":false},"featured_media":8661,"template":"","meta":{"_acf_changed":false},"product_brand":[],"product_cat":[1562],"product_tag":[],"class_list":{"0":"post-6438","1":"product","2":"type-product","3":"status-publish","4":"has-post-thumbnail","6":"product_cat-destructoras-amb-prensa-de-balas","8":"first","9":"instock","10":"shipping-taxable","11":"product-type-simple"},"acf":[],"yoast_head":"<!-- This site is optimized with the Yoast SEO plugin v27.4 - https:\/\/yoast.com\/product\/yoast-seo-wordpress\/ -->\n<title>Destructora con prensa de balas Intimus VZ 14.00 P5. Neodal Importador<\/title>\n<meta name=\"description\" content=\"Destructora industrial con prensa de balas y nivel de seguridad P5. Doble cabezal de destrucci\u00f3n para una m\u00e1xima seguridad en la destrucci\u00f3n de sus documentos.\" \/>\n<meta name=\"robots\" content=\"index, follow, max-snippet:-1, max-image-preview:large, max-video-preview:-1\" \/>\n<link rel=\"canonical\" href=\"https:\/\/neodal.es\/ca\/producte\/destructora-intimus-vz-1400-2\/\" \/>\n<meta property=\"og:locale\" content=\"ca_ES\" \/>\n<meta property=\"og:type\" content=\"article\" \/>\n<meta property=\"og:title\" content=\"Destructora con prensa de balas Intimus VZ 14.00 P5. Neodal Importador\" \/>\n<meta property=\"og:description\" content=\"Destructora industrial con prensa de balas y nivel de seguridad P5. Doble cabezal de destrucci\u00f3n para una m\u00e1xima seguridad en la destrucci\u00f3n de sus documentos.\" \/>\n<meta property=\"og:url\" content=\"https:\/\/neodal.es\/ca\/producte\/destructora-intimus-vz-1400-2\/\" \/>\n<meta property=\"og:site_name\" content=\"neodal\" \/>\n<meta property=\"og:image\" content=\"https:\/\/neodal.es\/wp-content\/uploads\/2021\/12\/2042-DESTRUCTORA-INTIMUS-VZ-14.00.jpg\" \/>\n\t<meta property=\"og:image:width\" content=\"500\" \/>\n\t<meta property=\"og:image:height\" content=\"500\" \/>\n\t<meta property=\"og:image:type\" content=\"image\/jpeg\" \/>\n<meta name=\"twitter:card\" content=\"summary_large_image\" \/>\n<script type=\"application\/ld+json\" class=\"yoast-schema-graph\">{\"@context\":\"https:\\\/\\\/schema.org\",\"@graph\":[{\"@type\":\"WebPage\",\"@id\":\"https:\\\/\\\/neodal.es\\\/ca\\\/producte\\\/destructora-intimus-vz-1400-2\\\/\",\"url\":\"https:\\\/\\\/neodal.es\\\/ca\\\/producte\\\/destructora-intimus-vz-1400-2\\\/\",\"name\":\"Destructora con prensa de balas Intimus VZ 14.00 P5. Neodal Importador\",\"isPartOf\":{\"@id\":\"https:\\\/\\\/neodal.es\\\/ca\\\/#website\"},\"primaryImageOfPage\":{\"@id\":\"https:\\\/\\\/neodal.es\\\/ca\\\/producte\\\/destructora-intimus-vz-1400-2\\\/#primaryimage\"},\"image\":{\"@id\":\"https:\\\/\\\/neodal.es\\\/ca\\\/producte\\\/destructora-intimus-vz-1400-2\\\/#primaryimage\"},\"thumbnailUrl\":\"https:\\\/\\\/neodal.es\\\/wp-content\\\/uploads\\\/2021\\\/12\\\/2042-DESTRUCTORA-INTIMUS-VZ-14.00.jpg\",\"datePublished\":\"2021-12-13T08:55:39+00:00\",\"description\":\"Destructora industrial con prensa de balas y nivel de seguridad P5. Doble cabezal de destrucci\u00f3n para una m\u00e1xima seguridad en la destrucci\u00f3n de sus documentos.\",\"breadcrumb\":{\"@id\":\"https:\\\/\\\/neodal.es\\\/ca\\\/producte\\\/destructora-intimus-vz-1400-2\\\/#breadcrumb\"},\"inLanguage\":\"ca\",\"potentialAction\":[{\"@type\":\"ReadAction\",\"target\":[\"https:\\\/\\\/neodal.es\\\/ca\\\/producte\\\/destructora-intimus-vz-1400-2\\\/\"]}]},{\"@type\":\"ImageObject\",\"inLanguage\":\"ca\",\"@id\":\"https:\\\/\\\/neodal.es\\\/ca\\\/producte\\\/destructora-intimus-vz-1400-2\\\/#primaryimage\",\"url\":\"https:\\\/\\\/neodal.es\\\/wp-content\\\/uploads\\\/2021\\\/12\\\/2042-DESTRUCTORA-INTIMUS-VZ-14.00.jpg\",\"contentUrl\":\"https:\\\/\\\/neodal.es\\\/wp-content\\\/uploads\\\/2021\\\/12\\\/2042-DESTRUCTORA-INTIMUS-VZ-14.00.jpg\",\"width\":500,\"height\":500,\"caption\":\"DESTRUCTORA INTIMUS VZ 14.00\"},{\"@type\":\"BreadcrumbList\",\"@id\":\"https:\\\/\\\/neodal.es\\\/ca\\\/producte\\\/destructora-intimus-vz-1400-2\\\/#breadcrumb\",\"itemListElement\":[{\"@type\":\"ListItem\",\"position\":1,\"name\":\"Portada\",\"item\":\"https:\\\/\\\/neodal.es\\\/ca\\\/home\\\/\"},{\"@type\":\"ListItem\",\"position\":2,\"name\":\"Productes\",\"item\":\"https:\\\/\\\/neodal.es\\\/ca\\\/productes\\\/\"},{\"@type\":\"ListItem\",\"position\":3,\"name\":\"DESTRUCTORA INTIMUS VZ 14.00\"}]},{\"@type\":\"WebSite\",\"@id\":\"https:\\\/\\\/neodal.es\\\/ca\\\/#website\",\"url\":\"https:\\\/\\\/neodal.es\\\/ca\\\/\",\"name\":\"neodal\",\"description\":\"\",\"potentialAction\":[{\"@type\":\"SearchAction\",\"target\":{\"@type\":\"EntryPoint\",\"urlTemplate\":\"https:\\\/\\\/neodal.es\\\/ca\\\/?s={search_term_string}\"},\"query-input\":{\"@type\":\"PropertyValueSpecification\",\"valueRequired\":true,\"valueName\":\"search_term_string\"}}],\"inLanguage\":\"ca\"}]}<\/script>\n<!-- \/ Yoast SEO plugin. -->","yoast_head_json":{"title":"Destructora con prensa de balas Intimus VZ 14.00 P5. Neodal Importador","description":"Destructora industrial con prensa de balas y nivel de seguridad P5. Doble cabezal de destrucci\u00f3n para una m\u00e1xima seguridad en la destrucci\u00f3n de sus documentos.","robots":{"index":"index","follow":"follow","max-snippet":"max-snippet:-1","max-image-preview":"max-image-preview:large","max-video-preview":"max-video-preview:-1"},"canonical":"https:\/\/neodal.es\/ca\/producte\/destructora-intimus-vz-1400-2\/","og_locale":"ca_ES","og_type":"article","og_title":"Destructora con prensa de balas Intimus VZ 14.00 P5. Neodal Importador","og_description":"Destructora industrial con prensa de balas y nivel de seguridad P5. Doble cabezal de destrucci\u00f3n para una m\u00e1xima seguridad en la destrucci\u00f3n de sus documentos.","og_url":"https:\/\/neodal.es\/ca\/producte\/destructora-intimus-vz-1400-2\/","og_site_name":"neodal","og_image":[{"width":500,"height":500,"url":"https:\/\/neodal.es\/wp-content\/uploads\/2021\/12\/2042-DESTRUCTORA-INTIMUS-VZ-14.00.jpg","type":"image\/jpeg"}],"twitter_card":"summary_large_image","schema":{"@context":"https:\/\/schema.org","@graph":[{"@type":"WebPage","@id":"https:\/\/neodal.es\/ca\/producte\/destructora-intimus-vz-1400-2\/","url":"https:\/\/neodal.es\/ca\/producte\/destructora-intimus-vz-1400-2\/","name":"Destructora con prensa de balas Intimus VZ 14.00 P5. Neodal Importador","isPartOf":{"@id":"https:\/\/neodal.es\/ca\/#website"},"primaryImageOfPage":{"@id":"https:\/\/neodal.es\/ca\/producte\/destructora-intimus-vz-1400-2\/#primaryimage"},"image":{"@id":"https:\/\/neodal.es\/ca\/producte\/destructora-intimus-vz-1400-2\/#primaryimage"},"thumbnailUrl":"https:\/\/neodal.es\/wp-content\/uploads\/2021\/12\/2042-DESTRUCTORA-INTIMUS-VZ-14.00.jpg","datePublished":"2021-12-13T08:55:39+00:00","description":"Destructora industrial con prensa de balas y nivel de seguridad P5. Doble cabezal de destrucci\u00f3n para una m\u00e1xima seguridad en la destrucci\u00f3n de sus documentos.","breadcrumb":{"@id":"https:\/\/neodal.es\/ca\/producte\/destructora-intimus-vz-1400-2\/#breadcrumb"},"inLanguage":"ca","potentialAction":[{"@type":"ReadAction","target":["https:\/\/neodal.es\/ca\/producte\/destructora-intimus-vz-1400-2\/"]}]},{"@type":"ImageObject","inLanguage":"ca","@id":"https:\/\/neodal.es\/ca\/producte\/destructora-intimus-vz-1400-2\/#primaryimage","url":"https:\/\/neodal.es\/wp-content\/uploads\/2021\/12\/2042-DESTRUCTORA-INTIMUS-VZ-14.00.jpg","contentUrl":"https:\/\/neodal.es\/wp-content\/uploads\/2021\/12\/2042-DESTRUCTORA-INTIMUS-VZ-14.00.jpg","width":500,"height":500,"caption":"DESTRUCTORA INTIMUS VZ 14.00"},{"@type":"BreadcrumbList","@id":"https:\/\/neodal.es\/ca\/producte\/destructora-intimus-vz-1400-2\/#breadcrumb","itemListElement":[{"@type":"ListItem","position":1,"name":"Portada","item":"https:\/\/neodal.es\/ca\/home\/"},{"@type":"ListItem","position":2,"name":"Productes","item":"https:\/\/neodal.es\/ca\/productes\/"},{"@type":"ListItem","position":3,"name":"DESTRUCTORA INTIMUS VZ 14.00"}]},{"@type":"WebSite","@id":"https:\/\/neodal.es\/ca\/#website","url":"https:\/\/neodal.es\/ca\/","name":"neodal","description":"","potentialAction":[{"@type":"SearchAction","target":{"@type":"EntryPoint","urlTemplate":"https:\/\/neodal.es\/ca\/?s={search_term_string}"},"query-input":{"@type":"PropertyValueSpecification","valueRequired":true,"valueName":"search_term_string"}}],"inLanguage":"ca"}]}},"_links":{"self":[{"href":"https:\/\/neodal.es\/ca\/wp-json\/wp\/v2\/product\/6438","targetHints":{"allow":["GET"]}}],"collection":[{"href":"https:\/\/neodal.es\/ca\/wp-json\/wp\/v2\/product"}],"about":[{"href":"https:\/\/neodal.es\/ca\/wp-json\/wp\/v2\/types\/product"}],"version-history":[{"count":0,"href":"https:\/\/neodal.es\/ca\/wp-json\/wp\/v2\/product\/6438\/revisions"}],"wp:featuredmedia":[{"embeddable":true,"href":"https:\/\/neodal.es\/ca\/wp-json\/wp\/v2\/media\/8661"}],"wp:attachment":[{"href":"https:\/\/neodal.es\/ca\/wp-json\/wp\/v2\/media?parent=6438"}],"wp:term":[{"taxonomy":"product_brand","embeddable":true,"href":"https:\/\/neodal.es\/ca\/wp-json\/wp\/v2\/product_brand?post=6438"},{"taxonomy":"product_cat","embeddable":true,"href":"https:\/\/neodal.es\/ca\/wp-json\/wp\/v2\/product_cat?post=6438"},{"taxonomy":"product_tag","embeddable":true,"href":"https:\/\/neodal.es\/ca\/wp-json\/wp\/v2\/product_tag?post=6438"}],"curies":[{"name":"wp","href":"https:\/\/api.w.org\/{rel}","templated":true}]}}