{"id":6447,"date":"2021-12-21T08:35:57","date_gmt":"2021-12-21T08:35:57","guid":{"rendered":"http:\/\/neodal.local\/product\/destructora-intimus-ssd-granulator-2\/"},"modified":"2021-12-21T08:35:57","modified_gmt":"2021-12-21T08:35:57","slug":"destructora-intimus-ssd-granulator-2","status":"publish","type":"product","link":"https:\/\/neodal.es\/ca\/producte\/destructora-intimus-ssd-granulator-2\/","title":{"rendered":"DESTRUCTORA INTIMUS SSD GRANULATOR"},"content":{"rendered":"<h3>DESTRUCTORA INTIMUS SSD GRANULATOR<\/h3>\n<p>\u00b7 Destructora de alto rendimiento para medios \u00f3pticos y magn\u00e9ticos.<\/p>\n<p>\u00b7 Botones claros y s\u00f3lidos para encendido\/apagado y retroceso.<\/p>\n<p>\u00b7 Cuchillas especialmente reforzadas.<\/p>\n<p>\u00b7 Pantallas intercambiables para obtener diferentes niveles de seguridad.<\/p>\n<p>\u00b7 Interruptor maestro bloqueable.<\/p>\n<p>\u00b7 Material triturado recolectado en contenedor de residuos conforme a norma 80l.<\/p>\n<p>\u00b7 Destruye Memorias USB, Tarjetas SD, tarjetas SIM, SSD de consumo, CD, DVD, Blu-Ray,<\/p>\n<p>\u00b7 Destruye disquetes, tarjetas inteligentes, cinta, tel\u00e9fonos inteligentes, Placas de PC y port\u00e1tiles<\/p>\n<p>\u00b7 Dimensiones: 116 x 76 x 126 cm<\/p>\n<p>\u00b7 Peso: 430Kg.<\/p>\n","protected":false},"excerpt":{"rendered":"<h2>DESTRUCTORA DE MEDIOS \u00d3PTICOS<\/h2>\n<p>Destructora de alto rendimiento Imtimus SSD GRANULATOR para medios \u00f3pticos y magn\u00e9ticos. Pantallas intercambiables para obtener diferentes niveles de seguridad. Alta velocidad, fiabilidad y facilidad de uso. Claros interruptores de encendido, apagado y retroceso. Cuchillas especialmente reforzadas. M\u00e1xima seguridad del operario. Contenedor de residuos conforme a norma de 88 litros.<\/p>\n","protected":false},"featured_media":6440,"template":"","meta":{"_acf_changed":false},"product_brand":[],"product_cat":[1570],"product_tag":[],"class_list":{"0":"post-6447","1":"product","2":"type-product","3":"status-publish","4":"has-post-thumbnail","6":"product_cat-destructoras-de-medios-opticos-it-ca","8":"first","9":"instock","10":"shipping-taxable","11":"product-type-simple"},"acf":[],"yoast_head":"<!-- This site is optimized with the Yoast SEO plugin v27.4 - https:\/\/yoast.com\/product\/yoast-seo-wordpress\/ -->\n<title>Destructora industrial de medios opticos Intimus SSD GRANULATOR. Neodal.<\/title>\n<meta name=\"description\" content=\"Destructora de medios \u00f3pticos y magn\u00e9ticos de alto rendimiento. Pantallas intercambiables para obtener diferentes niveles de seguridad en su destrucci\u00f3n.\" \/>\n<meta name=\"robots\" content=\"index, follow, max-snippet:-1, max-image-preview:large, max-video-preview:-1\" \/>\n<link rel=\"canonical\" href=\"https:\/\/neodal.es\/ca\/producte\/destructora-intimus-ssd-granulator-2\/\" \/>\n<meta property=\"og:locale\" content=\"ca_ES\" \/>\n<meta property=\"og:type\" content=\"article\" \/>\n<meta property=\"og:title\" content=\"Destructora industrial de medios opticos Intimus SSD GRANULATOR. Neodal.\" \/>\n<meta property=\"og:description\" content=\"Destructora de medios \u00f3pticos y magn\u00e9ticos de alto rendimiento. Pantallas intercambiables para obtener diferentes niveles de seguridad en su destrucci\u00f3n.\" \/>\n<meta property=\"og:url\" content=\"https:\/\/neodal.es\/ca\/producte\/destructora-intimus-ssd-granulator-2\/\" \/>\n<meta property=\"og:site_name\" content=\"neodal\" \/>\n<meta property=\"og:image\" content=\"https:\/\/neodal.es\/wp-content\/uploads\/2021\/12\/2052-DESTRUCTORA-DE-MEDIOS-OPTICOS-INTIMUS-SSD-GRANULATOR.jpg\" \/>\n\t<meta property=\"og:image:width\" content=\"500\" \/>\n\t<meta property=\"og:image:height\" content=\"500\" \/>\n\t<meta property=\"og:image:type\" content=\"image\/jpeg\" \/>\n<meta name=\"twitter:card\" content=\"summary_large_image\" \/>\n<script type=\"application\/ld+json\" class=\"yoast-schema-graph\">{\"@context\":\"https:\\\/\\\/schema.org\",\"@graph\":[{\"@type\":\"WebPage\",\"@id\":\"https:\\\/\\\/neodal.es\\\/ca\\\/producte\\\/destructora-intimus-ssd-granulator-2\\\/\",\"url\":\"https:\\\/\\\/neodal.es\\\/ca\\\/producte\\\/destructora-intimus-ssd-granulator-2\\\/\",\"name\":\"Destructora industrial de medios opticos Intimus SSD GRANULATOR. Neodal.\",\"isPartOf\":{\"@id\":\"https:\\\/\\\/neodal.es\\\/ca\\\/#website\"},\"primaryImageOfPage\":{\"@id\":\"https:\\\/\\\/neodal.es\\\/ca\\\/producte\\\/destructora-intimus-ssd-granulator-2\\\/#primaryimage\"},\"image\":{\"@id\":\"https:\\\/\\\/neodal.es\\\/ca\\\/producte\\\/destructora-intimus-ssd-granulator-2\\\/#primaryimage\"},\"thumbnailUrl\":\"https:\\\/\\\/neodal.es\\\/wp-content\\\/uploads\\\/2021\\\/12\\\/2052-DESTRUCTORA-DE-MEDIOS-OPTICOS-INTIMUS-SSD-GRANULATOR.jpg\",\"datePublished\":\"2021-12-21T08:35:57+00:00\",\"description\":\"Destructora de medios \u00f3pticos y magn\u00e9ticos de alto rendimiento. Pantallas intercambiables para obtener diferentes niveles de seguridad en su destrucci\u00f3n.\",\"breadcrumb\":{\"@id\":\"https:\\\/\\\/neodal.es\\\/ca\\\/producte\\\/destructora-intimus-ssd-granulator-2\\\/#breadcrumb\"},\"inLanguage\":\"ca\",\"potentialAction\":[{\"@type\":\"ReadAction\",\"target\":[\"https:\\\/\\\/neodal.es\\\/ca\\\/producte\\\/destructora-intimus-ssd-granulator-2\\\/\"]}]},{\"@type\":\"ImageObject\",\"inLanguage\":\"ca\",\"@id\":\"https:\\\/\\\/neodal.es\\\/ca\\\/producte\\\/destructora-intimus-ssd-granulator-2\\\/#primaryimage\",\"url\":\"https:\\\/\\\/neodal.es\\\/wp-content\\\/uploads\\\/2021\\\/12\\\/2052-DESTRUCTORA-DE-MEDIOS-OPTICOS-INTIMUS-SSD-GRANULATOR.jpg\",\"contentUrl\":\"https:\\\/\\\/neodal.es\\\/wp-content\\\/uploads\\\/2021\\\/12\\\/2052-DESTRUCTORA-DE-MEDIOS-OPTICOS-INTIMUS-SSD-GRANULATOR.jpg\",\"width\":500,\"height\":500,\"caption\":\"DESTRUCTORA DE MEDIOS \u00d3PTICOS INTIMUS SSD GRANULATOR\"},{\"@type\":\"BreadcrumbList\",\"@id\":\"https:\\\/\\\/neodal.es\\\/ca\\\/producte\\\/destructora-intimus-ssd-granulator-2\\\/#breadcrumb\",\"itemListElement\":[{\"@type\":\"ListItem\",\"position\":1,\"name\":\"Portada\",\"item\":\"https:\\\/\\\/neodal.es\\\/ca\\\/home\\\/\"},{\"@type\":\"ListItem\",\"position\":2,\"name\":\"Productes\",\"item\":\"https:\\\/\\\/neodal.es\\\/ca\\\/productes\\\/\"},{\"@type\":\"ListItem\",\"position\":3,\"name\":\"DESTRUCTORA INTIMUS SSD GRANULATOR\"}]},{\"@type\":\"WebSite\",\"@id\":\"https:\\\/\\\/neodal.es\\\/ca\\\/#website\",\"url\":\"https:\\\/\\\/neodal.es\\\/ca\\\/\",\"name\":\"neodal\",\"description\":\"\",\"potentialAction\":[{\"@type\":\"SearchAction\",\"target\":{\"@type\":\"EntryPoint\",\"urlTemplate\":\"https:\\\/\\\/neodal.es\\\/ca\\\/?s={search_term_string}\"},\"query-input\":{\"@type\":\"PropertyValueSpecification\",\"valueRequired\":true,\"valueName\":\"search_term_string\"}}],\"inLanguage\":\"ca\"}]}<\/script>\n<!-- \/ Yoast SEO plugin. -->","yoast_head_json":{"title":"Destructora industrial de medios opticos Intimus SSD GRANULATOR. Neodal.","description":"Destructora de medios \u00f3pticos y magn\u00e9ticos de alto rendimiento. Pantallas intercambiables para obtener diferentes niveles de seguridad en su destrucci\u00f3n.","robots":{"index":"index","follow":"follow","max-snippet":"max-snippet:-1","max-image-preview":"max-image-preview:large","max-video-preview":"max-video-preview:-1"},"canonical":"https:\/\/neodal.es\/ca\/producte\/destructora-intimus-ssd-granulator-2\/","og_locale":"ca_ES","og_type":"article","og_title":"Destructora industrial de medios opticos Intimus SSD GRANULATOR. Neodal.","og_description":"Destructora de medios \u00f3pticos y magn\u00e9ticos de alto rendimiento. Pantallas intercambiables para obtener diferentes niveles de seguridad en su destrucci\u00f3n.","og_url":"https:\/\/neodal.es\/ca\/producte\/destructora-intimus-ssd-granulator-2\/","og_site_name":"neodal","og_image":[{"width":500,"height":500,"url":"https:\/\/neodal.es\/wp-content\/uploads\/2021\/12\/2052-DESTRUCTORA-DE-MEDIOS-OPTICOS-INTIMUS-SSD-GRANULATOR.jpg","type":"image\/jpeg"}],"twitter_card":"summary_large_image","schema":{"@context":"https:\/\/schema.org","@graph":[{"@type":"WebPage","@id":"https:\/\/neodal.es\/ca\/producte\/destructora-intimus-ssd-granulator-2\/","url":"https:\/\/neodal.es\/ca\/producte\/destructora-intimus-ssd-granulator-2\/","name":"Destructora industrial de medios opticos Intimus SSD GRANULATOR. Neodal.","isPartOf":{"@id":"https:\/\/neodal.es\/ca\/#website"},"primaryImageOfPage":{"@id":"https:\/\/neodal.es\/ca\/producte\/destructora-intimus-ssd-granulator-2\/#primaryimage"},"image":{"@id":"https:\/\/neodal.es\/ca\/producte\/destructora-intimus-ssd-granulator-2\/#primaryimage"},"thumbnailUrl":"https:\/\/neodal.es\/wp-content\/uploads\/2021\/12\/2052-DESTRUCTORA-DE-MEDIOS-OPTICOS-INTIMUS-SSD-GRANULATOR.jpg","datePublished":"2021-12-21T08:35:57+00:00","description":"Destructora de medios \u00f3pticos y magn\u00e9ticos de alto rendimiento. Pantallas intercambiables para obtener diferentes niveles de seguridad en su destrucci\u00f3n.","breadcrumb":{"@id":"https:\/\/neodal.es\/ca\/producte\/destructora-intimus-ssd-granulator-2\/#breadcrumb"},"inLanguage":"ca","potentialAction":[{"@type":"ReadAction","target":["https:\/\/neodal.es\/ca\/producte\/destructora-intimus-ssd-granulator-2\/"]}]},{"@type":"ImageObject","inLanguage":"ca","@id":"https:\/\/neodal.es\/ca\/producte\/destructora-intimus-ssd-granulator-2\/#primaryimage","url":"https:\/\/neodal.es\/wp-content\/uploads\/2021\/12\/2052-DESTRUCTORA-DE-MEDIOS-OPTICOS-INTIMUS-SSD-GRANULATOR.jpg","contentUrl":"https:\/\/neodal.es\/wp-content\/uploads\/2021\/12\/2052-DESTRUCTORA-DE-MEDIOS-OPTICOS-INTIMUS-SSD-GRANULATOR.jpg","width":500,"height":500,"caption":"DESTRUCTORA DE MEDIOS \u00d3PTICOS INTIMUS SSD GRANULATOR"},{"@type":"BreadcrumbList","@id":"https:\/\/neodal.es\/ca\/producte\/destructora-intimus-ssd-granulator-2\/#breadcrumb","itemListElement":[{"@type":"ListItem","position":1,"name":"Portada","item":"https:\/\/neodal.es\/ca\/home\/"},{"@type":"ListItem","position":2,"name":"Productes","item":"https:\/\/neodal.es\/ca\/productes\/"},{"@type":"ListItem","position":3,"name":"DESTRUCTORA INTIMUS SSD GRANULATOR"}]},{"@type":"WebSite","@id":"https:\/\/neodal.es\/ca\/#website","url":"https:\/\/neodal.es\/ca\/","name":"neodal","description":"","potentialAction":[{"@type":"SearchAction","target":{"@type":"EntryPoint","urlTemplate":"https:\/\/neodal.es\/ca\/?s={search_term_string}"},"query-input":{"@type":"PropertyValueSpecification","valueRequired":true,"valueName":"search_term_string"}}],"inLanguage":"ca"}]}},"_links":{"self":[{"href":"https:\/\/neodal.es\/ca\/wp-json\/wp\/v2\/product\/6447","targetHints":{"allow":["GET"]}}],"collection":[{"href":"https:\/\/neodal.es\/ca\/wp-json\/wp\/v2\/product"}],"about":[{"href":"https:\/\/neodal.es\/ca\/wp-json\/wp\/v2\/types\/product"}],"version-history":[{"count":0,"href":"https:\/\/neodal.es\/ca\/wp-json\/wp\/v2\/product\/6447\/revisions"}],"wp:featuredmedia":[{"embeddable":true,"href":"https:\/\/neodal.es\/ca\/wp-json\/wp\/v2\/media\/6440"}],"wp:attachment":[{"href":"https:\/\/neodal.es\/ca\/wp-json\/wp\/v2\/media?parent=6447"}],"wp:term":[{"taxonomy":"product_brand","embeddable":true,"href":"https:\/\/neodal.es\/ca\/wp-json\/wp\/v2\/product_brand?post=6447"},{"taxonomy":"product_cat","embeddable":true,"href":"https:\/\/neodal.es\/ca\/wp-json\/wp\/v2\/product_cat?post=6447"},{"taxonomy":"product_tag","embeddable":true,"href":"https:\/\/neodal.es\/ca\/wp-json\/wp\/v2\/product_tag?post=6447"}],"curies":[{"name":"wp","href":"https:\/\/api.w.org\/{rel}","templated":true}]}}