{"id":6523,"date":"2022-06-13T16:07:41","date_gmt":"2022-06-13T16:07:41","guid":{"rendered":"http:\/\/neodal.local\/product\/intimus-lo1632-2\/"},"modified":"2022-06-13T16:07:41","modified_gmt":"2022-06-13T16:07:41","slug":"intimus-lo1632-2","status":"publish","type":"product","link":"https:\/\/neodal.es\/ca\/producte\/intimus-lo1632-2\/","title":{"rendered":"INTIMUS LO1632"},"content":{"rendered":"<h3>ABRIDORA DE SOBRES INTIMUS LO 1632<\/h3>\n<p>\u00b7 Equipo compacto de Oficina<\/p>\n<p>\u00b7 Velocidad hasta 150 sobres por minuto<\/p>\n<p>\u00b7 Bajo nivel de ruido<\/p>\n<p>\u00b7 Ancho de corte 2mm.<\/p>\n<p>\u00b7 Alimentaci\u00f3n autom\u00e1tica<\/p>\n<p>\u00b7 Permite una pila de sobres de hasta 4,5 cm de altura.<\/p>\n<p>\u00b7 Dimensiones (La\/An\/Pr) 360 mm x 260 mm x 140 mm<\/p>\n<p>\u00b7 Peso: 2,9 KG<\/p><\/p>\n","protected":false},"excerpt":{"rendered":"<h2>ABRIDORA DE SOBRES INTIMUS LO 1632<\/h2>\n<p>La abridora de sobres Intimus LO 1632 no da\u00f1an el contenido de los sobres. Abra su correspondencia de forma efic\u00e1z y r\u00e1pida sin m\u00e1s p\u00e9rdidas de tiempo. Las consultas, comunicaciones, pedidos de clientes\u2026 son atendidos con mayor inmediatez dando como resultado un mejor servicio y mayor satisfacci\u00f3n de sus clientes, mejorando la imagen y efectividad de su compa\u00f1\u00eda.<\/p><\/p>\n","protected":false},"featured_media":6520,"template":"","meta":{"_acf_changed":false},"product_brand":[],"product_cat":[1448],"product_tag":[],"class_list":{"0":"post-6523","1":"product","2":"type-product","3":"status-publish","4":"has-post-thumbnail","6":"product_cat-obrecartes-quadient-neopost","8":"first","9":"instock","10":"shipping-taxable","11":"product-type-simple"},"acf":[],"yoast_head":"<!-- This site is optimized with the Yoast SEO plugin v27.4 - https:\/\/yoast.com\/product\/yoast-seo-wordpress\/ -->\n<title>INTIMUS LO1632 - neodal<\/title>\n<meta name=\"robots\" content=\"index, follow, max-snippet:-1, max-image-preview:large, max-video-preview:-1\" \/>\n<link rel=\"canonical\" href=\"https:\/\/neodal.es\/ca\/producte\/intimus-lo1632-2\/\" \/>\n<meta property=\"og:locale\" content=\"ca_ES\" \/>\n<meta property=\"og:type\" content=\"article\" \/>\n<meta property=\"og:title\" content=\"INTIMUS LO1632 - neodal\" \/>\n<meta property=\"og:description\" content=\"ABRIDORA DE SOBRES INTIMUS LO 1632 La abridora de sobres Intimus LO 1632 no da\u00f1an el contenido de los sobres. Abra su correspondencia de forma efic\u00e1z y r\u00e1pida sin m\u00e1s p\u00e9rdidas de tiempo. Las consultas, comunicaciones, pedidos de clientes\u2026 son atendidos con mayor inmediatez dando como resultado un mejor servicio y mayor satisfacci\u00f3n de sus clientes, mejorando la imagen y efectividad de su compa\u00f1\u00eda.\" \/>\n<meta property=\"og:url\" content=\"https:\/\/neodal.es\/ca\/producte\/intimus-lo1632-2\/\" \/>\n<meta property=\"og:site_name\" content=\"neodal\" \/>\n<meta property=\"og:image\" content=\"https:\/\/neodal.es\/wp-content\/uploads\/2022\/06\/2505-ABRIDORA-DE-SOBRES-INTIMUS-LO-1632.jpg\" \/>\n\t<meta property=\"og:image:width\" content=\"500\" \/>\n\t<meta property=\"og:image:height\" content=\"500\" \/>\n\t<meta property=\"og:image:type\" content=\"image\/jpeg\" \/>\n<meta name=\"twitter:card\" content=\"summary_large_image\" \/>\n<script type=\"application\/ld+json\" class=\"yoast-schema-graph\">{\"@context\":\"https:\\\/\\\/schema.org\",\"@graph\":[{\"@type\":\"WebPage\",\"@id\":\"https:\\\/\\\/neodal.es\\\/ca\\\/producte\\\/intimus-lo1632-2\\\/\",\"url\":\"https:\\\/\\\/neodal.es\\\/ca\\\/producte\\\/intimus-lo1632-2\\\/\",\"name\":\"INTIMUS LO1632 - neodal\",\"isPartOf\":{\"@id\":\"https:\\\/\\\/neodal.es\\\/ca\\\/#website\"},\"primaryImageOfPage\":{\"@id\":\"https:\\\/\\\/neodal.es\\\/ca\\\/producte\\\/intimus-lo1632-2\\\/#primaryimage\"},\"image\":{\"@id\":\"https:\\\/\\\/neodal.es\\\/ca\\\/producte\\\/intimus-lo1632-2\\\/#primaryimage\"},\"thumbnailUrl\":\"https:\\\/\\\/neodal.es\\\/wp-content\\\/uploads\\\/2022\\\/06\\\/2505-ABRIDORA-DE-SOBRES-INTIMUS-LO-1632.jpg\",\"datePublished\":\"2022-06-13T16:07:41+00:00\",\"breadcrumb\":{\"@id\":\"https:\\\/\\\/neodal.es\\\/ca\\\/producte\\\/intimus-lo1632-2\\\/#breadcrumb\"},\"inLanguage\":\"ca\",\"potentialAction\":[{\"@type\":\"ReadAction\",\"target\":[\"https:\\\/\\\/neodal.es\\\/ca\\\/producte\\\/intimus-lo1632-2\\\/\"]}]},{\"@type\":\"ImageObject\",\"inLanguage\":\"ca\",\"@id\":\"https:\\\/\\\/neodal.es\\\/ca\\\/producte\\\/intimus-lo1632-2\\\/#primaryimage\",\"url\":\"https:\\\/\\\/neodal.es\\\/wp-content\\\/uploads\\\/2022\\\/06\\\/2505-ABRIDORA-DE-SOBRES-INTIMUS-LO-1632.jpg\",\"contentUrl\":\"https:\\\/\\\/neodal.es\\\/wp-content\\\/uploads\\\/2022\\\/06\\\/2505-ABRIDORA-DE-SOBRES-INTIMUS-LO-1632.jpg\",\"width\":500,\"height\":500,\"caption\":\"ABRIDORA DE SOBRES INTIMUS LO 1632\"},{\"@type\":\"BreadcrumbList\",\"@id\":\"https:\\\/\\\/neodal.es\\\/ca\\\/producte\\\/intimus-lo1632-2\\\/#breadcrumb\",\"itemListElement\":[{\"@type\":\"ListItem\",\"position\":1,\"name\":\"Portada\",\"item\":\"https:\\\/\\\/neodal.es\\\/ca\\\/home\\\/\"},{\"@type\":\"ListItem\",\"position\":2,\"name\":\"Productes\",\"item\":\"https:\\\/\\\/neodal.es\\\/ca\\\/productes\\\/\"},{\"@type\":\"ListItem\",\"position\":3,\"name\":\"INTIMUS LO1632\"}]},{\"@type\":\"WebSite\",\"@id\":\"https:\\\/\\\/neodal.es\\\/ca\\\/#website\",\"url\":\"https:\\\/\\\/neodal.es\\\/ca\\\/\",\"name\":\"neodal\",\"description\":\"\",\"potentialAction\":[{\"@type\":\"SearchAction\",\"target\":{\"@type\":\"EntryPoint\",\"urlTemplate\":\"https:\\\/\\\/neodal.es\\\/ca\\\/?s={search_term_string}\"},\"query-input\":{\"@type\":\"PropertyValueSpecification\",\"valueRequired\":true,\"valueName\":\"search_term_string\"}}],\"inLanguage\":\"ca\"}]}<\/script>\n<!-- \/ Yoast SEO plugin. -->","yoast_head_json":{"title":"INTIMUS LO1632 - neodal","robots":{"index":"index","follow":"follow","max-snippet":"max-snippet:-1","max-image-preview":"max-image-preview:large","max-video-preview":"max-video-preview:-1"},"canonical":"https:\/\/neodal.es\/ca\/producte\/intimus-lo1632-2\/","og_locale":"ca_ES","og_type":"article","og_title":"INTIMUS LO1632 - neodal","og_description":"ABRIDORA DE SOBRES INTIMUS LO 1632 La abridora de sobres Intimus LO 1632 no da\u00f1an el contenido de los sobres. Abra su correspondencia de forma efic\u00e1z y r\u00e1pida sin m\u00e1s p\u00e9rdidas de tiempo. Las consultas, comunicaciones, pedidos de clientes\u2026 son atendidos con mayor inmediatez dando como resultado un mejor servicio y mayor satisfacci\u00f3n de sus clientes, mejorando la imagen y efectividad de su compa\u00f1\u00eda.","og_url":"https:\/\/neodal.es\/ca\/producte\/intimus-lo1632-2\/","og_site_name":"neodal","og_image":[{"width":500,"height":500,"url":"https:\/\/neodal.es\/wp-content\/uploads\/2022\/06\/2505-ABRIDORA-DE-SOBRES-INTIMUS-LO-1632.jpg","type":"image\/jpeg"}],"twitter_card":"summary_large_image","schema":{"@context":"https:\/\/schema.org","@graph":[{"@type":"WebPage","@id":"https:\/\/neodal.es\/ca\/producte\/intimus-lo1632-2\/","url":"https:\/\/neodal.es\/ca\/producte\/intimus-lo1632-2\/","name":"INTIMUS LO1632 - neodal","isPartOf":{"@id":"https:\/\/neodal.es\/ca\/#website"},"primaryImageOfPage":{"@id":"https:\/\/neodal.es\/ca\/producte\/intimus-lo1632-2\/#primaryimage"},"image":{"@id":"https:\/\/neodal.es\/ca\/producte\/intimus-lo1632-2\/#primaryimage"},"thumbnailUrl":"https:\/\/neodal.es\/wp-content\/uploads\/2022\/06\/2505-ABRIDORA-DE-SOBRES-INTIMUS-LO-1632.jpg","datePublished":"2022-06-13T16:07:41+00:00","breadcrumb":{"@id":"https:\/\/neodal.es\/ca\/producte\/intimus-lo1632-2\/#breadcrumb"},"inLanguage":"ca","potentialAction":[{"@type":"ReadAction","target":["https:\/\/neodal.es\/ca\/producte\/intimus-lo1632-2\/"]}]},{"@type":"ImageObject","inLanguage":"ca","@id":"https:\/\/neodal.es\/ca\/producte\/intimus-lo1632-2\/#primaryimage","url":"https:\/\/neodal.es\/wp-content\/uploads\/2022\/06\/2505-ABRIDORA-DE-SOBRES-INTIMUS-LO-1632.jpg","contentUrl":"https:\/\/neodal.es\/wp-content\/uploads\/2022\/06\/2505-ABRIDORA-DE-SOBRES-INTIMUS-LO-1632.jpg","width":500,"height":500,"caption":"ABRIDORA DE SOBRES INTIMUS LO 1632"},{"@type":"BreadcrumbList","@id":"https:\/\/neodal.es\/ca\/producte\/intimus-lo1632-2\/#breadcrumb","itemListElement":[{"@type":"ListItem","position":1,"name":"Portada","item":"https:\/\/neodal.es\/ca\/home\/"},{"@type":"ListItem","position":2,"name":"Productes","item":"https:\/\/neodal.es\/ca\/productes\/"},{"@type":"ListItem","position":3,"name":"INTIMUS LO1632"}]},{"@type":"WebSite","@id":"https:\/\/neodal.es\/ca\/#website","url":"https:\/\/neodal.es\/ca\/","name":"neodal","description":"","potentialAction":[{"@type":"SearchAction","target":{"@type":"EntryPoint","urlTemplate":"https:\/\/neodal.es\/ca\/?s={search_term_string}"},"query-input":{"@type":"PropertyValueSpecification","valueRequired":true,"valueName":"search_term_string"}}],"inLanguage":"ca"}]}},"_links":{"self":[{"href":"https:\/\/neodal.es\/ca\/wp-json\/wp\/v2\/product\/6523","targetHints":{"allow":["GET"]}}],"collection":[{"href":"https:\/\/neodal.es\/ca\/wp-json\/wp\/v2\/product"}],"about":[{"href":"https:\/\/neodal.es\/ca\/wp-json\/wp\/v2\/types\/product"}],"version-history":[{"count":0,"href":"https:\/\/neodal.es\/ca\/wp-json\/wp\/v2\/product\/6523\/revisions"}],"wp:featuredmedia":[{"embeddable":true,"href":"https:\/\/neodal.es\/ca\/wp-json\/wp\/v2\/media\/6520"}],"wp:attachment":[{"href":"https:\/\/neodal.es\/ca\/wp-json\/wp\/v2\/media?parent=6523"}],"wp:term":[{"taxonomy":"product_brand","embeddable":true,"href":"https:\/\/neodal.es\/ca\/wp-json\/wp\/v2\/product_brand?post=6523"},{"taxonomy":"product_cat","embeddable":true,"href":"https:\/\/neodal.es\/ca\/wp-json\/wp\/v2\/product_cat?post=6523"},{"taxonomy":"product_tag","embeddable":true,"href":"https:\/\/neodal.es\/ca\/wp-json\/wp\/v2\/product_tag?post=6523"}],"curies":[{"name":"wp","href":"https:\/\/api.w.org\/{rel}","templated":true}]}}