{"id":6537,"date":"2022-09-21T12:03:41","date_gmt":"2022-09-21T12:03:41","guid":{"rendered":"http:\/\/neodal.local\/product\/ensobradora-quadient-ds77iq-2\/"},"modified":"2022-09-21T12:03:41","modified_gmt":"2022-09-21T12:03:41","slug":"ensobradora-quadient-ds77iq-2","status":"publish","type":"product","link":"https:\/\/neodal.es\/ca\/producte\/ensobradora-quadient-ds77iq-2\/","title":{"rendered":"ENSOBRADORA QUADIENT DS 77IQ"},"content":{"rendered":"<h3><span style=\"font-family: verdana, geneva;\">ENSOBRADORA QUADIENT NEOPOST\u00a0DS 77iQ<\/span><\/h3>\n<p>\u00b7 M\u00e1quina modular compacta.<\/p>\n<p>\u00b7 M\u00e1xima facilidad de uso, \u201cLoad &#038; Go\u201d.<\/p>\n<p>\u00b7 3 alimentadores<span style=\"font-style: inherit;\"> de documentos A4. (Standar)<br \/><\/span><\/p>\n<p>\u00b7 Alimentadores flexibles<span style=\"font-style: inherit;\"> para trabajar con diferentes formatos de papel.<\/span><\/p>\n<p>\u00b7 Alimentaci\u00f3n m\u00faltiple de documentos (con plegado conjunto de los documentos<span style=\"font-style: inherit;\">).<\/span><\/p>\n<p><span style=\"font-style: inherit;\">\u00b7 Alimentaci\u00f3n manual para grupos de hojas grapadas.<\/span><\/p>\n<p>\u00b7 Formatos de sobre americano, cuartilla\u2026 (C6\/5 y C5\u2026).<\/p>\n<p>\u00b7 Display t\u00e1ctil<span style=\"font-style: inherit;\"> de 7 pulgadas con texto en castellano.<\/span><\/p>\n<p>\u00b7 Capacidad de plegado conjunto hasta 10 hojas.<\/p>\n<p>\u00b7 Tipos de plegado en tr\u00edptico, d\u00edptico, zig\u2013zag\u2026<\/p>\n<p>\u00b7 Tecnolog\u00eda \u201cSecure N\u00b4feed\u201d (Detecci\u00f3n de documentos dobles).<\/p>\n<p>\u00b7 Opci\u00f3n lectura OMR \/ BCR (1D &#8211; 2Datamatrix) y OCR.<\/p>\n<p>\u00b7 Accesorios disponibles Alimentador de Gran capacidad, Vertical Stacker, Salida Lateral&#8230;<\/p>\n<p>\u00b7 Dimensiones: 127\u00d7 50,8\u00d7 73,5 cm<\/p>\n<p>\u00b7 Peso: 78 Kg<\/p><\/p>\n","protected":false},"excerpt":{"rendered":"<div id=\"product-description-short-86\" itemprop=\"description\" class=\"rte-content product-description\">\n<h2>ENSOBRADORA AUTOMATICA DE OFICINA MEDIO VOLUMEN<\/h2>\n<p style=\"text-align: justify;\">\n<p style=\"text-align: justify;\">La<strong> nueva Ensobradora Quadient Neopost DS77iq <\/strong>es una m\u00e1quina compacta y modular de sobremesa para uso en Oficinas, Hospitales, Centros m\u00e9dicos, Organismos oficiales, Ayuntamientos&#8230;<\/p>\n<p style=\"text-align: justify;\">La <strong>Ensobradora<\/strong>\u00a0<strong>Quadient<\/strong> <strong>DS77iq<\/strong>, es un equipo muy f\u00e1cil de usar. Tan solo tiene que cargar el papel y los sobres, seleccionar la terea y pulsar Star. El equipo le permite dedicar su tiempo a tareas m\u00e1s productivas en su negocio.<\/p>\n<p style=\"text-align: justify;\">Cuenta con sistemas de lectura inteligente para clasificar los documentos <strong>OMR \/ BCR Y OCR<\/strong> mediante escaner CSI. Adem\u00e1s puede trabajar con los sobres m\u00e1s comunes Americano y Cuartilla. C<strong><\/strong>on esta ensobradora podr\u00e1 procesar todas sus facturas, comunicaciones oficiales,\u00a0circulares, Mailing\u2026 de forma inteligente y segura.<\/p>\n<\/p><\/div><\/p>\n","protected":false},"featured_media":6529,"comment_status":"open","ping_status":"closed","template":"","meta":{"_acf_changed":false},"product_brand":[],"product_cat":[1442,1498],"product_tag":[],"class_list":{"0":"post-6537","1":"product","2":"type-product","3":"status-publish","4":"has-post-thumbnail","6":"product_cat-ensobradoras-quadient-neopost","7":"product_cat-ensobradores-quadient-neopost-mig-volum","9":"first","10":"instock","11":"shipping-taxable","12":"product-type-simple"},"acf":[],"yoast_head":"<!-- This site is optimized with the Yoast SEO plugin v27.0 - https:\/\/yoast.com\/product\/yoast-seo-wordpress\/ -->\n<title>ENSOBRADORA QUADIENT DS 77 IQ<\/title>\n<meta name=\"description\" content=\"La ensobradora El DS-77 iQ de \u00faltima generaci\u00f3n dispone de lectura OMR, BCR Y OCR, mediante escaner CSI. M\u00e1xima facilidad de uso, seguridad y productividad.\" \/>\n<meta name=\"robots\" content=\"index, follow, max-snippet:-1, max-image-preview:large, max-video-preview:-1\" \/>\n<link rel=\"canonical\" href=\"https:\/\/neodal.es\/ca\/producte\/ensobradora-quadient-ds77iq-2\/\" \/>\n<meta property=\"og:locale\" content=\"ca_ES\" \/>\n<meta property=\"og:type\" content=\"article\" \/>\n<meta property=\"og:title\" content=\"ENSOBRADORA QUADIENT DS 77 IQ\" \/>\n<meta property=\"og:description\" content=\"La ensobradora El DS-77 iQ de \u00faltima generaci\u00f3n dispone de lectura OMR, BCR Y OCR, mediante escaner CSI. M\u00e1xima facilidad de uso, seguridad y productividad.\" \/>\n<meta property=\"og:url\" content=\"https:\/\/neodal.es\/ca\/producte\/ensobradora-quadient-ds77iq-2\/\" \/>\n<meta property=\"og:site_name\" content=\"neodal\" \/>\n<meta property=\"og:image\" content=\"https:\/\/neodal.es\/wp-content\/uploads\/2022\/09\/2287-ENSOBRADORA-QUADIENT-DS-77IQ.jpg\" \/>\n\t<meta property=\"og:image:width\" content=\"500\" \/>\n\t<meta property=\"og:image:height\" content=\"500\" \/>\n\t<meta property=\"og:image:type\" content=\"image\/jpeg\" \/>\n<meta name=\"twitter:card\" content=\"summary_large_image\" \/>\n<meta name=\"twitter:label1\" content=\"Temps estimat de lectura\" \/>\n\t<meta name=\"twitter:data1\" content=\"1 minut\" \/>\n<script type=\"application\/ld+json\" class=\"yoast-schema-graph\">{\"@context\":\"https:\/\/schema.org\",\"@graph\":[{\"@type\":\"WebPage\",\"@id\":\"https:\/\/neodal.es\/ca\/producte\/ensobradora-quadient-ds77iq-2\/\",\"url\":\"https:\/\/neodal.es\/ca\/producte\/ensobradora-quadient-ds77iq-2\/\",\"name\":\"ENSOBRADORA QUADIENT DS 77 IQ\",\"isPartOf\":{\"@id\":\"https:\/\/neodal.es\/ca\/#website\"},\"primaryImageOfPage\":{\"@id\":\"https:\/\/neodal.es\/ca\/producte\/ensobradora-quadient-ds77iq-2\/#primaryimage\"},\"image\":{\"@id\":\"https:\/\/neodal.es\/ca\/producte\/ensobradora-quadient-ds77iq-2\/#primaryimage\"},\"thumbnailUrl\":\"https:\/\/neodal.es\/wp-content\/uploads\/2022\/09\/2287-ENSOBRADORA-QUADIENT-DS-77IQ.jpg\",\"datePublished\":\"2022-09-21T12:03:41+00:00\",\"description\":\"La ensobradora El DS-77 iQ de \u00faltima generaci\u00f3n dispone de lectura OMR, BCR Y OCR, mediante escaner CSI. M\u00e1xima facilidad de uso, seguridad y productividad.\",\"breadcrumb\":{\"@id\":\"https:\/\/neodal.es\/ca\/producte\/ensobradora-quadient-ds77iq-2\/#breadcrumb\"},\"inLanguage\":\"ca\",\"potentialAction\":[{\"@type\":\"ReadAction\",\"target\":[\"https:\/\/neodal.es\/ca\/producte\/ensobradora-quadient-ds77iq-2\/\"]}]},{\"@type\":\"ImageObject\",\"inLanguage\":\"ca\",\"@id\":\"https:\/\/neodal.es\/ca\/producte\/ensobradora-quadient-ds77iq-2\/#primaryimage\",\"url\":\"https:\/\/neodal.es\/wp-content\/uploads\/2022\/09\/2287-ENSOBRADORA-QUADIENT-DS-77IQ.jpg\",\"contentUrl\":\"https:\/\/neodal.es\/wp-content\/uploads\/2022\/09\/2287-ENSOBRADORA-QUADIENT-DS-77IQ.jpg\",\"width\":500,\"height\":500,\"caption\":\"ENSOBRADORA QUADIENT DS 77IQ\"},{\"@type\":\"BreadcrumbList\",\"@id\":\"https:\/\/neodal.es\/ca\/producte\/ensobradora-quadient-ds77iq-2\/#breadcrumb\",\"itemListElement\":[{\"@type\":\"ListItem\",\"position\":1,\"name\":\"Portada\",\"item\":\"https:\/\/neodal.es\/ca\/home\/\"},{\"@type\":\"ListItem\",\"position\":2,\"name\":\"Productes\",\"item\":\"https:\/\/neodal.es\/ca\/productes\/\"},{\"@type\":\"ListItem\",\"position\":3,\"name\":\"ENSOBRADORA QUADIENT DS 77IQ\"}]},{\"@type\":\"WebSite\",\"@id\":\"https:\/\/neodal.es\/ca\/#website\",\"url\":\"https:\/\/neodal.es\/ca\/\",\"name\":\"neodal\",\"description\":\"\",\"publisher\":{\"@id\":\"https:\/\/neodal.es\/ca\/#organization\"},\"potentialAction\":[{\"@type\":\"SearchAction\",\"target\":{\"@type\":\"EntryPoint\",\"urlTemplate\":\"https:\/\/neodal.es\/ca\/?s={search_term_string}\"},\"query-input\":{\"@type\":\"PropertyValueSpecification\",\"valueRequired\":true,\"valueName\":\"search_term_string\"}}],\"inLanguage\":\"ca\"},{\"@type\":\"Organization\",\"@id\":\"https:\/\/neodal.es\/ca\/#organization\",\"name\":\"neodal\",\"url\":\"https:\/\/neodal.es\/ca\/\",\"logo\":{\"@type\":\"ImageObject\",\"inLanguage\":\"ca\",\"@id\":\"https:\/\/neodal.es\/ca\/#\/schema\/logo\/image\/\",\"url\":\"https:\/\/neodal.es\/wp-content\/uploads\/2025\/12\/neodal-logo.jpeg\",\"contentUrl\":\"https:\/\/neodal.es\/wp-content\/uploads\/2025\/12\/neodal-logo.jpeg\",\"width\":359,\"height\":87,\"caption\":\"neodal\"},\"image\":{\"@id\":\"https:\/\/neodal.es\/ca\/#\/schema\/logo\/image\/\"}}]}<\/script>\n<!-- \/ Yoast SEO plugin. -->","yoast_head_json":{"title":"ENSOBRADORA QUADIENT DS 77 IQ","description":"La ensobradora El DS-77 iQ de \u00faltima generaci\u00f3n dispone de lectura OMR, BCR Y OCR, mediante escaner CSI. M\u00e1xima facilidad de uso, seguridad y productividad.","robots":{"index":"index","follow":"follow","max-snippet":"max-snippet:-1","max-image-preview":"max-image-preview:large","max-video-preview":"max-video-preview:-1"},"canonical":"https:\/\/neodal.es\/ca\/producte\/ensobradora-quadient-ds77iq-2\/","og_locale":"ca_ES","og_type":"article","og_title":"ENSOBRADORA QUADIENT DS 77 IQ","og_description":"La ensobradora El DS-77 iQ de \u00faltima generaci\u00f3n dispone de lectura OMR, BCR Y OCR, mediante escaner CSI. M\u00e1xima facilidad de uso, seguridad y productividad.","og_url":"https:\/\/neodal.es\/ca\/producte\/ensobradora-quadient-ds77iq-2\/","og_site_name":"neodal","og_image":[{"width":500,"height":500,"url":"https:\/\/neodal.es\/wp-content\/uploads\/2022\/09\/2287-ENSOBRADORA-QUADIENT-DS-77IQ.jpg","type":"image\/jpeg"}],"twitter_card":"summary_large_image","twitter_misc":{"Temps estimat de lectura":"1 minut"},"schema":{"@context":"https:\/\/schema.org","@graph":[{"@type":"WebPage","@id":"https:\/\/neodal.es\/ca\/producte\/ensobradora-quadient-ds77iq-2\/","url":"https:\/\/neodal.es\/ca\/producte\/ensobradora-quadient-ds77iq-2\/","name":"ENSOBRADORA QUADIENT DS 77 IQ","isPartOf":{"@id":"https:\/\/neodal.es\/ca\/#website"},"primaryImageOfPage":{"@id":"https:\/\/neodal.es\/ca\/producte\/ensobradora-quadient-ds77iq-2\/#primaryimage"},"image":{"@id":"https:\/\/neodal.es\/ca\/producte\/ensobradora-quadient-ds77iq-2\/#primaryimage"},"thumbnailUrl":"https:\/\/neodal.es\/wp-content\/uploads\/2022\/09\/2287-ENSOBRADORA-QUADIENT-DS-77IQ.jpg","datePublished":"2022-09-21T12:03:41+00:00","description":"La ensobradora El DS-77 iQ de \u00faltima generaci\u00f3n dispone de lectura OMR, BCR Y OCR, mediante escaner CSI. M\u00e1xima facilidad de uso, seguridad y productividad.","breadcrumb":{"@id":"https:\/\/neodal.es\/ca\/producte\/ensobradora-quadient-ds77iq-2\/#breadcrumb"},"inLanguage":"ca","potentialAction":[{"@type":"ReadAction","target":["https:\/\/neodal.es\/ca\/producte\/ensobradora-quadient-ds77iq-2\/"]}]},{"@type":"ImageObject","inLanguage":"ca","@id":"https:\/\/neodal.es\/ca\/producte\/ensobradora-quadient-ds77iq-2\/#primaryimage","url":"https:\/\/neodal.es\/wp-content\/uploads\/2022\/09\/2287-ENSOBRADORA-QUADIENT-DS-77IQ.jpg","contentUrl":"https:\/\/neodal.es\/wp-content\/uploads\/2022\/09\/2287-ENSOBRADORA-QUADIENT-DS-77IQ.jpg","width":500,"height":500,"caption":"ENSOBRADORA QUADIENT DS 77IQ"},{"@type":"BreadcrumbList","@id":"https:\/\/neodal.es\/ca\/producte\/ensobradora-quadient-ds77iq-2\/#breadcrumb","itemListElement":[{"@type":"ListItem","position":1,"name":"Portada","item":"https:\/\/neodal.es\/ca\/home\/"},{"@type":"ListItem","position":2,"name":"Productes","item":"https:\/\/neodal.es\/ca\/productes\/"},{"@type":"ListItem","position":3,"name":"ENSOBRADORA QUADIENT DS 77IQ"}]},{"@type":"WebSite","@id":"https:\/\/neodal.es\/ca\/#website","url":"https:\/\/neodal.es\/ca\/","name":"neodal","description":"","publisher":{"@id":"https:\/\/neodal.es\/ca\/#organization"},"potentialAction":[{"@type":"SearchAction","target":{"@type":"EntryPoint","urlTemplate":"https:\/\/neodal.es\/ca\/?s={search_term_string}"},"query-input":{"@type":"PropertyValueSpecification","valueRequired":true,"valueName":"search_term_string"}}],"inLanguage":"ca"},{"@type":"Organization","@id":"https:\/\/neodal.es\/ca\/#organization","name":"neodal","url":"https:\/\/neodal.es\/ca\/","logo":{"@type":"ImageObject","inLanguage":"ca","@id":"https:\/\/neodal.es\/ca\/#\/schema\/logo\/image\/","url":"https:\/\/neodal.es\/wp-content\/uploads\/2025\/12\/neodal-logo.jpeg","contentUrl":"https:\/\/neodal.es\/wp-content\/uploads\/2025\/12\/neodal-logo.jpeg","width":359,"height":87,"caption":"neodal"},"image":{"@id":"https:\/\/neodal.es\/ca\/#\/schema\/logo\/image\/"}}]}},"_links":{"self":[{"href":"https:\/\/neodal.es\/ca\/wp-json\/wp\/v2\/product\/6537","targetHints":{"allow":["GET"]}}],"collection":[{"href":"https:\/\/neodal.es\/ca\/wp-json\/wp\/v2\/product"}],"about":[{"href":"https:\/\/neodal.es\/ca\/wp-json\/wp\/v2\/types\/product"}],"replies":[{"embeddable":true,"href":"https:\/\/neodal.es\/ca\/wp-json\/wp\/v2\/comments?post=6537"}],"version-history":[{"count":0,"href":"https:\/\/neodal.es\/ca\/wp-json\/wp\/v2\/product\/6537\/revisions"}],"wp:featuredmedia":[{"embeddable":true,"href":"https:\/\/neodal.es\/ca\/wp-json\/wp\/v2\/media\/6529"}],"wp:attachment":[{"href":"https:\/\/neodal.es\/ca\/wp-json\/wp\/v2\/media?parent=6537"}],"wp:term":[{"taxonomy":"product_brand","embeddable":true,"href":"https:\/\/neodal.es\/ca\/wp-json\/wp\/v2\/product_brand?post=6537"},{"taxonomy":"product_cat","embeddable":true,"href":"https:\/\/neodal.es\/ca\/wp-json\/wp\/v2\/product_cat?post=6537"},{"taxonomy":"product_tag","embeddable":true,"href":"https:\/\/neodal.es\/ca\/wp-json\/wp\/v2\/product_tag?post=6537"}],"curies":[{"name":"wp","href":"https:\/\/api.w.org\/{rel}","templated":true}]}}