{"id":6562,"date":"2022-10-18T10:18:24","date_gmt":"2022-10-18T10:18:24","guid":{"rendered":"http:\/\/neodal.local\/product\/desintegradora-intimus-dis-260-410-2\/"},"modified":"2022-10-18T10:18:24","modified_gmt":"2022-10-18T10:18:24","slug":"desintegradora-intimus-dis-260-410-2","status":"publish","type":"product","link":"https:\/\/neodal.es\/ca\/producte\/desintegradora-intimus-dis-260-410-2\/","title":{"rendered":"DESINTEGRADORA INTIMUS DIS 260-410"},"content":{"rendered":"<h3>DESINTEGRADORA INTIMUS DIS <span>260-410<\/span><\/h3>\n<p>\u00b7 Nivel de seguridad determinable a partir del di\u00e1metro de la pantalla perforada. Niveles DIN 3 a 7.<\/p>\n<p>\u00b7 Panel de mandos claramente ordenado.<\/p>\n<p>\u00b7 S\u00f3lida estructura de acero con alimentaci\u00f3n desde la tolva.<\/p>\n<p>\u00b7 Abertura de alimentaci\u00f3n de 230 mm; adecuada para todos los formatos inform\u00e1ticos est\u00e1ndar y formato DIN A4.<\/p>\n<p>\u00b7 Larga vida \u00fatil: Las cuchillas pueden volver a afilarse varias veces.<\/p>\n<p>\u00b7 F\u00e1cil mantenimiento con acceso a la c\u00e1mara de triturado.<\/p>\n","protected":false},"excerpt":{"rendered":"<h2>DESINTEGRADORA DE PAPEL Y MEDIOS OPTICOS<\/h2>\n<p>Los desintegradores responden a la actual tendencia de imponer requisitos de seguridad cada vez mayores y la demanda de m\u00e1xima seguridad. Los\u00a0<strong>desintegradores INTIMUS<\/strong>\u00a0son la herramienta perfecta para la destrucci\u00f3n fiable y econ\u00f3mica de toda clase de papel y pl\u00e1stico, medios magn\u00e9ticos o discos flexibles, y medios \u00f3pticos como CDs o DVDs.<\/p>\n","protected":false},"featured_media":6555,"template":"","meta":{"_acf_changed":false},"product_brand":[],"product_cat":[1422,1566],"product_tag":[],"class_list":{"0":"post-6562","1":"product","2":"type-product","3":"status-publish","4":"has-post-thumbnail","6":"product_cat-destructoras-de-paper","7":"product_cat-destructoras-desintegradors","9":"first","10":"instock","11":"shipping-taxable","12":"product-type-simple"},"acf":[],"yoast_head":"<!-- This site is optimized with the Yoast SEO plugin v27.4 - https:\/\/yoast.com\/product\/yoast-seo-wordpress\/ -->\n<title>Desintegradora INTIMUS DIS 260-410<\/title>\n<meta name=\"description\" content=\"Desintegradora INTIMUS DIS 260-410. Destrucci\u00f3 fiable i econ\u00f2mica de paper, pl\u00e0stic, mitjans \u00f2ptics... Estructura d&#039;acer. Desintegradores INTIMUS.\" \/>\n<meta name=\"robots\" content=\"index, follow, max-snippet:-1, max-image-preview:large, max-video-preview:-1\" \/>\n<link rel=\"canonical\" href=\"https:\/\/neodal.es\/ca\/producte\/desintegradora-intimus-dis-260-410-2\/\" \/>\n<meta property=\"og:locale\" content=\"ca_ES\" \/>\n<meta property=\"og:type\" content=\"article\" \/>\n<meta property=\"og:title\" content=\"Desintegradora INTIMUS DIS 260-410\" \/>\n<meta property=\"og:description\" content=\"Desintegradora INTIMUS DIS 260-410. Destrucci\u00f3 fiable i econ\u00f2mica de paper, pl\u00e0stic, mitjans \u00f2ptics... Estructura d&#039;acer. Desintegradores INTIMUS.\" \/>\n<meta property=\"og:url\" content=\"https:\/\/neodal.es\/ca\/producte\/desintegradora-intimus-dis-260-410-2\/\" \/>\n<meta property=\"og:site_name\" content=\"neodal\" \/>\n<meta property=\"og:image\" content=\"https:\/\/neodal.es\/wp-content\/uploads\/2022\/10\/2311-DESINTEGRADORA-INTIMUS-DIS-260-410.jpg\" \/>\n\t<meta property=\"og:image:width\" content=\"500\" \/>\n\t<meta property=\"og:image:height\" content=\"500\" \/>\n\t<meta property=\"og:image:type\" content=\"image\/jpeg\" \/>\n<meta name=\"twitter:card\" content=\"summary_large_image\" \/>\n<script type=\"application\/ld+json\" class=\"yoast-schema-graph\">{\"@context\":\"https:\\\/\\\/schema.org\",\"@graph\":[{\"@type\":\"WebPage\",\"@id\":\"https:\\\/\\\/neodal.es\\\/ca\\\/producte\\\/desintegradora-intimus-dis-260-410-2\\\/\",\"url\":\"https:\\\/\\\/neodal.es\\\/ca\\\/producte\\\/desintegradora-intimus-dis-260-410-2\\\/\",\"name\":\"Desintegradora INTIMUS DIS 260-410\",\"isPartOf\":{\"@id\":\"https:\\\/\\\/neodal.es\\\/ca\\\/#website\"},\"primaryImageOfPage\":{\"@id\":\"https:\\\/\\\/neodal.es\\\/ca\\\/producte\\\/desintegradora-intimus-dis-260-410-2\\\/#primaryimage\"},\"image\":{\"@id\":\"https:\\\/\\\/neodal.es\\\/ca\\\/producte\\\/desintegradora-intimus-dis-260-410-2\\\/#primaryimage\"},\"thumbnailUrl\":\"https:\\\/\\\/neodal.es\\\/wp-content\\\/uploads\\\/2022\\\/10\\\/2311-DESINTEGRADORA-INTIMUS-DIS-260-410.jpg\",\"datePublished\":\"2022-10-18T10:18:24+00:00\",\"description\":\"Desintegradora INTIMUS DIS 260-410. Destrucci\u00f3 fiable i econ\u00f2mica de paper, pl\u00e0stic, mitjans \u00f2ptics... Estructura d'acer. Desintegradores INTIMUS.\",\"breadcrumb\":{\"@id\":\"https:\\\/\\\/neodal.es\\\/ca\\\/producte\\\/desintegradora-intimus-dis-260-410-2\\\/#breadcrumb\"},\"inLanguage\":\"ca\",\"potentialAction\":[{\"@type\":\"ReadAction\",\"target\":[\"https:\\\/\\\/neodal.es\\\/ca\\\/producte\\\/desintegradora-intimus-dis-260-410-2\\\/\"]}]},{\"@type\":\"ImageObject\",\"inLanguage\":\"ca\",\"@id\":\"https:\\\/\\\/neodal.es\\\/ca\\\/producte\\\/desintegradora-intimus-dis-260-410-2\\\/#primaryimage\",\"url\":\"https:\\\/\\\/neodal.es\\\/wp-content\\\/uploads\\\/2022\\\/10\\\/2311-DESINTEGRADORA-INTIMUS-DIS-260-410.jpg\",\"contentUrl\":\"https:\\\/\\\/neodal.es\\\/wp-content\\\/uploads\\\/2022\\\/10\\\/2311-DESINTEGRADORA-INTIMUS-DIS-260-410.jpg\",\"width\":500,\"height\":500,\"caption\":\"DESINTEGRADORA INTIMUS DIS 260-410\"},{\"@type\":\"BreadcrumbList\",\"@id\":\"https:\\\/\\\/neodal.es\\\/ca\\\/producte\\\/desintegradora-intimus-dis-260-410-2\\\/#breadcrumb\",\"itemListElement\":[{\"@type\":\"ListItem\",\"position\":1,\"name\":\"Portada\",\"item\":\"https:\\\/\\\/neodal.es\\\/ca\\\/home\\\/\"},{\"@type\":\"ListItem\",\"position\":2,\"name\":\"Productes\",\"item\":\"https:\\\/\\\/neodal.es\\\/ca\\\/productes\\\/\"},{\"@type\":\"ListItem\",\"position\":3,\"name\":\"DESINTEGRADORA INTIMUS DIS 260-410\"}]},{\"@type\":\"WebSite\",\"@id\":\"https:\\\/\\\/neodal.es\\\/ca\\\/#website\",\"url\":\"https:\\\/\\\/neodal.es\\\/ca\\\/\",\"name\":\"neodal\",\"description\":\"\",\"potentialAction\":[{\"@type\":\"SearchAction\",\"target\":{\"@type\":\"EntryPoint\",\"urlTemplate\":\"https:\\\/\\\/neodal.es\\\/ca\\\/?s={search_term_string}\"},\"query-input\":{\"@type\":\"PropertyValueSpecification\",\"valueRequired\":true,\"valueName\":\"search_term_string\"}}],\"inLanguage\":\"ca\"}]}<\/script>\n<!-- \/ Yoast SEO plugin. -->","yoast_head_json":{"title":"Desintegradora INTIMUS DIS 260-410","description":"Desintegradora INTIMUS DIS 260-410. Destrucci\u00f3 fiable i econ\u00f2mica de paper, pl\u00e0stic, mitjans \u00f2ptics... Estructura d'acer. Desintegradores INTIMUS.","robots":{"index":"index","follow":"follow","max-snippet":"max-snippet:-1","max-image-preview":"max-image-preview:large","max-video-preview":"max-video-preview:-1"},"canonical":"https:\/\/neodal.es\/ca\/producte\/desintegradora-intimus-dis-260-410-2\/","og_locale":"ca_ES","og_type":"article","og_title":"Desintegradora INTIMUS DIS 260-410","og_description":"Desintegradora INTIMUS DIS 260-410. Destrucci\u00f3 fiable i econ\u00f2mica de paper, pl\u00e0stic, mitjans \u00f2ptics... Estructura d'acer. Desintegradores INTIMUS.","og_url":"https:\/\/neodal.es\/ca\/producte\/desintegradora-intimus-dis-260-410-2\/","og_site_name":"neodal","og_image":[{"width":500,"height":500,"url":"https:\/\/neodal.es\/wp-content\/uploads\/2022\/10\/2311-DESINTEGRADORA-INTIMUS-DIS-260-410.jpg","type":"image\/jpeg"}],"twitter_card":"summary_large_image","schema":{"@context":"https:\/\/schema.org","@graph":[{"@type":"WebPage","@id":"https:\/\/neodal.es\/ca\/producte\/desintegradora-intimus-dis-260-410-2\/","url":"https:\/\/neodal.es\/ca\/producte\/desintegradora-intimus-dis-260-410-2\/","name":"Desintegradora INTIMUS DIS 260-410","isPartOf":{"@id":"https:\/\/neodal.es\/ca\/#website"},"primaryImageOfPage":{"@id":"https:\/\/neodal.es\/ca\/producte\/desintegradora-intimus-dis-260-410-2\/#primaryimage"},"image":{"@id":"https:\/\/neodal.es\/ca\/producte\/desintegradora-intimus-dis-260-410-2\/#primaryimage"},"thumbnailUrl":"https:\/\/neodal.es\/wp-content\/uploads\/2022\/10\/2311-DESINTEGRADORA-INTIMUS-DIS-260-410.jpg","datePublished":"2022-10-18T10:18:24+00:00","description":"Desintegradora INTIMUS DIS 260-410. Destrucci\u00f3 fiable i econ\u00f2mica de paper, pl\u00e0stic, mitjans \u00f2ptics... Estructura d'acer. Desintegradores INTIMUS.","breadcrumb":{"@id":"https:\/\/neodal.es\/ca\/producte\/desintegradora-intimus-dis-260-410-2\/#breadcrumb"},"inLanguage":"ca","potentialAction":[{"@type":"ReadAction","target":["https:\/\/neodal.es\/ca\/producte\/desintegradora-intimus-dis-260-410-2\/"]}]},{"@type":"ImageObject","inLanguage":"ca","@id":"https:\/\/neodal.es\/ca\/producte\/desintegradora-intimus-dis-260-410-2\/#primaryimage","url":"https:\/\/neodal.es\/wp-content\/uploads\/2022\/10\/2311-DESINTEGRADORA-INTIMUS-DIS-260-410.jpg","contentUrl":"https:\/\/neodal.es\/wp-content\/uploads\/2022\/10\/2311-DESINTEGRADORA-INTIMUS-DIS-260-410.jpg","width":500,"height":500,"caption":"DESINTEGRADORA INTIMUS DIS 260-410"},{"@type":"BreadcrumbList","@id":"https:\/\/neodal.es\/ca\/producte\/desintegradora-intimus-dis-260-410-2\/#breadcrumb","itemListElement":[{"@type":"ListItem","position":1,"name":"Portada","item":"https:\/\/neodal.es\/ca\/home\/"},{"@type":"ListItem","position":2,"name":"Productes","item":"https:\/\/neodal.es\/ca\/productes\/"},{"@type":"ListItem","position":3,"name":"DESINTEGRADORA INTIMUS DIS 260-410"}]},{"@type":"WebSite","@id":"https:\/\/neodal.es\/ca\/#website","url":"https:\/\/neodal.es\/ca\/","name":"neodal","description":"","potentialAction":[{"@type":"SearchAction","target":{"@type":"EntryPoint","urlTemplate":"https:\/\/neodal.es\/ca\/?s={search_term_string}"},"query-input":{"@type":"PropertyValueSpecification","valueRequired":true,"valueName":"search_term_string"}}],"inLanguage":"ca"}]}},"_links":{"self":[{"href":"https:\/\/neodal.es\/ca\/wp-json\/wp\/v2\/product\/6562","targetHints":{"allow":["GET"]}}],"collection":[{"href":"https:\/\/neodal.es\/ca\/wp-json\/wp\/v2\/product"}],"about":[{"href":"https:\/\/neodal.es\/ca\/wp-json\/wp\/v2\/types\/product"}],"version-history":[{"count":0,"href":"https:\/\/neodal.es\/ca\/wp-json\/wp\/v2\/product\/6562\/revisions"}],"wp:featuredmedia":[{"embeddable":true,"href":"https:\/\/neodal.es\/ca\/wp-json\/wp\/v2\/media\/6555"}],"wp:attachment":[{"href":"https:\/\/neodal.es\/ca\/wp-json\/wp\/v2\/media?parent=6562"}],"wp:term":[{"taxonomy":"product_brand","embeddable":true,"href":"https:\/\/neodal.es\/ca\/wp-json\/wp\/v2\/product_brand?post=6562"},{"taxonomy":"product_cat","embeddable":true,"href":"https:\/\/neodal.es\/ca\/wp-json\/wp\/v2\/product_cat?post=6562"},{"taxonomy":"product_tag","embeddable":true,"href":"https:\/\/neodal.es\/ca\/wp-json\/wp\/v2\/product_tag?post=6562"}],"curies":[{"name":"wp","href":"https:\/\/api.w.org\/{rel}","templated":true}]}}